{"id":5583,"date":"2024-11-11T03:18:41","date_gmt":"2024-11-11T03:18:41","guid":{"rendered":"https:\/\/www.hyflexpack.com\/?post_type=product&#038;p=5583"},"modified":"2025-10-23T08:27:08","modified_gmt":"2025-10-23T08:27:08","slug":"custom-dog-treat-packaging","status":"publish","type":"product","link":"https:\/\/www.hyflexpack.com\/fr\/product\/custom-dog-treat-packaging\/","title":{"rendered":"Sac d'emballage personnalis\u00e9 pour friandises pour chiens avec fen\u00eatres en PET Pochette recyclable avec support"},"content":{"rendered":"<div class=\"wp-block-columns is-layout-flex wp-container-core-columns-is-layout-9d6595d7 wp-block-columns-is-layout-flex\">\n<div class=\"wp-block-column is-layout-flow wp-block-column-is-layout-flow\">\n<h3 class=\"wp-block-heading\">Advantages of Custom Dog Treat Packaging Bag Supplier<\/h3>\n\n\n\n<ul class=\"wp-block-list\">\n<li><strong>Conception personnalis\u00e9e<\/strong>: Fournir des solutions de conception personnalis\u00e9es, prendre en charge OEM\/ODM, personnaliser avec diff\u00e9rentes sp\u00e9cifications, tailles, motifs d'impression, etc.<\/li>\n<\/ul>\n\n\n\n<p><\/p>\n\n\n\n<ul class=\"wp-block-list\">\n<li><strong>Assurance qualit\u00e9<\/strong>: Maintain the manufacturing process and amend high-quality materials and advanced equipment to retain product quality.<\/li>\n<\/ul>\n\n\n\n<ul class=\"wp-block-list\">\n<li><strong>Livraison dans les d\u00e9lais<\/strong>: Optimize the production process including enhanced productivity for on-time delivery and customers&#8217; urgent requirements.<\/li>\n<\/ul>\n\n\n\n<ul class=\"wp-block-list\">\n<li><strong>Support technique professionnel<\/strong>: Professional technical support by an experienced technical team and 24-hour after-sales consulting service.<\/li>\n<\/ul>\n\n\n\n<ul class=\"wp-block-list\">\n<li><strong>Certification<\/strong>: FDA\/BRC\/<strong><a href=\"https:\/\/www.iso.org\/standard\/62085.html\" target=\"_blank\" rel=\"noopener\">ISO 9001<\/a><\/strong>\/RoHS<\/li>\n<\/ul>\n\n\n\n<p><\/p>\n\n\n\n<ul class=\"wp-block-list\">\n<li><strong>\u00c9chantillon gratuit<\/strong>: Fournir un service d'\u00e9chantillonnage gratuit pour vous permettre d'\u00e9valuer les produits.<\/li>\n<\/ul>\n<\/div>\n\n\n\n<div class=\"wp-block-column is-layout-flow wp-block-column-is-layout-flow\">\n<figure class=\"wp-block-image size-full\"><img fetchpriority=\"high\" decoding=\"async\" width=\"750\" height=\"750\" src=\"https:\/\/www.hyflexpack.com\/wp-content\/uploads\/2024\/11\/Manufacturer-Recyclable-Stand-Up-Pouch\uff081\uff09.webp\" alt=\"Manufacturer Recyclable Stand Up Pouch\" class=\"wp-image-5585\" srcset=\"https:\/\/www.hyflexpack.com\/wp-content\/uploads\/2024\/11\/Manufacturer-Recyclable-Stand-Up-Pouch\uff081\uff09.webp 750w, https:\/\/www.hyflexpack.com\/wp-content\/uploads\/2024\/11\/Manufacturer-Recyclable-Stand-Up-Pouch\uff081\uff09-300x300.webp 300w, https:\/\/www.hyflexpack.com\/wp-content\/uploads\/2024\/11\/Manufacturer-Recyclable-Stand-Up-Pouch\uff081\uff09-150x150.webp 150w, https:\/\/www.hyflexpack.com\/wp-content\/uploads\/2024\/11\/Manufacturer-Recyclable-Stand-Up-Pouch\uff081\uff09-12x12.webp 12w, https:\/\/www.hyflexpack.com\/wp-content\/uploads\/2024\/11\/Manufacturer-Recyclable-Stand-Up-Pouch\uff081\uff09-285x285.webp 285w, https:\/\/www.hyflexpack.com\/wp-content\/uploads\/2024\/11\/Manufacturer-Recyclable-Stand-Up-Pouch\uff081\uff09-270x270.webp 270w, https:\/\/www.hyflexpack.com\/wp-content\/uploads\/2024\/11\/Manufacturer-Recyclable-Stand-Up-Pouch\uff081\uff09-540x540.webp 540w, https:\/\/www.hyflexpack.com\/wp-content\/uploads\/2024\/11\/Manufacturer-Recyclable-Stand-Up-Pouch\uff081\uff09-660x660.webp 660w\" sizes=\"(max-width: 750px) 100vw, 750px\" \/><\/figure>\n<\/div>\n<\/div>\n\n\n\n<div class=\"wp-block-columns is-layout-flex wp-container-core-columns-is-layout-9d6595d7 wp-block-columns-is-layout-flex\">\n<div class=\"wp-block-column is-layout-flow wp-block-column-is-layout-flow\">\n<figure class=\"wp-block-embed is-type-video is-provider-youtube wp-block-embed-youtube wp-embed-aspect-16-9 wp-has-aspect-ratio\"><div class=\"wp-block-embed__wrapper\">\n<iframe title=\"emballage personnalis\u00e9 d&#039;aliments pour animaux de compagnie\" width=\"940\" height=\"529\" src=\"https:\/\/www.youtube.com\/embed\/uU_9aG02aJY?feature=oembed\" frameborder=\"0\" allow=\"accelerometer; autoplay; clipboard-write; encrypted-media; gyroscope; picture-in-picture; web-share\" referrerpolicy=\"strict-origin-when-cross-origin\" allowfullscreen><\/iframe>\n<\/div><\/figure>\n<\/div>\n\n\n\n<div class=\"wp-block-column is-layout-flow wp-block-column-is-layout-flow\">\n<h3 class=\"wp-block-heading\"><strong>En tant que fabricant de sacs d'emballage pour friandises pour chiens en Chine<\/strong><\/h3>\n\n\n\n<p>D\u00e9couvrez la large gamme de sacs \u00e0 go\u00fbter pour chiens propos\u00e9e par\u00a0<strong>Huiyang Packaging<\/strong>Nous vous pr\u00e9sentons les diff\u00e9rents mat\u00e9riaux, tailles et mod\u00e8les pour vous aider \u00e0 choisir le produit le mieux adapt\u00e9 \u00e0 votre animal. Notre vid\u00e9o explique en d\u00e9tail les caract\u00e9ristiques et les avantages de chaque mod\u00e8le pour vous aider \u00e0 faire un choix \u00e9clair\u00e9.<\/p>\n<\/div>\n<\/div>\n\n\n\n<p><\/p>","protected":false},"excerpt":{"rendered":"<p>Recyclable custom dog treat packaging stand-up pouches ensure freshness and durability and come in wholesale dog food bags and pet treat pouches for eye-catching displays. Keep your pet treat fresh and eco-friendly! Contact us today to customize your packaging! We are committed to providing one-stop environmentally friendly and high-quality packaging solutions.<\/p>\n<h3>Features of Dog Treat Packaging Bag<\/h3>\n<p><strong>Recyclable Green Material<\/strong>: Employed the use of green, recyclable material, meeting demands for trends in green packaging with minimal impact on the environment.<\/p>\n<p><strong>PET Material<\/strong>: transparent window. Creative transparent window design allows customers to see the appearance of dog snacks, increasing their desire to purchase.<\/p>\n<p><strong>Stand-up Pouch Design<\/strong>: Custom dog treat packaging is easy to display and store; also, the design of stand-up packaging can increase appeal on the shelf for easy display.<\/p>\n<p><strong>Strong Seal<\/strong>: High-quality sealing that is moisture and oxygen-resistant to keep dog snacks fresh and delicious for quite a while.<\/p>\n<p><strong>Easy to Open<\/strong>: The dog treat bag has an easy-tear design feature for easy access to snacks by the pet owner when there may be an urgent need for them.<\/p>\n<p><strong>Durable<\/strong>: made of high-quality material and with excellent processing technology, with long life for transportation and long-term storage.<\/p>","protected":false},"featured_media":5585,"comment_status":"open","ping_status":"closed","template":"","meta":[],"product_brand":[],"product_cat":[56],"product_tag":[],"class_list":{"0":"post-5583","1":"product","2":"type-product","3":"status-publish","4":"has-post-thumbnail","6":"product_cat-custom-pet-food-packaging","8":"first","9":"instock","10":"shipping-taxable","11":"product-type-simple"},"_links":{"self":[{"href":"https:\/\/www.hyflexpack.com\/fr\/wp-json\/wp\/v2\/product\/5583","targetHints":{"allow":["GET"]}}],"collection":[{"href":"https:\/\/www.hyflexpack.com\/fr\/wp-json\/wp\/v2\/product"}],"about":[{"href":"https:\/\/www.hyflexpack.com\/fr\/wp-json\/wp\/v2\/types\/product"}],"replies":[{"embeddable":true,"href":"https:\/\/www.hyflexpack.com\/fr\/wp-json\/wp\/v2\/comments?post=5583"}],"wp:featuredmedia":[{"embeddable":true,"href":"https:\/\/www.hyflexpack.com\/fr\/wp-json\/wp\/v2\/media\/5585"}],"wp:attachment":[{"href":"https:\/\/www.hyflexpack.com\/fr\/wp-json\/wp\/v2\/media?parent=5583"}],"wp:term":[{"taxonomy":"product_brand","embeddable":true,"href":"https:\/\/www.hyflexpack.com\/fr\/wp-json\/wp\/v2\/product_brand?post=5583"},{"taxonomy":"product_cat","embeddable":true,"href":"https:\/\/www.hyflexpack.com\/fr\/wp-json\/wp\/v2\/product_cat?post=5583"},{"taxonomy":"product_tag","embeddable":true,"href":"https:\/\/www.hyflexpack.com\/fr\/wp-json\/wp\/v2\/product_tag?post=5583"}],"curies":[{"name":"wp","href":"https:\/\/api.w.org\/{rel}","templated":true}]}}