{"id":5568,"date":"2024-10-26T18:47:51","date_gmt":"2024-10-26T18:47:51","guid":{"rendered":"https:\/\/www.hyflexpack.com\/?post_type=product&#038;p=5568"},"modified":"2025-10-23T08:56:44","modified_gmt":"2025-10-23T08:56:44","slug":"custom-sauce-packaging-bags","status":"publish","type":"product","link":"https:\/\/www.hyflexpack.com\/fr\/product\/custom-sauce-packaging-bags\/","title":{"rendered":"Sac d'emballage pour sauce tomate, pochette avec bec verseur Wholesaler"},"content":{"rendered":"<div class=\"wp-block-columns is-layout-flex wp-container-core-columns-is-layout-9d6595d7 wp-block-columns-is-layout-flex\">\n<div class=\"wp-block-column is-layout-flow wp-block-column-is-layout-flow\">\n<h2 class=\"wp-block-heading\">Avantages et caract\u00e9ristiques de l'emballage de sauces sur mesure en gros<\/h2>\n\n\n\n<p><\/p>\n\n\n\n<ul class=\"wp-block-list\">\n<li><strong>Mat\u00e9riaux de qualit\u00e9 alimentaire<\/strong>Les mat\u00e9riaux utilis\u00e9s sont s\u00fbrs, non toxiques et respectueux de l'environnement. Ils sont conformes aux normes internationales en mati\u00e8re d'emballage alimentaire afin de garantir l'hygi\u00e8ne des aliments.<\/li>\n<\/ul>\n\n\n\n<p><\/p>\n\n\n\n<ul class=\"wp-block-list\">\n<li><strong>Conception \u00e9tanche<\/strong>La buse de d\u00e9charge \u00e0 haute \u00e9tanch\u00e9it\u00e9 permet d'\u00e9viter efficacement les fuites, ce qui facilite le versement et le stockage dans l'emballage de la sauce tomate.<\/li>\n<\/ul>\n\n\n\n<p><\/p>\n\n\n\n<ul class=\"wp-block-list\">\n<li><strong>Solide et durable<\/strong>Les produits sont fabriqu\u00e9s \u00e0 partir de mat\u00e9riaux composites multicouches, r\u00e9sistants \u00e0 la perforation et \u00e0 la d\u00e9chirure, adapt\u00e9s au transport sur de longues distances et \u00e0 l'utilisation quotidienne.<\/li>\n<\/ul>\n\n\n\n<p><\/p>\n\n\n\n<ul class=\"wp-block-list\">\n<li><strong>Conception debout<\/strong>Structure de la pochette sur pied personnalis\u00e9e, bonne pr\u00e9sentation en rayon, pratique pour le stockage et permettant d'\u00e9conomiser de l'espace.<\/li>\n<\/ul>\n\n\n\n<p><\/p>\n\n\n\n<ul class=\"wp-block-list\">\n<li><strong>Pratique \u00e0 utiliser<\/strong>: La conception du bec permet de doser pr\u00e9cis\u00e9ment la sauce dans l'application sans pertes inutiles pour une r\u00e9utilisation unique.<\/li>\n<\/ul>\n\n\n\n<p><\/p>\n\n\n\n<ul class=\"wp-block-list\">\n<li><strong>Large application<\/strong>: La personnalisation du remplissage des sauces dans l'emballage peut se faire en emballant des condiments liquides \u00e9pais, du ketchup, de la sauce piquante, de la vinaigrette, etc. Ce type d'emballage peut \u00eatre appliqu\u00e9 \u00e0 des produits tels que les confitures, le miel, les condiments alimentaires, etc.<\/li>\n<\/ul>\n\n\n\n<p><\/p>\n\n\n\n<ul class=\"wp-block-list\">\n<li><strong>Options \u00e9cologiques<\/strong>: Une version biod\u00e9gradable peut r\u00e9pondre directement \u00e0 la demande du march\u00e9 ; une approche d'\u00e9co-emballage serait donc possible.<\/li>\n<\/ul>\n<\/div>\n\n\n\n<div class=\"wp-block-column is-layout-flow wp-block-column-is-layout-flow\">\n<figure class=\"wp-block-image size-full\"><img fetchpriority=\"high\" decoding=\"async\" width=\"750\" height=\"750\" src=\"https:\/\/www.hyflexpack.com\/wp-content\/uploads\/2024\/10\/Food-Packaging-Supplies-\uff082\uff09.webp\" alt=\"Emballage de sauces sur mesure Wholesale\" class=\"wp-image-5550\" srcset=\"https:\/\/www.hyflexpack.com\/wp-content\/uploads\/2024\/10\/Food-Packaging-Supplies-\uff082\uff09.webp 750w, https:\/\/www.hyflexpack.com\/wp-content\/uploads\/2024\/10\/Food-Packaging-Supplies-\uff082\uff09-300x300.webp 300w, https:\/\/www.hyflexpack.com\/wp-content\/uploads\/2024\/10\/Food-Packaging-Supplies-\uff082\uff09-150x150.webp 150w, https:\/\/www.hyflexpack.com\/wp-content\/uploads\/2024\/10\/Food-Packaging-Supplies-\uff082\uff09-12x12.webp 12w, https:\/\/www.hyflexpack.com\/wp-content\/uploads\/2024\/10\/Food-Packaging-Supplies-\uff082\uff09-285x285.webp 285w, https:\/\/www.hyflexpack.com\/wp-content\/uploads\/2024\/10\/Food-Packaging-Supplies-\uff082\uff09-270x270.webp 270w, https:\/\/www.hyflexpack.com\/wp-content\/uploads\/2024\/10\/Food-Packaging-Supplies-\uff082\uff09-540x540.webp 540w, https:\/\/www.hyflexpack.com\/wp-content\/uploads\/2024\/10\/Food-Packaging-Supplies-\uff082\uff09-660x660.webp 660w\" sizes=\"(max-width: 750px) 100vw, 750px\" \/><\/figure>\n<\/div>\n<\/div>\n\n\n\n<div class=\"wp-block-columns is-layout-flex wp-container-core-columns-is-layout-9d6595d7 wp-block-columns-is-layout-flex\">\n<div class=\"wp-block-column is-layout-flow wp-block-column-is-layout-flow\" style=\"flex-basis:66.66%\">\n<figure class=\"wp-block-embed is-type-video is-provider-youtube wp-block-embed-youtube wp-embed-aspect-16-9 wp-has-aspect-ratio\"><div class=\"wp-block-embed__wrapper\">\n<iframe title=\"Essais de qualit\u00e9 des produits\" width=\"940\" height=\"529\" src=\"https:\/\/www.youtube.com\/embed\/IsFpI1AP5mI?feature=oembed\" frameborder=\"0\" allow=\"accelerometer; autoplay; clipboard-write; encrypted-media; gyroscope; picture-in-picture; web-share\" referrerpolicy=\"strict-origin-when-cross-origin\" allowfullscreen><\/iframe>\n<\/div><figcaption class=\"wp-element-caption\">Contr\u00f4le de la qualit\u00e9 des emballages<\/figcaption><\/figure>\n<\/div>\n\n\n\n<div class=\"wp-block-column is-layout-flow wp-block-column-is-layout-flow\" style=\"flex-basis:33.33%\"><\/div>\n<\/div>\n\n\n\n<h2 class=\"wp-block-heading\">Test de qualit\u00e9 et de fiabilit\u00e9 pour les sacs d'emballage de sauce tomate<\/h2>\n\n\n\n<p><\/p>\n\n\n\n<p>Nos sacs d'emballage pour sauce tomate sont rigoureusement test\u00e9s selon les normes les plus strictes en mati\u00e8re de capacit\u00e9 et de fonctionnalit\u00e9 de transport de charges. Qu'il s'agisse de la capacit\u00e9 de charge, de l'\u00e9tanch\u00e9it\u00e9 ou d'autre chose, chaque sac est test\u00e9 en fonction des normes les plus strictes en mati\u00e8re de capacit\u00e9 et de fonctionnalit\u00e9. <strong>pochette avec bec verseur<\/strong> est soumis \u00e0 des tests de r\u00e9sistance lors du stockage et du transport de produits liquides ou semi-liquides, dont les sauces.<\/p>\n\n\n\n<h3 class=\"wp-block-heading\">Les tests cl\u00e9s comprennent :<\/h3>\n\n\n\n<ul class=\"wp-block-list\">\n<li><strong>Test d'\u00e9tanch\u00e9it\u00e9<\/strong>: Assure l'absence de d\u00e9versement, m\u00eame sous haute pression.<\/li>\n\n\n\n<li><strong>Test de chute<\/strong>: Garantit la r\u00e9sistance de la pochette aux chutes lors de sa manipulation et de son transport.<\/li>\n\n\n\n<li><strong>Test de r\u00e9sistance des joints<\/strong>: Confirme que le bec et les coutures restent bien en place pendant l'utilisation.<\/li>\n<\/ul>\n\n\n\n<p>En tant que personne de confiance <strong><a href=\"https:\/\/www.hyflexpack.com\/fr\/about-us\/\">fabricant d'emballages de sauces sur mesure<\/a><\/strong>, Nous nous attachons \u00e0 fournir des solutions adapt\u00e9es aux besoins de votre marque.<\/p>\n\n\n\n<p>En vous associant \u00e0 nous, vous b\u00e9n\u00e9ficierez d'un emballage de sauce tomate fiable et de qualit\u00e9 sup\u00e9rieure qui apportera commodit\u00e9 et confiance \u00e0 vos clients.<\/p>\n\n\n\n<p><\/p>\n\n\n\n<p><\/p>\n\n\n\n<h2 class=\"wp-block-heading\">Nos emballages de sauces et de condiments les plus populaires<\/h2>\n\n\n\n<p><\/p>\n\n\n\n<p>Id\u00e9al pour les sauces tomates, les vinaigrettes et les condiments liquides, notre emballage garantit la fra\u00eecheur, la durabilit\u00e9 et la facilit\u00e9 de stockage pour diverses applications culinaires.<\/p>\n\n\n\n<div class=\"wp-block-columns is-layout-flex wp-container-core-columns-is-layout-9d6595d7 wp-block-columns-is-layout-flex\">\n<div class=\"wp-block-column is-layout-flow wp-block-column-is-layout-flow\">\n<figure class=\"wp-block-image size-full\"><img decoding=\"async\" width=\"750\" height=\"750\" src=\"https:\/\/www.hyflexpack.com\/wp-content\/uploads\/2024\/11\/Custom-Sauce-Bag\uff086\uff09.webp\" alt=\"Sac \u00e0 sauce personnalis\u00e9\" class=\"wp-image-5612\" srcset=\"https:\/\/www.hyflexpack.com\/wp-content\/uploads\/2024\/11\/Custom-Sauce-Bag\uff086\uff09.webp 750w, https:\/\/www.hyflexpack.com\/wp-content\/uploads\/2024\/11\/Custom-Sauce-Bag\uff086\uff09-300x300.webp 300w, https:\/\/www.hyflexpack.com\/wp-content\/uploads\/2024\/11\/Custom-Sauce-Bag\uff086\uff09-150x150.webp 150w, https:\/\/www.hyflexpack.com\/wp-content\/uploads\/2024\/11\/Custom-Sauce-Bag\uff086\uff09-12x12.webp 12w, https:\/\/www.hyflexpack.com\/wp-content\/uploads\/2024\/11\/Custom-Sauce-Bag\uff086\uff09-285x285.webp 285w, https:\/\/www.hyflexpack.com\/wp-content\/uploads\/2024\/11\/Custom-Sauce-Bag\uff086\uff09-270x270.webp 270w, https:\/\/www.hyflexpack.com\/wp-content\/uploads\/2024\/11\/Custom-Sauce-Bag\uff086\uff09-540x540.webp 540w, https:\/\/www.hyflexpack.com\/wp-content\/uploads\/2024\/11\/Custom-Sauce-Bag\uff086\uff09-660x660.webp 660w\" sizes=\"(max-width: 750px) 100vw, 750px\" \/><figcaption class=\"wp-element-caption\">Emballage des sauces<\/figcaption><\/figure>\n<\/div>\n\n\n\n<div class=\"wp-block-column is-layout-flow wp-block-column-is-layout-flow\">\n<figure class=\"wp-block-image size-full\"><img decoding=\"async\" width=\"750\" height=\"750\" src=\"https:\/\/www.hyflexpack.com\/wp-content\/uploads\/2024\/06\/Condiment-Packaging-Wholesale-2.webp\" alt=\"Emballages pour condiments Commerce de gros\" class=\"wp-image-4581\" srcset=\"https:\/\/www.hyflexpack.com\/wp-content\/uploads\/2024\/06\/Condiment-Packaging-Wholesale-2.webp 750w, https:\/\/www.hyflexpack.com\/wp-content\/uploads\/2024\/06\/Condiment-Packaging-Wholesale-2-300x300.webp 300w, https:\/\/www.hyflexpack.com\/wp-content\/uploads\/2024\/06\/Condiment-Packaging-Wholesale-2-150x150.webp 150w, https:\/\/www.hyflexpack.com\/wp-content\/uploads\/2024\/06\/Condiment-Packaging-Wholesale-2-12x12.webp 12w, https:\/\/www.hyflexpack.com\/wp-content\/uploads\/2024\/06\/Condiment-Packaging-Wholesale-2-285x285.webp 285w, https:\/\/www.hyflexpack.com\/wp-content\/uploads\/2024\/06\/Condiment-Packaging-Wholesale-2-270x270.webp 270w, https:\/\/www.hyflexpack.com\/wp-content\/uploads\/2024\/06\/Condiment-Packaging-Wholesale-2-540x540.webp 540w, https:\/\/www.hyflexpack.com\/wp-content\/uploads\/2024\/06\/Condiment-Packaging-Wholesale-2-660x660.webp 660w\" sizes=\"(max-width: 750px) 100vw, 750px\" \/><figcaption class=\"wp-element-caption\">Emballage pour condiments<\/figcaption><\/figure>\n<\/div>\n\n\n\n<div class=\"wp-block-column is-layout-flow wp-block-column-is-layout-flow\">\n<figure class=\"wp-block-image size-full\"><img loading=\"lazy\" decoding=\"async\" width=\"750\" height=\"750\" src=\"https:\/\/www.hyflexpack.com\/wp-content\/uploads\/2024\/06\/OEMODM-Sauce-Packaging-Bag-1.webp\" alt=\"Sac d&#039;emballage pour sauces OEMODM\" class=\"wp-image-4556\" srcset=\"https:\/\/www.hyflexpack.com\/wp-content\/uploads\/2024\/06\/OEMODM-Sauce-Packaging-Bag-1.webp 750w, https:\/\/www.hyflexpack.com\/wp-content\/uploads\/2024\/06\/OEMODM-Sauce-Packaging-Bag-1-300x300.webp 300w, https:\/\/www.hyflexpack.com\/wp-content\/uploads\/2024\/06\/OEMODM-Sauce-Packaging-Bag-1-150x150.webp 150w, https:\/\/www.hyflexpack.com\/wp-content\/uploads\/2024\/06\/OEMODM-Sauce-Packaging-Bag-1-12x12.webp 12w, https:\/\/www.hyflexpack.com\/wp-content\/uploads\/2024\/06\/OEMODM-Sauce-Packaging-Bag-1-285x285.webp 285w, https:\/\/www.hyflexpack.com\/wp-content\/uploads\/2024\/06\/OEMODM-Sauce-Packaging-Bag-1-270x270.webp 270w, https:\/\/www.hyflexpack.com\/wp-content\/uploads\/2024\/06\/OEMODM-Sauce-Packaging-Bag-1-540x540.webp 540w, https:\/\/www.hyflexpack.com\/wp-content\/uploads\/2024\/06\/OEMODM-Sauce-Packaging-Bag-1-660x660.webp 660w\" sizes=\"(max-width: 750px) 100vw, 750px\" \/><figcaption class=\"wp-element-caption\">Emballage des sauces<\/figcaption><\/figure>\n<\/div>\n<\/div>\n\n\n\n<p><\/p>","protected":false},"excerpt":{"rendered":"<p>En tant que fournisseur d'emballages souples, nos sacs d'emballage de sauce tomate personnalis\u00e9s sont fabriqu\u00e9s \u00e0 partir de mati\u00e8res premi\u00e8res de qualit\u00e9 alimentaire respectueuses de l'environnement. Les mat\u00e9riaux composites peuvent assurer une bonne protection contre l'humidit\u00e9 et des fonctions antioxydantes, et des propri\u00e9t\u00e9s de barri\u00e8re \u00e9lev\u00e9es garantissent la s\u00e9cheresse et la s\u00e9curit\u00e9 des aliments. Contactez-nous d\u00e8s aujourd'hui pour obtenir un devis. Nous nous engageons \u00e0 fournir des solutions d'emballage de haute qualit\u00e9 et respectueuses de l'environnement.<\/p>\n<h2>Avantages de l'usine de conditionnement de sauce tomate<\/h2>\n<p>\u25cf Conception personnalis\u00e9e : Nous fournissons des services de sacs d'emballage de sauce personnalis\u00e9s, y compris la personnalisation du mat\u00e9riau, de la taille et du motif d'impression pour r\u00e9pondre aux besoins des clients, et le soutien. <a href=\"https:\/\/www.hyflexpack.com\/fr\/emballage-flexible-sur-mesure\/\"><strong>OEM et ODM<\/strong><\/a>.<br \/>\u25cfFabrication : Gr\u00e2ce \u00e0 un \u00e9quipement et \u00e0 une technologie de pointe, nous pouvons r\u00e9aliser la production des commandes de mani\u00e8re efficace et avec une qualit\u00e9 \u00e9lev\u00e9e, et livrer dans les d\u00e9lais.<br \/>\u25cf L'inspection de la qualit\u00e9 : La production est r\u00e9alis\u00e9e dans le strict respect des normes de qualit\u00e9 et des exigences en mati\u00e8re de s\u00e9curit\u00e9 alimentaire, afin de garantir que les produits r\u00e9pondent aux normes.<br \/>\u25cfService \u00e0 la client\u00e8le : Fournir une r\u00e9ponse rapide et un support de service \u00e0 la client\u00e8le r\u00e9fl\u00e9chi 24 heures par jour.<br \/>\u25cf \u00c9chantillon gratuit : Fournir un service d'\u00e9chantillons gratuits pour vous permettre d'\u00e9valuer le produit.<\/p>","protected":false},"featured_media":5549,"comment_status":"open","ping_status":"closed","template":"","meta":[],"product_brand":[],"product_cat":[66],"product_tag":[],"class_list":{"0":"post-5568","1":"product","2":"type-product","3":"status-publish","4":"has-post-thumbnail","6":"product_cat-condiment-packaging-custom","8":"first","9":"instock","10":"shipping-taxable","11":"product-type-simple"},"_links":{"self":[{"href":"https:\/\/www.hyflexpack.com\/fr\/wp-json\/wp\/v2\/product\/5568","targetHints":{"allow":["GET"]}}],"collection":[{"href":"https:\/\/www.hyflexpack.com\/fr\/wp-json\/wp\/v2\/product"}],"about":[{"href":"https:\/\/www.hyflexpack.com\/fr\/wp-json\/wp\/v2\/types\/product"}],"replies":[{"embeddable":true,"href":"https:\/\/www.hyflexpack.com\/fr\/wp-json\/wp\/v2\/comments?post=5568"}],"wp:featuredmedia":[{"embeddable":true,"href":"https:\/\/www.hyflexpack.com\/fr\/wp-json\/wp\/v2\/media\/5549"}],"wp:attachment":[{"href":"https:\/\/www.hyflexpack.com\/fr\/wp-json\/wp\/v2\/media?parent=5568"}],"wp:term":[{"taxonomy":"product_brand","embeddable":true,"href":"https:\/\/www.hyflexpack.com\/fr\/wp-json\/wp\/v2\/product_brand?post=5568"},{"taxonomy":"product_cat","embeddable":true,"href":"https:\/\/www.hyflexpack.com\/fr\/wp-json\/wp\/v2\/product_cat?post=5568"},{"taxonomy":"product_tag","embeddable":true,"href":"https:\/\/www.hyflexpack.com\/fr\/wp-json\/wp\/v2\/product_tag?post=5568"}],"curies":[{"name":"wp","href":"https:\/\/api.w.org\/{rel}","templated":true}]}}