{"id":5566,"date":"2024-10-26T07:30:44","date_gmt":"2024-10-26T07:30:44","guid":{"rendered":"https:\/\/www.hyflexpack.com\/?post_type=product&#038;p=5566"},"modified":"2024-10-26T07:30:46","modified_gmt":"2024-10-26T07:30:46","slug":"custom-flexible-packaging-for-cookies","status":"publish","type":"product","link":"https:\/\/www.hyflexpack.com\/fr\/product\/custom-flexible-packaging-for-cookies\/","title":{"rendered":"Emballage flexible sur mesure pour biscuits, Film d'emballage pour biscuits Factory"},"content":{"rendered":"<div class=\"wp-block-columns is-layout-flex wp-container-core-columns-is-layout-9d6595d7 wp-block-columns-is-layout-flex\">\n<div class=\"wp-block-column is-layout-flow wp-block-column-is-layout-flow\">\n<h3 class=\"wp-block-heading\">Caract\u00e9ristiques de l'emballage flexible personnalis\u00e9 pour les biscuits<\/h3>\n\n\n\n<ul class=\"wp-block-list\">\n<li><strong>Mat\u00e9riaux de premi\u00e8re qualit\u00e9<\/strong>: Seuls sont utilis\u00e9s des mat\u00e9riaux de qualit\u00e9 sup\u00e9rieure, s\u00fbrs pour l'alimentation, qui pr\u00e9servent la fra\u00eecheur et rendent vos biscuits et cookies consommables par les consommateurs.<br><\/li>\n\n\n\n<li><strong>Vari\u00e9t\u00e9 d'applications d'emballage<\/strong>: Nos emballages souples personnalis\u00e9s pour les biscuits et les vari\u00e9t\u00e9s de snacks offrent la m\u00eame flexibilit\u00e9 \u00e0 votre gamme de produits.<br><\/li>\n\n\n\n<li><strong>Protection de la fra\u00eecheur de premier ordre<\/strong>: Dans nos emballages de biscuits sur mesure, une excellente r\u00e9sistance \u00e0 l'humidit\u00e9 et \u00e0 l'oxyg\u00e8ne est obtenue gr\u00e2ce \u00e0 une technologie avanc\u00e9e de laminage multicouche, ce qui prolonge la dur\u00e9e de conservation du produit.<br><\/li>\n\n\n\n<li><strong>Options respectueuses de l'environnement<\/strong>: Nous adh\u00e9rons \u00e0 tous les principes du d\u00e9veloppement durable et faisons des efforts conscients pour minimiser notre empreinte sur l'environnement en proposant des solutions d'emballage biod\u00e9gradables et recyclables pour r\u00e9pondre aux pr\u00e9f\u00e9rences des consommateurs modernes.<br><\/li>\n\n\n\n<li><strong>Facilit\u00e9 d'utilisation<\/strong>: En outre, les options d'ouverture facile et de refermeture de nos emballages offrent un confort suppl\u00e9mentaire aux consommateurs et garantissent que les produits restent frais apr\u00e8s ouverture.<br><\/li>\n\n\n\n<li><strong>Impression de haute qualit\u00e9<\/strong>: Notre technologie d'impression de pointe permet d'obtenir des dessins accrocheurs et \u00e9clatants que votre emballage pour biscuits m\u00e9rite, et qui se d\u00e9marquent des rayons des magasins de d\u00e9tail.<br><\/li>\n\n\n\n<li><strong>Durable et fiable<\/strong>: Nos emballages sont fabriqu\u00e9s \u00e0 partir de mat\u00e9riaux robustes qui peuvent supporter les chocs n\u00e9cessaires lors de la manutention et du transport afin que votre produit arrive \u00e0 destination en bon \u00e9tat.<\/li>\n<\/ul>\n<\/div>\n\n\n\n<div class=\"wp-block-column is-layout-flow wp-block-column-is-layout-flow\">\n<figure class=\"wp-block-image size-full\"><img fetchpriority=\"high\" decoding=\"async\" width=\"750\" height=\"750\" src=\"https:\/\/www.hyflexpack.com\/wp-content\/uploads\/2024\/10\/Custom-Cookies-Biscuits-Packaging-Film\uff081\uff09.webp\" alt=\"Film d&#039;emballage personnalis\u00e9 pour biscuits\" class=\"wp-image-5534\" srcset=\"https:\/\/www.hyflexpack.com\/wp-content\/uploads\/2024\/10\/Custom-Cookies-Biscuits-Packaging-Film\uff081\uff09.webp 750w, https:\/\/www.hyflexpack.com\/wp-content\/uploads\/2024\/10\/Custom-Cookies-Biscuits-Packaging-Film\uff081\uff09-300x300.webp 300w, https:\/\/www.hyflexpack.com\/wp-content\/uploads\/2024\/10\/Custom-Cookies-Biscuits-Packaging-Film\uff081\uff09-150x150.webp 150w, https:\/\/www.hyflexpack.com\/wp-content\/uploads\/2024\/10\/Custom-Cookies-Biscuits-Packaging-Film\uff081\uff09-12x12.webp 12w, https:\/\/www.hyflexpack.com\/wp-content\/uploads\/2024\/10\/Custom-Cookies-Biscuits-Packaging-Film\uff081\uff09-285x285.webp 285w, https:\/\/www.hyflexpack.com\/wp-content\/uploads\/2024\/10\/Custom-Cookies-Biscuits-Packaging-Film\uff081\uff09-270x270.webp 270w, https:\/\/www.hyflexpack.com\/wp-content\/uploads\/2024\/10\/Custom-Cookies-Biscuits-Packaging-Film\uff081\uff09-540x540.webp 540w, https:\/\/www.hyflexpack.com\/wp-content\/uploads\/2024\/10\/Custom-Cookies-Biscuits-Packaging-Film\uff081\uff09-660x660.webp 660w\" sizes=\"(max-width: 750px) 100vw, 750px\" \/><\/figure>\n<\/div>\n<\/div>\n\n\n\n<p><\/p>","protected":false},"excerpt":{"rendered":"<p>Les emballages souples pour les biscuits assurent la fra\u00eecheur et la notori\u00e9t\u00e9 de la marque \u00e0 un co\u00fbt bien inf\u00e9rieur \u00e0 celui d'un emballage en carton. Contactez-nous pour des solutions personnalis\u00e9es afin d'am\u00e9liorer l'emballage de vos biscuits. Nos options \u00e9cologiques sont parfaites pour les consommateurs d'aujourd'hui.<\/p>\n<h3>Avantages du fournisseur de films d'emballage pour biscuits\u00a0<\/h3>\n<p>\u25cf Conception personnalis\u00e9e : Nous fournissons des emballages souples personnalis\u00e9s pour les services de biscuits, y compris la personnalisation du mat\u00e9riau, de la taille et du motif d'impression pour r\u00e9pondre aux besoins des clients, et nous prenons en charge les OEM et ODM.<br \/>\u25cfFabrication : Gr\u00e2ce \u00e0 un \u00e9quipement et \u00e0 une technologie de pointe, nous pouvons r\u00e9aliser la production des commandes de mani\u00e8re efficace et avec une qualit\u00e9 \u00e9lev\u00e9e, et livrer dans les d\u00e9lais.<br \/>\u25cf L'inspection de la qualit\u00e9 : La production est r\u00e9alis\u00e9e dans le strict respect des normes de qualit\u00e9 et des exigences en mati\u00e8re de s\u00e9curit\u00e9 alimentaire afin de garantir que les produits r\u00e9pondent aux normes.<br \/>\u25cfService \u00e0 la client\u00e8le : Fournir une r\u00e9ponse rapide et un support de service \u00e0 la client\u00e8le r\u00e9fl\u00e9chi 24 heures par jour.<br \/>\u25cf \u00c9chantillon gratuit : Fournir un service d'\u00e9chantillons gratuits pour vous permettre d'\u00e9valuer le produit.<\/p>\n<p><a href=\"https:\/\/www.hyflexpack.com\/fr\/\"><strong>Huiyang Packaging<\/strong><\/a> s'engage \u00e0 fournir \u00e0 ses clients des films d'emballage de biscuits personnalis\u00e9s de haute qualit\u00e9 afin de les aider \u00e0 am\u00e9liorer l'image de leurs produits et \u00e0 renforcer leur comp\u00e9titivit\u00e9 sur le march\u00e9.<\/p>","protected":false},"featured_media":5534,"comment_status":"open","ping_status":"closed","template":"","meta":[],"product_brand":[],"product_cat":[53],"product_tag":[],"class_list":{"0":"post-5566","1":"product","2":"type-product","3":"status-publish","4":"has-post-thumbnail","6":"product_cat-packaging-film-supplier","8":"first","9":"instock","10":"shipping-taxable","11":"product-type-simple"},"_links":{"self":[{"href":"https:\/\/www.hyflexpack.com\/fr\/wp-json\/wp\/v2\/product\/5566","targetHints":{"allow":["GET"]}}],"collection":[{"href":"https:\/\/www.hyflexpack.com\/fr\/wp-json\/wp\/v2\/product"}],"about":[{"href":"https:\/\/www.hyflexpack.com\/fr\/wp-json\/wp\/v2\/types\/product"}],"replies":[{"embeddable":true,"href":"https:\/\/www.hyflexpack.com\/fr\/wp-json\/wp\/v2\/comments?post=5566"}],"wp:featuredmedia":[{"embeddable":true,"href":"https:\/\/www.hyflexpack.com\/fr\/wp-json\/wp\/v2\/media\/5534"}],"wp:attachment":[{"href":"https:\/\/www.hyflexpack.com\/fr\/wp-json\/wp\/v2\/media?parent=5566"}],"wp:term":[{"taxonomy":"product_brand","embeddable":true,"href":"https:\/\/www.hyflexpack.com\/fr\/wp-json\/wp\/v2\/product_brand?post=5566"},{"taxonomy":"product_cat","embeddable":true,"href":"https:\/\/www.hyflexpack.com\/fr\/wp-json\/wp\/v2\/product_cat?post=5566"},{"taxonomy":"product_tag","embeddable":true,"href":"https:\/\/www.hyflexpack.com\/fr\/wp-json\/wp\/v2\/product_tag?post=5566"}],"curies":[{"name":"wp","href":"https:\/\/api.w.org\/{rel}","templated":true}]}}