{"id":5564,"date":"2025-03-14T06:38:28","date_gmt":"2025-03-14T06:38:28","guid":{"rendered":"https:\/\/www.hyflexpack.com\/?post_type=product&#038;p=5564"},"modified":"2025-03-14T06:39:51","modified_gmt":"2025-03-14T06:39:51","slug":"supplier-quad-seal-pouch-plastic-stand-up-pouch-coffee-bags-wholesale","status":"publish","type":"product","link":"https:\/\/www.hyflexpack.com\/fr\/product\/supplier-quad-seal-pouch-plastic-stand-up-pouch-coffee-bags-wholesale\/","title":{"rendered":"Supplier Quad Seal Pouch Plastic Stand Up Pouch Coffee Bags Wholesale"},"content":{"rendered":"<div class=\"wp-block-columns is-layout-flex wp-container-core-columns-is-layout-9d6595d7 wp-block-columns-is-layout-flex\">\n<div class=\"wp-block-column is-layout-flow wp-block-column-is-layout-flow\">\n<h2 class=\"wp-block-heading\">Caract\u00e9ristiques de la pochette Quad Seal<\/h2>\n\n\n\n<ul class=\"wp-block-list\">\n<li>Mat\u00e9riaux respectueux de l'environnement : Utiliser des mat\u00e9riaux respectueux de l'environnement qui r\u00e9pondent aux exigences de protection de l'environnement, tels que des mat\u00e9riaux biod\u00e9gradables ou recyclables, afin de r\u00e9duire l'impact sur l'environnement. 2. Mat\u00e9riaux \u00e0 haute barri\u00e8re de qualit\u00e9 alimentaire : Les sacs d'emballage souples personnalis\u00e9s utilisent des mat\u00e9riaux antistatiques \u00e0 haute barri\u00e8re respectueux de l'environnement, tels que le PET, le PE, le papier d'aluminium, etc., pour garantir la s\u00e9cheresse et la s\u00e9curit\u00e9 du produit, l'\u00e9tanch\u00e9it\u00e9 \u00e0 l'humidit\u00e9, l'anti-oxydation et l'allongement de la dur\u00e9e de conservation. 3. Fermeture \u00e0 glissi\u00e8re : La fermeture \u00e0 glissi\u00e8re int\u00e9gr\u00e9e permet d'ouvrir la fermeture plusieurs fois, de garder la poudre s\u00e8che et d'emp\u00eacher les animaux nuisibles et l'air ext\u00e9rieur de p\u00e9n\u00e9trer. 4. Conception \u00e0 fond plat : Permet au produit de mieux se tenir en rayon et d'attirer l'attention du consommateur. 5. Valve d'air unidirectionnelle : Lib\u00e8re l'air dans la ceinture<\/li>\n<\/ul>\n<\/div>\n\n\n\n<div class=\"wp-block-column is-layout-flow wp-block-column-is-layout-flow\">\n<figure class=\"wp-block-image size-full\"><img fetchpriority=\"high\" decoding=\"async\" width=\"750\" height=\"750\" src=\"https:\/\/www.hyflexpack.com\/wp-content\/uploads\/2024\/10\/Supplier-Quad-Seal-Pouch-\uff081\uff09.webp\" alt=\"Fournisseur Quad Seal Pouch\" class=\"wp-image-5553\" srcset=\"https:\/\/www.hyflexpack.com\/wp-content\/uploads\/2024\/10\/Supplier-Quad-Seal-Pouch-\uff081\uff09.webp 750w, https:\/\/www.hyflexpack.com\/wp-content\/uploads\/2024\/10\/Supplier-Quad-Seal-Pouch-\uff081\uff09-300x300.webp 300w, https:\/\/www.hyflexpack.com\/wp-content\/uploads\/2024\/10\/Supplier-Quad-Seal-Pouch-\uff081\uff09-150x150.webp 150w, https:\/\/www.hyflexpack.com\/wp-content\/uploads\/2024\/10\/Supplier-Quad-Seal-Pouch-\uff081\uff09-12x12.webp 12w, https:\/\/www.hyflexpack.com\/wp-content\/uploads\/2024\/10\/Supplier-Quad-Seal-Pouch-\uff081\uff09-285x285.webp 285w, https:\/\/www.hyflexpack.com\/wp-content\/uploads\/2024\/10\/Supplier-Quad-Seal-Pouch-\uff081\uff09-270x270.webp 270w, https:\/\/www.hyflexpack.com\/wp-content\/uploads\/2024\/10\/Supplier-Quad-Seal-Pouch-\uff081\uff09-540x540.webp 540w, https:\/\/www.hyflexpack.com\/wp-content\/uploads\/2024\/10\/Supplier-Quad-Seal-Pouch-\uff081\uff09-660x660.webp 660w\" sizes=\"(max-width: 750px) 100vw, 750px\" \/><\/figure>\n<\/div>\n<\/div>\n\n\n\n<p><\/p>","protected":false},"excerpt":{"rendered":"<p>Caract\u00e9ristiques de la pochette Quad Seal<\/p>","protected":false},"featured_media":5553,"comment_status":"open","ping_status":"closed","template":"","meta":[],"product_brand":[],"product_cat":[55],"product_tag":[],"class_list":{"0":"post-5564","1":"product","2":"type-product","3":"status-publish","4":"has-post-thumbnail","6":"product_cat-custom-coffee-packaging","8":"first","9":"instock","10":"shipping-taxable","11":"product-type-simple"},"_links":{"self":[{"href":"https:\/\/www.hyflexpack.com\/fr\/wp-json\/wp\/v2\/product\/5564","targetHints":{"allow":["GET"]}}],"collection":[{"href":"https:\/\/www.hyflexpack.com\/fr\/wp-json\/wp\/v2\/product"}],"about":[{"href":"https:\/\/www.hyflexpack.com\/fr\/wp-json\/wp\/v2\/types\/product"}],"replies":[{"embeddable":true,"href":"https:\/\/www.hyflexpack.com\/fr\/wp-json\/wp\/v2\/comments?post=5564"}],"wp:featuredmedia":[{"embeddable":true,"href":"https:\/\/www.hyflexpack.com\/fr\/wp-json\/wp\/v2\/media\/5553"}],"wp:attachment":[{"href":"https:\/\/www.hyflexpack.com\/fr\/wp-json\/wp\/v2\/media?parent=5564"}],"wp:term":[{"taxonomy":"product_brand","embeddable":true,"href":"https:\/\/www.hyflexpack.com\/fr\/wp-json\/wp\/v2\/product_brand?post=5564"},{"taxonomy":"product_cat","embeddable":true,"href":"https:\/\/www.hyflexpack.com\/fr\/wp-json\/wp\/v2\/product_cat?post=5564"},{"taxonomy":"product_tag","embeddable":true,"href":"https:\/\/www.hyflexpack.com\/fr\/wp-json\/wp\/v2\/product_tag?post=5564"}],"curies":[{"name":"wp","href":"https:\/\/api.w.org\/{rel}","templated":true}]}}