{"id":5521,"date":"2024-10-19T07:13:14","date_gmt":"2024-10-19T07:13:14","guid":{"rendered":"https:\/\/www.hyflexpack.com\/?post_type=product&#038;p=5521"},"modified":"2024-11-10T16:37:19","modified_gmt":"2024-11-10T16:37:19","slug":"custom-chip-bags-wholesale","status":"publish","type":"product","link":"https:\/\/www.hyflexpack.com\/fr\/product\/custom-chip-bags-wholesale\/","title":{"rendered":"Sacs de chips personnalis\u00e9s Emballage en gros de films en rouleaux Fournisseur de produits durables et \u00e9cologiques"},"content":{"rendered":"<div class=\"wp-block-columns is-layout-flex wp-container-core-columns-is-layout-9d6595d7 wp-block-columns-is-layout-flex\">\n<div class=\"wp-block-column is-layout-flow wp-block-column-is-layout-flow\">\n<h3 class=\"wp-block-heading\">Features of High Quality Custom Chip Bags Wholesale<\/h3>\n\n\n\n<ul class=\"wp-block-list\">\n<li><strong>Sustainable Eco-Friendly<\/strong>: We are producing by using environmentally friendly materials. Moreover, the standard of sustainable development complies. Our green packaging is believed to help build a green brand image.<\/li>\n\n\n\n<li><strong>High-quality Printing<\/strong>: Advanced printing technology makes our packaging graphics bright and clear, enhancing the appeal of products in the market.<\/li>\n\n\n\n<li><strong>Durable and Flexible<\/strong>: Our roll-film packaging can provide good durability and flexibility, ensuring safety during the transportation or storage of a product.<\/li>\n\n\n\n<li><strong>Sizes and Designs<\/strong>: Wholesale custom chip bags offer a variety of sizes and design options to fit packaging needs for a range of products and help your brand achieve unique market positioning.<\/li>\n\n\n\n<li><strong>Moisture Barrier<\/strong>: Our custom chip bags have excellent moisture barrier properties that will help extend your food products&#8217; freshness and shelf life.<\/li>\n\n\n\n<li><strong>Lightweight and Cost-Effective<\/strong>: Lightweight means reduced transportation costs, while at the same time providing efficient packaging solutions to optimize your supply chain.<\/li>\n\n\n\n<li><strong>Easy to Seal and Open<\/strong>: Easy-to-seal-and-open packaging provides a positive user experience and increases consumer satisfaction.<\/li>\n\n\n\n<li><strong>Diverse Application<\/strong>: Diverse packaging for a wide range of casual foods besides potato chips, aimed at serving various markets.<\/li>\n<\/ul>\n<\/div>\n\n\n\n<div class=\"wp-block-column is-layout-flow wp-block-column-is-layout-flow\">\n<figure class=\"wp-block-image size-full\"><img fetchpriority=\"high\" decoding=\"async\" width=\"750\" height=\"750\" src=\"https:\/\/www.hyflexpack.com\/wp-content\/uploads\/2024\/10\/custom-chip-bag-packaging2.webp\" alt=\"sachets de chips personnalis\u00e9s emballage en gros(2)\" class=\"wp-image-5448\" srcset=\"https:\/\/www.hyflexpack.com\/wp-content\/uploads\/2024\/10\/custom-chip-bag-packaging2.webp 750w, https:\/\/www.hyflexpack.com\/wp-content\/uploads\/2024\/10\/custom-chip-bag-packaging2-300x300.webp 300w, https:\/\/www.hyflexpack.com\/wp-content\/uploads\/2024\/10\/custom-chip-bag-packaging2-150x150.webp 150w, https:\/\/www.hyflexpack.com\/wp-content\/uploads\/2024\/10\/custom-chip-bag-packaging2-12x12.webp 12w, https:\/\/www.hyflexpack.com\/wp-content\/uploads\/2024\/10\/custom-chip-bag-packaging2-285x285.webp 285w, https:\/\/www.hyflexpack.com\/wp-content\/uploads\/2024\/10\/custom-chip-bag-packaging2-270x270.webp 270w, https:\/\/www.hyflexpack.com\/wp-content\/uploads\/2024\/10\/custom-chip-bag-packaging2-540x540.webp 540w, https:\/\/www.hyflexpack.com\/wp-content\/uploads\/2024\/10\/custom-chip-bag-packaging2-660x660.webp 660w\" sizes=\"(max-width: 750px) 100vw, 750px\" \/><\/figure>\n<\/div>\n<\/div>\n\n\n\n<div class=\"wp-block-columns is-layout-flex wp-container-core-columns-is-layout-9d6595d7 wp-block-columns-is-layout-flex\">\n<div class=\"wp-block-column is-layout-flow wp-block-column-is-layout-flow\" style=\"flex-basis:10%\"><\/div>\n\n\n\n<div class=\"wp-block-column is-layout-flow wp-block-column-is-layout-flow\" style=\"flex-basis:80%\">\n<figure class=\"wp-block-embed is-type-video is-provider-youtube wp-block-embed-youtube wp-embed-aspect-16-9 wp-has-aspect-ratio\"><div class=\"wp-block-embed__wrapper\">\n<iframe title=\"Automatic Packaging film for chips\" width=\"940\" height=\"529\" src=\"https:\/\/www.youtube.com\/embed\/WZxPbB7wazs?feature=oembed\" frameborder=\"0\" allow=\"accelerometer; autoplay; clipboard-write; encrypted-media; gyroscope; picture-in-picture; web-share\" referrerpolicy=\"strict-origin-when-cross-origin\" allowfullscreen><\/iframe>\n<\/div><figcaption class=\"wp-element-caption\">Custom Chip Bags Wholesale<\/figcaption><\/figure>\n<\/div>\n\n\n\n<div class=\"wp-block-column is-layout-flow wp-block-column-is-layout-flow\"><\/div>\n<\/div>\n\n\n\n<p><\/p>","protected":false},"excerpt":{"rendered":"<p>Looking for custom chip bags wholesale? Our eco-friendly packaging solutions will surely go spot-on with enhancing your brand image and market competitiveness. Contact us now for your exclusive packaging solution!<\/p>\n<h3>Advantages of Custom Chip Bags Wholesaler<\/h3>\n<ul>\n<li><strong>Conception sur mesure<\/strong>: We can do custom material, size, and printing patterns according to the requirements of our customers; OEM and ODM are supported.<\/li>\n<li><strong>Fabrication<\/strong>: Gr\u00e2ce \u00e0 un \u00e9quipement et \u00e0 une technologie de pointe, nous sommes en mesure d'honorer nos commandes dans les d\u00e9lais impartis et avec une qualit\u00e9 irr\u00e9prochable.<\/li>\n<li><strong>Contr\u00f4le de la qualit\u00e9<\/strong>: La production doit \u00eatre strictement conforme aux normes de qualit\u00e9 et aux exigences en mati\u00e8re de s\u00e9curit\u00e9 alimentaire afin de garantir que les produits r\u00e9pondent aux normes.<\/li>\n<li><strong>\u00c9quipe d'assistance technique<\/strong>: Notre personnel poss\u00e8de une grande exp\u00e9rience de l'industrie et des connaissances professionnelles. L'assistance technique et les services de conseil peuvent \u00eatre fournis 24 heures sur 24.<\/li>\n<li><strong>Certifications :<\/strong> \u00a0BRC, ISO, QS, FDA<\/li>\n<li><strong>\u00c9chantillon gratuit<\/strong>: Free sample service for you to check the quality of flexible packing.<\/li>\n<\/ul>\n<p>&nbsp;<\/p>","protected":false},"featured_media":5448,"comment_status":"open","ping_status":"closed","template":"","meta":[],"product_brand":[],"product_cat":[51,57],"product_tag":[],"class_list":{"0":"post-5521","1":"product","2":"type-product","3":"status-publish","4":"has-post-thumbnail","6":"product_cat-custom-food-packaging-bags","7":"product_cat-snack-packaging-bags-wholesale","9":"first","10":"instock","11":"shipping-taxable","12":"product-type-simple"},"_links":{"self":[{"href":"https:\/\/www.hyflexpack.com\/fr\/wp-json\/wp\/v2\/product\/5521","targetHints":{"allow":["GET"]}}],"collection":[{"href":"https:\/\/www.hyflexpack.com\/fr\/wp-json\/wp\/v2\/product"}],"about":[{"href":"https:\/\/www.hyflexpack.com\/fr\/wp-json\/wp\/v2\/types\/product"}],"replies":[{"embeddable":true,"href":"https:\/\/www.hyflexpack.com\/fr\/wp-json\/wp\/v2\/comments?post=5521"}],"wp:featuredmedia":[{"embeddable":true,"href":"https:\/\/www.hyflexpack.com\/fr\/wp-json\/wp\/v2\/media\/5448"}],"wp:attachment":[{"href":"https:\/\/www.hyflexpack.com\/fr\/wp-json\/wp\/v2\/media?parent=5521"}],"wp:term":[{"taxonomy":"product_brand","embeddable":true,"href":"https:\/\/www.hyflexpack.com\/fr\/wp-json\/wp\/v2\/product_brand?post=5521"},{"taxonomy":"product_cat","embeddable":true,"href":"https:\/\/www.hyflexpack.com\/fr\/wp-json\/wp\/v2\/product_cat?post=5521"},{"taxonomy":"product_tag","embeddable":true,"href":"https:\/\/www.hyflexpack.com\/fr\/wp-json\/wp\/v2\/product_tag?post=5521"}],"curies":[{"name":"wp","href":"https:\/\/api.w.org\/{rel}","templated":true}]}}