{"id":5520,"date":"2024-10-26T06:31:39","date_gmt":"2024-10-26T06:31:39","guid":{"rendered":"https:\/\/www.hyflexpack.com\/?post_type=product&#038;p=5520"},"modified":"2024-12-13T07:27:59","modified_gmt":"2024-12-13T07:27:59","slug":"custom-cookie-packaging-ideas-for-bags","status":"publish","type":"product","link":"https:\/\/www.hyflexpack.com\/fr\/product\/custom-cookie-packaging-ideas-for-bags\/","title":{"rendered":"Id\u00e9es d'emballage cr\u00e9atif pour les biscuits Pochettes sur mesure pour l'emballage de produits alimentaires"},"content":{"rendered":"<div class=\"wp-block-columns is-layout-flex wp-container-core-columns-is-layout-9d6595d7 wp-block-columns-is-layout-flex\">\n<div class=\"wp-block-column is-layout-flow wp-block-column-is-layout-flow\">\n<h3 class=\"wp-block-heading\">Caract\u00e9ristiques des id\u00e9es cr\u00e9atives d'emballage de biscuits pour les sacs<\/h3>\n\n\n\n<ul class=\"wp-block-list\">\n<li><strong>Qualit\u00e9 des mat\u00e9riaux<\/strong>: Les mati\u00e8res premi\u00e8res utilis\u00e9es pour personnaliser l'emballage de ces biscuits sont de qualit\u00e9 alimentaire et s\u00fbres, ce qui garantit un stockage s\u00fbr des biscuits et le maintien de leur fra\u00eecheur et de leur go\u00fbt.<\/li>\n\n\n\n<li><strong>Sac personnalisable pour l'emballage de biscuits<\/strong>: Il cr\u00e9e une image de marque individuelle qui permettra \u00e0 vos biscuits d'\u00eatre mis en valeur gr\u00e2ce \u00e0 des logos, des combinaisons de couleurs et des formes cr\u00e9atives.<\/li>\n\n\n\n<li><strong>Dessins et mod\u00e8les debout<\/strong>: La capacit\u00e9 d'am\u00e9liorer la pr\u00e9sentation sur une \u00e9tag\u00e8re donne \u00e0 ces id\u00e9es de sachets de biscuits un aspect et une sensation haut de gamme, ce qui les rend attrayantes pour le consommateur.<\/li>\n\n\n\n<li><strong>R\u00e9sistance \u00e0 l'humidit\u00e9 et fra\u00eecheur<\/strong>: Cet emballage pour biscuits fait appel \u00e0 une technologie de barri\u00e8re multicouche qui prot\u00e8ge les biscuits de l'humidit\u00e9 et de l'air, ce qui permet de prolonger la dur\u00e9e de vie des biscuits et de conserver leur texture fra\u00eeche.<\/li>\n\n\n\n<li><strong>Un choix respectueux de l'environnement<\/strong>: Des mat\u00e9riaux biod\u00e9gradables et recyclables sont fournis pour r\u00e9duire l'impact sur l'environnement en permettant un emballage durable.<\/li>\n\n\n\n<li><strong>Couvercle \u00e0 ouverture Est et \u00e0 fermeture facile : <\/strong>Il est dot\u00e9 d'une fermeture \u00e0 glissi\u00e8re facile \u00e0 d\u00e9chirer et \u00e0 refermer, ce qui permet d'ouvrir les biscuits rapidement et facilement. De plus, apr\u00e8s ouverture, les biscuits peuvent \u00eatre conserv\u00e9s en toute s\u00e9curit\u00e9 afin de pr\u00e9server leur fra\u00eecheur.<\/li>\n<\/ul>\n<\/div>\n\n\n\n<div class=\"wp-block-column is-layout-flow wp-block-column-is-layout-flow\">\n<figure class=\"wp-block-image size-full\"><img fetchpriority=\"high\" decoding=\"async\" width=\"750\" height=\"750\" src=\"https:\/\/www.hyflexpack.com\/wp-content\/uploads\/2024\/10\/Manufacturer-Cookie-Packaging-Bags\uff081\uff09.webp\" alt=\"Fabricant de sacs d&#039;emballage pour biscuits\" class=\"wp-image-5507\" srcset=\"https:\/\/www.hyflexpack.com\/wp-content\/uploads\/2024\/10\/Manufacturer-Cookie-Packaging-Bags\uff081\uff09.webp 750w, https:\/\/www.hyflexpack.com\/wp-content\/uploads\/2024\/10\/Manufacturer-Cookie-Packaging-Bags\uff081\uff09-300x300.webp 300w, https:\/\/www.hyflexpack.com\/wp-content\/uploads\/2024\/10\/Manufacturer-Cookie-Packaging-Bags\uff081\uff09-150x150.webp 150w, https:\/\/www.hyflexpack.com\/wp-content\/uploads\/2024\/10\/Manufacturer-Cookie-Packaging-Bags\uff081\uff09-12x12.webp 12w, https:\/\/www.hyflexpack.com\/wp-content\/uploads\/2024\/10\/Manufacturer-Cookie-Packaging-Bags\uff081\uff09-285x285.webp 285w, https:\/\/www.hyflexpack.com\/wp-content\/uploads\/2024\/10\/Manufacturer-Cookie-Packaging-Bags\uff081\uff09-270x270.webp 270w, https:\/\/www.hyflexpack.com\/wp-content\/uploads\/2024\/10\/Manufacturer-Cookie-Packaging-Bags\uff081\uff09-540x540.webp 540w, https:\/\/www.hyflexpack.com\/wp-content\/uploads\/2024\/10\/Manufacturer-Cookie-Packaging-Bags\uff081\uff09-660x660.webp 660w\" sizes=\"(max-width: 750px) 100vw, 750px\" \/><\/figure>\n<\/div>\n<\/div>\n\n\n\n<p><\/p>","protected":false},"excerpt":{"rendered":"<p>D\u00e9couvrez comment nos id\u00e9es d'emballages cr\u00e9atifs pour biscuits sont fabriqu\u00e9es \u00e0 partir de films d'emballage composites de qualit\u00e9 alimentaire respectueux de l'environnement. L'utilisation de mat\u00e9riaux composites permet d'assurer une bonne protection contre l'humidit\u00e9 et l'oxydation, et les propri\u00e9t\u00e9s de barri\u00e8re \u00e9lev\u00e9es garantissent la s\u00e9cheresse et la s\u00e9curit\u00e9 des produits, qui ne se d\u00e9t\u00e9rioreront pas sous l'effet de l'humidit\u00e9. La conception des coutures lat\u00e9rales et inf\u00e9rieures \u00e9largies rend l'ensemble du sac plus inclusif. Contactez-nous d\u00e8s aujourd'hui pour obtenir un devis. Nous nous engageons \u00e0 fournir des solutions d'emballage de haute qualit\u00e9 et respectueuses de l'environnement.<\/p>\n<h3>Avantages des id\u00e9es d'emballage de biscuits pour les fabricants de sacs<\/h3>\n<ul>\n<li>Conception sur mesure : Nous fournissons un service de sacs d'emballage personnalis\u00e9s, y compris la personnalisation du mat\u00e9riau, de la taille et du motif d'impression pour r\u00e9pondre aux besoins des clients, et nous prenons en charge les OEM et ODM.<\/li>\n<li>Fabrication : Gr\u00e2ce \u00e0 un \u00e9quipement et \u00e0 une technologie de pointe, nous pouvons r\u00e9aliser la production de la commande avec une grande efficacit\u00e9 et une grande qualit\u00e9, et nous pouvons livrer dans les d\u00e9lais impartis.<\/li>\n<li>Inspection de la qualit\u00e9 : Respecter strictement les normes de qualit\u00e9 et les exigences en mati\u00e8re de s\u00e9curit\u00e9 alimentaire pour la production, afin de s'assurer que les produits r\u00e9pondent aux normes.<\/li>\n<li>Service client\u00e8le : 24 heures sur 24 pour fournir une r\u00e9ponse rapide et un service client\u00e8le attentionn\u00e9.<\/li>\n<li>\u00c9chantillons gratuits\uff1a Fournir un service d'\u00e9chantillons gratuits pour vous permettre d'\u00e9valuer les produits.<\/li>\n<\/ul>\n<p><a href=\"https:\/\/www.hyflexpack.com\/fr\/\"><strong>Huiyang Packaging<\/strong><\/a> s'engage \u00e0 fournir \u00e0 ses clients des sacs d'emballage de biscuits personnalis\u00e9s de haute qualit\u00e9 afin de les aider \u00e0 am\u00e9liorer l'image de leurs produits et \u00e0 renforcer leur comp\u00e9titivit\u00e9 sur le march\u00e9.<\/p>","protected":false},"featured_media":5507,"comment_status":"open","ping_status":"closed","template":"","meta":[],"product_brand":[],"product_cat":[51,57],"product_tag":[],"class_list":{"0":"post-5520","1":"product","2":"type-product","3":"status-publish","4":"has-post-thumbnail","6":"product_cat-custom-food-packaging-bags","7":"product_cat-snack-packaging-bags-wholesale","9":"first","10":"instock","11":"shipping-taxable","12":"product-type-simple"},"_links":{"self":[{"href":"https:\/\/www.hyflexpack.com\/fr\/wp-json\/wp\/v2\/product\/5520","targetHints":{"allow":["GET"]}}],"collection":[{"href":"https:\/\/www.hyflexpack.com\/fr\/wp-json\/wp\/v2\/product"}],"about":[{"href":"https:\/\/www.hyflexpack.com\/fr\/wp-json\/wp\/v2\/types\/product"}],"replies":[{"embeddable":true,"href":"https:\/\/www.hyflexpack.com\/fr\/wp-json\/wp\/v2\/comments?post=5520"}],"wp:featuredmedia":[{"embeddable":true,"href":"https:\/\/www.hyflexpack.com\/fr\/wp-json\/wp\/v2\/media\/5507"}],"wp:attachment":[{"href":"https:\/\/www.hyflexpack.com\/fr\/wp-json\/wp\/v2\/media?parent=5520"}],"wp:term":[{"taxonomy":"product_brand","embeddable":true,"href":"https:\/\/www.hyflexpack.com\/fr\/wp-json\/wp\/v2\/product_brand?post=5520"},{"taxonomy":"product_cat","embeddable":true,"href":"https:\/\/www.hyflexpack.com\/fr\/wp-json\/wp\/v2\/product_cat?post=5520"},{"taxonomy":"product_tag","embeddable":true,"href":"https:\/\/www.hyflexpack.com\/fr\/wp-json\/wp\/v2\/product_tag?post=5520"}],"curies":[{"name":"wp","href":"https:\/\/api.w.org\/{rel}","templated":true}]}}