{"id":5496,"date":"2024-11-11T01:53:34","date_gmt":"2024-11-11T01:53:34","guid":{"rendered":"https:\/\/www.hyflexpack.com\/?post_type=product&#038;p=5496"},"modified":"2025-10-23T08:31:25","modified_gmt":"2025-10-23T08:31:25","slug":"custom-potato-chips-bags","status":"publish","type":"product","link":"https:\/\/www.hyflexpack.com\/fr\/product\/custom-potato-chips-bags\/","title":{"rendered":"Sacs de chips personnalis\u00e9s en usine, sachets durables pour l'emballage de snacks"},"content":{"rendered":"<div class=\"wp-block-columns is-layout-flex wp-container-core-columns-is-layout-9d6595d7 wp-block-columns-is-layout-flex\">\n<div class=\"wp-block-column is-layout-flow wp-block-column-is-layout-flow\">\n<h3 class=\"wp-block-heading\">Advantages of High Quality Custom Potato Chips Bags Supplier<\/h3>\n\n\n\n<ul class=\"wp-block-list\">\n<li><strong>Conception personnalis\u00e9e<\/strong>: We provide customized packaging bag service, including material, size, and printing pattern customization to meet customer needs, and support <strong><a href=\"https:\/\/www.hyflexpack.com\/fr\/emballage-flexible-sur-mesure\/\">OEM et ODM<\/a><\/strong>.<\/li>\n<\/ul>\n\n\n\n<p><\/p>\n\n\n\n<ul class=\"wp-block-list\">\n<li><strong>Fabrication<\/strong>: Gr\u00e2ce \u00e0 un \u00e9quipement et \u00e0 une technologie de pointe, nous pouvons r\u00e9aliser la production de la commande avec une grande efficacit\u00e9 et une grande qualit\u00e9, et nous pouvons livrer dans les d\u00e9lais.<\/li>\n<\/ul>\n\n\n\n<p><\/p>\n\n\n\n<ul class=\"wp-block-list\">\n<li><strong><mark class=\"has-inline-color has-vivid-cyan-blue-color\"><a href=\"https:\/\/www.hyflexpack.com\/fr\/le-controle-de-la-qualite\/\">Inspection de la qualit\u00e9<\/a><\/mark><\/strong>: Respecter strictement les normes de qualit\u00e9 et les exigences en mati\u00e8re de s\u00e9curit\u00e9 alimentaire pour la production, afin de garantir que les produits r\u00e9pondent aux normes.<\/li>\n<\/ul>\n\n\n\n<p><\/p>\n\n\n\n<ul class=\"wp-block-list\">\n<li><strong>Service client\u00e8le<\/strong>Le service client\u00e8le est disponible 24 heures sur 24 pour fournir une r\u00e9ponse rapide et un service d'assistance \u00e0 la client\u00e8le attentionn\u00e9.<\/li>\n<\/ul>\n\n\n\n<ul class=\"wp-block-list\">\n<li><strong>Certifications :<\/strong>\u00a0\u00a0BRC, ISO, QS, FDA<\/li>\n<\/ul>\n\n\n\n<ul class=\"wp-block-list\">\n<li><strong>\u00c9chantillon gratuit<\/strong>\uff1a Fournir un service d'\u00e9chantillonnage gratuit pour vous permettre d'\u00e9valuer les produits.<\/li>\n<\/ul>\n<\/div>\n\n\n\n<div class=\"wp-block-column is-layout-flow wp-block-column-is-layout-flow\">\n<figure class=\"wp-block-image size-full\"><img fetchpriority=\"high\" decoding=\"async\" width=\"750\" height=\"750\" src=\"https:\/\/www.hyflexpack.com\/wp-content\/uploads\/2024\/10\/Flexible-packaging-companies-\uff081\uff09.webp\" alt=\"Sacs de chips personnalis\u00e9s en gros\" class=\"wp-image-5502\" srcset=\"https:\/\/www.hyflexpack.com\/wp-content\/uploads\/2024\/10\/Flexible-packaging-companies-\uff081\uff09.webp 750w, https:\/\/www.hyflexpack.com\/wp-content\/uploads\/2024\/10\/Flexible-packaging-companies-\uff081\uff09-300x300.webp 300w, https:\/\/www.hyflexpack.com\/wp-content\/uploads\/2024\/10\/Flexible-packaging-companies-\uff081\uff09-150x150.webp 150w, https:\/\/www.hyflexpack.com\/wp-content\/uploads\/2024\/10\/Flexible-packaging-companies-\uff081\uff09-12x12.webp 12w, https:\/\/www.hyflexpack.com\/wp-content\/uploads\/2024\/10\/Flexible-packaging-companies-\uff081\uff09-285x285.webp 285w, https:\/\/www.hyflexpack.com\/wp-content\/uploads\/2024\/10\/Flexible-packaging-companies-\uff081\uff09-270x270.webp 270w, https:\/\/www.hyflexpack.com\/wp-content\/uploads\/2024\/10\/Flexible-packaging-companies-\uff081\uff09-540x540.webp 540w, https:\/\/www.hyflexpack.com\/wp-content\/uploads\/2024\/10\/Flexible-packaging-companies-\uff081\uff09-660x660.webp 660w\" sizes=\"(max-width: 750px) 100vw, 750px\" \/><\/figure>\n<\/div>\n<\/div>\n\n\n\n<p><\/p>","protected":false},"excerpt":{"rendered":"<p>Our custom potato chips bags stand out! Our high-quality, stand-up chips bags are designed to keep your snacks fresh and appealing. Perfect for brands looking to make an impact\u2014get in touch to elevate your packaging!<\/p>\n<h3><strong>Features of Potato Chips Bags<\/strong><\/h3>\n<p><strong>Food-grade material<\/strong>: ensures food safety and hygiene, allows direct food contact, and maintains the original flavor and freshness of shrimp chips and potato chips.<\/p>\n<p><strong>Stand-up pouch design<\/strong>: it is easy to display potato chip bags on shelves; it increases the exposure probability of the product in any supermarket or retail, therefore enhancing brand recognition.<\/p>\n<p><strong>Strong Sealing and High Barrier<\/strong>: effectively prevent moisture and oxidation to extend the shelf life of shrimp chips and keep the crispiness of the product for a long period.<\/p>\n<p><strong>Personal printing and various options<\/strong>: It can support high-quality brand logos and unique patterns. The ability to choose different sizes will be according to demand, thus enabling it to help the brand establish exclusive packaging.<\/p>\n<p><strong>Ecological material choices<\/strong>: To offer biodegradable and recyclable materials for customized potato chip bags meets the demand for environmentalism and adds a green image to the brand.<\/p>\n<p><strong>Heat-sealing and easy-to-tear design<\/strong>: the package design is easy for consumers to open, therefore, convenient resealing, storage, and carrying would be promoted, improving user experience.<\/p>","protected":false},"featured_media":5502,"comment_status":"open","ping_status":"closed","template":"","meta":[],"product_brand":[],"product_cat":[57],"product_tag":[],"class_list":{"0":"post-5496","1":"product","2":"type-product","3":"status-publish","4":"has-post-thumbnail","6":"product_cat-snack-packaging-bags-wholesale","8":"first","9":"instock","10":"shipping-taxable","11":"product-type-simple"},"_links":{"self":[{"href":"https:\/\/www.hyflexpack.com\/fr\/wp-json\/wp\/v2\/product\/5496","targetHints":{"allow":["GET"]}}],"collection":[{"href":"https:\/\/www.hyflexpack.com\/fr\/wp-json\/wp\/v2\/product"}],"about":[{"href":"https:\/\/www.hyflexpack.com\/fr\/wp-json\/wp\/v2\/types\/product"}],"replies":[{"embeddable":true,"href":"https:\/\/www.hyflexpack.com\/fr\/wp-json\/wp\/v2\/comments?post=5496"}],"wp:featuredmedia":[{"embeddable":true,"href":"https:\/\/www.hyflexpack.com\/fr\/wp-json\/wp\/v2\/media\/5502"}],"wp:attachment":[{"href":"https:\/\/www.hyflexpack.com\/fr\/wp-json\/wp\/v2\/media?parent=5496"}],"wp:term":[{"taxonomy":"product_brand","embeddable":true,"href":"https:\/\/www.hyflexpack.com\/fr\/wp-json\/wp\/v2\/product_brand?post=5496"},{"taxonomy":"product_cat","embeddable":true,"href":"https:\/\/www.hyflexpack.com\/fr\/wp-json\/wp\/v2\/product_cat?post=5496"},{"taxonomy":"product_tag","embeddable":true,"href":"https:\/\/www.hyflexpack.com\/fr\/wp-json\/wp\/v2\/product_tag?post=5496"}],"curies":[{"name":"wp","href":"https:\/\/api.w.org\/{rel}","templated":true}]}}