{"id":5457,"date":"2024-10-15T01:55:41","date_gmt":"2024-10-15T01:55:41","guid":{"rendered":"https:\/\/www.hyflexpack.com\/?post_type=product&#038;p=5457"},"modified":"2024-12-13T06:49:16","modified_gmt":"2024-12-13T06:49:16","slug":"custom-chips-packaging-roll-film","status":"publish","type":"product","link":"https:\/\/www.hyflexpack.com\/fr\/product\/custom-chips-packaging-roll-film\/","title":{"rendered":"Film d'emballage en rouleau pour chips,Film de laminage pour sacs de pop-corn"},"content":{"rendered":"<div class=\"wp-block-columns is-layout-flex wp-container-core-columns-is-layout-9d6595d7 wp-block-columns-is-layout-flex\">\n<div class=\"wp-block-column is-layout-flow wp-block-column-is-layout-flow\">\n<h3 class=\"wp-block-heading\">Caract\u00e9ristiques du film en rouleau pour l'emballage de puces de haute qualit\u00e9<\/h3>\n\n\n\n<ul class=\"wp-block-list\">\n<li><strong>Mat\u00e9riau de haute qualit\u00e9<\/strong>: Les sacs \u00e0 pop-corn sont fabriqu\u00e9s \u00e0 partir de films d'emballage de haute qualit\u00e9, ce qui garantit une s\u00e9curit\u00e9 alimentaire, non toxique et inodore. Solides et durables, ils conviennent \u00e0 une grande vari\u00e9t\u00e9 d'emballages alimentaires.<\/li>\n\n\n\n<li><strong>Emballage efficace<\/strong>: Il est con\u00e7u pour les \u00e9quipements d'emballage automatique visant \u00e0 am\u00e9liorer l'efficacit\u00e9 de la production. La conception lisse du film du rouleau d'emballage des chips garantit qu'il n'y aura pas de bourrage de papier pendant l'emballage \u00e0 grande vitesse.<\/li>\n\n\n\n<li><strong>Excellente protection<\/strong>L'emballage est con\u00e7u pour \u00e9viter l'humidit\u00e9 et la poussi\u00e8re, ce qui prolonge la dur\u00e9e de conservation des chips. La bonne r\u00e9sistance \u00e0 la d\u00e9chirure prot\u00e8ge l'int\u00e9grit\u00e9 des chips pendant le transport et le stockage.<\/li>\n\n\n\n<li><strong>Option \u00e9cologique<\/strong>: Il prend en charge les mat\u00e9riaux biod\u00e9gradables et recyclables pour r\u00e9pondre aux exigences de protection de l'environnement. Des options d'\u00e9paisseur de film sont \u00e9galement propos\u00e9es pour r\u00e9duire les d\u00e9chets de mat\u00e9riaux et l'empreinte carbone.<\/li>\n\n\n\n<li><strong>Pratique \u00e0 utiliser<\/strong>: Le film en rouleau pour l'emballage des chips est facile \u00e0 thermosceller, ce qui permet de le rendre suffisamment \u00e9tanche pour prot\u00e9ger les chips de l'humidit\u00e9. Les rouleaux de film sont faciles \u00e0 stocker et \u00e0 manipuler, ce qui permet d'\u00e9conomiser de l'espace dans l'entrep\u00f4t.<\/li>\n<\/ul>\n<\/div>\n\n\n\n<div class=\"wp-block-column is-layout-flow wp-block-column-is-layout-flow\">\n<figure class=\"wp-block-image size-full\"><img decoding=\"async\" src=\"https:\/\/www.hyflexpack.com\/wp-content\/uploads\/2024\/10\/wholesale-chips-packaging-roll3.webp\" alt=\"rouleau d&#039;emballage de chips en gros\" class=\"wp-image-5445\"\/><\/figure>\n<\/div>\n<\/div>\n\n\n\n<p><\/p>","protected":false},"excerpt":{"rendered":"<p>Rouleau de film d'emballage pour chips en gros, id\u00e9al pour l'emballage flexible des snacks avec un film de laminage durable, parfait pour pr\u00e9server la fra\u00eecheur et am\u00e9liorer l'attrait en rayon. N'h\u00e9sitez pas \u00e0 nous contacter pour un design et des \u00e9chantillons gratuits !<\/p>\n<h3>Avantages du fournisseur de film en rouleau pour l'emballage des puces<\/h3>\n<ul>\n<li>Conception personnalis\u00e9e : Nous proposons des services personnalis\u00e9s, y compris la personnalisation des mat\u00e9riaux, des dimensions et des motifs d'impression pour r\u00e9pondre aux besoins des clients, et nous prenons en charge les OEM et ODM.<\/li>\n<li>Fabrication : Gr\u00e2ce \u00e0 un \u00e9quipement et \u00e0 une technologie de pointe, nous pouvons r\u00e9aliser la production des commandes de mani\u00e8re efficace et avec une qualit\u00e9 \u00e9lev\u00e9e, et nous pouvons livrer dans les d\u00e9lais impartis.<\/li>\n<li>Inspection de la qualit\u00e9 : La production est r\u00e9alis\u00e9e dans le strict respect des normes de qualit\u00e9 et des exigences en mati\u00e8re de s\u00e9curit\u00e9 alimentaire afin de garantir que les produits r\u00e9pondent aux normes.<\/li>\n<li>Certification<strong>\uff1a<\/strong>\u00a0FDA\/BRC\/ISO 9001\/RoHS<\/li>\n<li>Service client\u00e8le : 24 heures sur 24 pour fournir une r\u00e9ponse rapide et un service client\u00e8le attentionn\u00e9.<\/li>\n<li>\u00c9chantillon gratuit : Fournir un service d'\u00e9chantillonnage gratuit pour vous permettre d'\u00e9valuer le produit.<\/li>\n<\/ul>\n<p><strong>Huiyang Packaging<\/strong> s'engage \u00e0 fournir \u00e0 ses clients des sacs \u00e0 pop-corn de qualit\u00e9 alimentaire afin de les aider \u00e0 am\u00e9liorer l'image de leurs produits et \u00e0 renforcer leur comp\u00e9titivit\u00e9 sur le march\u00e9.<\/p>","protected":false},"featured_media":5445,"comment_status":"open","ping_status":"closed","template":"","meta":[],"product_brand":[],"product_cat":[53,57],"product_tag":[],"class_list":{"0":"post-5457","1":"product","2":"type-product","3":"status-publish","4":"has-post-thumbnail","6":"product_cat-packaging-film-supplier","7":"product_cat-snack-packaging-bags-wholesale","9":"first","10":"instock","11":"shipping-taxable","12":"product-type-simple"},"_links":{"self":[{"href":"https:\/\/www.hyflexpack.com\/fr\/wp-json\/wp\/v2\/product\/5457","targetHints":{"allow":["GET"]}}],"collection":[{"href":"https:\/\/www.hyflexpack.com\/fr\/wp-json\/wp\/v2\/product"}],"about":[{"href":"https:\/\/www.hyflexpack.com\/fr\/wp-json\/wp\/v2\/types\/product"}],"replies":[{"embeddable":true,"href":"https:\/\/www.hyflexpack.com\/fr\/wp-json\/wp\/v2\/comments?post=5457"}],"wp:featuredmedia":[{"embeddable":true,"href":"https:\/\/www.hyflexpack.com\/fr\/wp-json\/wp\/v2\/media\/5445"}],"wp:attachment":[{"href":"https:\/\/www.hyflexpack.com\/fr\/wp-json\/wp\/v2\/media?parent=5457"}],"wp:term":[{"taxonomy":"product_brand","embeddable":true,"href":"https:\/\/www.hyflexpack.com\/fr\/wp-json\/wp\/v2\/product_brand?post=5457"},{"taxonomy":"product_cat","embeddable":true,"href":"https:\/\/www.hyflexpack.com\/fr\/wp-json\/wp\/v2\/product_cat?post=5457"},{"taxonomy":"product_tag","embeddable":true,"href":"https:\/\/www.hyflexpack.com\/fr\/wp-json\/wp\/v2\/product_tag?post=5457"}],"curies":[{"name":"wp","href":"https:\/\/api.w.org\/{rel}","templated":true}]}}