{"id":5433,"date":"2024-10-12T09:39:30","date_gmt":"2024-10-12T09:39:30","guid":{"rendered":"https:\/\/www.hyflexpack.com\/?post_type=product&#038;p=5433"},"modified":"2025-03-14T06:59:53","modified_gmt":"2025-03-14T06:59:53","slug":"custom-printed-coffee-bags","status":"publish","type":"product","link":"https:\/\/www.hyflexpack.com\/fr\/product\/custom-printed-coffee-bags\/","title":{"rendered":"OEM Sacs \u00e0 caf\u00e9 imprim\u00e9s sur mesure Sacs en plastique refermables"},"content":{"rendered":"<div class=\"wp-block-columns is-layout-flex wp-container-core-columns-is-layout-9d6595d7 wp-block-columns-is-layout-flex\">\n<div class=\"wp-block-column is-layout-flow wp-block-column-is-layout-flow\">\n<h3 class=\"wp-block-heading\">Caract\u00e9ristiques des sacs \u00e0 caf\u00e9 imprim\u00e9s personnalis\u00e9s de haute qualit\u00e9<\/h3>\n\n\n\n<p><\/p>\n\n\n\n<ul class=\"wp-block-list\">\n<li><strong>Mat\u00e9riau \u00e0 haute barri\u00e8re de qualit\u00e9 alimentaire<\/strong>Les emballages : fabriqu\u00e9s \u00e0 partir de mat\u00e9riaux \u00e0 haute barri\u00e8re de qualit\u00e9 alimentaire, tels que le PET, le PE et le papier d'aluminium, pour garantir la fra\u00eecheur et la s\u00e9curit\u00e9 du caf\u00e9, la r\u00e9sistance \u00e0 l'humidit\u00e9 et \u00e0 l'oxydation, et pour prolonger la dur\u00e9e de conservation.<\/li>\n<\/ul>\n\n\n\n<p><\/p>\n\n\n\n<ul class=\"wp-block-list\">\n<li><strong>Design facile \u00e0 d\u00e9chirer<\/strong>: Les sacs de caf\u00e9 imprim\u00e9s personnalis\u00e9s sont \u00e9quip\u00e9s de la fonction Easy Tear, qui permet aux consommateurs d'ouvrir l'emballage facilement sans outils suppl\u00e9mentaires, ce qui est pratique et rapide.<\/li>\n<\/ul>\n\n\n\n<p><\/p>\n\n\n\n<ul class=\"wp-block-list\">\n<li><strong>Fermeture \u00e0 glissi\u00e8re<\/strong>: La fermeture \u00e0 glissi\u00e8re int\u00e9gr\u00e9e permet de rouvrir et de sceller le sac plusieurs fois, ce qui permet de conserver la fra\u00eecheur du caf\u00e9 et d'emp\u00eacher l'air ext\u00e9rieur de p\u00e9n\u00e9trer dans le sac.<\/li>\n<\/ul>\n\n\n\n<p><\/p>\n\n\n\n<ul class=\"wp-block-list\">\n<li><strong>Conception de la pochette<\/strong>: La structure des sachets sur pied leur permet de se tenir fermement sur les \u00e9tag\u00e8res ou les pr\u00e9sentoirs, ce qui permet de gagner de l'espace et d'am\u00e9liorer la pr\u00e9sentation des produits.<\/li>\n<\/ul>\n\n\n\n<p><\/p>\n\n\n\n<ul class=\"wp-block-list\">\n<li><strong>Approvisionnement en gros<\/strong>: Nous proposons un service de vente en gros afin de r\u00e9pondre \u00e0 la demande d'achats \u00e0 grande \u00e9chelle et d'assurer un approvisionnement stable.<\/li>\n<\/ul>\n<\/div>\n\n\n\n<div class=\"wp-block-column is-layout-flow wp-block-column-is-layout-flow\">\n<figure class=\"wp-block-image size-full\"><img fetchpriority=\"high\" decoding=\"async\" width=\"750\" height=\"750\" src=\"https:\/\/www.hyflexpack.com\/wp-content\/uploads\/2024\/10\/OEM-coffee-packaging-bags1.webp\" alt=\"Sacs d&#039;emballage de caf\u00e9 OEM\" class=\"wp-image-5434\" srcset=\"https:\/\/www.hyflexpack.com\/wp-content\/uploads\/2024\/10\/OEM-coffee-packaging-bags1.webp 750w, https:\/\/www.hyflexpack.com\/wp-content\/uploads\/2024\/10\/OEM-coffee-packaging-bags1-300x300.webp 300w, https:\/\/www.hyflexpack.com\/wp-content\/uploads\/2024\/10\/OEM-coffee-packaging-bags1-150x150.webp 150w, https:\/\/www.hyflexpack.com\/wp-content\/uploads\/2024\/10\/OEM-coffee-packaging-bags1-12x12.webp 12w, https:\/\/www.hyflexpack.com\/wp-content\/uploads\/2024\/10\/OEM-coffee-packaging-bags1-285x285.webp 285w, https:\/\/www.hyflexpack.com\/wp-content\/uploads\/2024\/10\/OEM-coffee-packaging-bags1-270x270.webp 270w, https:\/\/www.hyflexpack.com\/wp-content\/uploads\/2024\/10\/OEM-coffee-packaging-bags1-540x540.webp 540w, https:\/\/www.hyflexpack.com\/wp-content\/uploads\/2024\/10\/OEM-coffee-packaging-bags1-660x660.webp 660w\" sizes=\"(max-width: 750px) 100vw, 750px\" \/><\/figure>\n<\/div>\n<\/div>\n\n\n\n<div class=\"wp-block-columns is-layout-flex wp-container-core-columns-is-layout-9d6595d7 wp-block-columns-is-layout-flex\">\n<div class=\"wp-block-column is-layout-flow wp-block-column-is-layout-flow\">\n<figure class=\"wp-block-embed is-type-video is-provider-youtube wp-block-embed-youtube wp-embed-aspect-16-9 wp-has-aspect-ratio\"><div class=\"wp-block-embed__wrapper\">\n<iframe title=\"emballage personnalis\u00e9 pour le caf\u00e9\" width=\"940\" height=\"529\" src=\"https:\/\/www.youtube.com\/embed\/mcO7TezjD_0?feature=oembed\" frameborder=\"0\" allow=\"accelerometer; autoplay; clipboard-write; encrypted-media; gyroscope; picture-in-picture; web-share\" referrerpolicy=\"strict-origin-when-cross-origin\" allowfullscreen><\/iframe>\n<\/div><\/figure>\n<\/div>\n\n\n\n<div class=\"wp-block-column is-layout-flow wp-block-column-is-layout-flow\"><\/div>\n<\/div>","protected":false},"excerpt":{"rendered":"<p>Les sachets de caf\u00e9 imprim\u00e9s personnalis\u00e9s, refermables et r\u00e9sistants \u00e0 l'humidit\u00e9, avec un design de pochette, sont parfaits pour pr\u00e9server la fra\u00eecheur et accro\u00eetre la notori\u00e9t\u00e9 de la marque. N'h\u00e9sitez pas \u00e0 nous contacter \u00e0 tout moment !<\/p>\n<h3>Avantages du fournisseur de sacs \u00e0 caf\u00e9 imprim\u00e9s sur mesure<\/h3>\n<ul>\n<li><strong>Conception personnalis\u00e9e<\/strong>: Nous fournissons des services personnalis\u00e9s, y compris la personnalisation du mat\u00e9riau, de la taille et du motif d'impression pour r\u00e9pondre aux besoins des clients, et nous prenons en charge les OEM et ODM.<\/li>\n<li><strong>Fabrication<\/strong>: Gr\u00e2ce \u00e0 un \u00e9quipement et \u00e0 une technologie de pointe, nous pouvons r\u00e9aliser la production des commandes de mani\u00e8re efficace et avec une qualit\u00e9 \u00e9lev\u00e9e, et nous pouvons livrer dans les d\u00e9lais.<\/li>\n<li><strong>Inspection de la qualit\u00e9<\/strong>: La production est r\u00e9alis\u00e9e dans le strict respect des normes de qualit\u00e9 et des exigences en mati\u00e8re de s\u00e9curit\u00e9 alimentaire afin de garantir que les produits r\u00e9pondent aux normes.<\/li>\n<li><strong>Service client\u00e8le<\/strong>Le service client\u00e8le est ouvert 24 heures sur 24 afin de fournir une r\u00e9ponse rapide et un service d'assistance attentionn\u00e9.<\/li>\n<li><strong>Certification\uff1a<\/strong>\u00a0FDA\/BRC\/ISO 9001\/RoHS<\/li>\n<li><strong>\u00c9chantillon gratuit<\/strong>: Fournir un service d'\u00e9chantillons gratuits pour vous permettre d'\u00e9valuer les sacs \u00e0 caf\u00e9 imprim\u00e9s.<\/li>\n<\/ul>\n<p>.\u00a0<\/p>","protected":false},"featured_media":5434,"comment_status":"open","ping_status":"closed","template":"","meta":[],"product_brand":[],"product_cat":[55],"product_tag":[],"class_list":{"0":"post-5433","1":"product","2":"type-product","3":"status-publish","4":"has-post-thumbnail","6":"product_cat-custom-coffee-packaging","8":"first","9":"instock","10":"shipping-taxable","11":"product-type-simple"},"_links":{"self":[{"href":"https:\/\/www.hyflexpack.com\/fr\/wp-json\/wp\/v2\/product\/5433","targetHints":{"allow":["GET"]}}],"collection":[{"href":"https:\/\/www.hyflexpack.com\/fr\/wp-json\/wp\/v2\/product"}],"about":[{"href":"https:\/\/www.hyflexpack.com\/fr\/wp-json\/wp\/v2\/types\/product"}],"replies":[{"embeddable":true,"href":"https:\/\/www.hyflexpack.com\/fr\/wp-json\/wp\/v2\/comments?post=5433"}],"wp:featuredmedia":[{"embeddable":true,"href":"https:\/\/www.hyflexpack.com\/fr\/wp-json\/wp\/v2\/media\/5434"}],"wp:attachment":[{"href":"https:\/\/www.hyflexpack.com\/fr\/wp-json\/wp\/v2\/media?parent=5433"}],"wp:term":[{"taxonomy":"product_brand","embeddable":true,"href":"https:\/\/www.hyflexpack.com\/fr\/wp-json\/wp\/v2\/product_brand?post=5433"},{"taxonomy":"product_cat","embeddable":true,"href":"https:\/\/www.hyflexpack.com\/fr\/wp-json\/wp\/v2\/product_cat?post=5433"},{"taxonomy":"product_tag","embeddable":true,"href":"https:\/\/www.hyflexpack.com\/fr\/wp-json\/wp\/v2\/product_tag?post=5433"}],"curies":[{"name":"wp","href":"https:\/\/api.w.org\/{rel}","templated":true}]}}