{"id":5408,"date":"2024-09-28T07:11:11","date_gmt":"2024-09-28T07:11:11","guid":{"rendered":"https:\/\/www.hyflexpack.com\/?post_type=product&#038;p=5408"},"modified":"2024-09-28T07:11:13","modified_gmt":"2024-09-28T07:11:13","slug":"custom-laundry-detergent-packaging","status":"publish","type":"product","link":"https:\/\/www.hyflexpack.com\/fr\/product\/custom-laundry-detergent-packaging\/","title":{"rendered":"Emballage de d\u00e9tergent \u00e0 lessive personnalis\u00e9 Pochette \u00e0 haute barri\u00e8re avec logo imprim\u00e9 et fermeture \u00e0 glissi\u00e8re"},"content":{"rendered":"<div class=\"wp-block-columns is-layout-flex wp-container-core-columns-is-layout-9d6595d7 wp-block-columns-is-layout-flex\">\n<div class=\"wp-block-column is-layout-flow wp-block-column-is-layout-flow\">\n<h3 class=\"wp-block-heading\">Caract\u00e9ristiques de l'emballage des d\u00e9tergents de premi\u00e8re qualit\u00e9<\/h3>\n\n\n\n<ul class=\"wp-block-list\">\n<li><strong>Performance de la barri\u00e8re haute<\/strong>: Les sachets \u00e0 fond plat sont fabriqu\u00e9s \u00e0 partir de plusieurs couches de films barri\u00e8res de haute qualit\u00e9. Ces films sont lamin\u00e9s ensemble pour assurer la protection du produit \u00e0 l'int\u00e9rieur du sac d'emballage de d\u00e9tergent \u00e0 lessive contre les fuites, les dommages ou l'exposition aux \u00e9l\u00e9ments.<\/li>\n<\/ul>\n\n\n\n<p><\/p>\n\n\n\n<ul class=\"wp-block-list\">\n<li><span style=\"box-sizing: border-box; margin: 0px; padding: 0px;\"><strong>Conception de stand-up<\/strong>: La face avant de la pochette \u00e0 rabat offre beaucoup d'espace pour les logos et les \u00e9tiquettes,<\/span> ou des impressions personnalis\u00e9es. Il peut \u00e9galement \u00eatre personnalis\u00e9 avec des couleurs et des caract\u00e9ristiques de surface douces au toucher pour une sensation vraiment haut de gamme.<\/li>\n<\/ul>\n\n\n\n<p><\/p>\n\n\n\n<ul class=\"wp-block-list\">\n<li><strong>Fermeture \u00e0 glissi\u00e8re pratique<\/strong>: Les sacs de lessive sont dot\u00e9s d'une fermeture \u00e0 glissi\u00e8re refermable pour faciliter leur utilisation et conserver la fra\u00eecheur de leur contenu.<\/li>\n<\/ul>\n\n\n\n<p><\/p>\n\n\n\n<ul class=\"wp-block-list\">\n<li><strong>Options respectueuses de l'environnement<\/strong>: Les sacs en plastique sont plus durables que les bo\u00eetes en plastique ordinaires, et Huiyang Packaging propose des mat\u00e9riaux durables : Huiyang Packaging propose des mat\u00e9riaux durables : film BOPE (poly\u00e9thyl\u00e8ne bi-orient\u00e9) et mat\u00e9riaux compostables. Huiyang Packaging r\u00e9pond aux normes environnementales et attire les consommateurs soucieux de l'environnement.<\/li>\n<\/ul>\n\n\n\n<p><\/p>\n\n\n\n<ul class=\"wp-block-list\">\n<li><strong>Options de capacit\u00e9 multiple<\/strong>: Les emballages de d\u00e9tergents sont disponibles dans une grande vari\u00e9t\u00e9 de tailles et de capacit\u00e9s pour r\u00e9pondre aux diff\u00e9rents besoins des m\u00e9nages et du march\u00e9.<\/li>\n<\/ul>\n<\/div>\n\n\n\n<div class=\"wp-block-column is-layout-flow wp-block-column-is-layout-flow\">\n<figure class=\"wp-block-image size-full\"><img fetchpriority=\"high\" decoding=\"async\" width=\"750\" height=\"750\" src=\"https:\/\/www.hyflexpack.com\/wp-content\/uploads\/2024\/09\/custom-washing-powder-packaging\uff081\uff09.webp\" alt=\"Emballage personnalis\u00e9 pour les d\u00e9tergents \u00e0 lessive\" class=\"wp-image-5409\" srcset=\"https:\/\/www.hyflexpack.com\/wp-content\/uploads\/2024\/09\/custom-washing-powder-packaging\uff081\uff09.webp 750w, https:\/\/www.hyflexpack.com\/wp-content\/uploads\/2024\/09\/custom-washing-powder-packaging\uff081\uff09-300x300.webp 300w, https:\/\/www.hyflexpack.com\/wp-content\/uploads\/2024\/09\/custom-washing-powder-packaging\uff081\uff09-150x150.webp 150w, https:\/\/www.hyflexpack.com\/wp-content\/uploads\/2024\/09\/custom-washing-powder-packaging\uff081\uff09-12x12.webp 12w, https:\/\/www.hyflexpack.com\/wp-content\/uploads\/2024\/09\/custom-washing-powder-packaging\uff081\uff09-285x285.webp 285w, https:\/\/www.hyflexpack.com\/wp-content\/uploads\/2024\/09\/custom-washing-powder-packaging\uff081\uff09-270x270.webp 270w, https:\/\/www.hyflexpack.com\/wp-content\/uploads\/2024\/09\/custom-washing-powder-packaging\uff081\uff09-540x540.webp 540w, https:\/\/www.hyflexpack.com\/wp-content\/uploads\/2024\/09\/custom-washing-powder-packaging\uff081\uff09-660x660.webp 660w\" sizes=\"(max-width: 750px) 100vw, 750px\" \/><\/figure>\n<\/div>\n<\/div>\n\n\n\n<p><\/p>","protected":false},"excerpt":{"rendered":"<p>Les sachets \u00e0 fond plat pour l'emballage des d\u00e9tergents sont tr\u00e8s appr\u00e9ci\u00e9s pour leur facilit\u00e9 d'utilisation, l'absence de fuites et leur co\u00fbt unitaire. Nos options de sachets, y compris les sachets \u00e0 buse, les sachets plats et les rouleaux, vous int\u00e9ressent donc pour la gamme d'emballages de d\u00e9tergents pour la lessive de <a href=\"https:\/\/www.hyflexpack.com\/fr\/\"><strong>Huiyang Packaging<\/strong><\/a> mais vous souhaitez en savoir plus ? Notre service client\u00e8le est \u00e0 votre disposition pour r\u00e9pondre \u00e0 toutes vos questions.<\/p>\n<h3>Avantages d'un fournisseur d'emballages de d\u00e9tergents \u00e0 lessive<\/h3>\n<ul>\n<li><strong>Conception personnalis\u00e9e<\/strong>: Fournir des solutions de conception personnalis\u00e9es, prendre en charge OEM\/ODM, personnaliser avec diff\u00e9rentes sp\u00e9cifications, tailles, motifs d'impression, etc.<\/li>\n<li><strong>Assurance qualit\u00e9<\/strong>: Contr\u00f4ler le processus de production, disposer de mat\u00e9riaux de haute qualit\u00e9 et d'\u00e9quipements avanc\u00e9s pour garantir la qualit\u00e9 des produits.<\/li>\n<li><strong>Livraison dans les d\u00e9lais<\/strong>: Optimiser le processus de production et am\u00e9liorer l'efficacit\u00e9 de la production afin de garantir une livraison dans les d\u00e9lais et de r\u00e9pondre aux besoins urgents des clients.<\/li>\n<li><strong>Support technique professionnel<\/strong>: L'\u00e9quipe technique exp\u00e9riment\u00e9e fournit une assistance technique professionnelle et un service de conseil apr\u00e8s-vente 24 heures sur 24.<\/li>\n<li><strong>\u00c9chantillon gratuit<\/strong>: Fournir un service d'\u00e9chantillonnage gratuit pour vous permettre d'\u00e9valuer les produits.<\/li>\n<\/ul>","protected":false},"featured_media":5409,"comment_status":"open","ping_status":"closed","template":"","meta":[],"product_brand":[],"product_cat":[52],"product_tag":[],"class_list":{"0":"post-5408","1":"product","2":"type-product","3":"status-publish","4":"has-post-thumbnail","6":"product_cat-custom-daily-chemical-packaging","8":"first","9":"instock","10":"shipping-taxable","11":"product-type-simple"},"_links":{"self":[{"href":"https:\/\/www.hyflexpack.com\/fr\/wp-json\/wp\/v2\/product\/5408","targetHints":{"allow":["GET"]}}],"collection":[{"href":"https:\/\/www.hyflexpack.com\/fr\/wp-json\/wp\/v2\/product"}],"about":[{"href":"https:\/\/www.hyflexpack.com\/fr\/wp-json\/wp\/v2\/types\/product"}],"replies":[{"embeddable":true,"href":"https:\/\/www.hyflexpack.com\/fr\/wp-json\/wp\/v2\/comments?post=5408"}],"wp:featuredmedia":[{"embeddable":true,"href":"https:\/\/www.hyflexpack.com\/fr\/wp-json\/wp\/v2\/media\/5409"}],"wp:attachment":[{"href":"https:\/\/www.hyflexpack.com\/fr\/wp-json\/wp\/v2\/media?parent=5408"}],"wp:term":[{"taxonomy":"product_brand","embeddable":true,"href":"https:\/\/www.hyflexpack.com\/fr\/wp-json\/wp\/v2\/product_brand?post=5408"},{"taxonomy":"product_cat","embeddable":true,"href":"https:\/\/www.hyflexpack.com\/fr\/wp-json\/wp\/v2\/product_cat?post=5408"},{"taxonomy":"product_tag","embeddable":true,"href":"https:\/\/www.hyflexpack.com\/fr\/wp-json\/wp\/v2\/product_tag?post=5408"}],"curies":[{"name":"wp","href":"https:\/\/api.w.org\/{rel}","templated":true}]}}