{"id":5403,"date":"2024-09-28T03:41:43","date_gmt":"2024-09-28T03:41:43","guid":{"rendered":"https:\/\/www.hyflexpack.com\/?post_type=product&#038;p=5403"},"modified":"2025-11-04T09:12:14","modified_gmt":"2025-11-04T09:12:14","slug":"wholesale-fruit-juice-packaging-bags","status":"publish","type":"product","link":"https:\/\/www.hyflexpack.com\/fr\/product\/wholesale-fruit-juice-packaging-bags\/","title":{"rendered":"Emballage de jus de fruits en gros Poche \u00e0 bec en aluminium Poche alimentaire debout"},"content":{"rendered":"<div class=\"wp-block-columns is-layout-flex wp-container-core-columns-is-layout-9d6595d7 wp-block-columns-is-layout-flex\">\n<div class=\"wp-block-column is-layout-flow wp-block-column-is-layout-flow\">\n<h3 class=\"wp-block-heading\">Caract\u00e9ristiques du sac d'emballage de jus de fruits de haute qualit\u00e9<\/h3>\n\n\n\n<ul class=\"wp-block-list\">\n<li><strong>Mat\u00e9riau en aluminium de premi\u00e8re qualit\u00e9 : Le <\/strong>Le sac d'emballage pour jus de fruits est fabriqu\u00e9 \u00e0 partir d'une feuille d'aluminium de haute qualit\u00e9 avec une \u00e9paisseur de 1,5 mm.<strong> <\/strong>barri\u00e8re \u00e9lev\u00e9e \u00e0 l'humidit\u00e9 et \u00e0 la lumi\u00e8re avec des poches de jus \u00e0 haute r\u00e9sistance \u00e0 la perforation pour garantir que le jus frais peut \u00eatre emball\u00e9 pendant longtemps.<\/li>\n<\/ul>\n\n\n\n<p><\/p>\n\n\n\n<ul class=\"wp-block-list\">\n<li><strong>Pochette en aluminium avec bec verseur<\/strong>: L'emballage des jus de fruits est dot\u00e9 d'un embout facile \u00e0 ouvrir, d'un bec refermable et d'un dispositif de refermeture pour les enfants et les familles.<\/li>\n<\/ul>\n\n\n\n<p><\/p>\n\n\n\n<ul class=\"wp-block-list\">\n<li><strong>Conception de stand-up<\/strong>: Conception unique du fond, facile \u00e0 pr\u00e9senter et \u00e0 ranger, permettant d'\u00e9conomiser de l'espace de stockage.<\/li>\n<\/ul>\n\n\n\n<p><\/p>\n\n\n\n<ul class=\"wp-block-list\">\n<li><strong>Finition de la surface<\/strong>: Impression mate, brillante ou partiellement UV, en quadrichromie, jusqu'\u00e0 10 couleurs.<\/li>\n<\/ul>\n\n\n\n<p><\/p>\n\n\n\n<ul class=\"wp-block-list\">\n<li><strong>L\u00e9ger et portable<\/strong>: Conception l\u00e9g\u00e8re, l\u00e9g\u00e8re et facile \u00e0 transporter, parfaite pour une utilisation en d\u00e9placement.<\/li>\n<\/ul>\n\n\n\n<p><\/p>\n\n\n\n<ul class=\"wp-block-list\">\n<li><strong>Mat\u00e9riaux respectueux de l'environnement<\/strong>: Les mat\u00e9riaux recyclables peuvent \u00eatre utilis\u00e9s pour r\u00e9pondre aux exigences environnementales et attirer les consommateurs soucieux de l'environnement.<\/li>\n<\/ul>\n<\/div>\n\n\n\n<div class=\"wp-block-column is-layout-flow wp-block-column-is-layout-flow\">\n<figure class=\"wp-block-image size-full\"><img fetchpriority=\"high\" decoding=\"async\" width=\"750\" height=\"750\" src=\"https:\/\/www.hyflexpack.com\/wp-content\/uploads\/2024\/09\/Manufacturers-Juice-Packaging\uff081\uff09.webp\" alt=\"Emballage de jus de fruits en gros Poche \u00e0 bec en aluminium\" class=\"wp-image-5404\" srcset=\"https:\/\/www.hyflexpack.com\/wp-content\/uploads\/2024\/09\/Manufacturers-Juice-Packaging\uff081\uff09.webp 750w, https:\/\/www.hyflexpack.com\/wp-content\/uploads\/2024\/09\/Manufacturers-Juice-Packaging\uff081\uff09-300x300.webp 300w, https:\/\/www.hyflexpack.com\/wp-content\/uploads\/2024\/09\/Manufacturers-Juice-Packaging\uff081\uff09-150x150.webp 150w, https:\/\/www.hyflexpack.com\/wp-content\/uploads\/2024\/09\/Manufacturers-Juice-Packaging\uff081\uff09-12x12.webp 12w, https:\/\/www.hyflexpack.com\/wp-content\/uploads\/2024\/09\/Manufacturers-Juice-Packaging\uff081\uff09-285x285.webp 285w, https:\/\/www.hyflexpack.com\/wp-content\/uploads\/2024\/09\/Manufacturers-Juice-Packaging\uff081\uff09-270x270.webp 270w, https:\/\/www.hyflexpack.com\/wp-content\/uploads\/2024\/09\/Manufacturers-Juice-Packaging\uff081\uff09-540x540.webp 540w, https:\/\/www.hyflexpack.com\/wp-content\/uploads\/2024\/09\/Manufacturers-Juice-Packaging\uff081\uff09-660x660.webp 660w\" sizes=\"(max-width: 750px) 100vw, 750px\" \/><\/figure>\n<\/div>\n<\/div>\n\n\n\n<p><\/p>","protected":false},"excerpt":{"rendered":"<p>Nos sacs d'emballage de jus de fruits \u00e0 haute r\u00e9sistance \u00e0 la perforation sont fabriqu\u00e9s \u00e0 partir de mat\u00e9riaux alimentaires \u00e0 haute barri\u00e8re d'oxyg\u00e8ne. Huiyang Packaging propose des sachets de jus de fruits de haute qualit\u00e9 avec un d\u00e9lai de livraison court \u00e0 un prix comp\u00e9titif. Diverses formes et conceptions sont disponibles. Les conceptions, formes et logos personnalis\u00e9s sont accept\u00e9s. N'h\u00e9sitez pas \u00e0 nous contacter pour passer commande.<\/p>\n<h3>Avantages du fournisseur d'emballages pour jus de fruits<\/h3>\n<p>\u25cf Conception personnalis\u00e9e : Nous fournissons des services personnalis\u00e9s pour les sacs d'emballage de jus, y compris la personnalisation du mat\u00e9riau, de la taille et du motif d'impression pour r\u00e9pondre aux besoins des clients, et nous prenons en charge les OEM et ODM.<\/p>\n<p>\u25cfFabrication : Gr\u00e2ce \u00e0 un \u00e9quipement et \u00e0 une technologie de pointe, nous pouvons r\u00e9aliser la production des commandes de mani\u00e8re efficace et avec une qualit\u00e9 \u00e9lev\u00e9e, et nous pouvons livrer dans les d\u00e9lais.<\/p>\n<p>\u25cf L'inspection de la qualit\u00e9 : La production est r\u00e9alis\u00e9e dans le strict respect des normes de qualit\u00e9 et des exigences en mati\u00e8re de s\u00e9curit\u00e9 alimentaire afin de garantir que les produits r\u00e9pondent aux normes.<\/p>\n<p>\u25cfService client\u00e8le : 24 heures pour fournir une r\u00e9ponse rapide et un soutien attentionn\u00e9 au service client\u00e8le.<\/p>\n<p>\u25cf \u00c9chantillon gratuit : Un service d'\u00e9chantillonnage gratuit est fourni pour vous permettre d'\u00e9valuer le produit.\u00a0<\/p>","protected":false},"featured_media":5404,"comment_status":"open","ping_status":"closed","template":"","meta":[],"product_brand":[],"product_cat":[51,103],"product_tag":[],"class_list":{"0":"post-5403","1":"product","2":"type-product","3":"status-publish","4":"has-post-thumbnail","6":"product_cat-custom-food-packaging-bags","7":"product_cat-beverage-packaging-bags-supplier","9":"first","10":"instock","11":"shipping-taxable","12":"product-type-simple"},"_links":{"self":[{"href":"https:\/\/www.hyflexpack.com\/fr\/wp-json\/wp\/v2\/product\/5403","targetHints":{"allow":["GET"]}}],"collection":[{"href":"https:\/\/www.hyflexpack.com\/fr\/wp-json\/wp\/v2\/product"}],"about":[{"href":"https:\/\/www.hyflexpack.com\/fr\/wp-json\/wp\/v2\/types\/product"}],"replies":[{"embeddable":true,"href":"https:\/\/www.hyflexpack.com\/fr\/wp-json\/wp\/v2\/comments?post=5403"}],"wp:featuredmedia":[{"embeddable":true,"href":"https:\/\/www.hyflexpack.com\/fr\/wp-json\/wp\/v2\/media\/5404"}],"wp:attachment":[{"href":"https:\/\/www.hyflexpack.com\/fr\/wp-json\/wp\/v2\/media?parent=5403"}],"wp:term":[{"taxonomy":"product_brand","embeddable":true,"href":"https:\/\/www.hyflexpack.com\/fr\/wp-json\/wp\/v2\/product_brand?post=5403"},{"taxonomy":"product_cat","embeddable":true,"href":"https:\/\/www.hyflexpack.com\/fr\/wp-json\/wp\/v2\/product_cat?post=5403"},{"taxonomy":"product_tag","embeddable":true,"href":"https:\/\/www.hyflexpack.com\/fr\/wp-json\/wp\/v2\/product_tag?post=5403"}],"curies":[{"name":"wp","href":"https:\/\/api.w.org\/{rel}","templated":true}]}}