{"id":5385,"date":"2024-09-28T02:45:53","date_gmt":"2024-09-28T02:45:53","guid":{"rendered":"https:\/\/www.hyflexpack.com\/?post_type=product&#038;p=5385"},"modified":"2025-10-23T08:56:57","modified_gmt":"2025-10-23T08:56:57","slug":"wholesale-beef-jerky-packaging-bags","status":"publish","type":"product","link":"https:\/\/www.hyflexpack.com\/fr\/product\/wholesale-beef-jerky-packaging-bags\/","title":{"rendered":"Sacs d'emballage en gros pour le b\u0153uf s\u00e9ch\u00e9 Sacs Mylar imprim\u00e9s sur mesure"},"content":{"rendered":"<div class=\"wp-block-columns is-layout-flex wp-container-core-columns-is-layout-9d6595d7 wp-block-columns-is-layout-flex\">\n<div class=\"wp-block-column is-layout-flow wp-block-column-is-layout-flow\">\n<h3 class=\"wp-block-heading\">Caract\u00e9ristiques des sacs d'emballage Premium Beef Jerky<\/h3>\n\n\n\n<ul class=\"wp-block-list\">\n<li><strong>Mat\u00e9riau de haute qualit\u00e9<\/strong>: Un film \u00e0 haute barri\u00e8re de qualit\u00e9 alimentaire est s\u00e9lectionn\u00e9, con\u00e7u pour conserver la fra\u00eecheur du b\u0153uf s\u00e9ch\u00e9 tout en emp\u00eachant l'oxyg\u00e8ne, l'humidit\u00e9 et les odeurs de p\u00e9n\u00e9trer.<\/li>\n<\/ul>\n\n\n\n<p><\/p>\n\n\n\n<ul class=\"wp-block-list\">\n<li><strong>Fen\u00eatre transparente<\/strong>: Les sachets de viande s\u00e9ch\u00e9e sont dot\u00e9s d'une fen\u00eatre transparente ou nuageuse permettant de visualiser le contenu int\u00e9rieur.<\/li>\n<\/ul>\n\n\n\n<p><\/p>\n\n\n\n<ul class=\"wp-block-list\">\n<li><strong>Encoche de d\u00e9chirure facile<\/strong>: Permet d'ouvrir facilement les sacs d'emballage de viande s\u00e9ch\u00e9e et garantit une d\u00e9chirure nette.<\/li>\n<\/ul>\n\n\n\n<p><\/p>\n\n\n\n<ul class=\"wp-block-list\">\n<li><strong>Attrayante<\/strong>: La conception d'une apparence \u00e0 la mode renforce l'image de la marque et favorise le marketing.<\/li>\n<\/ul>\n\n\n\n<p><\/p>\n\n\n\n<ul class=\"wp-block-list\">\n<li><strong>Impression personnalis\u00e9e<\/strong>: attire l'attention sur des images ou des textes sp\u00e9cifiques sur l'emballage pour donner un aspect haut de gamme.<\/li>\n<\/ul>\n\n\n\n<p><\/p>\n\n\n\n<ul class=\"wp-block-list\">\n<li><strong>Options \u00e9cologiques<\/strong>: Des options de mat\u00e9riaux biod\u00e9gradables sont disponibles, en accord avec les tendances durables et pour attirer les consommateurs soucieux de l'environnement.<\/li>\n<\/ul>\n<\/div>\n\n\n\n<div class=\"wp-block-column is-layout-flow wp-block-column-is-layout-flow\">\n<figure class=\"wp-block-image size-full\"><img fetchpriority=\"high\" decoding=\"async\" width=\"750\" height=\"750\" src=\"https:\/\/www.hyflexpack.com\/wp-content\/uploads\/2024\/09\/Manufacturer-Beef-Jerky-Packaging-Bags\uff087\uff09.webp\" alt=\"Sacs d&#039;emballage en gros pour le b\u0153uf s\u00e9ch\u00e9\" class=\"wp-image-5392\" srcset=\"https:\/\/www.hyflexpack.com\/wp-content\/uploads\/2024\/09\/Manufacturer-Beef-Jerky-Packaging-Bags\uff087\uff09.webp 750w, https:\/\/www.hyflexpack.com\/wp-content\/uploads\/2024\/09\/Manufacturer-Beef-Jerky-Packaging-Bags\uff087\uff09-300x300.webp 300w, https:\/\/www.hyflexpack.com\/wp-content\/uploads\/2024\/09\/Manufacturer-Beef-Jerky-Packaging-Bags\uff087\uff09-150x150.webp 150w, https:\/\/www.hyflexpack.com\/wp-content\/uploads\/2024\/09\/Manufacturer-Beef-Jerky-Packaging-Bags\uff087\uff09-12x12.webp 12w, https:\/\/www.hyflexpack.com\/wp-content\/uploads\/2024\/09\/Manufacturer-Beef-Jerky-Packaging-Bags\uff087\uff09-285x285.webp 285w, https:\/\/www.hyflexpack.com\/wp-content\/uploads\/2024\/09\/Manufacturer-Beef-Jerky-Packaging-Bags\uff087\uff09-270x270.webp 270w, https:\/\/www.hyflexpack.com\/wp-content\/uploads\/2024\/09\/Manufacturer-Beef-Jerky-Packaging-Bags\uff087\uff09-540x540.webp 540w, https:\/\/www.hyflexpack.com\/wp-content\/uploads\/2024\/09\/Manufacturer-Beef-Jerky-Packaging-Bags\uff087\uff09-660x660.webp 660w\" sizes=\"(max-width: 750px) 100vw, 750px\" \/><\/figure>\n<\/div>\n<\/div>\n\n\n\n<p><\/p>","protected":false},"excerpt":{"rendered":"<p>Nous proposons diff\u00e9rentes options d'emballage pour le b\u0153uf s\u00e9ch\u00e9, notamment des sachets debout, des sachets plats et des rouleaux. L'utilisation de mat\u00e9riaux \u00e0 haute barri\u00e8re garantit la fra\u00eecheur de la viande s\u00e9ch\u00e9e, tandis que nous fournissons des solutions d'emballage flexibles exceptionnelles pour toutes les entreprises \u00e0 des prix d'usine \u00e9tonnants.<\/p>\n<h3>Avantages d'un fournisseur d'emballage pour le b\u0153uf s\u00e9ch\u00e9<\/h3>\n<ul>\n<li>Service personnalis\u00e9 : Fournir un service personnalis\u00e9 complet, adapter la taille, l'impression et le mat\u00e9riau en fonction des besoins du client.<\/li>\n<li>Livraison rapide : Processus de production efficace et gestion de la cha\u00eene d'approvisionnement pour garantir la livraison des commandes en temps voulu afin de r\u00e9pondre aux besoins urgents des clients.<\/li>\n<li>Assurance de la qualit\u00e9 : Un syst\u00e8me strict de contr\u00f4le de la qualit\u00e9 garantit que chaque produit r\u00e9pond aux exigences et aux normes des clients.<\/li>\n<li>Rentabilit\u00e9 : Fournir des prix comp\u00e9titifs et r\u00e9duire les co\u00fbts d'achat des clients en optimisant les processus de production et la gestion des co\u00fbts.<\/li>\n<li>\u00c9chantillon gratuit : Nous proposons un service d'\u00e9chantillonnage gratuit pour \u00e9valuer vos produits.<\/li>\n<\/ul>\n<p><a href=\"https:\/\/www.hyflexpack.com\/fr\/\"><strong>Huiyang Packaging<\/strong><\/a> utilise les derni\u00e8res recherches et une technologie de pointe pour d\u00e9velopper des films d'emballage, et vous pouvez \u00eatre s\u00fbr que vous b\u00e9n\u00e9ficierez d'une qualit\u00e9 de produit sup\u00e9rieure con\u00e7ue pour am\u00e9liorer vos chances sur le march\u00e9 avec nos sacs d'emballage pour le b\u0153uf s\u00e9ch\u00e9.<\/p>\n<p>&nbsp;<\/p>","protected":false},"featured_media":5392,"comment_status":"open","ping_status":"closed","template":"","meta":[],"product_brand":[],"product_cat":[57],"product_tag":[],"class_list":{"0":"post-5385","1":"product","2":"type-product","3":"status-publish","4":"has-post-thumbnail","6":"product_cat-snack-packaging-bags-wholesale","8":"first","9":"instock","10":"shipping-taxable","11":"product-type-simple"},"_links":{"self":[{"href":"https:\/\/www.hyflexpack.com\/fr\/wp-json\/wp\/v2\/product\/5385","targetHints":{"allow":["GET"]}}],"collection":[{"href":"https:\/\/www.hyflexpack.com\/fr\/wp-json\/wp\/v2\/product"}],"about":[{"href":"https:\/\/www.hyflexpack.com\/fr\/wp-json\/wp\/v2\/types\/product"}],"replies":[{"embeddable":true,"href":"https:\/\/www.hyflexpack.com\/fr\/wp-json\/wp\/v2\/comments?post=5385"}],"wp:featuredmedia":[{"embeddable":true,"href":"https:\/\/www.hyflexpack.com\/fr\/wp-json\/wp\/v2\/media\/5392"}],"wp:attachment":[{"href":"https:\/\/www.hyflexpack.com\/fr\/wp-json\/wp\/v2\/media?parent=5385"}],"wp:term":[{"taxonomy":"product_brand","embeddable":true,"href":"https:\/\/www.hyflexpack.com\/fr\/wp-json\/wp\/v2\/product_brand?post=5385"},{"taxonomy":"product_cat","embeddable":true,"href":"https:\/\/www.hyflexpack.com\/fr\/wp-json\/wp\/v2\/product_cat?post=5385"},{"taxonomy":"product_tag","embeddable":true,"href":"https:\/\/www.hyflexpack.com\/fr\/wp-json\/wp\/v2\/product_tag?post=5385"}],"curies":[{"name":"wp","href":"https:\/\/api.w.org\/{rel}","templated":true}]}}