{"id":5364,"date":"2024-09-22T18:06:38","date_gmt":"2024-09-22T18:06:38","guid":{"rendered":"https:\/\/www.hyflexpack.com\/?post_type=product&#038;p=5364"},"modified":"2025-10-23T08:57:10","modified_gmt":"2025-10-23T08:57:10","slug":"wholesale-chips-packaging-bags","status":"publish","type":"product","link":"https:\/\/www.hyflexpack.com\/fr\/product\/wholesale-chips-packaging-bags\/","title":{"rendered":"Sacs d'emballage de chips en gros Pochette debout Emballage de chips aux crevettes Fabricant d'emballage"},"content":{"rendered":"<div class=\"wp-block-columns is-layout-flex wp-container-core-columns-is-layout-9d6595d7 wp-block-columns-is-layout-flex\">\n<div class=\"wp-block-column is-layout-flow wp-block-column-is-layout-flow\">\n<h3 class=\"wp-block-heading\">Features of High Quality Chips Packaging Bags<\/h3>\n\n\n\n<ul class=\"wp-block-list\">\n<li>Premium Eco-friendly Material: use high quality eco-friendly material that is food grade to ensure the shrimp chips packaging bags are barrier and dry.<\/li>\n<\/ul>\n\n\n\n<p><\/p>\n\n\n\n<ul class=\"wp-block-list\">\n<li>Standing Packaging: Adopting a unique standing design, it is easy to display in various showrooms and other events to attract consumers&#8217; attention.<\/li>\n<\/ul>\n\n\n\n<p><\/p>\n\n\n\n<ul class=\"wp-block-list\">\n<li>Strong Sealing: Excellent sealing performance against moisture and oxidation to maintain crispness and flavor.<\/li>\n<\/ul>\n\n\n\n<p><\/p>\n\n\n\n<ul class=\"wp-block-list\">\n<li>Lightweight and Easy to Carry: Suitable for retailing and carrying on the go, meeting the needs of modern consumers.<\/li>\n<\/ul>\n<\/div>\n\n\n\n<div class=\"wp-block-column is-layout-flow wp-block-column-is-layout-flow\">\n<figure class=\"wp-block-image size-full\"><img fetchpriority=\"high\" decoding=\"async\" width=\"750\" height=\"750\" src=\"https:\/\/www.hyflexpack.com\/wp-content\/uploads\/2024\/09\/Wholesaler-Chips-Packaging-Bags1.webp\" alt=\"Grossiste Chips Sacs d&#039;emballage\" class=\"wp-image-5349\" srcset=\"https:\/\/www.hyflexpack.com\/wp-content\/uploads\/2024\/09\/Wholesaler-Chips-Packaging-Bags1.webp 750w, https:\/\/www.hyflexpack.com\/wp-content\/uploads\/2024\/09\/Wholesaler-Chips-Packaging-Bags1-300x300.webp 300w, https:\/\/www.hyflexpack.com\/wp-content\/uploads\/2024\/09\/Wholesaler-Chips-Packaging-Bags1-150x150.webp 150w, https:\/\/www.hyflexpack.com\/wp-content\/uploads\/2024\/09\/Wholesaler-Chips-Packaging-Bags1-12x12.webp 12w, https:\/\/www.hyflexpack.com\/wp-content\/uploads\/2024\/09\/Wholesaler-Chips-Packaging-Bags1-285x285.webp 285w, https:\/\/www.hyflexpack.com\/wp-content\/uploads\/2024\/09\/Wholesaler-Chips-Packaging-Bags1-270x270.webp 270w, https:\/\/www.hyflexpack.com\/wp-content\/uploads\/2024\/09\/Wholesaler-Chips-Packaging-Bags1-540x540.webp 540w, https:\/\/www.hyflexpack.com\/wp-content\/uploads\/2024\/09\/Wholesaler-Chips-Packaging-Bags1-660x660.webp 660w\" sizes=\"(max-width: 750px) 100vw, 750px\" \/><\/figure>\n<\/div>\n<\/div>\n\n\n\n<p><\/p>","protected":false},"excerpt":{"rendered":"<p>Discover wholesale shrimp chips packaging bags, we ensure environmentally friendly materials, and sealing performance as well as our packaging design is aesthetically pleasing and practical, protects product freshness, and adds a competitive edge to your brand.<\/p>\n<p>\u25cf<strong>Conception personnalis\u00e9e<\/strong>: We provide customized services for chips packaging bags, including material, size, and printing pattern customization to meet customer needs, and support OEM and ODM.<\/p>\n<p>\u25cf<strong>Fabrication<\/strong>: Gr\u00e2ce \u00e0 un \u00e9quipement et \u00e0 une technologie de pointe, nous pouvons r\u00e9aliser la production des commandes de mani\u00e8re efficace et avec une qualit\u00e9 \u00e9lev\u00e9e, et nous pouvons livrer dans les d\u00e9lais.<\/p>\n<p>\u25cf<strong>Contr\u00f4le de la qualit\u00e9<\/strong>: Production is carried out strictly with quality standards and food safety requirements to ensure that the products meet the standards.<\/p>\n<p>\u25cf<strong>Customer service<\/strong>Le service client\u00e8le est ouvert 24 heures sur 24 afin de fournir une r\u00e9ponse rapide et un service d'assistance attentionn\u00e9.<\/p>\n<p>\u25cf<strong>\u00c9chantillon gratuit<\/strong>: Provide a free sample service to evaluate the product. Huiyang Packaging is committed to providing customers with high-quality chips packaging bags to help customers improve their product image and enhance their market competitiveness.<\/p>","protected":false},"featured_media":5349,"comment_status":"open","ping_status":"closed","template":"","meta":[],"product_brand":[],"product_cat":[57],"product_tag":[],"class_list":{"0":"post-5364","1":"product","2":"type-product","3":"status-publish","4":"has-post-thumbnail","6":"product_cat-snack-packaging-bags-wholesale","8":"first","9":"instock","10":"shipping-taxable","11":"product-type-simple"},"_links":{"self":[{"href":"https:\/\/www.hyflexpack.com\/fr\/wp-json\/wp\/v2\/product\/5364","targetHints":{"allow":["GET"]}}],"collection":[{"href":"https:\/\/www.hyflexpack.com\/fr\/wp-json\/wp\/v2\/product"}],"about":[{"href":"https:\/\/www.hyflexpack.com\/fr\/wp-json\/wp\/v2\/types\/product"}],"replies":[{"embeddable":true,"href":"https:\/\/www.hyflexpack.com\/fr\/wp-json\/wp\/v2\/comments?post=5364"}],"wp:featuredmedia":[{"embeddable":true,"href":"https:\/\/www.hyflexpack.com\/fr\/wp-json\/wp\/v2\/media\/5349"}],"wp:attachment":[{"href":"https:\/\/www.hyflexpack.com\/fr\/wp-json\/wp\/v2\/media?parent=5364"}],"wp:term":[{"taxonomy":"product_brand","embeddable":true,"href":"https:\/\/www.hyflexpack.com\/fr\/wp-json\/wp\/v2\/product_brand?post=5364"},{"taxonomy":"product_cat","embeddable":true,"href":"https:\/\/www.hyflexpack.com\/fr\/wp-json\/wp\/v2\/product_cat?post=5364"},{"taxonomy":"product_tag","embeddable":true,"href":"https:\/\/www.hyflexpack.com\/fr\/wp-json\/wp\/v2\/product_tag?post=5364"}],"curies":[{"name":"wp","href":"https:\/\/api.w.org\/{rel}","templated":true}]}}