{"id":5362,"date":"2024-09-22T18:30:39","date_gmt":"2024-09-22T18:30:39","guid":{"rendered":"https:\/\/www.hyflexpack.com\/?post_type=product&#038;p=5362"},"modified":"2025-11-04T09:09:10","modified_gmt":"2025-11-04T09:09:10","slug":"custom-dried-fruit-packaging-bags","status":"publish","type":"product","link":"https:\/\/www.hyflexpack.com\/fr\/product\/custom-dried-fruit-packaging-bags\/","title":{"rendered":"Sacs d'emballage pour fruits s\u00e9ch\u00e9s Emballage flexible avec fermeture \u00e0 glissi\u00e8re"},"content":{"rendered":"<div class=\"wp-block-columns is-layout-flex wp-container-core-columns-is-layout-9d6595d7 wp-block-columns-is-layout-flex\">\n<div class=\"wp-block-column is-layout-flow wp-block-column-is-layout-flow\">\n<h3 class=\"wp-block-heading\">Caract\u00e9ristiques des sacs d'emballage de fruits secs de haute qualit\u00e9<\/h3>\n\n\n\n<ul class=\"wp-block-list\">\n<li>Mat\u00e9riau barri\u00e8re durable : L'adoption d'un mat\u00e9riau de haute qualit\u00e9 et de qualit\u00e9 alimentaire garantit que les sacs d'emballage de fruits secs sont s\u00fbrs, sains et durables, prot\u00e9geant efficacement la fra\u00eecheur des fruits secs.<\/li>\n<\/ul>\n\n\n\n<p><\/p>\n\n\n\n<ul class=\"wp-block-list\">\n<li>Conception sur pied : Une structure autoportante unique permet au sac de tenir fermement, ce qui est facile \u00e0 pr\u00e9senter et \u00e0 montrer.<\/li>\n<\/ul>\n\n\n\n<p><\/p>\n\n\n\n<ul class=\"wp-block-list\">\n<li>Fermeture \u00e0 glissi\u00e8re : les sacs d'emballage de fruits secs sont \u00e9quip\u00e9s d'une fermeture \u00e0 glissi\u00e8re qui permet de sceller les fruits secs, tout en facilitant l'ouverture et la fermeture des sacs \u00e0 plusieurs reprises.<\/li>\n<\/ul>\n\n\n\n<p><\/p>\n\n\n\n<ul class=\"wp-block-list\">\n<li>Impression personnalisable : En voyant notre mod\u00e8le d'impression, nous savons que nous offrons une conception d'impression personnalis\u00e9e, c'est-\u00e0-dire que vous pouvez personnaliser le mod\u00e8le et les informations en fonction de la demande.<\/li>\n<\/ul>\n\n\n\n<p><\/p>\n\n\n\n<ul class=\"wp-block-list\">\n<li>Mat\u00e9riaux respectueux de l'environnement : Nous utilisons des mat\u00e9riaux respectueux de l'environnement pour r\u00e9pondre \u00e0 la demande d'emballages durables et attirer les consommateurs soucieux de l'environnement.<\/li>\n<\/ul>\n<\/div>\n\n\n\n<div class=\"wp-block-column is-layout-flow wp-block-column-is-layout-flow\">\n<figure class=\"wp-block-image size-full\"><img fetchpriority=\"high\" decoding=\"async\" width=\"750\" height=\"750\" src=\"https:\/\/www.hyflexpack.com\/wp-content\/uploads\/2024\/09\/Supplier-Dry-Fruits-Packaging-Bags1.webp\" alt=\"Fournisseur Sacs d&#039;emballage pour fruits secs\" class=\"wp-image-5341\" srcset=\"https:\/\/www.hyflexpack.com\/wp-content\/uploads\/2024\/09\/Supplier-Dry-Fruits-Packaging-Bags1.webp 750w, https:\/\/www.hyflexpack.com\/wp-content\/uploads\/2024\/09\/Supplier-Dry-Fruits-Packaging-Bags1-300x300.webp 300w, https:\/\/www.hyflexpack.com\/wp-content\/uploads\/2024\/09\/Supplier-Dry-Fruits-Packaging-Bags1-150x150.webp 150w, https:\/\/www.hyflexpack.com\/wp-content\/uploads\/2024\/09\/Supplier-Dry-Fruits-Packaging-Bags1-12x12.webp 12w, https:\/\/www.hyflexpack.com\/wp-content\/uploads\/2024\/09\/Supplier-Dry-Fruits-Packaging-Bags1-285x285.webp 285w, https:\/\/www.hyflexpack.com\/wp-content\/uploads\/2024\/09\/Supplier-Dry-Fruits-Packaging-Bags1-270x270.webp 270w, https:\/\/www.hyflexpack.com\/wp-content\/uploads\/2024\/09\/Supplier-Dry-Fruits-Packaging-Bags1-540x540.webp 540w, https:\/\/www.hyflexpack.com\/wp-content\/uploads\/2024\/09\/Supplier-Dry-Fruits-Packaging-Bags1-660x660.webp 660w\" sizes=\"(max-width: 750px) 100vw, 750px\" \/><\/figure>\n<\/div>\n<\/div>\n\n\n\n<p><\/p>","protected":false},"excerpt":{"rendered":"<p>Vous recherchez des solutions d'emballage de qualit\u00e9 pour les fruits secs ? Choisissez les sacs d'emballage de fruits secs personnalis\u00e9s de Huiyang Packaging, qui sont dot\u00e9s d'une conception autoportante et d'une fermeture \u00e0 glissi\u00e8re pratique pour garantir la fra\u00eecheur et faciliter le stockage. Fabriqu\u00e9s \u00e0 partir de mat\u00e9riaux respectueux de l'environnement et pouvant \u00eatre imprim\u00e9s de mani\u00e8re personnalis\u00e9e, ils mettent parfaitement en valeur votre image de marque et conviennent \u00e0 une grande vari\u00e9t\u00e9 de besoins en mati\u00e8re d'emballage alimentaire.<\/p>\n<h3>Avantages du fournisseur de sacs d'emballage pour fruits secs<\/h3>\n<ul>\n<li><strong>Conception personnalis\u00e9e<\/strong>: Nous fournissons un service de sacs d'emballage de fruits secs personnalis\u00e9s, y compris la personnalisation du mat\u00e9riau, de la taille et du motif d'impression pour r\u00e9pondre aux besoins des clients, et nous prenons en charge les OEM et ODM.<\/li>\n<li><strong>Fabrication<\/strong>: Gr\u00e2ce \u00e0 un \u00e9quipement et \u00e0 une technologie de pointe, nous pouvons r\u00e9aliser la production des commandes avec une grande efficacit\u00e9 et une grande qualit\u00e9, et les livrer dans les d\u00e9lais.<\/li>\n<li><strong>Inspection de la qualit\u00e9<\/strong>: Respecter strictement les normes de qualit\u00e9 et les exigences en mati\u00e8re de s\u00e9curit\u00e9 alimentaire afin de garantir la conformit\u00e9 des produits aux normes.<\/li>\n<li><strong>Support technique de l'\u00e9quipe<\/strong>: Notre \u00e9quipe poss\u00e8de une riche exp\u00e9rience de l'industrie et des connaissances professionnelles, et peut fournir une assistance technique et un service de conseil 24 heures sur 24 \u00e0 nos clients.<\/li>\n<li><strong>\u00c9chantillon gratuit<\/strong>: Fournir un service d'\u00e9chantillonnage gratuit pour vous permettre d'\u00e9valuer les produits.<\/li>\n<\/ul>","protected":false},"featured_media":5341,"comment_status":"open","ping_status":"closed","template":"","meta":[],"product_brand":[],"product_cat":[51,87],"product_tag":[],"class_list":{"0":"post-5362","1":"product","2":"type-product","3":"status-publish","4":"has-post-thumbnail","6":"product_cat-custom-food-packaging-bags","7":"product_cat-dried-fruit-packaging-bags-wholesale","9":"first","10":"instock","11":"shipping-taxable","12":"product-type-simple"},"_links":{"self":[{"href":"https:\/\/www.hyflexpack.com\/fr\/wp-json\/wp\/v2\/product\/5362","targetHints":{"allow":["GET"]}}],"collection":[{"href":"https:\/\/www.hyflexpack.com\/fr\/wp-json\/wp\/v2\/product"}],"about":[{"href":"https:\/\/www.hyflexpack.com\/fr\/wp-json\/wp\/v2\/types\/product"}],"replies":[{"embeddable":true,"href":"https:\/\/www.hyflexpack.com\/fr\/wp-json\/wp\/v2\/comments?post=5362"}],"wp:featuredmedia":[{"embeddable":true,"href":"https:\/\/www.hyflexpack.com\/fr\/wp-json\/wp\/v2\/media\/5341"}],"wp:attachment":[{"href":"https:\/\/www.hyflexpack.com\/fr\/wp-json\/wp\/v2\/media?parent=5362"}],"wp:term":[{"taxonomy":"product_brand","embeddable":true,"href":"https:\/\/www.hyflexpack.com\/fr\/wp-json\/wp\/v2\/product_brand?post=5362"},{"taxonomy":"product_cat","embeddable":true,"href":"https:\/\/www.hyflexpack.com\/fr\/wp-json\/wp\/v2\/product_cat?post=5362"},{"taxonomy":"product_tag","embeddable":true,"href":"https:\/\/www.hyflexpack.com\/fr\/wp-json\/wp\/v2\/product_tag?post=5362"}],"curies":[{"name":"wp","href":"https:\/\/api.w.org\/{rel}","templated":true}]}}