{"id":5353,"date":"2024-09-22T06:14:06","date_gmt":"2024-09-22T06:14:06","guid":{"rendered":"https:\/\/www.hyflexpack.com\/?post_type=product&#038;p=5353"},"modified":"2024-09-22T18:06:20","modified_gmt":"2024-09-22T18:06:20","slug":"custom-plantain-chips-packaging-bags","status":"publish","type":"product","link":"https:\/\/www.hyflexpack.com\/fr\/product\/custom-plantain-chips-packaging-bags\/","title":{"rendered":"Custom Printing Plantain Chips Packaging Bags Compostable Stand Up Pouch"},"content":{"rendered":"<div class=\"wp-block-columns is-layout-flex wp-container-core-columns-is-layout-9d6595d7 wp-block-columns-is-layout-flex\">\n<div class=\"wp-block-column is-layout-flow wp-block-column-is-layout-flow\">\n<h3 class=\"wp-block-heading\">Features of High Quality Plantain Chips Packaging Bags<\/h3>\n\n\n\n<ul class=\"wp-block-list\">\n<li>Mat\u00e9riaux respectueux de l'environnement : Utiliser des mat\u00e9riaux respectueux de l'environnement qui r\u00e9pondent aux exigences de protection de l'environnement, tels que des mat\u00e9riaux biod\u00e9gradables ou recyclables, afin de r\u00e9duire l'impact sur l'environnement. <\/li>\n<\/ul>\n\n\n\n<p><\/p>\n\n\n\n<ul class=\"wp-block-list\">\n<li>Food-grade high barrier materials: Plantain chips packaging bags use food-grade materials to ensure that food is stored in a clean and hygienic environment. <\/li>\n<\/ul>\n\n\n\n<p><\/p>\n\n\n\n<ul class=\"wp-block-list\">\n<li>Zipper seal: Built-in zipper seal, convenient for multiple openings. <\/li>\n<\/ul>\n\n\n\n<p><\/p>\n\n\n\n<ul class=\"wp-block-list\">\n<li>Stand-up bag design: Standing structure, more inclusive, can stand firmly on shelves or display cabinets after packaging products, saving display space and enhancing product display effects.<\/li>\n<\/ul>\n<\/div>\n\n\n\n<div class=\"wp-block-column is-layout-flow wp-block-column-is-layout-flow\">\n<figure class=\"wp-block-image size-full\"><img fetchpriority=\"high\" decoding=\"async\" width=\"750\" height=\"750\" src=\"https:\/\/www.hyflexpack.com\/wp-content\/uploads\/2024\/09\/plantain-chips-packaging-bags1.webp\" alt=\"Custom plantain chips packaging bags\" class=\"wp-image-5334\" srcset=\"https:\/\/www.hyflexpack.com\/wp-content\/uploads\/2024\/09\/plantain-chips-packaging-bags1.webp 750w, https:\/\/www.hyflexpack.com\/wp-content\/uploads\/2024\/09\/plantain-chips-packaging-bags1-300x300.webp 300w, https:\/\/www.hyflexpack.com\/wp-content\/uploads\/2024\/09\/plantain-chips-packaging-bags1-150x150.webp 150w, https:\/\/www.hyflexpack.com\/wp-content\/uploads\/2024\/09\/plantain-chips-packaging-bags1-12x12.webp 12w, https:\/\/www.hyflexpack.com\/wp-content\/uploads\/2024\/09\/plantain-chips-packaging-bags1-285x285.webp 285w, https:\/\/www.hyflexpack.com\/wp-content\/uploads\/2024\/09\/plantain-chips-packaging-bags1-270x270.webp 270w, https:\/\/www.hyflexpack.com\/wp-content\/uploads\/2024\/09\/plantain-chips-packaging-bags1-540x540.webp 540w, https:\/\/www.hyflexpack.com\/wp-content\/uploads\/2024\/09\/plantain-chips-packaging-bags1-660x660.webp 660w\" sizes=\"(max-width: 750px) 100vw, 750px\" \/><\/figure>\n<\/div>\n<\/div>\n\n\n\n<p><\/p>","protected":false},"excerpt":{"rendered":"<p>Compostable plantain chips packaging featuring high-quality printing. Provides more product protection while showcasing the brand&#8217;s vibrant custom design. Perfect for sustainable snack packaging solutions.<\/p>\n<p>\u25cf<strong>Conception personnalis\u00e9e<\/strong>: We provide customized services for plantain chips packaging bags, including material, size, and printing pattern customization to meet customer needs, and support OEM and ODM.<\/p>\n<p>\u25cf<strong>Fabrication<\/strong>: Gr\u00e2ce \u00e0 un \u00e9quipement et \u00e0 une technologie de pointe, nous pouvons r\u00e9aliser la production des commandes de mani\u00e8re efficace et avec une qualit\u00e9 \u00e9lev\u00e9e, et nous pouvons livrer dans les d\u00e9lais.<\/p>\n<p>\u25cf<strong>Contr\u00f4le de la qualit\u00e9<\/strong>: La production est r\u00e9alis\u00e9e dans le strict respect des normes de qualit\u00e9 et des exigences en mati\u00e8re de s\u00e9curit\u00e9 alimentaire afin de garantir que les produits r\u00e9pondent aux normes.<\/p>\n<p>\u25cf<strong>Customer service<\/strong>Le service client\u00e8le est ouvert 24 heures sur 24 afin de fournir une r\u00e9ponse rapide et un service d'assistance attentionn\u00e9.<\/p>\n<p>\u25cf<strong>\u00c9chantillon gratuit<\/strong>: Provide a free sample service for you to evaluate the product. Huiyang Packaging is committed to providing customers with high-quality plantain chips packaging bags to help customers improve their product image and enhance their market competitiveness. \u00a0<\/p>","protected":false},"featured_media":5334,"comment_status":"open","ping_status":"closed","template":"","meta":[],"product_brand":[],"product_cat":[51],"product_tag":[],"class_list":{"0":"post-5353","1":"product","2":"type-product","3":"status-publish","4":"has-post-thumbnail","6":"product_cat-custom-food-packaging-bags","8":"first","9":"instock","10":"shipping-taxable","11":"product-type-simple"},"_links":{"self":[{"href":"https:\/\/www.hyflexpack.com\/fr\/wp-json\/wp\/v2\/product\/5353","targetHints":{"allow":["GET"]}}],"collection":[{"href":"https:\/\/www.hyflexpack.com\/fr\/wp-json\/wp\/v2\/product"}],"about":[{"href":"https:\/\/www.hyflexpack.com\/fr\/wp-json\/wp\/v2\/types\/product"}],"replies":[{"embeddable":true,"href":"https:\/\/www.hyflexpack.com\/fr\/wp-json\/wp\/v2\/comments?post=5353"}],"wp:featuredmedia":[{"embeddable":true,"href":"https:\/\/www.hyflexpack.com\/fr\/wp-json\/wp\/v2\/media\/5334"}],"wp:attachment":[{"href":"https:\/\/www.hyflexpack.com\/fr\/wp-json\/wp\/v2\/media?parent=5353"}],"wp:term":[{"taxonomy":"product_brand","embeddable":true,"href":"https:\/\/www.hyflexpack.com\/fr\/wp-json\/wp\/v2\/product_brand?post=5353"},{"taxonomy":"product_cat","embeddable":true,"href":"https:\/\/www.hyflexpack.com\/fr\/wp-json\/wp\/v2\/product_cat?post=5353"},{"taxonomy":"product_tag","embeddable":true,"href":"https:\/\/www.hyflexpack.com\/fr\/wp-json\/wp\/v2\/product_tag?post=5353"}],"curies":[{"name":"wp","href":"https:\/\/api.w.org\/{rel}","templated":true}]}}