{"id":5329,"date":"2024-09-15T02:37:15","date_gmt":"2024-09-15T02:37:15","guid":{"rendered":"https:\/\/www.hyflexpack.com\/?post_type=product&#038;p=5329"},"modified":"2025-10-23T08:46:11","modified_gmt":"2025-10-23T08:46:11","slug":"custom-juice-pouches","status":"publish","type":"product","link":"https:\/\/www.hyflexpack.com\/fr\/product\/custom-juice-pouches\/","title":{"rendered":"Fabricant de sachets de jus de fruits, de sacs \u00e0 bec, de sacs souples avec barri\u00e8re scell\u00e9e et trou d'accrochage."},"content":{"rendered":"<div class=\"wp-block-columns is-layout-flex wp-container-core-columns-is-layout-9d6595d7 wp-block-columns-is-layout-flex\">\n<div class=\"wp-block-column is-layout-flow wp-block-column-is-layout-flow\">\n<h3 class=\"wp-block-heading\">Caract\u00e9ristiques des poches \u00e0 jus de haute qualit\u00e9<\/h3>\n\n\n\n<ul class=\"wp-block-list\">\n<li>Scellage solide : les sacs sont \u00e9quip\u00e9s d'une barri\u00e8re de scellage de haute qualit\u00e9 pour \u00e9viter les fuites et garantir la s\u00e9curit\u00e9 du stockage et du transport de liquides tels que les jus et autres produits.<\/li>\n<\/ul>\n\n\n\n<p><\/p>\n\n\n\n<ul class=\"wp-block-list\">\n<li>Conception autoportante : les poches de jus de fruits personnalis\u00e9es sont con\u00e7ues pour \u00eatre robustes et faciles \u00e0 exposer \u00e0 la vue de tous, tout en \u00e9conomisant de l'espace sur les \u00e9tag\u00e8res.<\/li>\n<\/ul>\n\n\n\n<p><\/p>\n\n\n\n<ul class=\"wp-block-list\">\n<li>Conception de trous de suspension : La conception unique du trou de suspension facilite la pr\u00e9sentation au d\u00e9tail et am\u00e9liore la visibilit\u00e9 de la marque.<\/li>\n<\/ul>\n\n\n\n<p><\/p>\n\n\n\n<ul class=\"wp-block-list\">\n<li>Bec personnalis\u00e9 : Les poches de jus sont \u00e9quip\u00e9es d'un bec personnalisable qui permet aux consommateurs de les verser et de les utiliser facilement, \u00e9vitant ainsi le gaspillage.<\/li>\n<\/ul>\n\n\n\n<p><\/p>\n\n\n\n<ul class=\"wp-block-list\">\n<li>Mat\u00e9riau \u00e9cologique : Les pochettes \u00e0 bec personnalis\u00e9es sont fabriqu\u00e9es \u00e0 partir de mat\u00e9riaux recyclables de qualit\u00e9 alimentaire, ce qui permet de respecter les normes environnementales internationales et de favoriser l'emballage \u00e9cologique.<\/li>\n<\/ul>\n\n\n\n<p><\/p>\n\n\n\n<ul class=\"wp-block-list\">\n<li>Largement utilis\u00e9 : Ces poches \u00e0 jus conviennent \u00e0 l'emballage de divers produits liquides tels que les jus, les ar\u00f4mes liquides, les d\u00e9tergents, etc.<\/li>\n<\/ul>\n<\/div>\n\n\n\n<div class=\"wp-block-column is-layout-flow wp-block-column-is-layout-flow\">\n<figure class=\"wp-block-image size-full\"><img fetchpriority=\"high\" decoding=\"async\" width=\"750\" height=\"750\" src=\"https:\/\/www.hyflexpack.com\/wp-content\/uploads\/2024\/09\/custom-stand-up-juice-pouch-bag1.webp\" alt=\"Sachets de jus de fruits personnalis\u00e9s\" class=\"wp-image-5330\" srcset=\"https:\/\/www.hyflexpack.com\/wp-content\/uploads\/2024\/09\/custom-stand-up-juice-pouch-bag1.webp 750w, https:\/\/www.hyflexpack.com\/wp-content\/uploads\/2024\/09\/custom-stand-up-juice-pouch-bag1-300x300.webp 300w, https:\/\/www.hyflexpack.com\/wp-content\/uploads\/2024\/09\/custom-stand-up-juice-pouch-bag1-150x150.webp 150w, https:\/\/www.hyflexpack.com\/wp-content\/uploads\/2024\/09\/custom-stand-up-juice-pouch-bag1-12x12.webp 12w, https:\/\/www.hyflexpack.com\/wp-content\/uploads\/2024\/09\/custom-stand-up-juice-pouch-bag1-285x285.webp 285w, https:\/\/www.hyflexpack.com\/wp-content\/uploads\/2024\/09\/custom-stand-up-juice-pouch-bag1-270x270.webp 270w, https:\/\/www.hyflexpack.com\/wp-content\/uploads\/2024\/09\/custom-stand-up-juice-pouch-bag1-540x540.webp 540w, https:\/\/www.hyflexpack.com\/wp-content\/uploads\/2024\/09\/custom-stand-up-juice-pouch-bag1-660x660.webp 660w\" sizes=\"(max-width: 750px) 100vw, 750px\" \/><\/figure>\n<\/div>\n<\/div>\n\n\n\n<p><\/p>","protected":false},"excerpt":{"rendered":"<p>D\u00e9couvrez comment nos pochettes de jus de fruits personnalis\u00e9es sont fabriqu\u00e9es avec un film d'emballage lamin\u00e9 \u00e9cologique de qualit\u00e9 alimentaire afin de garantir la s\u00e9curit\u00e9 et l'hygi\u00e8ne des jus de fruits et de faciliter leur transport. Le design de la pochette est non seulement inclusif, mais il est aussi plus facile \u00e0 pr\u00e9senter. Le bec verseur est facile \u00e0 stocker et \u00e0 transporter. Contactez-nous d\u00e8s aujourd'hui pour un devis. Nous nous engageons \u00e0 fournir des solutions d'emballage de qualit\u00e9 et respectueuses de l'environnement.<\/p>\n<h3>Avantages du grossiste en sachets de jus de fruits personnalis\u00e9s<\/h3>\n<ul>\n<li><strong>Conception sur mesure<\/strong>: Fournir des solutions de conception personnalis\u00e9es, prendre en charge OEM\/ODM, personnaliser avec diff\u00e9rentes sp\u00e9cifications, tailles, motifs d'impression, etc.<\/li>\n<li><strong>Assurance qualit\u00e9<\/strong>: Contr\u00f4ler le processus de production, disposer de mat\u00e9riaux de haute qualit\u00e9 et d'\u00e9quipements avanc\u00e9s pour garantir la qualit\u00e9 des produits.<\/li>\n<li><strong>Livraison dans les d\u00e9lais<\/strong>: Optimiser le processus de production et am\u00e9liorer l'efficacit\u00e9 de la production afin de garantir une livraison dans les d\u00e9lais et de r\u00e9pondre aux besoins urgents des clients.<\/li>\n<li><strong>Support technique professionnel<\/strong>: L'\u00e9quipe technique exp\u00e9riment\u00e9e fournit une assistance technique professionnelle et un service de conseil apr\u00e8s-vente 24 heures sur 24.<\/li>\n<li><strong>\u00c9chantillon gratuit<\/strong>: Fournir un service d'\u00e9chantillonnage gratuit pour vous permettre d'\u00e9valuer les produits.<\/li>\n<\/ul>\n<p>Huiyang Packaging s'engage \u00e0 fournir \u00e0 ses clients des sachets de jus de fruits personnalis\u00e9s de haute qualit\u00e9 afin de les aider \u00e0 am\u00e9liorer l'image de leurs produits et \u00e0 renforcer leur comp\u00e9titivit\u00e9 sur le march\u00e9.<\/p>","protected":false},"featured_media":5330,"comment_status":"open","ping_status":"closed","template":"","meta":[],"product_brand":[],"product_cat":[103],"product_tag":[],"class_list":{"0":"post-5329","1":"product","2":"type-product","3":"status-publish","4":"has-post-thumbnail","6":"product_cat-beverage-packaging-bags-supplier","8":"first","9":"instock","10":"shipping-taxable","11":"product-type-simple"},"_links":{"self":[{"href":"https:\/\/www.hyflexpack.com\/fr\/wp-json\/wp\/v2\/product\/5329","targetHints":{"allow":["GET"]}}],"collection":[{"href":"https:\/\/www.hyflexpack.com\/fr\/wp-json\/wp\/v2\/product"}],"about":[{"href":"https:\/\/www.hyflexpack.com\/fr\/wp-json\/wp\/v2\/types\/product"}],"replies":[{"embeddable":true,"href":"https:\/\/www.hyflexpack.com\/fr\/wp-json\/wp\/v2\/comments?post=5329"}],"wp:featuredmedia":[{"embeddable":true,"href":"https:\/\/www.hyflexpack.com\/fr\/wp-json\/wp\/v2\/media\/5330"}],"wp:attachment":[{"href":"https:\/\/www.hyflexpack.com\/fr\/wp-json\/wp\/v2\/media?parent=5329"}],"wp:term":[{"taxonomy":"product_brand","embeddable":true,"href":"https:\/\/www.hyflexpack.com\/fr\/wp-json\/wp\/v2\/product_brand?post=5329"},{"taxonomy":"product_cat","embeddable":true,"href":"https:\/\/www.hyflexpack.com\/fr\/wp-json\/wp\/v2\/product_cat?post=5329"},{"taxonomy":"product_tag","embeddable":true,"href":"https:\/\/www.hyflexpack.com\/fr\/wp-json\/wp\/v2\/product_tag?post=5329"}],"curies":[{"name":"wp","href":"https:\/\/api.w.org\/{rel}","templated":true}]}}