{"id":5322,"date":"2024-09-14T18:34:16","date_gmt":"2024-09-14T18:34:16","guid":{"rendered":"https:\/\/www.hyflexpack.com\/?post_type=product&#038;p=5322"},"modified":"2025-10-23T09:08:46","modified_gmt":"2025-10-23T09:08:46","slug":"wholesale-protein-powder-packaging","status":"publish","type":"product","link":"https:\/\/www.hyflexpack.com\/fr\/product\/wholesale-protein-powder-packaging\/","title":{"rendered":"Sacs en plastique recycl\u00e9s pour l'emballage de prot\u00e9ines en poudre en gros Fin\/Lap Seal Pouch"},"content":{"rendered":"<div class=\"wp-block-columns is-layout-flex wp-container-core-columns-is-layout-9d6595d7 wp-block-columns-is-layout-flex\">\n<div class=\"wp-block-column is-layout-flow wp-block-column-is-layout-flow\">\n<h3 class=\"wp-block-heading\">Features of High Quality Protein Powder Packaging Bag<\/h3>\n\n\n\n<ul class=\"wp-block-list\">\n<li>Excellent Sealing Performance: The fin\/lap Seal sealing design ensures firm packaging, prevents air leakage, and keeps protein powder dry and fresh.<\/li>\n<\/ul>\n\n\n\n<p><\/p>\n\n\n\n<ul class=\"wp-block-list\">\n<li>Repeatable Seal: A protein powder packaging bag with a zipper design, each time you open the protein powder after use can be sealed to ensure dry and fresh.<\/li>\n<\/ul>\n\n\n\n<p><\/p>\n\n\n\n<ul class=\"wp-block-list\">\n<li>Environmentally Friendly Materials: the use of recyclable packaging materials, in line with the environmental standards of protein powder packaging, to help customers achieve green sustainable packaging needs.<\/li>\n<\/ul>\n\n\n\n<p><\/p>\n\n\n\n<ul class=\"wp-block-list\">\n<li><strong><a href=\"https:\/\/www.hyflexpack.com\/fr\/emballage-flexible-sur-mesure\/\">Impression sur mesure<\/a><\/strong>: Custom protein powder packaging bags support high-quality printing services to enhance brand recognition, while personalized design is available.<\/li>\n<\/ul>\n\n\n\n<p><\/p>\n\n\n\n<ul class=\"wp-block-list\">\n<li>Moisture Protection: The material has high barrier properties, effectively preventing moisture and air from entering and extending the shelf life of protein powder.<\/li>\n<\/ul>\n\n\n\n<p><\/p>\n\n\n\n<ul class=\"wp-block-list\">\n<li>Lightweight and Durable: the bags are lightweight but strong, suitable for transportation and storage, and not easy to tear.<\/li>\n<\/ul>\n<\/div>\n\n\n\n<div class=\"wp-block-column is-layout-flow wp-block-column-is-layout-flow\">\n<figure class=\"wp-block-image size-full\"><img fetchpriority=\"high\" decoding=\"async\" width=\"750\" height=\"750\" src=\"https:\/\/www.hyflexpack.com\/wp-content\/uploads\/2024\/09\/Wholesale-Protein-Powder-Packaging1.webp\" alt=\"Wholesale Protein Powder Packaging\" class=\"wp-image-5312\" srcset=\"https:\/\/www.hyflexpack.com\/wp-content\/uploads\/2024\/09\/Wholesale-Protein-Powder-Packaging1.webp 750w, https:\/\/www.hyflexpack.com\/wp-content\/uploads\/2024\/09\/Wholesale-Protein-Powder-Packaging1-300x300.webp 300w, https:\/\/www.hyflexpack.com\/wp-content\/uploads\/2024\/09\/Wholesale-Protein-Powder-Packaging1-150x150.webp 150w, https:\/\/www.hyflexpack.com\/wp-content\/uploads\/2024\/09\/Wholesale-Protein-Powder-Packaging1-12x12.webp 12w, https:\/\/www.hyflexpack.com\/wp-content\/uploads\/2024\/09\/Wholesale-Protein-Powder-Packaging1-285x285.webp 285w, https:\/\/www.hyflexpack.com\/wp-content\/uploads\/2024\/09\/Wholesale-Protein-Powder-Packaging1-270x270.webp 270w, https:\/\/www.hyflexpack.com\/wp-content\/uploads\/2024\/09\/Wholesale-Protein-Powder-Packaging1-540x540.webp 540w, https:\/\/www.hyflexpack.com\/wp-content\/uploads\/2024\/09\/Wholesale-Protein-Powder-Packaging1-660x660.webp 660w\" sizes=\"(max-width: 750px) 100vw, 750px\" \/><\/figure>\n<\/div>\n<\/div>\n\n\n\n<p><\/p>","protected":false},"excerpt":{"rendered":"<p>Discover our protein powder packaging bags are designed with resealable seals to ensure that the protein powder stays fresh for a long time and is made of environmentally friendly recyclable materials. Huiyang Packaging also supports customized printed bags, which are suitable for large-volume purchases to meet customers&#8217; needs.<\/p>\n<h3>Advantages of Protein Powder Packaging Wholesaler<\/h3>\n<ul>\n<li><strong>Conception sur mesure<\/strong>: Fournir des solutions de conception personnalis\u00e9es, prendre en charge OEM\/ODM, personnaliser avec diff\u00e9rentes sp\u00e9cifications, tailles, motifs d'impression, etc.<\/li>\n<li><strong>Assurance qualit\u00e9<\/strong>: Contr\u00f4ler le processus de production, disposer de mat\u00e9riaux de haute qualit\u00e9 et d'\u00e9quipements avanc\u00e9s pour garantir la qualit\u00e9 des produits.<\/li>\n<li><strong>Livraison dans les d\u00e9lais<\/strong>: Optimiser le processus de production et am\u00e9liorer l'efficacit\u00e9 de la production afin de garantir une livraison dans les d\u00e9lais et de r\u00e9pondre aux besoins urgents des clients.<\/li>\n<li><strong>Support technique professionnel<\/strong>: L'\u00e9quipe technique exp\u00e9riment\u00e9e fournit une assistance technique professionnelle et un service de conseil apr\u00e8s-vente 24 heures sur 24.<\/li>\n<li><strong>\u00c9chantillon gratuit<\/strong>: Fournir un service d'\u00e9chantillonnage gratuit pour vous permettre d'\u00e9valuer les produits.<\/li>\n<\/ul>","protected":false},"featured_media":5312,"comment_status":"open","ping_status":"closed","template":"","meta":[],"product_brand":[],"product_cat":[100],"product_tag":[],"class_list":{"0":"post-5322","1":"product","2":"type-product","3":"status-publish","4":"has-post-thumbnail","6":"product_cat-powder-packaging-bags-custom","8":"first","9":"instock","10":"shipping-taxable","11":"product-type-simple"},"_links":{"self":[{"href":"https:\/\/www.hyflexpack.com\/fr\/wp-json\/wp\/v2\/product\/5322","targetHints":{"allow":["GET"]}}],"collection":[{"href":"https:\/\/www.hyflexpack.com\/fr\/wp-json\/wp\/v2\/product"}],"about":[{"href":"https:\/\/www.hyflexpack.com\/fr\/wp-json\/wp\/v2\/types\/product"}],"replies":[{"embeddable":true,"href":"https:\/\/www.hyflexpack.com\/fr\/wp-json\/wp\/v2\/comments?post=5322"}],"wp:featuredmedia":[{"embeddable":true,"href":"https:\/\/www.hyflexpack.com\/fr\/wp-json\/wp\/v2\/media\/5312"}],"wp:attachment":[{"href":"https:\/\/www.hyflexpack.com\/fr\/wp-json\/wp\/v2\/media?parent=5322"}],"wp:term":[{"taxonomy":"product_brand","embeddable":true,"href":"https:\/\/www.hyflexpack.com\/fr\/wp-json\/wp\/v2\/product_brand?post=5322"},{"taxonomy":"product_cat","embeddable":true,"href":"https:\/\/www.hyflexpack.com\/fr\/wp-json\/wp\/v2\/product_cat?post=5322"},{"taxonomy":"product_tag","embeddable":true,"href":"https:\/\/www.hyflexpack.com\/fr\/wp-json\/wp\/v2\/product_tag?post=5322"}],"curies":[{"name":"wp","href":"https:\/\/api.w.org\/{rel}","templated":true}]}}