{"id":5275,"date":"2024-09-08T15:44:38","date_gmt":"2024-09-08T15:44:38","guid":{"rendered":"https:\/\/www.hyflexpack.com\/?post_type=product&#038;p=5275"},"modified":"2025-03-14T06:43:18","modified_gmt":"2025-03-14T06:43:18","slug":"china-coffee-bag-packaging","status":"publish","type":"product","link":"https:\/\/www.hyflexpack.com\/fr\/product\/china-coffee-bag-packaging\/","title":{"rendered":"Chine Emballage de sacs de caf\u00e9 Emballage alimentaire Solution de poche \u00e0 fond plat"},"content":{"rendered":"<div class=\"wp-block-columns is-layout-flex wp-container-core-columns-is-layout-9d6595d7 wp-block-columns-is-layout-flex\">\n<div class=\"wp-block-column is-layout-flow wp-block-column-is-layout-flow\">\n<h3 class=\"wp-block-heading\">Features of High Quality Coffee Bag Packaging<\/h3>\n\n\n\n<ul class=\"wp-block-list\">\n<li><strong>Mat\u00e9riaux respectueux de l'environnement<\/strong>: Utiliser des mat\u00e9riaux respectueux de l'environnement qui r\u00e9pondent aux exigences de protection de l'environnement, tels que des mat\u00e9riaux biod\u00e9gradables ou recyclables, afin de r\u00e9duire l'impact sur l'environnement. <\/li>\n<\/ul>\n\n\n\n<p><\/p>\n\n\n\n<ul class=\"wp-block-list\">\n<li><strong>Mat\u00e9riaux \u00e0 haute barri\u00e8re de qualit\u00e9 alimentaire<\/strong>: Custom coffee bag packaging uses food-grade high-barrier materials, such as PET, PE, BOPP, MCPP, MPET, AL, etc., to ensure that coffee is stored in a dry environment, moisture-proof, anti-oxidation, and extend the shelf life. <\/li>\n<\/ul>\n\n\n\n<p><\/p>\n\n\n\n<ul class=\"wp-block-list\">\n<li><strong>Flat Bottom Design<\/strong>: Coffee bag packaging provides a stable base for easy standing and improved shelf display, ensuring optimal product presentation.<\/li>\n<\/ul>\n\n\n\n<p><\/p>\n\n\n\n<ul class=\"wp-block-list\">\n<li><strong>Sealed for Freshness<\/strong>: Securely sealed to maintain the freshness and aroma of the coffee and extend shelf life.<\/li>\n<\/ul>\n\n\n\n<p><\/p>\n\n\n\n<ul class=\"wp-block-list\">\n<li><strong>Convenient and Practical<\/strong>: Designed for ease of use, with a choice of resealable zippers or tear tabs for quick access.<\/li>\n<\/ul>\n<\/div>\n\n\n\n<div class=\"wp-block-column is-layout-flow wp-block-column-is-layout-flow\">\n<figure class=\"wp-block-image size-full\"><img fetchpriority=\"high\" decoding=\"async\" width=\"750\" height=\"750\" src=\"https:\/\/www.hyflexpack.com\/wp-content\/uploads\/2024\/09\/China-Coffee-Bag-Packaging\uff081\uff09.webp\" alt=\"China Coffee Bag Packaging\" class=\"wp-image-5276\" srcset=\"https:\/\/www.hyflexpack.com\/wp-content\/uploads\/2024\/09\/China-Coffee-Bag-Packaging\uff081\uff09.webp 750w, https:\/\/www.hyflexpack.com\/wp-content\/uploads\/2024\/09\/China-Coffee-Bag-Packaging\uff081\uff09-300x300.webp 300w, https:\/\/www.hyflexpack.com\/wp-content\/uploads\/2024\/09\/China-Coffee-Bag-Packaging\uff081\uff09-150x150.webp 150w, https:\/\/www.hyflexpack.com\/wp-content\/uploads\/2024\/09\/China-Coffee-Bag-Packaging\uff081\uff09-12x12.webp 12w, https:\/\/www.hyflexpack.com\/wp-content\/uploads\/2024\/09\/China-Coffee-Bag-Packaging\uff081\uff09-285x285.webp 285w, https:\/\/www.hyflexpack.com\/wp-content\/uploads\/2024\/09\/China-Coffee-Bag-Packaging\uff081\uff09-270x270.webp 270w, https:\/\/www.hyflexpack.com\/wp-content\/uploads\/2024\/09\/China-Coffee-Bag-Packaging\uff081\uff09-540x540.webp 540w, https:\/\/www.hyflexpack.com\/wp-content\/uploads\/2024\/09\/China-Coffee-Bag-Packaging\uff081\uff09-660x660.webp 660w\" sizes=\"(max-width: 750px) 100vw, 750px\" \/><\/figure>\n<\/div>\n<\/div>","protected":false},"excerpt":{"rendered":"<p>Wholesale China flat-bottom bag coffee bag packaging with food grade environmentally friendly high-quality quality and customizable, designed to keep coffee fresh while enhancing shelf appeal. Consult us for customized solutions.<\/p>\n<h3>Advantages of Coffee Bag Packaging Supplier<\/h3>\n<ul>\n<li><strong>Conception personnalis\u00e9e<\/strong>: Nous proposons des mat\u00e9riaux, des tailles et des motifs d'impression personnalis\u00e9s pour r\u00e9pondre aux besoins des clients, et nous prenons en charge les demandes OEM et ODM.<\/li>\n<li><strong>Fabrication<\/strong>: Gr\u00e2ce \u00e0 un \u00e9quipement et \u00e0 une technologie de pointe, nous pouvons r\u00e9aliser la production des commandes avec une grande efficacit\u00e9 et une grande qualit\u00e9, et les livrer dans les d\u00e9lais.<\/li>\n<li><strong>Inspection de la qualit\u00e9<\/strong>: Respecter strictement les normes de qualit\u00e9 et les exigences en mati\u00e8re de s\u00e9curit\u00e9 alimentaire afin de garantir la conformit\u00e9 des produits aux normes.<\/li>\n<li><strong>Support technique de l'\u00e9quipe<\/strong>: Notre \u00e9quipe poss\u00e8de une riche exp\u00e9rience de l'industrie et des connaissances professionnelles, et peut fournir une assistance technique et un service de conseil 24 heures sur 24 \u00e0 nos clients.<\/li>\n<li><strong>\u00c9chantillon gratuit<\/strong>: Provide free sample service for you to evaluate the flexible packaging.<\/li>\n<\/ul>","protected":false},"featured_media":5276,"comment_status":"open","ping_status":"closed","template":"","meta":[],"product_brand":[],"product_cat":[55],"product_tag":[],"class_list":{"0":"post-5275","1":"product","2":"type-product","3":"status-publish","4":"has-post-thumbnail","6":"product_cat-custom-coffee-packaging","8":"first","9":"instock","10":"shipping-taxable","11":"product-type-simple"},"_links":{"self":[{"href":"https:\/\/www.hyflexpack.com\/fr\/wp-json\/wp\/v2\/product\/5275","targetHints":{"allow":["GET"]}}],"collection":[{"href":"https:\/\/www.hyflexpack.com\/fr\/wp-json\/wp\/v2\/product"}],"about":[{"href":"https:\/\/www.hyflexpack.com\/fr\/wp-json\/wp\/v2\/types\/product"}],"replies":[{"embeddable":true,"href":"https:\/\/www.hyflexpack.com\/fr\/wp-json\/wp\/v2\/comments?post=5275"}],"wp:featuredmedia":[{"embeddable":true,"href":"https:\/\/www.hyflexpack.com\/fr\/wp-json\/wp\/v2\/media\/5276"}],"wp:attachment":[{"href":"https:\/\/www.hyflexpack.com\/fr\/wp-json\/wp\/v2\/media?parent=5275"}],"wp:term":[{"taxonomy":"product_brand","embeddable":true,"href":"https:\/\/www.hyflexpack.com\/fr\/wp-json\/wp\/v2\/product_brand?post=5275"},{"taxonomy":"product_cat","embeddable":true,"href":"https:\/\/www.hyflexpack.com\/fr\/wp-json\/wp\/v2\/product_cat?post=5275"},{"taxonomy":"product_tag","embeddable":true,"href":"https:\/\/www.hyflexpack.com\/fr\/wp-json\/wp\/v2\/product_tag?post=5275"}],"curies":[{"name":"wp","href":"https:\/\/api.w.org\/{rel}","templated":true}]}}