{"id":5268,"date":"2024-09-08T15:32:29","date_gmt":"2024-09-08T15:32:29","guid":{"rendered":"https:\/\/www.hyflexpack.com\/?post_type=product&#038;p=5268"},"modified":"2025-10-23T08:52:02","modified_gmt":"2025-10-23T08:52:02","slug":"eco-friendly-pet-food-packaging-bag","status":"publish","type":"product","link":"https:\/\/www.hyflexpack.com\/fr\/product\/eco-friendly-pet-food-packaging-bag\/","title":{"rendered":"Sacs d'emballage \u00e9cologiques pour aliments pour animaux de compagnie Sacs plastiques composites recycl\u00e9s Grossiste"},"content":{"rendered":"<div class=\"wp-block-columns is-layout-flex wp-container-core-columns-is-layout-9d6595d7 wp-block-columns-is-layout-flex\">\n<div class=\"wp-block-column is-layout-flow wp-block-column-is-layout-flow\">\n<h3 class=\"wp-block-heading\">Caract\u00e9ristiques du sac d'emballage \u00e9cologique de haute qualit\u00e9 pour aliments pour animaux de compagnie<\/h3>\n\n\n\n<ul class=\"wp-block-list\">\n<li>Mat\u00e9riaux \u00e0 haute barri\u00e8re de qualit\u00e9 alimentaire : Les sacs d'emballage d'aliments pour animaux de compagnie personnalis\u00e9s utilisent des mat\u00e9riaux \u00e0 haute barri\u00e8re de qualit\u00e9 alimentaire, tels que PET, PE, BOPP, MCPP, MPET, AL, etc., pour garantir que les chips sont stock\u00e9es dans un environnement sec, r\u00e9sistant \u00e0 l'humidit\u00e9, anti-oxydation et prolongeant la dur\u00e9e de conservation. <\/li>\n<\/ul>\n\n\n\n<p><\/p>\n\n\n\n<ul class=\"wp-block-list\">\n<li>Durables et r\u00e9sistants \u00e0 la d\u00e9chirure : les sacs d'emballage \u00e9cologiques pour aliments pour animaux de compagnie sont con\u00e7us pour \u00eatre r\u00e9sistants afin de garantir que l'emballage prot\u00e8ge les aliments pour animaux de compagnie contre les dommages, l'humidit\u00e9 et les \u00e9l\u00e9ments.<\/li>\n<\/ul>\n\n\n\n<p><\/p>\n\n\n\n<ul class=\"wp-block-list\">\n<li>Fermeture \u00e0 glissi\u00e8re : La fermeture \u00e0 glissi\u00e8re int\u00e9gr\u00e9e est pratique pour ouvrir la fermeture plusieurs fois, garder les snacks frais et emp\u00eacher l'air ext\u00e9rieur de p\u00e9n\u00e9trer.<\/li>\n<\/ul>\n\n\n\n<p><\/p>\n\n\n\n<ul class=\"wp-block-list\">\n<li>Options refermables : Les emballages d'aliments pour animaux de compagnie personnalis\u00e9s sont dot\u00e9s de fermetures \u00e0 glissi\u00e8re ou de bouchons refermables pour faciliter l'acc\u00e8s et conserver la fra\u00eecheur apr\u00e8s l'ouverture de l'emballage. <\/li>\n<\/ul>\n\n\n\n<p><\/p>\n\n\n\n<ul class=\"wp-block-list\">\n<li>Conception du sac sur pied : La structure du sac sur pied permet au sac de se tenir fermement sur l'\u00e9tag\u00e8re ou la vitrine, ce qui permet d'\u00e9conomiser de l'espace d'exposition et d'am\u00e9liorer l'effet de pr\u00e9sentation du produit.<\/li>\n<\/ul>\n<\/div>\n\n\n\n<div class=\"wp-block-column is-layout-flow wp-block-column-is-layout-flow\">\n<figure class=\"wp-block-image size-full\"><img fetchpriority=\"high\" decoding=\"async\" width=\"750\" height=\"750\" src=\"https:\/\/www.hyflexpack.com\/wp-content\/uploads\/2024\/09\/Eco-friendly-Pet-Food-Packaging-Wholesaler\uff081\uff09.webp\" alt=\"Grossiste d&#039;emballages \u00e9cologiques pour aliments pour animaux de compagnie\" class=\"wp-image-5269\" srcset=\"https:\/\/www.hyflexpack.com\/wp-content\/uploads\/2024\/09\/Eco-friendly-Pet-Food-Packaging-Wholesaler\uff081\uff09.webp 750w, https:\/\/www.hyflexpack.com\/wp-content\/uploads\/2024\/09\/Eco-friendly-Pet-Food-Packaging-Wholesaler\uff081\uff09-300x300.webp 300w, https:\/\/www.hyflexpack.com\/wp-content\/uploads\/2024\/09\/Eco-friendly-Pet-Food-Packaging-Wholesaler\uff081\uff09-150x150.webp 150w, https:\/\/www.hyflexpack.com\/wp-content\/uploads\/2024\/09\/Eco-friendly-Pet-Food-Packaging-Wholesaler\uff081\uff09-12x12.webp 12w, https:\/\/www.hyflexpack.com\/wp-content\/uploads\/2024\/09\/Eco-friendly-Pet-Food-Packaging-Wholesaler\uff081\uff09-285x285.webp 285w, https:\/\/www.hyflexpack.com\/wp-content\/uploads\/2024\/09\/Eco-friendly-Pet-Food-Packaging-Wholesaler\uff081\uff09-270x270.webp 270w, https:\/\/www.hyflexpack.com\/wp-content\/uploads\/2024\/09\/Eco-friendly-Pet-Food-Packaging-Wholesaler\uff081\uff09-540x540.webp 540w, https:\/\/www.hyflexpack.com\/wp-content\/uploads\/2024\/09\/Eco-friendly-Pet-Food-Packaging-Wholesaler\uff081\uff09-660x660.webp 660w\" sizes=\"(max-width: 750px) 100vw, 750px\" \/><\/figure>\n<\/div>\n<\/div>","protected":false},"excerpt":{"rendered":"<p>D\u00e9couvrez comment nos sacs d'emballage d'aliments pour animaux de compagnie sont fabriqu\u00e9s \u00e0 partir de films d'emballage composites \u00e9cologiques de qualit\u00e9 alimentaire afin de garantir la fra\u00eecheur et la s\u00e9curit\u00e9 des aliments pour animaux de compagnie. Les mat\u00e9riaux composites en papier kraft contenant de l'aluminium ont de fortes propri\u00e9t\u00e9s de protection contre la lumi\u00e8re et une grande capacit\u00e9 antioxydante. L'impression personnalis\u00e9e rend le produit plus distinctif. Contactez-nous d\u00e8s aujourd'hui pour obtenir un devis. Nous nous engageons \u00e0 fournir des solutions d'emballage de haute qualit\u00e9 et respectueuses de l'environnement.<\/p>\n<h3>Avantages du grossiste en emballages \u00e9cologiques pour aliments pour animaux de compagnie<\/h3>\n<ul>\n<li><strong>Conception personnalis\u00e9e<\/strong>: Nous fournissons un service personnalis\u00e9, y compris la personnalisation des mat\u00e9riaux, des dimensions et des motifs d'impression pour r\u00e9pondre aux besoins des clients, et nous prenons en charge les OEM et ODM.<\/li>\n<li><strong>Fabrication<\/strong>: Gr\u00e2ce \u00e0 un \u00e9quipement et \u00e0 une technologie de pointe, nous pouvons r\u00e9aliser la production de la commande avec une grande efficacit\u00e9 et une grande qualit\u00e9, et nous pouvons livrer dans les d\u00e9lais.<\/li>\n<li><strong>Inspection de la qualit\u00e9<\/strong>: Respecter strictement les normes de qualit\u00e9 et les exigences en mati\u00e8re de s\u00e9curit\u00e9 alimentaire pour la production, afin de garantir que les produits r\u00e9pondent aux normes.<\/li>\n<li><strong>Service client\u00e8le<\/strong>Le service client\u00e8le est disponible 24 heures sur 24 pour fournir une r\u00e9ponse rapide et un service d'assistance \u00e0 la client\u00e8le attentionn\u00e9.<\/li>\n<li><strong>\u00c9chantillon gratuit<\/strong>\uff1a Fournir un service d'\u00e9chantillons gratuits pour vous permettre d'\u00e9valuer l'emballage souple.<\/li>\n<\/ul>\n<p>Huiyang Packaging s'engage \u00e0 fournir \u00e0 ses clients des sacs d'emballage pour aliments pour animaux de compagnie de haute qualit\u00e9 et respectueux de l'environnement, afin de les aider \u00e0 am\u00e9liorer l'image de leurs produits et \u00e0 renforcer leur comp\u00e9titivit\u00e9 sur le march\u00e9.<\/p>","protected":false},"featured_media":5269,"comment_status":"open","ping_status":"closed","template":"","meta":[],"product_brand":[],"product_cat":[56],"product_tag":[],"class_list":{"0":"post-5268","1":"product","2":"type-product","3":"status-publish","4":"has-post-thumbnail","6":"product_cat-custom-pet-food-packaging","8":"first","9":"instock","10":"shipping-taxable","11":"product-type-simple"},"_links":{"self":[{"href":"https:\/\/www.hyflexpack.com\/fr\/wp-json\/wp\/v2\/product\/5268","targetHints":{"allow":["GET"]}}],"collection":[{"href":"https:\/\/www.hyflexpack.com\/fr\/wp-json\/wp\/v2\/product"}],"about":[{"href":"https:\/\/www.hyflexpack.com\/fr\/wp-json\/wp\/v2\/types\/product"}],"replies":[{"embeddable":true,"href":"https:\/\/www.hyflexpack.com\/fr\/wp-json\/wp\/v2\/comments?post=5268"}],"wp:featuredmedia":[{"embeddable":true,"href":"https:\/\/www.hyflexpack.com\/fr\/wp-json\/wp\/v2\/media\/5269"}],"wp:attachment":[{"href":"https:\/\/www.hyflexpack.com\/fr\/wp-json\/wp\/v2\/media?parent=5268"}],"wp:term":[{"taxonomy":"product_brand","embeddable":true,"href":"https:\/\/www.hyflexpack.com\/fr\/wp-json\/wp\/v2\/product_brand?post=5268"},{"taxonomy":"product_cat","embeddable":true,"href":"https:\/\/www.hyflexpack.com\/fr\/wp-json\/wp\/v2\/product_cat?post=5268"},{"taxonomy":"product_tag","embeddable":true,"href":"https:\/\/www.hyflexpack.com\/fr\/wp-json\/wp\/v2\/product_tag?post=5268"}],"curies":[{"name":"wp","href":"https:\/\/api.w.org\/{rel}","templated":true}]}}