{"id":5258,"date":"2024-09-08T15:10:06","date_gmt":"2024-09-08T15:10:06","guid":{"rendered":"https:\/\/www.hyflexpack.com\/?post_type=product&#038;p=5258"},"modified":"2024-09-08T15:10:08","modified_gmt":"2024-09-08T15:10:08","slug":"customizable-cookie-packaging-bags","status":"publish","type":"product","link":"https:\/\/www.hyflexpack.com\/fr\/product\/customizable-cookie-packaging-bags\/","title":{"rendered":"Sacs d'emballage de biscuits personnalisables Poches \u00e0 main en forme Wholesale"},"content":{"rendered":"<div class=\"wp-block-columns is-layout-flex wp-container-core-columns-is-layout-9d6595d7 wp-block-columns-is-layout-flex\">\n<div class=\"wp-block-column is-layout-flow wp-block-column-is-layout-flow\">\n<h3 class=\"wp-block-heading\">Caract\u00e9ristiques des sacs d'emballage de biscuits personnalisables de haute qualit\u00e9<\/h3>\n\n\n\n<ul class=\"wp-block-list\">\n<li><strong>Mat\u00e9riaux respectueux de l'environnement<\/strong>: Utiliser des mat\u00e9riaux respectueux de l'environnement qui r\u00e9pondent aux exigences de protection de l'environnement, tels que des mat\u00e9riaux biod\u00e9gradables ou recyclables, afin de r\u00e9duire l'impact sur l'environnement. <\/li>\n<\/ul>\n\n\n\n<p><\/p>\n\n\n\n<ul class=\"wp-block-list\">\n<li><strong>Mat\u00e9riaux \u00e0 haute barri\u00e8re de qualit\u00e9 alimentaire<\/strong>: Les sacs d'emballage de biscuits personnalis\u00e9s utilisent des mat\u00e9riaux \u00e0 haute barri\u00e8re de qualit\u00e9 alimentaire, tels que PET, PE, BOPP, CPP, etc., pour garantir que les bonbons sont stock\u00e9s dans un environnement sec, \u00e0 l'abri de l'humidit\u00e9 et de l'oxydation, et pour prolonger la dur\u00e9e de conservation.<\/li>\n<\/ul>\n\n\n\n<p><\/p>\n\n\n\n<ul class=\"wp-block-list\">\n<li><strong>Conception des trous de suspension<\/strong>: Le sac d'emballage des biscuits est muni de trous de suspension, ce qui permet de le suspendre et de l'exposer dans le magasin, augmentant ainsi la popularit\u00e9 et l'attrait du produit. <\/li>\n<\/ul>\n\n\n\n<p><\/p>\n\n\n\n<ul class=\"wp-block-list\">\n<li><strong>Design accrocheur<\/strong>: Con\u00e7us pour attirer l'attention, les sachets fa\u00e7onn\u00e9s offrent une flexibilit\u00e9 cr\u00e9ative pour l'emballage de produits innovants. <\/li>\n<\/ul>\n\n\n\n<p><\/p>\n\n\n\n<ul class=\"wp-block-list\">\n<li><strong>Forme de la pochette<\/strong>: Con\u00e7u avec une base stable pour une pr\u00e9sentation facile sur les \u00e9tag\u00e8res du magasin et un stockage pratique.<\/li>\n<\/ul>\n<\/div>\n\n\n\n<div class=\"wp-block-column is-layout-flow wp-block-column-is-layout-flow\">\n<figure class=\"wp-block-image size-full\"><img fetchpriority=\"high\" decoding=\"async\" width=\"750\" height=\"750\" src=\"https:\/\/www.hyflexpack.com\/wp-content\/uploads\/2024\/09\/Customizable-cookie-packaging-bags\uff081\uff09.webp\" alt=\"Sacs d&#039;emballage de biscuits personnalisables\" class=\"wp-image-5259\" srcset=\"https:\/\/www.hyflexpack.com\/wp-content\/uploads\/2024\/09\/Customizable-cookie-packaging-bags\uff081\uff09.webp 750w, https:\/\/www.hyflexpack.com\/wp-content\/uploads\/2024\/09\/Customizable-cookie-packaging-bags\uff081\uff09-300x300.webp 300w, https:\/\/www.hyflexpack.com\/wp-content\/uploads\/2024\/09\/Customizable-cookie-packaging-bags\uff081\uff09-150x150.webp 150w, https:\/\/www.hyflexpack.com\/wp-content\/uploads\/2024\/09\/Customizable-cookie-packaging-bags\uff081\uff09-12x12.webp 12w, https:\/\/www.hyflexpack.com\/wp-content\/uploads\/2024\/09\/Customizable-cookie-packaging-bags\uff081\uff09-285x285.webp 285w, https:\/\/www.hyflexpack.com\/wp-content\/uploads\/2024\/09\/Customizable-cookie-packaging-bags\uff081\uff09-270x270.webp 270w, https:\/\/www.hyflexpack.com\/wp-content\/uploads\/2024\/09\/Customizable-cookie-packaging-bags\uff081\uff09-540x540.webp 540w, https:\/\/www.hyflexpack.com\/wp-content\/uploads\/2024\/09\/Customizable-cookie-packaging-bags\uff081\uff09-660x660.webp 660w\" sizes=\"(max-width: 750px) 100vw, 750px\" \/><\/figure>\n<\/div>\n<\/div>","protected":false},"excerpt":{"rendered":"<p>D\u00e9couvrez nos sachets d'emballage de biscuits personnalisables avec des mat\u00e9riaux composites offrant une barri\u00e8re \u00e9lev\u00e9e, une r\u00e9sistance \u00e0 l'humidit\u00e9, un fort blocage de la lumi\u00e8re et une forte r\u00e9sistance \u00e0 l'oxydation. Le design du sac en forme est plus accrocheur, et le design du sachet \u00e0 fond plat permet de mieux pr\u00e9senter le produit. Contactez-nous pour obtenir un devis. Nous nous engageons \u00e0 fournir des solutions d'emballage de qualit\u00e9 et respectueuses de l'environnement.<\/p>\n<h3>Avantages du fabricant de sacs d'emballage pour biscuits<\/h3>\n<ul>\n<li><strong>Conception personnalis\u00e9e<\/strong>: Nous proposons un service de sacs d'emballage de biscuits personnalisables, notamment en ce qui concerne le mat\u00e9riau, la taille et le motif d'impression, afin de r\u00e9pondre aux besoins des clients, et nous prenons en charge les OEM et les ODM.<\/li>\n<li><strong>Fabrication<\/strong>: Gr\u00e2ce \u00e0 un \u00e9quipement et \u00e0 une technologie de pointe, nous pouvons r\u00e9aliser la production de la commande avec une grande efficacit\u00e9 et une grande qualit\u00e9, et nous pouvons livrer dans les d\u00e9lais.<\/li>\n<li><strong>Inspection de la qualit\u00e9<\/strong>: Respecter strictement les normes de qualit\u00e9 et les exigences en mati\u00e8re de s\u00e9curit\u00e9 alimentaire pour la production, afin de garantir que les produits r\u00e9pondent aux normes.<\/li>\n<li><strong>Service client\u00e8le<\/strong>Le service client\u00e8le est disponible 24 heures sur 24 pour fournir une r\u00e9ponse rapide et un service d'assistance \u00e0 la client\u00e8le attentionn\u00e9.<\/li>\n<li><strong>\u00c9chantillon gratuit<\/strong>\uff1a Fournir un service d'\u00e9chantillonnage gratuit pour vous permettre d'\u00e9valuer les produits.<\/li>\n<\/ul>\n<p>Huiyang Packaging s'engage \u00e0 fournir \u00e0 ses clients des sacs d'emballage de biscuits personnalis\u00e9s de haute qualit\u00e9 afin de les aider \u00e0 am\u00e9liorer l'image de leurs produits et \u00e0 renforcer leur comp\u00e9titivit\u00e9 sur le march\u00e9.<\/p>","protected":false},"featured_media":5259,"comment_status":"open","ping_status":"closed","template":"","meta":[],"product_brand":[],"product_cat":[51],"product_tag":[],"class_list":{"0":"post-5258","1":"product","2":"type-product","3":"status-publish","4":"has-post-thumbnail","6":"product_cat-custom-food-packaging-bags","8":"first","9":"instock","10":"shipping-taxable","11":"product-type-simple"},"_links":{"self":[{"href":"https:\/\/www.hyflexpack.com\/fr\/wp-json\/wp\/v2\/product\/5258","targetHints":{"allow":["GET"]}}],"collection":[{"href":"https:\/\/www.hyflexpack.com\/fr\/wp-json\/wp\/v2\/product"}],"about":[{"href":"https:\/\/www.hyflexpack.com\/fr\/wp-json\/wp\/v2\/types\/product"}],"replies":[{"embeddable":true,"href":"https:\/\/www.hyflexpack.com\/fr\/wp-json\/wp\/v2\/comments?post=5258"}],"wp:featuredmedia":[{"embeddable":true,"href":"https:\/\/www.hyflexpack.com\/fr\/wp-json\/wp\/v2\/media\/5259"}],"wp:attachment":[{"href":"https:\/\/www.hyflexpack.com\/fr\/wp-json\/wp\/v2\/media?parent=5258"}],"wp:term":[{"taxonomy":"product_brand","embeddable":true,"href":"https:\/\/www.hyflexpack.com\/fr\/wp-json\/wp\/v2\/product_brand?post=5258"},{"taxonomy":"product_cat","embeddable":true,"href":"https:\/\/www.hyflexpack.com\/fr\/wp-json\/wp\/v2\/product_cat?post=5258"},{"taxonomy":"product_tag","embeddable":true,"href":"https:\/\/www.hyflexpack.com\/fr\/wp-json\/wp\/v2\/product_tag?post=5258"}],"curies":[{"name":"wp","href":"https:\/\/api.w.org\/{rel}","templated":true}]}}