{"id":5226,"date":"2024-08-30T18:00:37","date_gmt":"2024-08-30T18:00:37","guid":{"rendered":"https:\/\/www.hyflexpack.com\/?post_type=product&#038;p=5226"},"modified":"2025-03-14T06:43:28","modified_gmt":"2025-03-14T06:43:28","slug":"wholesale-green-tea-bag","status":"publish","type":"product","link":"https:\/\/www.hyflexpack.com\/fr\/product\/wholesale-green-tea-bag\/","title":{"rendered":"Fabricant de sachets de th\u00e9 vert en plastique r\u00e9utilisables en gros"},"content":{"rendered":"<div class=\"wp-block-columns is-layout-flex wp-container-core-columns-is-layout-9d6595d7 wp-block-columns-is-layout-flex\">\n<div class=\"wp-block-column is-layout-flow wp-block-column-is-layout-flow\">\n<h3 class=\"wp-block-heading\">Caract\u00e9ristiques du sachet de th\u00e9 vert personnalis\u00e9<\/h3>\n\n\n\n<ul class=\"wp-block-list\">\n<li><strong>Mat\u00e9riaux respectueux de l'environnement<\/strong>: Utiliser des mat\u00e9riaux respectueux de l'environnement qui r\u00e9pondent aux exigences de protection de l'environnement, tels que des mat\u00e9riaux biod\u00e9gradables ou recyclables, afin de r\u00e9duire l'impact sur l'environnement.<\/li>\n<\/ul>\n\n\n\n<p><\/p>\n\n\n\n<ul class=\"wp-block-list\">\n<li><strong>Mat\u00e9riaux \u00e0 haute barri\u00e8re de qualit\u00e9 alimentaire<\/strong>: Les sachets de th\u00e9 vert personnalis\u00e9s utilisent des mat\u00e9riaux \u00e9cologiques \u00e0 haute barri\u00e8re, tels que le PET, le PE, le papier d'aluminium, etc., pour garantir la s\u00e9cheresse et la s\u00e9curit\u00e9 du produit, l'imperm\u00e9abilit\u00e9 \u00e0 l'humidit\u00e9, l'anti-oxydation et l'allongement de la dur\u00e9e de conservation.<\/li>\n<\/ul>\n\n\n\n<p><\/p>\n\n\n\n<ul class=\"wp-block-list\">\n<li><strong>Excellente \u00e9tanch\u00e9it\u00e9<\/strong>: Veiller \u00e0 maximiser la fra\u00eecheur et l'ar\u00f4me de la tisane et emp\u00eacher l'humidit\u00e9 et l'air d'en alt\u00e9rer la qualit\u00e9.<\/li>\n<\/ul>\n\n\n\n<p><\/p>\n\n\n\n<ul class=\"wp-block-list\">\n<li><strong>Fermeture \u00e0 glissi\u00e8re<\/strong>: Fermeture \u00e0 glissi\u00e8re int\u00e9gr\u00e9e, pratique pour ouvrir la fermeture plusieurs fois, garder le produit sec, emp\u00eacher les parasites et l'air ext\u00e9rieur de p\u00e9n\u00e9trer.<\/li>\n<\/ul>\n\n\n\n<p><\/p>\n\n\n\n<ul class=\"wp-block-list\">\n<li><strong>Conception d'un joint de fond automatique<\/strong>: Le sac est ainsi plus inclusif et peut mieux se tenir sur l'\u00e9tag\u00e8re.<\/li>\n<\/ul>\n<\/div>\n\n\n\n<div class=\"wp-block-column is-layout-flow wp-block-column-is-layout-flow\">\n<figure class=\"wp-block-image size-full\"><img fetchpriority=\"high\" decoding=\"async\" width=\"750\" height=\"750\" src=\"https:\/\/www.hyflexpack.com\/wp-content\/uploads\/2024\/08\/Tea-Bag-manufacturer1.webp\" alt=\"\" class=\"wp-image-5232\" srcset=\"https:\/\/www.hyflexpack.com\/wp-content\/uploads\/2024\/08\/Tea-Bag-manufacturer1.webp 750w, https:\/\/www.hyflexpack.com\/wp-content\/uploads\/2024\/08\/Tea-Bag-manufacturer1-300x300.webp 300w, https:\/\/www.hyflexpack.com\/wp-content\/uploads\/2024\/08\/Tea-Bag-manufacturer1-150x150.webp 150w, https:\/\/www.hyflexpack.com\/wp-content\/uploads\/2024\/08\/Tea-Bag-manufacturer1-12x12.webp 12w, https:\/\/www.hyflexpack.com\/wp-content\/uploads\/2024\/08\/Tea-Bag-manufacturer1-285x285.webp 285w, https:\/\/www.hyflexpack.com\/wp-content\/uploads\/2024\/08\/Tea-Bag-manufacturer1-270x270.webp 270w, https:\/\/www.hyflexpack.com\/wp-content\/uploads\/2024\/08\/Tea-Bag-manufacturer1-540x540.webp 540w, https:\/\/www.hyflexpack.com\/wp-content\/uploads\/2024\/08\/Tea-Bag-manufacturer1-660x660.webp 660w\" sizes=\"(max-width: 750px) 100vw, 750px\" \/><\/figure>\n<\/div>\n<\/div>","protected":false},"excerpt":{"rendered":"<p>Sachant que nos sachets de th\u00e9 vert en gros sont fabriqu\u00e9s \u00e0 partir d'un mat\u00e9riau composite qui peut r\u00e9sister \u00e0 l'humidit\u00e9, aux antioxydants et \u00e0 une haute performance de barri\u00e8re pour garantir que le th\u00e9 et les feuilles ne seront pas affect\u00e9s par l'humidit\u00e9 et ne seront pas g\u00e2t\u00e9s. Le fond plus large rend l'ensemble du sachet plus inclusif.\u00a0<\/p>\n<h3>Avantages des sachets de th\u00e9 vert \u00e0 base de plantes<\/h3>\n<ul>\n<li><strong>Conception personnalis\u00e9e<\/strong>: Nous fournissons un service de sachets de th\u00e9 vert personnalis\u00e9s, y compris la personnalisation du mat\u00e9riau, de la taille et du motif d'impression pour r\u00e9pondre aux besoins des clients, et nous prenons en charge les OEM et ODM.<\/li>\n<li><strong>Fabrication<\/strong>: Gr\u00e2ce \u00e0 un \u00e9quipement et \u00e0 une technologie de pointe, nous pouvons r\u00e9aliser la production de la commande avec une grande efficacit\u00e9 et une grande qualit\u00e9, et nous pouvons livrer dans les d\u00e9lais.<\/li>\n<li><strong>Inspection de la qualit\u00e9<\/strong>: Respecter strictement les normes de qualit\u00e9 et les exigences en mati\u00e8re de s\u00e9curit\u00e9 alimentaire pour la production, afin de garantir que les produits r\u00e9pondent aux normes.<\/li>\n<li><strong>Service client\u00e8le<\/strong>Le service client\u00e8le est disponible 24 heures sur 24 pour fournir une r\u00e9ponse rapide et un service d'assistance \u00e0 la client\u00e8le attentionn\u00e9.<\/li>\n<li><strong>\u00c9chantillon gratuit<\/strong>\uff1a Fournir un service d'\u00e9chantillonnage gratuit pour vous permettre d'\u00e9valuer les produits.<\/li>\n<\/ul>\n<p>Huiyang Packaging s'engage \u00e0 fournir \u00e0 ses clients des produits de haute qualit\u00e9 et personnalis\u00e9s. <strong>Sachets de th\u00e9 vert aux herbes<\/strong> aider les clients \u00e0 am\u00e9liorer l'image de leurs produits et \u00e0 renforcer leur comp\u00e9titivit\u00e9 sur le march\u00e9.<\/p>","protected":false},"featured_media":5228,"comment_status":"open","ping_status":"closed","template":"","meta":[],"product_brand":[],"product_cat":[58],"product_tag":[],"class_list":{"0":"post-5226","1":"product","2":"type-product","3":"status-publish","4":"has-post-thumbnail","6":"product_cat-tea-bag-packaging","8":"first","9":"instock","10":"shipping-taxable","11":"product-type-simple"},"_links":{"self":[{"href":"https:\/\/www.hyflexpack.com\/fr\/wp-json\/wp\/v2\/product\/5226","targetHints":{"allow":["GET"]}}],"collection":[{"href":"https:\/\/www.hyflexpack.com\/fr\/wp-json\/wp\/v2\/product"}],"about":[{"href":"https:\/\/www.hyflexpack.com\/fr\/wp-json\/wp\/v2\/types\/product"}],"replies":[{"embeddable":true,"href":"https:\/\/www.hyflexpack.com\/fr\/wp-json\/wp\/v2\/comments?post=5226"}],"wp:featuredmedia":[{"embeddable":true,"href":"https:\/\/www.hyflexpack.com\/fr\/wp-json\/wp\/v2\/media\/5228"}],"wp:attachment":[{"href":"https:\/\/www.hyflexpack.com\/fr\/wp-json\/wp\/v2\/media?parent=5226"}],"wp:term":[{"taxonomy":"product_brand","embeddable":true,"href":"https:\/\/www.hyflexpack.com\/fr\/wp-json\/wp\/v2\/product_brand?post=5226"},{"taxonomy":"product_cat","embeddable":true,"href":"https:\/\/www.hyflexpack.com\/fr\/wp-json\/wp\/v2\/product_cat?post=5226"},{"taxonomy":"product_tag","embeddable":true,"href":"https:\/\/www.hyflexpack.com\/fr\/wp-json\/wp\/v2\/product_tag?post=5226"}],"curies":[{"name":"wp","href":"https:\/\/api.w.org\/{rel}","templated":true}]}}