{"id":5184,"date":"2024-08-25T09:44:35","date_gmt":"2024-08-25T09:44:35","guid":{"rendered":"https:\/\/www.hyflexpack.com\/?post_type=product&#038;p=5184"},"modified":"2025-03-14T06:44:07","modified_gmt":"2025-03-14T06:44:07","slug":"custom-coffee-packaging-bags-2","status":"publish","type":"product","link":"https:\/\/www.hyflexpack.com\/fr\/product\/custom-coffee-packaging-bags-2\/","title":{"rendered":"Sacs d'emballage de caf\u00e9 personnalis\u00e9s Sacs \u00e0 herbe Sac \u00e0 dos de jour \u00e0 l'\u00e9preuve des odeurs Pochette debout"},"content":{"rendered":"<div class=\"wp-block-columns is-layout-flex wp-container-core-columns-is-layout-9d6595d7 wp-block-columns-is-layout-flex\">\n<div class=\"wp-block-column is-layout-flow wp-block-column-is-layout-flow\">\n<h3 class=\"wp-block-heading\">Caract\u00e9ristiques des sacs d'emballage pour le caf\u00e9<\/h3>\n\n\n\n<ul class=\"wp-block-list\">\n<li>Mat\u00e9riaux respectueux de l'environnement : Utiliser des mat\u00e9riaux respectueux de l'environnement qui r\u00e9pondent aux exigences de protection de l'environnement, tels que des mat\u00e9riaux biod\u00e9gradables ou recyclables, afin de r\u00e9duire l'impact sur l'environnement.<\/li>\n<\/ul>\n\n\n\n<p><\/p>\n\n\n\n<ul class=\"wp-block-list\">\n<li>Mat\u00e9riaux \u00e0 haute barri\u00e8re de qualit\u00e9 alimentaire : Les sacs d'emballage de caf\u00e9 personnalis\u00e9s utilisent des mat\u00e9riaux antistatiques \u00e0 haute barri\u00e8re respectueux de l'environnement, tels que le PET, le PE, le papier d'aluminium, etc., pour garantir la s\u00e9cheresse et la s\u00e9curit\u00e9 du produit, l'imperm\u00e9abilit\u00e9 \u00e0 l'humidit\u00e9, l'anti-oxydation et l'allongement de la dur\u00e9e de conservation.<\/li>\n<\/ul>\n\n\n\n<p><\/p>\n\n\n\n<ul class=\"wp-block-list\">\n<li>Conception de la poign\u00e9e : Le sac comporte des trous de suspension, ce qui permet de le suspendre et de l'exposer dans le magasin, augmentant ainsi la popularit\u00e9 et l'attrait du produit.<\/li>\n<\/ul>\n\n\n\n<p><\/p>\n\n\n\n<ul class=\"wp-block-list\">\n<li>Fermeture \u00e0 glissi\u00e8re : La fermeture \u00e0 glissi\u00e8re int\u00e9gr\u00e9e est pratique pour ouvrir la fermeture plusieurs fois, garder la poudre s\u00e8che et emp\u00eacher les animaux nuisibles et l'air ext\u00e9rieur de p\u00e9n\u00e9trer. <\/li>\n<\/ul>\n\n\n\n<p><\/p>\n\n\n\n<ul class=\"wp-block-list\">\n<li>Conception de scellage lat\u00e9ral : Augmente la capacit\u00e9 et la durabilit\u00e9 du sac, prot\u00e8ge mieux le sac d'emballage du caf\u00e9.<\/li>\n<\/ul>\n<\/div>\n\n\n\n<div class=\"wp-block-column is-layout-flow wp-block-column-is-layout-flow\">\n<figure class=\"wp-block-image size-full\"><img fetchpriority=\"high\" decoding=\"async\" width=\"750\" height=\"750\" src=\"https:\/\/www.hyflexpack.com\/wp-content\/uploads\/2024\/08\/Customize-Coffee-Packaging-Bags-\uff081\uff09-1.webp\" alt=\"\" class=\"wp-image-5189\" srcset=\"https:\/\/www.hyflexpack.com\/wp-content\/uploads\/2024\/08\/Customize-Coffee-Packaging-Bags-\uff081\uff09-1.webp 750w, https:\/\/www.hyflexpack.com\/wp-content\/uploads\/2024\/08\/Customize-Coffee-Packaging-Bags-\uff081\uff09-1-300x300.webp 300w, https:\/\/www.hyflexpack.com\/wp-content\/uploads\/2024\/08\/Customize-Coffee-Packaging-Bags-\uff081\uff09-1-150x150.webp 150w, https:\/\/www.hyflexpack.com\/wp-content\/uploads\/2024\/08\/Customize-Coffee-Packaging-Bags-\uff081\uff09-1-12x12.webp 12w, https:\/\/www.hyflexpack.com\/wp-content\/uploads\/2024\/08\/Customize-Coffee-Packaging-Bags-\uff081\uff09-1-285x285.webp 285w, https:\/\/www.hyflexpack.com\/wp-content\/uploads\/2024\/08\/Customize-Coffee-Packaging-Bags-\uff081\uff09-1-270x270.webp 270w, https:\/\/www.hyflexpack.com\/wp-content\/uploads\/2024\/08\/Customize-Coffee-Packaging-Bags-\uff081\uff09-1-540x540.webp 540w, https:\/\/www.hyflexpack.com\/wp-content\/uploads\/2024\/08\/Customize-Coffee-Packaging-Bags-\uff081\uff09-1-660x660.webp 660w\" sizes=\"(max-width: 750px) 100vw, 750px\" \/><\/figure>\n<\/div>\n<\/div>\n\n\n\n<p><\/p>","protected":false},"excerpt":{"rendered":"<p>D\u00e9couvrez nos sacs d'emballage de caf\u00e9, l'application du mat\u00e9riau composite peut fournir une bonne fonction anti-humidit\u00e9 et anti-statique, et une haute performance de barri\u00e8re pour garantir que le caf\u00e9 est sec et s\u00fbr, et que les grains de caf\u00e9 ne seront pas g\u00e2t\u00e9s par l'humidit\u00e9. Le fond plus large rend l'ensemble du sac plus inclusif. Contactez-nous d\u00e8s aujourd'hui pour un devis gratuit. Nous nous engageons \u00e0 fournir des solutions d'emballage de qualit\u00e9 et respectueuses de l'environnement.<\/p>\n<h3>Avantages du fournisseur de sacs d'emballage pour le caf\u00e9<\/h3>\n<ul>\n<li><strong>Conception sur mesure<\/strong>: Fournir des solutions de conception personnalis\u00e9es pour r\u00e9pondre \u00e0 diff\u00e9rentes sp\u00e9cifications, tailles et exigences d'impression jusqu'\u00e0 10 couleurs selon les besoins du client, prendre en charge la personnalisation OEM et ODM.<\/li>\n<li><strong>Assurance qualit\u00e9<\/strong>: Contr\u00f4le strict du processus de production, utilisation de mati\u00e8res premi\u00e8res de haute qualit\u00e9 et d'\u00e9quipements de production avanc\u00e9s pour garantir une qualit\u00e9 de produit stable et fiable.<\/li>\n<li><strong>Support technique professionnel<\/strong>: Gr\u00e2ce \u00e0 notre \u00e9quipe technique exp\u00e9riment\u00e9e, nous fournissons une assistance technique professionnelle et un service apr\u00e8s-vente afin de r\u00e9pondre rapidement aux besoins des clients.<\/li>\n<li><strong>\u00c9chantillon gratuit<\/strong>: Fournir un service d'\u00e9chantillonnage gratuit pour vous permettre d'\u00e9valuer les produits.<\/li>\n<\/ul>\n<p>Huiyang Packaging se consacre \u00e0 offrir des sacs d'emballage de caf\u00e9 personnalis\u00e9s de haute qualit\u00e9 qui am\u00e9liorent l'image du produit et renforcent la comp\u00e9titivit\u00e9 du march\u00e9 pour nos clients.<\/p>","protected":false},"featured_media":5185,"comment_status":"open","ping_status":"closed","template":"","meta":[],"product_brand":[],"product_cat":[55],"product_tag":[],"class_list":{"0":"post-5184","1":"product","2":"type-product","3":"status-publish","4":"has-post-thumbnail","6":"product_cat-custom-coffee-packaging","8":"first","9":"instock","10":"shipping-taxable","11":"product-type-simple"},"_links":{"self":[{"href":"https:\/\/www.hyflexpack.com\/fr\/wp-json\/wp\/v2\/product\/5184","targetHints":{"allow":["GET"]}}],"collection":[{"href":"https:\/\/www.hyflexpack.com\/fr\/wp-json\/wp\/v2\/product"}],"about":[{"href":"https:\/\/www.hyflexpack.com\/fr\/wp-json\/wp\/v2\/types\/product"}],"replies":[{"embeddable":true,"href":"https:\/\/www.hyflexpack.com\/fr\/wp-json\/wp\/v2\/comments?post=5184"}],"wp:featuredmedia":[{"embeddable":true,"href":"https:\/\/www.hyflexpack.com\/fr\/wp-json\/wp\/v2\/media\/5185"}],"wp:attachment":[{"href":"https:\/\/www.hyflexpack.com\/fr\/wp-json\/wp\/v2\/media?parent=5184"}],"wp:term":[{"taxonomy":"product_brand","embeddable":true,"href":"https:\/\/www.hyflexpack.com\/fr\/wp-json\/wp\/v2\/product_brand?post=5184"},{"taxonomy":"product_cat","embeddable":true,"href":"https:\/\/www.hyflexpack.com\/fr\/wp-json\/wp\/v2\/product_cat?post=5184"},{"taxonomy":"product_tag","embeddable":true,"href":"https:\/\/www.hyflexpack.com\/fr\/wp-json\/wp\/v2\/product_tag?post=5184"}],"curies":[{"name":"wp","href":"https:\/\/api.w.org\/{rel}","templated":true}]}}