{"id":5164,"date":"2024-08-24T10:23:43","date_gmt":"2024-08-24T10:23:43","guid":{"rendered":"https:\/\/www.hyflexpack.com\/?post_type=product&#038;p=5164"},"modified":"2025-10-23T04:07:05","modified_gmt":"2025-10-23T04:07:05","slug":"custom-bread-packaging-bag","status":"publish","type":"product","link":"https:\/\/www.hyflexpack.com\/fr\/product\/custom-bread-packaging-bag\/","title":{"rendered":"Sac d'emballage de pain personnalis\u00e9 Sac d'emballage alimentaire transparent Stand Up Pouch"},"content":{"rendered":"<div class=\"wp-block-columns is-layout-flex wp-container-core-columns-is-layout-9d6595d7 wp-block-columns-is-layout-flex\">\n<div class=\"wp-block-column is-layout-flow wp-block-column-is-layout-flow\">\n<h3 class=\"wp-block-heading\">Caract\u00e9ristiques du sac d'emballage de pain personnalis\u00e9 de haute qualit\u00e9<\/h3>\n\n\n\n<ul class=\"wp-block-list\">\n<li>Mat\u00e9riaux respectueux de l'environnement : Utiliser des mat\u00e9riaux respectueux de l'environnement qui r\u00e9pondent aux exigences de protection de l'environnement, tels que des mat\u00e9riaux biod\u00e9gradables ou recyclables, afin de r\u00e9duire l'impact sur l'environnement.<\/li>\n<\/ul>\n\n\n\n<p><\/p>\n\n\n\n<ul class=\"wp-block-list\">\n<li>Mat\u00e9riaux \u00e0 haute barri\u00e8re de qualit\u00e9 alimentaire : Les sacs d'emballage de pain personnalis\u00e9s utilisent des mat\u00e9riaux de qualit\u00e9 alimentaire \u00e0 haute barri\u00e8re, tels que le PET, le PE, le papier d'aluminium, etc., pour garantir la fra\u00eecheur et la s\u00e9curit\u00e9 du pain, l'imperm\u00e9abilit\u00e9 \u00e0 l'humidit\u00e9, l'anti-oxydation et l'allongement de la dur\u00e9e de conservation. <\/li>\n<\/ul>\n\n\n\n<p><\/p>\n\n\n\n<ul class=\"wp-block-list\">\n<li>Conception de trous de suspension : Des trous de suspension sont pr\u00e9vus \u00e0 l'int\u00e9rieur du sac, ce qui permet de le suspendre et de l'exposer dans le magasin, augmentant ainsi la popularit\u00e9 et l'attrait du produit. <\/li>\n<\/ul>\n\n\n\n<p><\/p>\n\n\n\n<ul class=\"wp-block-list\">\n<li>Fermeture \u00e0 glissi\u00e8re : la fermeture \u00e0 glissi\u00e8re int\u00e9gr\u00e9e est pratique pour ouvrir la fermeture plusieurs fois, garder le pain frais et emp\u00eacher l'air ext\u00e9rieur de p\u00e9n\u00e9trer. <\/li>\n<\/ul>\n\n\n\n<p><\/p>\n\n\n\n<ul class=\"wp-block-list\">\n<li>Conception du sac sur pied : La structure du sac sur pied permet au sac de se tenir fermement sur l'\u00e9tag\u00e8re ou la vitrine, ce qui permet d'\u00e9conomiser de l'espace et d'am\u00e9liorer l'effet de pr\u00e9sentation du produit.<\/li>\n<\/ul>\n<\/div>\n\n\n\n<div class=\"wp-block-column is-layout-flow wp-block-column-is-layout-flow\">\n<figure class=\"wp-block-image size-full\"><img fetchpriority=\"high\" decoding=\"async\" width=\"750\" height=\"750\" src=\"https:\/\/www.hyflexpack.com\/wp-content\/uploads\/2024\/08\/Custom-bread-packaging-\uff081\uff09-1.webp\" alt=\"\" class=\"wp-image-5170\" srcset=\"https:\/\/www.hyflexpack.com\/wp-content\/uploads\/2024\/08\/Custom-bread-packaging-\uff081\uff09-1.webp 750w, https:\/\/www.hyflexpack.com\/wp-content\/uploads\/2024\/08\/Custom-bread-packaging-\uff081\uff09-1-300x300.webp 300w, https:\/\/www.hyflexpack.com\/wp-content\/uploads\/2024\/08\/Custom-bread-packaging-\uff081\uff09-1-150x150.webp 150w, https:\/\/www.hyflexpack.com\/wp-content\/uploads\/2024\/08\/Custom-bread-packaging-\uff081\uff09-1-12x12.webp 12w, https:\/\/www.hyflexpack.com\/wp-content\/uploads\/2024\/08\/Custom-bread-packaging-\uff081\uff09-1-285x285.webp 285w, https:\/\/www.hyflexpack.com\/wp-content\/uploads\/2024\/08\/Custom-bread-packaging-\uff081\uff09-1-270x270.webp 270w, https:\/\/www.hyflexpack.com\/wp-content\/uploads\/2024\/08\/Custom-bread-packaging-\uff081\uff09-1-540x540.webp 540w, https:\/\/www.hyflexpack.com\/wp-content\/uploads\/2024\/08\/Custom-bread-packaging-\uff081\uff09-1-660x660.webp 660w\" sizes=\"(max-width: 750px) 100vw, 750px\" \/><\/figure>\n<\/div>\n<\/div>","protected":false},"excerpt":{"rendered":"<p>D\u00e9couvrez comment nos sacs d'emballage de pain personnalis\u00e9s sont fabriqu\u00e9s \u00e0 l'aide d'un film d'emballage lamin\u00e9 \u00e9cologique de qualit\u00e9 alimentaire. Contactez-nous d\u00e8s aujourd'hui pour obtenir un devis et une conception gratuits. Nous nous engageons \u00e0 fournir des solutions d'emballage de qualit\u00e9 et respectueuses de l'environnement.<\/p>\n<h3>Avantages du fournisseur de sacs d'emballage pour pain<\/h3>\n<ul>\n<li><strong>Conception personnalis\u00e9e<\/strong>: Fournir des solutions de conception personnalis\u00e9es et des emballages de pain sur mesure avec diff\u00e9rentes sp\u00e9cifications, tailles et motifs d'impression en fonction des besoins du client.<\/li>\n<li><strong>Assurance qualit\u00e9<\/strong>: Contr\u00f4ler strictement le processus de production, choisir des mat\u00e9riaux de haute qualit\u00e9 et des \u00e9quipements de pointe pour garantir une qualit\u00e9 de produit stable et fiable.<\/li>\n<li><strong>Livraison en temps voulu<\/strong>: Optimiser le processus de production, am\u00e9liorer l'efficacit\u00e9 de la production, assurer la livraison \u00e0 temps des commandes des clients, r\u00e9pondre aux besoins urgents des clients.<\/li>\n<li><strong>Support technique professionnel<\/strong>: Une \u00e9quipe technique exp\u00e9riment\u00e9e fournit une assistance technique professionnelle et un service apr\u00e8s-vente pour garantir une r\u00e9ponse et une solution rapides \u00e0 la demande.<\/li>\n<li><strong>\u00c9chantillon gratuit<\/strong>: Fournir un service d'\u00e9chantillonnage gratuit pour vous permettre d'\u00e9valuer les produits.<\/li>\n<\/ul>","protected":false},"featured_media":5165,"comment_status":"open","ping_status":"closed","template":"","meta":[],"product_brand":[],"product_cat":[51,102],"product_tag":[],"class_list":{"0":"post-5164","1":"product","2":"type-product","3":"status-publish","4":"has-post-thumbnail","6":"product_cat-custom-food-packaging-bags","7":"product_cat-bakery-packaging-bags-wholesale","9":"first","10":"instock","11":"shipping-taxable","12":"product-type-simple"},"_links":{"self":[{"href":"https:\/\/www.hyflexpack.com\/fr\/wp-json\/wp\/v2\/product\/5164","targetHints":{"allow":["GET"]}}],"collection":[{"href":"https:\/\/www.hyflexpack.com\/fr\/wp-json\/wp\/v2\/product"}],"about":[{"href":"https:\/\/www.hyflexpack.com\/fr\/wp-json\/wp\/v2\/types\/product"}],"replies":[{"embeddable":true,"href":"https:\/\/www.hyflexpack.com\/fr\/wp-json\/wp\/v2\/comments?post=5164"}],"wp:featuredmedia":[{"embeddable":true,"href":"https:\/\/www.hyflexpack.com\/fr\/wp-json\/wp\/v2\/media\/5165"}],"wp:attachment":[{"href":"https:\/\/www.hyflexpack.com\/fr\/wp-json\/wp\/v2\/media?parent=5164"}],"wp:term":[{"taxonomy":"product_brand","embeddable":true,"href":"https:\/\/www.hyflexpack.com\/fr\/wp-json\/wp\/v2\/product_brand?post=5164"},{"taxonomy":"product_cat","embeddable":true,"href":"https:\/\/www.hyflexpack.com\/fr\/wp-json\/wp\/v2\/product_cat?post=5164"},{"taxonomy":"product_tag","embeddable":true,"href":"https:\/\/www.hyflexpack.com\/fr\/wp-json\/wp\/v2\/product_tag?post=5164"}],"curies":[{"name":"wp","href":"https:\/\/api.w.org\/{rel}","templated":true}]}}