{"id":5163,"date":"2024-08-25T09:26:08","date_gmt":"2024-08-25T09:26:08","guid":{"rendered":"https:\/\/www.hyflexpack.com\/?post_type=product&#038;p=5163"},"modified":"2024-08-25T09:26:10","modified_gmt":"2024-08-25T09:26:10","slug":"custom-rice-packaging-bags","status":"publish","type":"product","link":"https:\/\/www.hyflexpack.com\/fr\/product\/custom-rice-packaging-bags\/","title":{"rendered":"Sacs d'emballage de riz personnalis\u00e9s Sac d'emballage en Mylar"},"content":{"rendered":"<div class=\"wp-block-columns is-layout-flex wp-container-core-columns-is-layout-9d6595d7 wp-block-columns-is-layout-flex\">\n<div class=\"wp-block-column is-layout-flow wp-block-column-is-layout-flow\">\n<h3 class=\"wp-block-heading\">Caract\u00e9ristiques du sac d'emballage de riz personnalis\u00e9 de haute qualit\u00e9<\/h3>\n\n\n\n<ul class=\"wp-block-list\">\n<li>Mat\u00e9riaux respectueux de l'environnement : Des mat\u00e9riaux respectueux de l'environnement qui r\u00e9pondent aux exigences de protection de l'environnement, tels que les mat\u00e9riaux biod\u00e9gradables ou recyclables, sont utilis\u00e9s pour r\u00e9duire l'impact sur l'environnement.<\/li>\n<\/ul>\n\n\n\n<p><\/p>\n\n\n\n<ul class=\"wp-block-list\">\n<li>Mat\u00e9riaux \u00e0 haute barri\u00e8re de qualit\u00e9 alimentaire : Les sacs d'emballage de riz personnalis\u00e9s utilisent des mat\u00e9riaux antistatiques \u00e0 haute barri\u00e8re de qualit\u00e9 alimentaire, tels que le PET, le PE, le papier d'aluminium, etc., pour garantir la fra\u00eecheur et la s\u00e9curit\u00e9 du produit, l'imperm\u00e9abilit\u00e9 \u00e0 l'humidit\u00e9, l'anti-oxydation et l'allongement de la dur\u00e9e de conservation. <\/li>\n<\/ul>\n\n\n\n<p><\/p>\n\n\n\n<ul class=\"wp-block-list\">\n<li>Attrait visuel : la conception du sac d'emballage du riz est simple et g\u00e9n\u00e9reuse, et permet l'impression personnalis\u00e9e de logos de marque et d'informations sur les produits afin d'am\u00e9liorer la notori\u00e9t\u00e9 de la marque.<\/li>\n<\/ul>\n\n\n\n<p><\/p>\n\n\n\n<ul class=\"wp-block-list\">\n<li>Fermeture \u00e0 glissi\u00e8re : La fermeture \u00e0 glissi\u00e8re int\u00e9gr\u00e9e est pratique pour ouvrir la fermeture plusieurs fois, garder le riz frais et sec, et emp\u00eacher les parasites et l'air ext\u00e9rieur de p\u00e9n\u00e9trer. <\/li>\n<\/ul>\n\n\n\n<p><\/p>\n\n\n\n<ul class=\"wp-block-list\">\n<li>Conception du sac sur pied : La structure du sac sur pied permet au sac de se tenir fermement sur l'\u00e9tag\u00e8re ou la vitrine, ce qui permet d'\u00e9conomiser de l'espace et d'am\u00e9liorer l'effet de pr\u00e9sentation du produit.<\/li>\n<\/ul>\n<\/div>\n\n\n\n<div class=\"wp-block-column is-layout-flow wp-block-column-is-layout-flow\">\n<figure class=\"wp-block-image size-full\"><img fetchpriority=\"high\" decoding=\"async\" width=\"750\" height=\"750\" src=\"https:\/\/www.hyflexpack.com\/wp-content\/uploads\/2024\/08\/Custom-Rice-Packaging-Bags\uff081\uff09-1.webp\" alt=\"\" class=\"wp-image-5175\" srcset=\"https:\/\/www.hyflexpack.com\/wp-content\/uploads\/2024\/08\/Custom-Rice-Packaging-Bags\uff081\uff09-1.webp 750w, https:\/\/www.hyflexpack.com\/wp-content\/uploads\/2024\/08\/Custom-Rice-Packaging-Bags\uff081\uff09-1-300x300.webp 300w, https:\/\/www.hyflexpack.com\/wp-content\/uploads\/2024\/08\/Custom-Rice-Packaging-Bags\uff081\uff09-1-150x150.webp 150w, https:\/\/www.hyflexpack.com\/wp-content\/uploads\/2024\/08\/Custom-Rice-Packaging-Bags\uff081\uff09-1-12x12.webp 12w, https:\/\/www.hyflexpack.com\/wp-content\/uploads\/2024\/08\/Custom-Rice-Packaging-Bags\uff081\uff09-1-285x285.webp 285w, https:\/\/www.hyflexpack.com\/wp-content\/uploads\/2024\/08\/Custom-Rice-Packaging-Bags\uff081\uff09-1-270x270.webp 270w, https:\/\/www.hyflexpack.com\/wp-content\/uploads\/2024\/08\/Custom-Rice-Packaging-Bags\uff081\uff09-1-540x540.webp 540w, https:\/\/www.hyflexpack.com\/wp-content\/uploads\/2024\/08\/Custom-Rice-Packaging-Bags\uff081\uff09-1-660x660.webp 660w\" sizes=\"(max-width: 750px) 100vw, 750px\" \/><\/figure>\n<\/div>\n<\/div>","protected":false},"excerpt":{"rendered":"<p>D\u00e9couvrez comment les sacs d'emballage de riz sont fabriqu\u00e9s \u00e0 l'aide d'un film d'emballage composite de qualit\u00e9 alimentaire respectueux de l'environnement. Il offre une excellente r\u00e9sistance \u00e0 l'humidit\u00e9 et \u00e0 l'oxydation, ainsi que des propri\u00e9t\u00e9s de barri\u00e8re \u00e9lev\u00e9es pour garantir des aliments secs et s\u00fbrs. Contactez-nous d\u00e8s aujourd'hui, nous nous engageons \u00e0 vous fournir des solutions d'emballage de qualit\u00e9 et respectueuses de l'environnement !<\/p>\n<h3>Avantages du fournisseur de sacs d'emballage pour le riz<\/h3>\n<ul>\n<li><strong>Conception sur mesure<\/strong>: Nous fournissons des emballages de riz personnalis\u00e9s, notamment en ce qui concerne le mat\u00e9riau, la taille et le motif d'impression, afin de r\u00e9pondre aux besoins des clients en mati\u00e8re d'image de marque, et nous prenons en charge les OEM et ODM.<\/li>\n<li><strong>Fabrication<\/strong>: Gr\u00e2ce \u00e0 un \u00e9quipement et \u00e0 une technologie de pointe, nous pouvons r\u00e9aliser la production de la commande avec une grande efficacit\u00e9 et une grande qualit\u00e9 et nous pouvons livrer dans les d\u00e9lais.<\/li>\n<li><strong>Inspection de la qualit\u00e9<\/strong>: Respecter strictement les normes de qualit\u00e9 et les exigences en mati\u00e8re de s\u00e9curit\u00e9 alimentaire afin de garantir la conformit\u00e9 des produits aux normes.<\/li>\n<li><strong>Service client\u00e8le<\/strong>: Fournir une r\u00e9ponse rapide et un service \u00e0 la client\u00e8le attentionn\u00e9 24 heures par jour.<\/li>\n<li><strong>\u00c9chantillon gratuit<\/strong>: Fournir un service d'\u00e9chantillonnage gratuit pour vous permettre d'\u00e9valuer les produits.<\/li>\n<\/ul>","protected":false},"featured_media":5171,"comment_status":"open","ping_status":"closed","template":"","meta":[],"product_brand":[],"product_cat":[51],"product_tag":[],"class_list":{"0":"post-5163","1":"product","2":"type-product","3":"status-publish","4":"has-post-thumbnail","6":"product_cat-custom-food-packaging-bags","8":"first","9":"instock","10":"shipping-taxable","11":"product-type-simple"},"_links":{"self":[{"href":"https:\/\/www.hyflexpack.com\/fr\/wp-json\/wp\/v2\/product\/5163","targetHints":{"allow":["GET"]}}],"collection":[{"href":"https:\/\/www.hyflexpack.com\/fr\/wp-json\/wp\/v2\/product"}],"about":[{"href":"https:\/\/www.hyflexpack.com\/fr\/wp-json\/wp\/v2\/types\/product"}],"replies":[{"embeddable":true,"href":"https:\/\/www.hyflexpack.com\/fr\/wp-json\/wp\/v2\/comments?post=5163"}],"wp:featuredmedia":[{"embeddable":true,"href":"https:\/\/www.hyflexpack.com\/fr\/wp-json\/wp\/v2\/media\/5171"}],"wp:attachment":[{"href":"https:\/\/www.hyflexpack.com\/fr\/wp-json\/wp\/v2\/media?parent=5163"}],"wp:term":[{"taxonomy":"product_brand","embeddable":true,"href":"https:\/\/www.hyflexpack.com\/fr\/wp-json\/wp\/v2\/product_brand?post=5163"},{"taxonomy":"product_cat","embeddable":true,"href":"https:\/\/www.hyflexpack.com\/fr\/wp-json\/wp\/v2\/product_cat?post=5163"},{"taxonomy":"product_tag","embeddable":true,"href":"https:\/\/www.hyflexpack.com\/fr\/wp-json\/wp\/v2\/product_tag?post=5163"}],"curies":[{"name":"wp","href":"https:\/\/api.w.org\/{rel}","templated":true}]}}