{"id":5110,"date":"2024-08-18T16:06:08","date_gmt":"2024-08-18T16:06:08","guid":{"rendered":"https:\/\/www.hyflexpack.com\/?post_type=product&#038;p=5110"},"modified":"2025-05-12T07:54:30","modified_gmt":"2025-05-12T07:54:30","slug":"custom-laminated-pouches","status":"publish","type":"product","link":"https:\/\/www.hyflexpack.com\/fr\/product\/custom-laminated-pouches\/","title":{"rendered":"Sachets lamin\u00e9s personnalis\u00e9s pour poulet r\u00f4ti Sachets refermables avec logo Fournisseur"},"content":{"rendered":"<div class=\"wp-block-columns is-layout-flex wp-container-core-columns-is-layout-9d6595d7 wp-block-columns-is-layout-flex\">\n<div class=\"wp-block-column is-layout-flow wp-block-column-is-layout-flow\">\n<h3 class=\"wp-block-heading\">Caract\u00e9ristiques des pochettes plastifi\u00e9es sur mesure<\/h3>\n\n\n\n<ul class=\"wp-block-list\">\n<li><strong>Conception de fen\u00eatres transparentes<\/strong>: Les pochettes lamin\u00e9es sur mesure sont dot\u00e9es d'une fen\u00eatre transparente, \u00e0 travers laquelle les consommateurs peuvent facilement visualiser les produits stock\u00e9s \u00e0 l'int\u00e9rieur.<\/li>\n\n\n\n<li><strong>Bonne performance en mati\u00e8re de barri\u00e8re<\/strong>: Le sac d'emballage de poulet est un mat\u00e9riau composite dot\u00e9 d'une excellente performance de barri\u00e8re, qui peut bien sceller l'air et l'humidit\u00e9 de l'ext\u00e9rieur et conserver la fra\u00eecheur et la saveur du poulet.<\/li>\n\n\n\n<li><strong>Fermeture \u00e0 glissi\u00e8re refermable<\/strong>: Les sachets lamin\u00e9s pour le poulet sont \u00e9quip\u00e9s d'une fermeture \u00e0 glissi\u00e8re refermable qui permet aux clients d'ouvrir et de fermer l'emballage plusieurs fois avec facilit\u00e9, ce qui garantit la conservation et la s\u00e9curit\u00e9 des aliments \u00e0 long terme.<\/li>\n\n\n\n<li><strong>Solide et durable<\/strong>: Le sac d'emballage pour poulets poss\u00e8de une structure robuste, r\u00e9sistante \u00e0 la perforation et \u00e0 la d\u00e9chirure, et ne s'ab\u00eeme donc pas facilement pendant le stockage et le transport.<\/li>\n\n\n\n<li><strong>Conception des trous de suspension<\/strong>: Le sac est dot\u00e9 de trous de suspension, facile \u00e0 accrocher et \u00e0 pr\u00e9senter dans le magasin, ce qui accro\u00eet la visibilit\u00e9 et l'exposition du produit.<\/li>\n\n\n\n<li><strong>Conception d'un sac sur pied<\/strong>: La forme du sac permet au sac de se tenir fermement sur l'\u00e9tag\u00e8re ou la vitrine, ce qui r\u00e9duit l'espace d'exposition et am\u00e9liore l'effet de pr\u00e9sentation du produit.<\/li>\n<\/ul>\n<\/div>\n\n\n\n<div class=\"wp-block-column is-layout-flow wp-block-column-is-layout-flow\">\n<figure class=\"wp-block-image size-full\"><img fetchpriority=\"high\" decoding=\"async\" width=\"750\" height=\"750\" src=\"https:\/\/www.hyflexpack.com\/wp-content\/uploads\/2024\/08\/customize-chicken-packaging-bags\uff081\uff09-1.webp\" alt=\"\" class=\"wp-image-5116\" srcset=\"https:\/\/www.hyflexpack.com\/wp-content\/uploads\/2024\/08\/customize-chicken-packaging-bags\uff081\uff09-1.webp 750w, https:\/\/www.hyflexpack.com\/wp-content\/uploads\/2024\/08\/customize-chicken-packaging-bags\uff081\uff09-1-300x300.webp 300w, https:\/\/www.hyflexpack.com\/wp-content\/uploads\/2024\/08\/customize-chicken-packaging-bags\uff081\uff09-1-150x150.webp 150w, https:\/\/www.hyflexpack.com\/wp-content\/uploads\/2024\/08\/customize-chicken-packaging-bags\uff081\uff09-1-12x12.webp 12w, https:\/\/www.hyflexpack.com\/wp-content\/uploads\/2024\/08\/customize-chicken-packaging-bags\uff081\uff09-1-285x285.webp 285w, https:\/\/www.hyflexpack.com\/wp-content\/uploads\/2024\/08\/customize-chicken-packaging-bags\uff081\uff09-1-270x270.webp 270w, https:\/\/www.hyflexpack.com\/wp-content\/uploads\/2024\/08\/customize-chicken-packaging-bags\uff081\uff09-1-540x540.webp 540w, https:\/\/www.hyflexpack.com\/wp-content\/uploads\/2024\/08\/customize-chicken-packaging-bags\uff081\uff09-1-660x660.webp 660w\" sizes=\"(max-width: 750px) 100vw, 750px\" \/><\/figure>\n<\/div>\n<\/div>\n\n\n\n<div class=\"wp-block-columns is-layout-flex wp-container-core-columns-is-layout-9d6595d7 wp-block-columns-is-layout-flex\">\n<div class=\"wp-block-column is-layout-flow wp-block-column-is-layout-flow\">\n<figure class=\"wp-block-image size-full\"><img decoding=\"async\" width=\"750\" height=\"750\" src=\"https:\/\/www.hyflexpack.com\/wp-content\/uploads\/2024\/08\/customize-chicken-packaging-bags\uff085\uff09.webp\" alt=\"sacs d&#039;emballage pour poulets personnalis\u00e9s\uff085\uff09\" class=\"wp-image-5115\" srcset=\"https:\/\/www.hyflexpack.com\/wp-content\/uploads\/2024\/08\/customize-chicken-packaging-bags\uff085\uff09.webp 750w, https:\/\/www.hyflexpack.com\/wp-content\/uploads\/2024\/08\/customize-chicken-packaging-bags\uff085\uff09-300x300.webp 300w, https:\/\/www.hyflexpack.com\/wp-content\/uploads\/2024\/08\/customize-chicken-packaging-bags\uff085\uff09-150x150.webp 150w, https:\/\/www.hyflexpack.com\/wp-content\/uploads\/2024\/08\/customize-chicken-packaging-bags\uff085\uff09-12x12.webp 12w, https:\/\/www.hyflexpack.com\/wp-content\/uploads\/2024\/08\/customize-chicken-packaging-bags\uff085\uff09-285x285.webp 285w, https:\/\/www.hyflexpack.com\/wp-content\/uploads\/2024\/08\/customize-chicken-packaging-bags\uff085\uff09-270x270.webp 270w, https:\/\/www.hyflexpack.com\/wp-content\/uploads\/2024\/08\/customize-chicken-packaging-bags\uff085\uff09-540x540.webp 540w, https:\/\/www.hyflexpack.com\/wp-content\/uploads\/2024\/08\/customize-chicken-packaging-bags\uff085\uff09-660x660.webp 660w\" sizes=\"(max-width: 750px) 100vw, 750px\" \/><\/figure>\n<\/div>\n\n\n\n<div class=\"wp-block-column is-layout-flow wp-block-column-is-layout-flow\">\n<figure class=\"wp-block-image size-full\"><img decoding=\"async\" width=\"750\" height=\"750\" src=\"https:\/\/www.hyflexpack.com\/wp-content\/uploads\/2024\/08\/customize-chicken-packaging-bags\uff083\uff09.webp\" alt=\"sacs d&#039;emballage pour poulets personnalis\u00e9s\uff083\uff09\" class=\"wp-image-5113\" srcset=\"https:\/\/www.hyflexpack.com\/wp-content\/uploads\/2024\/08\/customize-chicken-packaging-bags\uff083\uff09.webp 750w, https:\/\/www.hyflexpack.com\/wp-content\/uploads\/2024\/08\/customize-chicken-packaging-bags\uff083\uff09-300x300.webp 300w, https:\/\/www.hyflexpack.com\/wp-content\/uploads\/2024\/08\/customize-chicken-packaging-bags\uff083\uff09-150x150.webp 150w, https:\/\/www.hyflexpack.com\/wp-content\/uploads\/2024\/08\/customize-chicken-packaging-bags\uff083\uff09-12x12.webp 12w, https:\/\/www.hyflexpack.com\/wp-content\/uploads\/2024\/08\/customize-chicken-packaging-bags\uff083\uff09-285x285.webp 285w, https:\/\/www.hyflexpack.com\/wp-content\/uploads\/2024\/08\/customize-chicken-packaging-bags\uff083\uff09-270x270.webp 270w, https:\/\/www.hyflexpack.com\/wp-content\/uploads\/2024\/08\/customize-chicken-packaging-bags\uff083\uff09-540x540.webp 540w, https:\/\/www.hyflexpack.com\/wp-content\/uploads\/2024\/08\/customize-chicken-packaging-bags\uff083\uff09-660x660.webp 660w\" sizes=\"(max-width: 750px) 100vw, 750px\" \/><\/figure>\n<\/div>\n<\/div>\n\n\n\n<p><\/p>","protected":false},"excerpt":{"rendered":"<p>Nos sachets lamin\u00e9s pour l'emballage des poulets, fabriqu\u00e9s dans un mat\u00e9riau respectueux de l'environnement et dot\u00e9s de fermetures \u00e0 glissi\u00e8re refermables, garantissent la fra\u00eecheur des produits. Les sachets lamin\u00e9s sont solides et durables, ils supportent des logos personnalis\u00e9s pour r\u00e9pondre \u00e0 des besoins d'emballage diversifi\u00e9s. Ils sont id\u00e9aux pour vos solutions d'emballage !<\/p>\n<p><strong>Avantages du fournisseur de sachets lamin\u00e9s<\/strong><\/p>\n<ul>\n<li><a href=\"https:\/\/www.hyflexpack.com\/fr\/emballage-flexible-sur-mesure\/\"><strong>Conception sur mesure<\/strong><\/a>: Nous fournissons un service de sacs d'emballage de poulet sur mesure, y compris la personnalisation du mat\u00e9riau, de la taille et du motif d'impression pour r\u00e9pondre aux besoins des clients, et nous prenons en charge les OEM et ODM.<\/li>\n<li><strong>Fabrication<\/strong>: Gr\u00e2ce \u00e0 un \u00e9quipement et \u00e0 une technologie de pointe, nous pouvons r\u00e9aliser la production de la commande avec une grande efficacit\u00e9 et une grande qualit\u00e9, et nous pouvons livrer dans les d\u00e9lais.<\/li>\n<li><strong>Inspection de la qualit\u00e9<\/strong>: Respecter strictement les normes de qualit\u00e9 et les exigences en mati\u00e8re de s\u00e9curit\u00e9 alimentaire pour la production, afin de garantir que les produits r\u00e9pondent aux normes.<\/li>\n<li><strong>Service client\u00e8le<\/strong>Le service client\u00e8le est disponible 24 heures sur 24 pour fournir une r\u00e9ponse rapide et un service d'assistance \u00e0 la client\u00e8le attentionn\u00e9.<\/li>\n<li><strong>\u00c9chantillon gratuit<\/strong>\uff1a Fournir un service d'\u00e9chantillons gratuits pour vous permettre d'\u00e9valuer les sacs d'emballage pour poulets.<\/li>\n<\/ul>\n<p>Huiyang Packaging s'engage \u00e0 fournir \u00e0 ses clients des sachets lamin\u00e9s personnalis\u00e9s de haute qualit\u00e9 afin de les aider \u00e0 am\u00e9liorer l'image de leurs produits et \u00e0 renforcer leur comp\u00e9titivit\u00e9 sur le march\u00e9.<\/p>","protected":false},"featured_media":5111,"comment_status":"open","ping_status":"closed","template":"","meta":[],"product_brand":[],"product_cat":[51,79,88],"product_tag":[],"class_list":{"0":"post-5110","1":"product","2":"type-product","3":"status-publish","4":"has-post-thumbnail","6":"product_cat-custom-food-packaging-bags","7":"product_cat-custom-retort-pouch","8":"product_cat-roast-chicken-packaging-bag","10":"first","11":"instock","12":"shipping-taxable","13":"product-type-simple"},"_links":{"self":[{"href":"https:\/\/www.hyflexpack.com\/fr\/wp-json\/wp\/v2\/product\/5110","targetHints":{"allow":["GET"]}}],"collection":[{"href":"https:\/\/www.hyflexpack.com\/fr\/wp-json\/wp\/v2\/product"}],"about":[{"href":"https:\/\/www.hyflexpack.com\/fr\/wp-json\/wp\/v2\/types\/product"}],"replies":[{"embeddable":true,"href":"https:\/\/www.hyflexpack.com\/fr\/wp-json\/wp\/v2\/comments?post=5110"}],"wp:featuredmedia":[{"embeddable":true,"href":"https:\/\/www.hyflexpack.com\/fr\/wp-json\/wp\/v2\/media\/5111"}],"wp:attachment":[{"href":"https:\/\/www.hyflexpack.com\/fr\/wp-json\/wp\/v2\/media?parent=5110"}],"wp:term":[{"taxonomy":"product_brand","embeddable":true,"href":"https:\/\/www.hyflexpack.com\/fr\/wp-json\/wp\/v2\/product_brand?post=5110"},{"taxonomy":"product_cat","embeddable":true,"href":"https:\/\/www.hyflexpack.com\/fr\/wp-json\/wp\/v2\/product_cat?post=5110"},{"taxonomy":"product_tag","embeddable":true,"href":"https:\/\/www.hyflexpack.com\/fr\/wp-json\/wp\/v2\/product_tag?post=5110"}],"curies":[{"name":"wp","href":"https:\/\/api.w.org\/{rel}","templated":true}]}}