{"id":5095,"date":"2024-08-18T14:20:33","date_gmt":"2024-08-18T14:20:33","guid":{"rendered":"https:\/\/www.hyflexpack.com\/?post_type=product&#038;p=5095"},"modified":"2024-08-18T14:20:34","modified_gmt":"2024-08-18T14:20:34","slug":"custom-clothing-packaging-bags","status":"publish","type":"product","link":"https:\/\/www.hyflexpack.com\/fr\/product\/custom-clothing-packaging-bags\/","title":{"rendered":"Emballage de v\u00eatements personnalis\u00e9 Sacs Mylar en plastique avec logo imprim\u00e9"},"content":{"rendered":"<div class=\"wp-block-columns is-layout-flex wp-container-core-columns-is-layout-9d6595d7 wp-block-columns-is-layout-flex\">\n<div class=\"wp-block-column is-layout-flow wp-block-column-is-layout-flow\">\n<h3 class=\"wp-block-heading\">Caract\u00e9ristiques du sac d'emballage de v\u00eatements sur mesure<\/h3>\n\n\n\n<ul class=\"wp-block-list\">\n<li>Conception claire : le mat\u00e9riau transparent permet de voir les v\u00eatements d'un seul coup d'\u0153il, ce qui facilite leur identification et leur s\u00e9lection, et am\u00e9liore l'efficacit\u00e9 du stockage et de l'organisation.<\/li>\n<\/ul>\n\n\n\n<p><\/p>\n\n\n\n<ul class=\"wp-block-list\">\n<li>Respirant : le sac d'emballage des v\u00eatements est fabriqu\u00e9 dans un mat\u00e9riau respirant qui permet \u00e0 l'air de circuler \u00e0 l'int\u00e9rieur des v\u00eatements, ce qui emp\u00eache l'humidit\u00e9 et les odeurs et garantit que les v\u00eatements restent secs pendant une longue p\u00e9riode.<\/li>\n<\/ul>\n\n\n\n<p><\/p>\n\n\n\n<ul class=\"wp-block-list\">\n<li>Mat\u00e9riau mylar durable : fabriqu\u00e9e en mylar de haute qualit\u00e9, la housse d'emballage pour v\u00eatements est robuste et r\u00e9sistante aux d\u00e9chirures. Elle prot\u00e8ge efficacement les v\u00eatements de l'humidit\u00e9, de la poussi\u00e8re et d'autres facteurs externes, et prolonge sa dur\u00e9e de vie.<\/li>\n<\/ul>\n\n\n\n<p><\/p>\n\n\n\n<ul class=\"wp-block-list\">\n<li>Plusieurs tailles disponibles : une vari\u00e9t\u00e9 de tailles est disponible, convenant \u00e0 diff\u00e9rents types et tailles de manteaux ou de vestes pour r\u00e9pondre \u00e0 des besoins d'emballage diversifi\u00e9s.<\/li>\n<\/ul>\n\n\n\n<p><\/p>\n\n\n\n<ul class=\"wp-block-list\">\n<li>L\u00e9ger et facile \u00e0 transporter : l\u00e9ger et facile \u00e0 utiliser, il convient au rangement \u00e0 la maison ou aux voyages d'affaires, et prot\u00e8ge vos v\u00eatements contre les dommages.<\/li>\n<\/ul>\n<\/div>\n\n\n\n<div class=\"wp-block-column is-layout-flow wp-block-column-is-layout-flow\">\n<figure class=\"wp-block-image size-full\"><img fetchpriority=\"high\" decoding=\"async\" width=\"750\" height=\"750\" src=\"https:\/\/www.hyflexpack.com\/wp-content\/uploads\/2024\/08\/Custom-Clothing-Packaging-manufacturing1-1.webp\" alt=\"\" class=\"wp-image-5106\" srcset=\"https:\/\/www.hyflexpack.com\/wp-content\/uploads\/2024\/08\/Custom-Clothing-Packaging-manufacturing1-1.webp 750w, https:\/\/www.hyflexpack.com\/wp-content\/uploads\/2024\/08\/Custom-Clothing-Packaging-manufacturing1-1-300x300.webp 300w, https:\/\/www.hyflexpack.com\/wp-content\/uploads\/2024\/08\/Custom-Clothing-Packaging-manufacturing1-1-150x150.webp 150w, https:\/\/www.hyflexpack.com\/wp-content\/uploads\/2024\/08\/Custom-Clothing-Packaging-manufacturing1-1-12x12.webp 12w, https:\/\/www.hyflexpack.com\/wp-content\/uploads\/2024\/08\/Custom-Clothing-Packaging-manufacturing1-1-285x285.webp 285w, https:\/\/www.hyflexpack.com\/wp-content\/uploads\/2024\/08\/Custom-Clothing-Packaging-manufacturing1-1-270x270.webp 270w, https:\/\/www.hyflexpack.com\/wp-content\/uploads\/2024\/08\/Custom-Clothing-Packaging-manufacturing1-1-540x540.webp 540w, https:\/\/www.hyflexpack.com\/wp-content\/uploads\/2024\/08\/Custom-Clothing-Packaging-manufacturing1-1-660x660.webp 660w\" sizes=\"(max-width: 750px) 100vw, 750px\" \/><\/figure>\n<\/div>\n<\/div>","protected":false},"excerpt":{"rendered":"<p>Les sacs d'emballage de v\u00eatements personnalis\u00e9s de la meilleure qualit\u00e9 sont fabriqu\u00e9s \u00e0 partir d'un film d'emballage lamin\u00e9 respectueux de l'environnement pour garantir que vos v\u00eatements sont prot\u00e9g\u00e9s de l'usure, des plis, de la poussi\u00e8re, de l'humidit\u00e9 et d'autres formes de dommages pendant le transport et le stockage. Contactez-nous d\u00e8s aujourd'hui pour obtenir un devis. Nous nous engageons \u00e0 fournir des solutions d'emballage \u00e9cologiques et de haute qualit\u00e9.<\/p>\n<p><strong>Avantages du fournisseur de sacs d'emballage pour v\u00eatements<\/strong><\/p>\n<ul>\n<li><strong>Conception sur mesure :<\/strong> Nous fournissons un service de sacs d'emballage de v\u00eatements sur mesure, y compris la personnalisation du mat\u00e9riau, de la taille et du motif d'impression pour r\u00e9pondre aux besoins des clients, et nous prenons en charge les OEM et ODM.<\/li>\n<li><strong>Fabrication<\/strong>: Gr\u00e2ce \u00e0 un \u00e9quipement et \u00e0 une technologie de pointe, nous pouvons r\u00e9aliser la production de la commande avec une grande efficacit\u00e9 et une grande qualit\u00e9, et nous pouvons livrer dans les d\u00e9lais.<\/li>\n<li><strong>Inspection de la qualit\u00e9<\/strong>: Respecter strictement les normes de qualit\u00e9 et les exigences en mati\u00e8re de s\u00e9curit\u00e9 alimentaire pour la production, afin de garantir que les produits r\u00e9pondent aux normes.<\/li>\n<li><strong>Service client\u00e8le<\/strong>Le service client\u00e8le est disponible 24 heures sur 24 pour fournir une r\u00e9ponse rapide et un service d'assistance \u00e0 la client\u00e8le attentionn\u00e9.<\/li>\n<li><strong>\u00c9chantillon gratuit : <\/strong>Fournir un service d'\u00e9chantillonnage gratuit pour vous permettre d'\u00e9valuer les produits.<\/li>\n<\/ul>\n<p>Huiyang Packaging s'engage \u00e0 fournir \u00e0 ses clients des sacs d'emballage de v\u00eatements personnalis\u00e9s de haute qualit\u00e9 afin de les aider \u00e0 am\u00e9liorer l'image de leurs produits et \u00e0 renforcer leur comp\u00e9titivit\u00e9 sur le march\u00e9.<\/p>","protected":false},"featured_media":5096,"comment_status":"open","ping_status":"closed","template":"","meta":[],"product_brand":[],"product_cat":[52],"product_tag":[],"class_list":{"0":"post-5095","1":"product","2":"type-product","3":"status-publish","4":"has-post-thumbnail","6":"product_cat-custom-daily-chemical-packaging","8":"first","9":"instock","10":"shipping-taxable","11":"product-type-simple"},"_links":{"self":[{"href":"https:\/\/www.hyflexpack.com\/fr\/wp-json\/wp\/v2\/product\/5095","targetHints":{"allow":["GET"]}}],"collection":[{"href":"https:\/\/www.hyflexpack.com\/fr\/wp-json\/wp\/v2\/product"}],"about":[{"href":"https:\/\/www.hyflexpack.com\/fr\/wp-json\/wp\/v2\/types\/product"}],"replies":[{"embeddable":true,"href":"https:\/\/www.hyflexpack.com\/fr\/wp-json\/wp\/v2\/comments?post=5095"}],"wp:featuredmedia":[{"embeddable":true,"href":"https:\/\/www.hyflexpack.com\/fr\/wp-json\/wp\/v2\/media\/5096"}],"wp:attachment":[{"href":"https:\/\/www.hyflexpack.com\/fr\/wp-json\/wp\/v2\/media?parent=5095"}],"wp:term":[{"taxonomy":"product_brand","embeddable":true,"href":"https:\/\/www.hyflexpack.com\/fr\/wp-json\/wp\/v2\/product_brand?post=5095"},{"taxonomy":"product_cat","embeddable":true,"href":"https:\/\/www.hyflexpack.com\/fr\/wp-json\/wp\/v2\/product_cat?post=5095"},{"taxonomy":"product_tag","embeddable":true,"href":"https:\/\/www.hyflexpack.com\/fr\/wp-json\/wp\/v2\/product_tag?post=5095"}],"curies":[{"name":"wp","href":"https:\/\/api.w.org\/{rel}","templated":true}]}}