{"id":5073,"date":"2024-08-17T09:28:09","date_gmt":"2024-08-17T09:28:09","guid":{"rendered":"https:\/\/www.hyflexpack.com\/?post_type=product&#038;p=5073"},"modified":"2025-10-23T08:54:49","modified_gmt":"2025-10-23T08:54:49","slug":"custom-cocoa-powder-packaging","status":"publish","type":"product","link":"https:\/\/www.hyflexpack.com\/fr\/product\/custom-cocoa-powder-packaging\/","title":{"rendered":"Emballage sur mesure haut de gamme pour poudre de cacao Pochette debout de qualit\u00e9 alimentaire"},"content":{"rendered":"<div class=\"wp-block-columns is-layout-flex wp-container-core-columns-is-layout-9d6595d7 wp-block-columns-is-layout-flex\">\n<div class=\"wp-block-column is-layout-flow wp-block-column-is-layout-flow\">\n<div class=\"wp-block-columns is-layout-flex wp-container-core-columns-is-layout-9d6595d7 wp-block-columns-is-layout-flex\">\n<div class=\"wp-block-column is-layout-flow wp-block-column-is-layout-flow\">\n<h3 class=\"wp-block-heading\">Features of High Quality Cocoa Powder Packaging Bag<\/h3>\n\n\n\n<ul class=\"wp-block-list\">\n<li>Mat\u00e9riaux respectueux de l'environnement : l'utilisation de mat\u00e9riaux respectueux de l'environnement qui r\u00e9pondent aux exigences environnementales, tels que les mat\u00e9riaux biod\u00e9gradables ou recyclables, afin de r\u00e9duire l'impact sur l'environnement. <\/li>\n<\/ul>\n\n\n\n<p><\/p>\n\n\n\n<ul class=\"wp-block-list\">\n<li>Food grade high barrier materials: Custom cocoa powder packaging bags with food grade high barrier antistatic materials, such as PET, PE, aluminum foil, etc., to ensure the freshness and safety of cocoa powder, moisture-proof, anti-oxidation, and extend the shelf life. <\/li>\n<\/ul>\n\n\n\n<p><\/p>\n\n\n\n<ul class=\"wp-block-list\">\n<li>Hanging hole design: the cocoa powder packaging bag is designed with hanging holes, easy to hang and display in the store, improving product visibility and attractiveness. <\/li>\n<\/ul>\n\n\n\n<p><\/p>\n\n\n\n<ul class=\"wp-block-list\">\n<li>Fermeture \u00e0 glissi\u00e8re : fermeture \u00e0 glissi\u00e8re int\u00e9gr\u00e9e, facile \u00e0 ouvrir plusieurs fois, garde les collations fra\u00eeches, emp\u00eache l'air ext\u00e9rieur de p\u00e9n\u00e9trer. <\/li>\n<\/ul>\n\n\n\n<p><\/p>\n\n\n\n<ul class=\"wp-block-list\">\n<li>Conception du sac sur pied : la structure du sac sur pied permet au sac de se tenir fermement sur l'\u00e9tag\u00e8re ou la vitrine, ce qui permet d'\u00e9conomiser de l'espace et d'am\u00e9liorer l'effet de pr\u00e9sentation du produit.<\/li>\n<\/ul>\n<\/div>\n\n\n\n<div class=\"wp-block-column is-layout-flow wp-block-column-is-layout-flow\">\n<figure class=\"wp-block-image size-full\"><img fetchpriority=\"high\" decoding=\"async\" width=\"750\" height=\"750\" src=\"https:\/\/www.hyflexpack.com\/wp-content\/uploads\/2024\/08\/customized-cocoa-powder-packaging-bag-manufacturer\uff081\uff09.webp\" alt=\"customized-cocoa-powder-packaging-bag-manufacturer\" class=\"wp-image-5066\" srcset=\"https:\/\/www.hyflexpack.com\/wp-content\/uploads\/2024\/08\/customized-cocoa-powder-packaging-bag-manufacturer\uff081\uff09.webp 750w, https:\/\/www.hyflexpack.com\/wp-content\/uploads\/2024\/08\/customized-cocoa-powder-packaging-bag-manufacturer\uff081\uff09-300x300.webp 300w, https:\/\/www.hyflexpack.com\/wp-content\/uploads\/2024\/08\/customized-cocoa-powder-packaging-bag-manufacturer\uff081\uff09-150x150.webp 150w, https:\/\/www.hyflexpack.com\/wp-content\/uploads\/2024\/08\/customized-cocoa-powder-packaging-bag-manufacturer\uff081\uff09-12x12.webp 12w, https:\/\/www.hyflexpack.com\/wp-content\/uploads\/2024\/08\/customized-cocoa-powder-packaging-bag-manufacturer\uff081\uff09-285x285.webp 285w, https:\/\/www.hyflexpack.com\/wp-content\/uploads\/2024\/08\/customized-cocoa-powder-packaging-bag-manufacturer\uff081\uff09-270x270.webp 270w, https:\/\/www.hyflexpack.com\/wp-content\/uploads\/2024\/08\/customized-cocoa-powder-packaging-bag-manufacturer\uff081\uff09-540x540.webp 540w, https:\/\/www.hyflexpack.com\/wp-content\/uploads\/2024\/08\/customized-cocoa-powder-packaging-bag-manufacturer\uff081\uff09-660x660.webp 660w\" sizes=\"(max-width: 750px) 100vw, 750px\" \/><\/figure>\n<\/div>\n<\/div>\n<\/div>\n<\/div>\n\n\n\n<p><\/p>","protected":false},"excerpt":{"rendered":"<p>Explore how our custom cocoa powder packaging bags are made with food-grade, eco-friendly materials to ensure your cocoa powder stays fresh and safe. Made of composite materials for excellent moisture and light resistance, they feature a zipper closure and a stand-up design for ease of use. Contact us today, we are committed to providing sustainable, high-quality packaging solutions.<\/p>\n<h3><strong>Advantages of Cocoa Powder Packaging Bag<\/strong><\/h3>\n<ul>\n<li><strong>Conception personnalis\u00e9e<\/strong>: We provide custom design cocoa powder packaging bag service, including material, size, and printing pattern customization to meet customer needs, and support OEM and ODM.<\/li>\n<li><strong>Fabrication<\/strong>: Gr\u00e2ce \u00e0 un \u00e9quipement et \u00e0 une technologie de pointe, nous pouvons r\u00e9aliser la production de la commande avec une grande efficacit\u00e9 et une grande qualit\u00e9, et nous pouvons livrer dans les d\u00e9lais.<\/li>\n<li><strong>Inspection de la qualit\u00e9<\/strong>: Respecter strictement les normes de qualit\u00e9 et les exigences en mati\u00e8re de s\u00e9curit\u00e9 alimentaire pour la production, afin de garantir que les produits r\u00e9pondent aux normes.<\/li>\n<li><strong>Service client\u00e8le<\/strong>Le service client\u00e8le est disponible 24 heures sur 24 pour fournir une r\u00e9ponse rapide et un service d'assistance \u00e0 la client\u00e8le attentionn\u00e9.<\/li>\n<li><strong>\u00c9chantillon gratuit<\/strong>\uff1a Provide free sample service for you to evaluate the cocoa powder packaging bag.<\/li>\n<\/ul>","protected":false},"featured_media":5066,"comment_status":"open","ping_status":"closed","template":"","meta":[],"product_brand":[],"product_cat":[100],"product_tag":[],"class_list":{"0":"post-5073","1":"product","2":"type-product","3":"status-publish","4":"has-post-thumbnail","6":"product_cat-powder-packaging-bags-custom","8":"first","9":"instock","10":"shipping-taxable","11":"product-type-simple"},"_links":{"self":[{"href":"https:\/\/www.hyflexpack.com\/fr\/wp-json\/wp\/v2\/product\/5073","targetHints":{"allow":["GET"]}}],"collection":[{"href":"https:\/\/www.hyflexpack.com\/fr\/wp-json\/wp\/v2\/product"}],"about":[{"href":"https:\/\/www.hyflexpack.com\/fr\/wp-json\/wp\/v2\/types\/product"}],"replies":[{"embeddable":true,"href":"https:\/\/www.hyflexpack.com\/fr\/wp-json\/wp\/v2\/comments?post=5073"}],"wp:featuredmedia":[{"embeddable":true,"href":"https:\/\/www.hyflexpack.com\/fr\/wp-json\/wp\/v2\/media\/5066"}],"wp:attachment":[{"href":"https:\/\/www.hyflexpack.com\/fr\/wp-json\/wp\/v2\/media?parent=5073"}],"wp:term":[{"taxonomy":"product_brand","embeddable":true,"href":"https:\/\/www.hyflexpack.com\/fr\/wp-json\/wp\/v2\/product_brand?post=5073"},{"taxonomy":"product_cat","embeddable":true,"href":"https:\/\/www.hyflexpack.com\/fr\/wp-json\/wp\/v2\/product_cat?post=5073"},{"taxonomy":"product_tag","embeddable":true,"href":"https:\/\/www.hyflexpack.com\/fr\/wp-json\/wp\/v2\/product_tag?post=5073"}],"curies":[{"name":"wp","href":"https:\/\/api.w.org\/{rel}","templated":true}]}}