{"id":5010,"date":"2024-08-03T17:44:33","date_gmt":"2024-08-03T17:44:33","guid":{"rendered":"https:\/\/www.hyflexpack.com\/?post_type=product&#038;p=5010"},"modified":"2024-08-03T17:44:34","modified_gmt":"2024-08-03T17:44:34","slug":"wholesale-film-roll-plastic-packing-film","status":"publish","type":"product","link":"https:\/\/www.hyflexpack.com\/fr\/product\/wholesale-film-roll-plastic-packing-film\/","title":{"rendered":"Wholesale Film Roll Plastic Packing Film For Premium Honey Packaging (Rouleau de film plastique pour l'emballage de miel de qualit\u00e9 sup\u00e9rieure)"},"content":{"rendered":"<div class=\"wp-block-columns is-layout-flex wp-container-core-columns-is-layout-9d6595d7 wp-block-columns-is-layout-flex\">\n<div class=\"wp-block-column is-layout-flow wp-block-column-is-layout-flow\">\n<h3 class=\"wp-block-heading\">Caract\u00e9ristiques du rouleau de film de haute qualit\u00e9 Emballage plastique<\/h3>\n\n\n\n<ul class=\"wp-block-list\">\n<li>Mat\u00e9riau de premi\u00e8re qualit\u00e9 : l'emballage en plastique du rouleau de film utilise un mat\u00e9riau plastique s\u00fbr de qualit\u00e9 alimentaire pour garantir la puret\u00e9 et la s\u00e9curit\u00e9 du miel.<\/li>\n\n\n\n<li>Effet d'impression sup\u00e9rieur : le film d'emballage pour le miel permet une impression haute d\u00e9finition avec des motifs clairs et des couleurs vives pour am\u00e9liorer l'attrait visuel du produit.<\/li>\n\n\n\n<li>Protection renforc\u00e9e : Une r\u00e9sistance sup\u00e9rieure \u00e0 l'humidit\u00e9, \u00e0 la poussi\u00e8re et aux d\u00e9chirures garantit que le miel reste intact pendant le transport et le stockage.<\/li>\n\n\n\n<li>Options respectueuses de l'environnement : Offre des options de mat\u00e9riaux recyclables pour r\u00e9pondre aux normes environnementales et r\u00e9duire l'impact sur l'environnement.<\/li>\n\n\n\n<li>Compatible avec l'automatisation : Le film d'emballage pour le miel peut \u00eatre utilis\u00e9 dans des \u00e9quipements d'emballage automatis\u00e9s, ce qui augmente l'efficacit\u00e9 de l'emballage et r\u00e9duit les co\u00fbts de main-d'\u0153uvre.<\/li>\n\n\n\n<li>Scellage de qualit\u00e9 sup\u00e9rieure : Le thermoscellage facile garantit l'\u00e9tanch\u00e9it\u00e9 de l'emballage, \u00e9vitant ainsi les fuites de miel et la contamination.<\/li>\n\n\n\n<li>Facile \u00e0 utiliser : la conception du film en rouleau facilite le changement rapide et l'utilisation au cours du processus d'emballage, ce qui permet de gagner du temps et d'augmenter la productivit\u00e9.<\/li>\n<\/ul>\n<\/div>\n\n\n\n<div class=\"wp-block-column is-layout-flow wp-block-column-is-layout-flow\">\n<figure class=\"wp-block-image size-full\"><img fetchpriority=\"high\" decoding=\"async\" width=\"750\" height=\"750\" src=\"https:\/\/www.hyflexpack.com\/wp-content\/uploads\/2024\/08\/Wholesale-Film-Roll-for-honey-packaging-film-1.webp\" alt=\"Rouleau de film en gros pour l&#039;emballage du miel \" class=\"wp-image-5021\" srcset=\"https:\/\/www.hyflexpack.com\/wp-content\/uploads\/2024\/08\/Wholesale-Film-Roll-for-honey-packaging-film-1.webp 750w, https:\/\/www.hyflexpack.com\/wp-content\/uploads\/2024\/08\/Wholesale-Film-Roll-for-honey-packaging-film-1-300x300.webp 300w, https:\/\/www.hyflexpack.com\/wp-content\/uploads\/2024\/08\/Wholesale-Film-Roll-for-honey-packaging-film-1-150x150.webp 150w, https:\/\/www.hyflexpack.com\/wp-content\/uploads\/2024\/08\/Wholesale-Film-Roll-for-honey-packaging-film-1-12x12.webp 12w, https:\/\/www.hyflexpack.com\/wp-content\/uploads\/2024\/08\/Wholesale-Film-Roll-for-honey-packaging-film-1-285x285.webp 285w, https:\/\/www.hyflexpack.com\/wp-content\/uploads\/2024\/08\/Wholesale-Film-Roll-for-honey-packaging-film-1-270x270.webp 270w, https:\/\/www.hyflexpack.com\/wp-content\/uploads\/2024\/08\/Wholesale-Film-Roll-for-honey-packaging-film-1-540x540.webp 540w, https:\/\/www.hyflexpack.com\/wp-content\/uploads\/2024\/08\/Wholesale-Film-Roll-for-honey-packaging-film-1-660x660.webp 660w\" sizes=\"(max-width: 750px) 100vw, 750px\" \/><\/figure>\n<\/div>\n<\/div>","protected":false},"excerpt":{"rendered":"<p>D\u00e9couvrez ce qui fait de notre emballage plastique en rouleau un produit id\u00e9al pour l'emballage de miel haut de gamme et assurez-vous que votre produit se d\u00e9marque sur le march\u00e9. Si vous avez des questions, n'h\u00e9sitez pas \u00e0 nous contacter pour obtenir des d\u00e9tails sur nos solutions d'emballage flexible.<\/p>\n<h3>Avantages du film en rouleau Fournisseur d'emballages en plastique<\/h3>\n<ul>\n<li><strong>Conception personnalis\u00e9e<\/strong>: Fournir des solutions de conception personnalis\u00e9es, prendre en charge OEM\/ODM, personnaliser avec diff\u00e9rentes sp\u00e9cifications, tailles, motifs d'impression, etc.<\/li>\n<li><strong>Assurance qualit\u00e9<\/strong>: Contr\u00f4ler le processus de production, disposer de mat\u00e9riaux de haute qualit\u00e9 et d'\u00e9quipements avanc\u00e9s pour garantir la qualit\u00e9 des produits.<\/li>\n<li><strong>Livraison dans les d\u00e9lais<\/strong>: Optimiser le processus de production et am\u00e9liorer l'efficacit\u00e9 de la production afin de garantir une livraison dans les d\u00e9lais et de r\u00e9pondre aux besoins urgents des clients.<\/li>\n<li><strong>Support technique professionnel<\/strong>: L'\u00e9quipe technique exp\u00e9riment\u00e9e fournit une assistance technique professionnelle et un service de conseil apr\u00e8s-vente 24 heures sur 24.<\/li>\n<li><strong>\u00c9chantillon gratuit<\/strong>: Fournir un service d'\u00e9chantillonnage gratuit pour vous permettre d'\u00e9valuer les produits.<\/li>\n<\/ul>\n<p>Huiyang Packaging s'engage \u00e0 fournir \u00e0 ses clients des films d'emballage de miel de haute qualit\u00e9 et personnalis\u00e9s afin de les aider \u00e0 am\u00e9liorer l'image de leurs produits et \u00e0 renforcer leur comp\u00e9titivit\u00e9 sur le march\u00e9.<\/p>\n<p>&nbsp;<\/p>","protected":false},"featured_media":5025,"comment_status":"open","ping_status":"closed","template":"","meta":[],"product_brand":[],"product_cat":[53],"product_tag":[],"class_list":{"0":"post-5010","1":"product","2":"type-product","3":"status-publish","4":"has-post-thumbnail","6":"product_cat-packaging-film-supplier","8":"first","9":"instock","10":"shipping-taxable","11":"product-type-simple"},"_links":{"self":[{"href":"https:\/\/www.hyflexpack.com\/fr\/wp-json\/wp\/v2\/product\/5010","targetHints":{"allow":["GET"]}}],"collection":[{"href":"https:\/\/www.hyflexpack.com\/fr\/wp-json\/wp\/v2\/product"}],"about":[{"href":"https:\/\/www.hyflexpack.com\/fr\/wp-json\/wp\/v2\/types\/product"}],"replies":[{"embeddable":true,"href":"https:\/\/www.hyflexpack.com\/fr\/wp-json\/wp\/v2\/comments?post=5010"}],"wp:featuredmedia":[{"embeddable":true,"href":"https:\/\/www.hyflexpack.com\/fr\/wp-json\/wp\/v2\/media\/5025"}],"wp:attachment":[{"href":"https:\/\/www.hyflexpack.com\/fr\/wp-json\/wp\/v2\/media?parent=5010"}],"wp:term":[{"taxonomy":"product_brand","embeddable":true,"href":"https:\/\/www.hyflexpack.com\/fr\/wp-json\/wp\/v2\/product_brand?post=5010"},{"taxonomy":"product_cat","embeddable":true,"href":"https:\/\/www.hyflexpack.com\/fr\/wp-json\/wp\/v2\/product_cat?post=5010"},{"taxonomy":"product_tag","embeddable":true,"href":"https:\/\/www.hyflexpack.com\/fr\/wp-json\/wp\/v2\/product_tag?post=5010"}],"curies":[{"name":"wp","href":"https:\/\/api.w.org\/{rel}","templated":true}]}}