{"id":5009,"date":"2024-08-03T10:02:42","date_gmt":"2024-08-03T10:02:42","guid":{"rendered":"https:\/\/www.hyflexpack.com\/?post_type=product&#038;p=5009"},"modified":"2024-08-03T10:02:44","modified_gmt":"2024-08-03T10:02:44","slug":"custom-printed-rollstock-packaging-film","status":"publish","type":"product","link":"https:\/\/www.hyflexpack.com\/fr\/product\/custom-printed-rollstock-packaging-film\/","title":{"rendered":"Film d'emballage en rouleau imprim\u00e9 sur mesure et recyclable pour l'emballage automatis\u00e9 de bonbons"},"content":{"rendered":"<div class=\"wp-block-columns is-layout-flex wp-container-core-columns-is-layout-9d6595d7 wp-block-columns-is-layout-flex\">\n<div class=\"wp-block-column is-layout-flow wp-block-column-is-layout-flow\">\n<h3 class=\"wp-block-heading\">Caract\u00e9ristiques du film d'emballage en rouleau imprim\u00e9 de haute qualit\u00e9<\/h3>\n\n\n\n<ul class=\"wp-block-list\">\n<li>Mat\u00e9riaux respectueux de l'environnement : des mat\u00e9riaux recyclables sont utilis\u00e9s, conform\u00e9ment aux normes environnementales, afin de r\u00e9duire la pollution de l'environnement et de contribuer au d\u00e9veloppement durable.<\/li>\n\n\n\n<li>Impression de haute qualit\u00e9 : Impression haute d\u00e9finition jusqu'\u00e0 10 couleurs, rendant l'emballage plus raffin\u00e9, capable d'attirer efficacement l'attention des consommateurs et d'am\u00e9liorer l'image de marque.<\/li>\n\n\n\n<li>Compatibilit\u00e9 avec l'automatisation : Le film d'emballage en rouleaux est con\u00e7u pour les \u00e9quipements d'emballage automatiques, ce qui garantit une production efficace et un fonctionnement sans heurts, am\u00e9liore consid\u00e9rablement l'efficacit\u00e9 de l'emballage et la vitesse de production, tout en \u00e9tant facile \u00e0 utiliser.<\/li>\n\n\n\n<li>Performance sup\u00e9rieure en mati\u00e8re de protection : gr\u00e2ce \u00e0 ses fonctions d'\u00e9tanch\u00e9it\u00e9 \u00e0 l'humidit\u00e9 et \u00e0 la poussi\u00e8re, il prolonge efficacement la dur\u00e9e de conservation des confiseries et garantit la fra\u00eecheur et l'int\u00e9grit\u00e9 du produit pendant le transport et le stockage.<\/li>\n\n\n\n<li>Excellente durabilit\u00e9 : avec une r\u00e9sistance sup\u00e9rieure \u00e0 la d\u00e9chirure, il garantit que les bonbons ne sont pas endommag\u00e9s pendant le transport et le stockage, offrant ainsi une protection fiable.<\/li>\n<\/ul>\n<\/div>\n\n\n\n<div class=\"wp-block-column is-layout-flow wp-block-column-is-layout-flow\">\n<figure class=\"wp-block-image size-full\"><img fetchpriority=\"high\" decoding=\"async\" width=\"750\" height=\"750\" src=\"https:\/\/www.hyflexpack.com\/wp-content\/uploads\/2024\/08\/Custom-Printed-Rollstock-Packaging-Film-7.webp\" alt=\"Film d&#039;emballage en rouleau imprim\u00e9 sur mesure\" class=\"wp-image-5017\" srcset=\"https:\/\/www.hyflexpack.com\/wp-content\/uploads\/2024\/08\/Custom-Printed-Rollstock-Packaging-Film-7.webp 750w, https:\/\/www.hyflexpack.com\/wp-content\/uploads\/2024\/08\/Custom-Printed-Rollstock-Packaging-Film-7-300x300.webp 300w, https:\/\/www.hyflexpack.com\/wp-content\/uploads\/2024\/08\/Custom-Printed-Rollstock-Packaging-Film-7-150x150.webp 150w, https:\/\/www.hyflexpack.com\/wp-content\/uploads\/2024\/08\/Custom-Printed-Rollstock-Packaging-Film-7-12x12.webp 12w, https:\/\/www.hyflexpack.com\/wp-content\/uploads\/2024\/08\/Custom-Printed-Rollstock-Packaging-Film-7-285x285.webp 285w, https:\/\/www.hyflexpack.com\/wp-content\/uploads\/2024\/08\/Custom-Printed-Rollstock-Packaging-Film-7-270x270.webp 270w, https:\/\/www.hyflexpack.com\/wp-content\/uploads\/2024\/08\/Custom-Printed-Rollstock-Packaging-Film-7-540x540.webp 540w, https:\/\/www.hyflexpack.com\/wp-content\/uploads\/2024\/08\/Custom-Printed-Rollstock-Packaging-Film-7-660x660.webp 660w\" sizes=\"(max-width: 750px) 100vw, 750px\" \/><\/figure>\n<\/div>\n<\/div>\n\n\n\n<p><\/p>","protected":false},"excerpt":{"rendered":"<p>D\u00e9couvrez notre film d'emballage imprim\u00e9 en rouleau en tant qu'emballage de confiserie automatis\u00e9, id\u00e9al pour renforcer la comp\u00e9titivit\u00e9 de la marque. Contactez-nous d\u00e8s aujourd'hui pour en savoir plus sur la mani\u00e8re dont nous pouvons personnaliser votre emballage exclusif !<\/p>\n<h3>Avantages du fournisseur de films d'emballage en rouleaux<\/h3>\n<ul>\n<li>Service personnalis\u00e9 : Service ODM et ODM, personnalisation de la taille, de l'impression et du mat\u00e9riau en fonction des besoins du client.<\/li>\n<li>Livraison rapide : Processus de production efficace et gestion de la cha\u00eene d'approvisionnement pour garantir la livraison des commandes en temps voulu afin de r\u00e9pondre aux besoins urgents des clients.<\/li>\n<li>Assurance de la qualit\u00e9 : Un syst\u00e8me strict de contr\u00f4le de la qualit\u00e9 garantit que chaque produit r\u00e9pond aux exigences et aux normes des clients.<\/li>\n<li>Rentabilit\u00e9 : Fournir des prix comp\u00e9titifs et r\u00e9duire les co\u00fbts d'achat des clients en optimisant les processus de production et la gestion des co\u00fbts.<\/li>\n<li>\u00c9chantillon gratuit : Nous proposons un service d'\u00e9chantillonnage gratuit pour \u00e9valuer vos produits.<\/li>\n<\/ul>\n<p>Huiyang Packaging s'engage \u00e0 fournir \u00e0 ses clients des films d'emballage en rouleaux personnalis\u00e9s de haute qualit\u00e9 afin de les aider \u00e0 am\u00e9liorer l'image de leurs produits et leur comp\u00e9titivit\u00e9 sur le march\u00e9.<\/p>","protected":false},"featured_media":5012,"comment_status":"open","ping_status":"closed","template":"","meta":[],"product_brand":[],"product_cat":[53],"product_tag":[],"class_list":{"0":"post-5009","1":"product","2":"type-product","3":"status-publish","4":"has-post-thumbnail","6":"product_cat-packaging-film-supplier","8":"first","9":"instock","10":"shipping-taxable","11":"product-type-simple"},"_links":{"self":[{"href":"https:\/\/www.hyflexpack.com\/fr\/wp-json\/wp\/v2\/product\/5009","targetHints":{"allow":["GET"]}}],"collection":[{"href":"https:\/\/www.hyflexpack.com\/fr\/wp-json\/wp\/v2\/product"}],"about":[{"href":"https:\/\/www.hyflexpack.com\/fr\/wp-json\/wp\/v2\/types\/product"}],"replies":[{"embeddable":true,"href":"https:\/\/www.hyflexpack.com\/fr\/wp-json\/wp\/v2\/comments?post=5009"}],"wp:featuredmedia":[{"embeddable":true,"href":"https:\/\/www.hyflexpack.com\/fr\/wp-json\/wp\/v2\/media\/5012"}],"wp:attachment":[{"href":"https:\/\/www.hyflexpack.com\/fr\/wp-json\/wp\/v2\/media?parent=5009"}],"wp:term":[{"taxonomy":"product_brand","embeddable":true,"href":"https:\/\/www.hyflexpack.com\/fr\/wp-json\/wp\/v2\/product_brand?post=5009"},{"taxonomy":"product_cat","embeddable":true,"href":"https:\/\/www.hyflexpack.com\/fr\/wp-json\/wp\/v2\/product_cat?post=5009"},{"taxonomy":"product_tag","embeddable":true,"href":"https:\/\/www.hyflexpack.com\/fr\/wp-json\/wp\/v2\/product_tag?post=5009"}],"curies":[{"name":"wp","href":"https:\/\/api.w.org\/{rel}","templated":true}]}}