{"id":4999,"date":"2024-08-03T09:24:53","date_gmt":"2024-08-03T09:24:53","guid":{"rendered":"https:\/\/www.hyflexpack.com\/?post_type=product&#038;p=4999"},"modified":"2024-08-03T09:24:54","modified_gmt":"2024-08-03T09:24:54","slug":"plastic-film-roll-packaging","status":"publish","type":"product","link":"https:\/\/www.hyflexpack.com\/fr\/product\/plastic-film-roll-packaging\/","title":{"rendered":"Film plastique d'emballage en rouleau Mat\u00e9riaux d'emballage de bonbons personnalis\u00e9s Film d'emballage automatique"},"content":{"rendered":"<div class=\"wp-block-columns is-layout-flex wp-container-core-columns-is-layout-9d6595d7 wp-block-columns-is-layout-flex\">\n<div class=\"wp-block-column is-layout-flow wp-block-column-is-layout-flow\">\n<h3 class=\"wp-block-heading\">Features of High Quality Plastic Film Roll Packaging<\/h3>\n\n\n\n<ul class=\"wp-block-list\">\n<li>Premium material: use high-quality packaging film material to ensure food-grade safety, non-toxic and odorless. Strong and durable, suitable for a variety of food packaging needs.<\/li>\n\n\n\n<li>Efficient packaging: suitable for automatic packaging equipment to improve production efficiency. Smooth film roll design ensures no jamming during high-speed packaging.<\/li>\n\n\n\n<li>Superior protection performance: effective moisture-proof, dust-proof, prolonging the shelf life of candy. Good tear resistance to protect the integrity of the confectionery during transport and storage.<\/li>\n\n\n\n<li>Environmentally friendly options: supports the use of biodegradable and recyclable materials to meet environmental requirements. Film thickness options are also available to reduce material waste and lower carbon footprint.<\/li>\n\n\n\n<li>Convenient to use: plastic film rolls are easy to heat-seal, ensuring a tight seal and protecting the candy from moisture. Rolls of film are easy to store and handle, saving warehouse space.<\/li>\n<\/ul>\n<\/div>\n\n\n\n<div class=\"wp-block-column is-layout-flow wp-block-column-is-layout-flow\">\n<figure class=\"wp-block-image size-full\"><img fetchpriority=\"high\" decoding=\"async\" width=\"750\" height=\"750\" src=\"https:\/\/www.hyflexpack.com\/wp-content\/uploads\/2024\/08\/Custom-Plastic-Film-Roll-Packaging-8.webp\" alt=\"Rouleau de film plastique d&#039;emballage en gros\" class=\"wp-image-5007\" srcset=\"https:\/\/www.hyflexpack.com\/wp-content\/uploads\/2024\/08\/Custom-Plastic-Film-Roll-Packaging-8.webp 750w, https:\/\/www.hyflexpack.com\/wp-content\/uploads\/2024\/08\/Custom-Plastic-Film-Roll-Packaging-8-300x300.webp 300w, https:\/\/www.hyflexpack.com\/wp-content\/uploads\/2024\/08\/Custom-Plastic-Film-Roll-Packaging-8-150x150.webp 150w, https:\/\/www.hyflexpack.com\/wp-content\/uploads\/2024\/08\/Custom-Plastic-Film-Roll-Packaging-8-12x12.webp 12w, https:\/\/www.hyflexpack.com\/wp-content\/uploads\/2024\/08\/Custom-Plastic-Film-Roll-Packaging-8-285x285.webp 285w, https:\/\/www.hyflexpack.com\/wp-content\/uploads\/2024\/08\/Custom-Plastic-Film-Roll-Packaging-8-270x270.webp 270w, https:\/\/www.hyflexpack.com\/wp-content\/uploads\/2024\/08\/Custom-Plastic-Film-Roll-Packaging-8-540x540.webp 540w, https:\/\/www.hyflexpack.com\/wp-content\/uploads\/2024\/08\/Custom-Plastic-Film-Roll-Packaging-8-660x660.webp 660w\" sizes=\"(max-width: 750px) 100vw, 750px\" \/><\/figure>\n<\/div>\n<\/div>\n\n\n\n<p><\/p>","protected":false},"excerpt":{"rendered":"<p>Our plastic film roll packaging is made of food-grade safe materials, suitable for automatic packaging equipment, and offers a wide range of specifications and beautiful patterns for customization, making it the best choice for you to enhance your brand image. Contact us today for more flexible packaging solutions!<\/p>\n<h3>Advantages of Plastic Film Roll Packaging Supplier<\/h3>\n<ul>\n<li><strong>Service personnalis\u00e9<\/strong>: Provide ODM and OEM, from size, and material to printing design, to meet the personalized needs of different customers.<\/li>\n<li><strong>Livraison rapide<\/strong>: Processus de production et gestion des stocks efficaces pour assurer une production rapide et une livraison dans les d\u00e9lais des commandes de gros volumes.<\/li>\n<li><strong>Soutien professionnel<\/strong>: Fournir une conception professionnelle de l'emballage et une assistance technique pour aider les clients \u00e0 optimiser les solutions d'emballage et \u00e0 am\u00e9liorer la comp\u00e9titivit\u00e9 des produits.<\/li>\n<li><strong>Inspection de la qualit\u00e9<\/strong>: Respecter strictement les normes de qualit\u00e9 et les exigences en mati\u00e8re de s\u00e9curit\u00e9 alimentaire afin de garantir que les produits r\u00e9pondent aux exigences de la norme.<\/li>\n<\/ul>\n<p>Huiyang Packaging is committed to providing customers with high-quality custom\u00a0plastic film roll packaging to help them enhance their product image and market competitiveness.<\/p>","protected":false},"featured_media":5007,"comment_status":"open","ping_status":"closed","template":"","meta":[],"product_brand":[],"product_cat":[53],"product_tag":[],"class_list":{"0":"post-4999","1":"product","2":"type-product","3":"status-publish","4":"has-post-thumbnail","6":"product_cat-packaging-film-supplier","8":"first","9":"instock","10":"shipping-taxable","11":"product-type-simple"},"_links":{"self":[{"href":"https:\/\/www.hyflexpack.com\/fr\/wp-json\/wp\/v2\/product\/4999","targetHints":{"allow":["GET"]}}],"collection":[{"href":"https:\/\/www.hyflexpack.com\/fr\/wp-json\/wp\/v2\/product"}],"about":[{"href":"https:\/\/www.hyflexpack.com\/fr\/wp-json\/wp\/v2\/types\/product"}],"replies":[{"embeddable":true,"href":"https:\/\/www.hyflexpack.com\/fr\/wp-json\/wp\/v2\/comments?post=4999"}],"wp:featuredmedia":[{"embeddable":true,"href":"https:\/\/www.hyflexpack.com\/fr\/wp-json\/wp\/v2\/media\/5007"}],"wp:attachment":[{"href":"https:\/\/www.hyflexpack.com\/fr\/wp-json\/wp\/v2\/media?parent=4999"}],"wp:term":[{"taxonomy":"product_brand","embeddable":true,"href":"https:\/\/www.hyflexpack.com\/fr\/wp-json\/wp\/v2\/product_brand?post=4999"},{"taxonomy":"product_cat","embeddable":true,"href":"https:\/\/www.hyflexpack.com\/fr\/wp-json\/wp\/v2\/product_cat?post=4999"},{"taxonomy":"product_tag","embeddable":true,"href":"https:\/\/www.hyflexpack.com\/fr\/wp-json\/wp\/v2\/product_tag?post=4999"}],"curies":[{"name":"wp","href":"https:\/\/api.w.org\/{rel}","templated":true}]}}