{"id":4944,"date":"2024-07-25T07:44:17","date_gmt":"2024-07-25T07:44:17","guid":{"rendered":"https:\/\/www.hyflexpack.com\/?post_type=product&#038;p=4944"},"modified":"2024-07-25T07:44:19","modified_gmt":"2024-07-25T07:44:19","slug":"custom-sachet-packaging-roll-film","status":"publish","type":"product","link":"https:\/\/www.hyflexpack.com\/fr\/product\/custom-sachet-packaging-roll-film\/","title":{"rendered":"Rouleau de film d'emballage de sachets mat personnalis\u00e9 automatique pour l'emballage de bonbons"},"content":{"rendered":"<div class=\"wp-block-columns is-layout-flex wp-container-core-columns-is-layout-9d6595d7 wp-block-columns-is-layout-flex\">\n<div class=\"wp-block-column is-layout-flow wp-block-column-is-layout-flow\">\n<h3 class=\"wp-block-heading\">Caract\u00e9ristiques du film en rouleau de haute qualit\u00e9 pour l'emballage de sachets<\/h3>\n\n\n\n<ul class=\"wp-block-list\">\n<li>Texture mate : La surface mate haut de gamme am\u00e9liore la texture et l'attrait visuel de l'emballage, soulignant le caract\u00e8re unique et la qualit\u00e9 sup\u00e9rieure de la marque.<\/li>\n<\/ul>\n\n\n\n<p><\/p>\n\n\n\n<ul class=\"wp-block-list\">\n<li>Emballage automatis\u00e9 : Convient aux \u00e9quipements d'emballage automatis\u00e9s pour am\u00e9liorer l'efficacit\u00e9 de la production, r\u00e9duire les co\u00fbts de main-d'\u0153uvre et garantir l'uniformit\u00e9 et la stabilit\u00e9 de l'emballage.<\/li>\n<\/ul>\n\n\n\n<p><\/p>\n\n\n\n<ul class=\"wp-block-list\">\n<li>Mat\u00e9riaux de haute qualit\u00e9 : l'emballage du sachet est fabriqu\u00e9 \u00e0 partir de mat\u00e9riaux de haute qualit\u00e9, offrant une excellente protection contre l'humidit\u00e9 et la poussi\u00e8re, et pr\u00e9servant la fra\u00eecheur et le go\u00fbt des bonbons.<\/li>\n<\/ul>\n\n\n\n<p><\/p>\n\n\n\n<ul class=\"wp-block-list\">\n<li>Polyvalence : Convient \u00e0 tous les types d'emballage de bonbons, offrant des solutions d'emballage flexibles pour r\u00e9pondre aux besoins de diff\u00e9rents produits.<\/li>\n<\/ul>\n\n\n\n<p><\/p>\n\n\n\n<ul class=\"wp-block-list\">\n<li>Options \u00e9cologiques : Proposer des mat\u00e9riaux respectueux de l'environnement, tels que des mat\u00e9riaux recyclables ou biod\u00e9gradables, qui respectent les normes d'emballage \u00e9cologique et r\u00e9duisent l'impact sur l'environnement.<\/li>\n<\/ul>\n<\/div>\n\n\n\n<div class=\"wp-block-column is-layout-flow wp-block-column-is-layout-flow\">\n<figure class=\"wp-block-image size-full\"><img fetchpriority=\"high\" decoding=\"async\" width=\"750\" height=\"750\" src=\"https:\/\/www.hyflexpack.com\/wp-content\/uploads\/2024\/07\/Custom-Sachet-Packaging-7.webp\" alt=\"Emballage de sachets sur mesure\" class=\"wp-image-4951\" srcset=\"https:\/\/www.hyflexpack.com\/wp-content\/uploads\/2024\/07\/Custom-Sachet-Packaging-7.webp 750w, https:\/\/www.hyflexpack.com\/wp-content\/uploads\/2024\/07\/Custom-Sachet-Packaging-7-300x300.webp 300w, https:\/\/www.hyflexpack.com\/wp-content\/uploads\/2024\/07\/Custom-Sachet-Packaging-7-150x150.webp 150w, https:\/\/www.hyflexpack.com\/wp-content\/uploads\/2024\/07\/Custom-Sachet-Packaging-7-12x12.webp 12w, https:\/\/www.hyflexpack.com\/wp-content\/uploads\/2024\/07\/Custom-Sachet-Packaging-7-285x285.webp 285w, https:\/\/www.hyflexpack.com\/wp-content\/uploads\/2024\/07\/Custom-Sachet-Packaging-7-270x270.webp 270w, https:\/\/www.hyflexpack.com\/wp-content\/uploads\/2024\/07\/Custom-Sachet-Packaging-7-540x540.webp 540w, https:\/\/www.hyflexpack.com\/wp-content\/uploads\/2024\/07\/Custom-Sachet-Packaging-7-660x660.webp 660w\" sizes=\"(max-width: 750px) 100vw, 750px\" \/><\/figure>\n<\/div>\n<\/div>","protected":false},"excerpt":{"rendered":"<p>D\u00e9couvrez les rouleaux de film d'emballage de sachets personnalis\u00e9s avec des mat\u00e9riaux de haute qualit\u00e9 pour garantir la fra\u00eecheur des bonbons. Contactez-nous d\u00e8s aujourd'hui pour obtenir plus d'informations sur nos produits ainsi qu'un devis et des \u00e9chantillons gratuits !<\/p>\n<h3>Avantages du fournisseur de film en rouleau pour l'emballage de sachets<\/h3>\n<ul>\n<li><strong>Conception personnalis\u00e9e<\/strong>: Fournir des solutions de conception personnalis\u00e9es, prendre en charge OEM\/ODM, personnaliser avec diff\u00e9rentes sp\u00e9cifications, tailles, motifs d'impression, etc.<\/li>\n<li><strong>Assurance qualit\u00e9<\/strong>: Contr\u00f4ler le processus de production, disposer de mat\u00e9riaux de haute qualit\u00e9 et d'\u00e9quipements avanc\u00e9s pour garantir la qualit\u00e9 des produits.<\/li>\n<li><strong>Livraison dans les d\u00e9lais<\/strong>: Optimiser le processus de production et am\u00e9liorer l'efficacit\u00e9 de la production afin de garantir une livraison dans les d\u00e9lais et de r\u00e9pondre aux besoins urgents des clients.<\/li>\n<li><strong>Support technique professionnel<\/strong>: L'\u00e9quipe technique exp\u00e9riment\u00e9e fournit une assistance technique professionnelle et un service de conseil apr\u00e8s-vente 24 heures sur 24.<\/li>\n<li><strong>\u00c9chantillon gratuit<\/strong>: Fournir un service d'\u00e9chantillonnage gratuit pour vous permettre d'\u00e9valuer les produits.<\/li>\n<\/ul>\n<p>Huiyang Packaging s'engage \u00e0 fournir \u00e0 ses clients des rouleaux de film d'emballage de sachets de haute qualit\u00e9 et personnalis\u00e9s afin de les aider \u00e0 am\u00e9liorer l'image de leurs produits et \u00e0 renforcer leur comp\u00e9titivit\u00e9 sur le march\u00e9.<\/p>","protected":false},"featured_media":4945,"comment_status":"open","ping_status":"closed","template":"","meta":[],"product_brand":[],"product_cat":[53],"product_tag":[],"class_list":{"0":"post-4944","1":"product","2":"type-product","3":"status-publish","4":"has-post-thumbnail","6":"product_cat-packaging-film-supplier","8":"first","9":"instock","10":"shipping-taxable","11":"product-type-simple"},"_links":{"self":[{"href":"https:\/\/www.hyflexpack.com\/fr\/wp-json\/wp\/v2\/product\/4944","targetHints":{"allow":["GET"]}}],"collection":[{"href":"https:\/\/www.hyflexpack.com\/fr\/wp-json\/wp\/v2\/product"}],"about":[{"href":"https:\/\/www.hyflexpack.com\/fr\/wp-json\/wp\/v2\/types\/product"}],"replies":[{"embeddable":true,"href":"https:\/\/www.hyflexpack.com\/fr\/wp-json\/wp\/v2\/comments?post=4944"}],"wp:featuredmedia":[{"embeddable":true,"href":"https:\/\/www.hyflexpack.com\/fr\/wp-json\/wp\/v2\/media\/4945"}],"wp:attachment":[{"href":"https:\/\/www.hyflexpack.com\/fr\/wp-json\/wp\/v2\/media?parent=4944"}],"wp:term":[{"taxonomy":"product_brand","embeddable":true,"href":"https:\/\/www.hyflexpack.com\/fr\/wp-json\/wp\/v2\/product_brand?post=4944"},{"taxonomy":"product_cat","embeddable":true,"href":"https:\/\/www.hyflexpack.com\/fr\/wp-json\/wp\/v2\/product_cat?post=4944"},{"taxonomy":"product_tag","embeddable":true,"href":"https:\/\/www.hyflexpack.com\/fr\/wp-json\/wp\/v2\/product_tag?post=4944"}],"curies":[{"name":"wp","href":"https:\/\/api.w.org\/{rel}","templated":true}]}}