{"id":4936,"date":"2024-07-25T06:32:13","date_gmt":"2024-07-25T06:32:13","guid":{"rendered":"https:\/\/www.hyflexpack.com\/?post_type=product&#038;p=4936"},"modified":"2024-07-25T06:32:15","modified_gmt":"2024-07-25T06:32:15","slug":"supply-automatic-packaging-film","status":"publish","type":"product","link":"https:\/\/www.hyflexpack.com\/fr\/product\/supply-automatic-packaging-film\/","title":{"rendered":"Film d'emballage automatique avec barri\u00e8re en aluminium de qualit\u00e9 alimentaire pour l'emballage de bonbons"},"content":{"rendered":"<div class=\"wp-block-columns is-layout-flex wp-container-core-columns-is-layout-9d6595d7 wp-block-columns-is-layout-flex\">\n<div class=\"wp-block-column is-layout-flow wp-block-column-is-layout-flow\">\n<h3 class=\"wp-block-heading\">Caract\u00e9ristiques du film d'emballage automatique de haute qualit\u00e9<\/h3>\n\n\n\n<ul class=\"wp-block-list\">\n<li>Emballage automatique : cet emballage convient aux machines d'emballage automatiques afin d'am\u00e9liorer l'efficacit\u00e9 et d'augmenter la vitesse de production.<\/li>\n<\/ul>\n\n\n\n<p><\/p>\n\n\n\n<ul class=\"wp-block-list\">\n<li>Couche de protection en feuille d'aluminium : Une couche de feuille d'aluminium tr\u00e8s efficace fournit une excellente performance de barri\u00e8re, emp\u00eachant efficacement l'humidit\u00e9, l'oxyg\u00e8ne et la lumi\u00e8re d'affecter les bonbons, ce qui leur permet de rester frais et savoureux.<\/li>\n<\/ul>\n\n\n\n<p><\/p>\n\n\n\n<ul class=\"wp-block-list\">\n<li>S\u00e9curit\u00e9 alimentaire : Le film d'emballage automatique est fabriqu\u00e9 \u00e0 partir de mat\u00e9riaux de qualit\u00e9 alimentaire afin de garantir la s\u00e9curit\u00e9 de l'emballage et l'hygi\u00e8ne des bonbons, ce qui r\u00e9pond aux normes internationales de s\u00e9curit\u00e9 alimentaire et prot\u00e8ge la sant\u00e9 des consommateurs.<\/li>\n<\/ul>\n\n\n\n<p><\/p>\n\n\n\n<ul class=\"wp-block-list\">\n<li>Durable : La structure composite multicouche offre une excellente durabilit\u00e9 et une r\u00e9sistance \u00e0 la d\u00e9chirure, garantissant l'int\u00e9grit\u00e9 de l'emballage pendant le transport et le stockage.<\/li>\n<\/ul>\n\n\n\n<p><\/p>\n\n\n\n<ul class=\"wp-block-list\">\n<li>Options \u00e9cologiques : Fournir des options de mat\u00e9riaux recyclables et respectueux de l'environnement pour se conformer aux normes d'emballage \u00e9cologique, r\u00e9duire l'impact sur l'environnement et r\u00e9pondre aux tendances environnementales.<\/li>\n<\/ul>\n<\/div>\n\n\n\n<div class=\"wp-block-column is-layout-flow wp-block-column-is-layout-flow\">\n<figure class=\"wp-block-image size-full\"><img fetchpriority=\"high\" decoding=\"async\" width=\"750\" height=\"750\" src=\"https:\/\/www.hyflexpack.com\/wp-content\/uploads\/2024\/07\/Supply-Automatic-Packaging-Film-3.webp\" alt=\"Fourniture de film d&#039;emballage automatique\" class=\"wp-image-4939\" srcset=\"https:\/\/www.hyflexpack.com\/wp-content\/uploads\/2024\/07\/Supply-Automatic-Packaging-Film-3.webp 750w, https:\/\/www.hyflexpack.com\/wp-content\/uploads\/2024\/07\/Supply-Automatic-Packaging-Film-3-300x300.webp 300w, https:\/\/www.hyflexpack.com\/wp-content\/uploads\/2024\/07\/Supply-Automatic-Packaging-Film-3-150x150.webp 150w, https:\/\/www.hyflexpack.com\/wp-content\/uploads\/2024\/07\/Supply-Automatic-Packaging-Film-3-12x12.webp 12w, https:\/\/www.hyflexpack.com\/wp-content\/uploads\/2024\/07\/Supply-Automatic-Packaging-Film-3-285x285.webp 285w, https:\/\/www.hyflexpack.com\/wp-content\/uploads\/2024\/07\/Supply-Automatic-Packaging-Film-3-270x270.webp 270w, https:\/\/www.hyflexpack.com\/wp-content\/uploads\/2024\/07\/Supply-Automatic-Packaging-Film-3-540x540.webp 540w, https:\/\/www.hyflexpack.com\/wp-content\/uploads\/2024\/07\/Supply-Automatic-Packaging-Film-3-660x660.webp 660w\" sizes=\"(max-width: 750px) 100vw, 750px\" \/><\/figure>\n<\/div>\n<\/div>","protected":false},"excerpt":{"rendered":"<p>D\u00e9couvrez nos films d'emballage automatique dot\u00e9s de propri\u00e9t\u00e9s de barri\u00e8re efficaces pour garantir la fra\u00eecheur et la s\u00e9curit\u00e9 des bonbons, adapt\u00e9s aux \u00e9quipements automatis\u00e9s et permettant une personnalisation flexible. Contactez-nous pour plus d'informations sur la personnalisation et la vente en gros, et obtenez un design gratuit !<\/p>\n<h3>Avantages de la fabrication automatique de films d'emballage<\/h3>\n<ul>\n<li><strong>Conception personnalis\u00e9e<\/strong>: Nous proposons un service de conception personnalis\u00e9e de film d'emballage automatique, y compris la personnalisation du mat\u00e9riau, de la taille et du motif d'impression pour r\u00e9pondre aux besoins des clients, et nous prenons en charge l'OEM et l'ODM.<\/li>\n<li><strong>Fabrication<\/strong>: Gr\u00e2ce \u00e0 un \u00e9quipement et une technologie de pointe, nous sommes en mesure de produire des commandes avec une efficacit\u00e9 et une qualit\u00e9 \u00e9lev\u00e9es et de les livrer dans les d\u00e9lais impartis.<\/li>\n<li><strong>Inspection de la qualit\u00e9<\/strong>: Nous respectons strictement les normes de qualit\u00e9 et les exigences en mati\u00e8re de s\u00e9curit\u00e9 alimentaire afin de garantir que nos produits r\u00e9pondent aux normes.<\/li>\n<li><strong>Support technique de l'\u00e9quipe<\/strong>: Notre \u00e9quipe poss\u00e8de une riche exp\u00e9rience de l'industrie et des connaissances professionnelles qui lui permettent de fournir une assistance technique et des services de conseil 24 heures sur 24 \u00e0 nos clients.<\/li>\n<li><strong>\u00c9chantillons gratuits<\/strong>: Nous fournissons des \u00e9chantillons gratuits pour vous permettre d'\u00e9valuer nos produits.<\/li>\n<\/ul>\n<p>Huiyang Packaging s'engage \u00e0 fournir \u00e0 ses clients des films d'emballage automatiques de haute qualit\u00e9 et personnalis\u00e9s afin de les aider \u00e0 am\u00e9liorer l'image de leurs produits et \u00e0 renforcer leur comp\u00e9titivit\u00e9 sur le march\u00e9.<\/p>","protected":false},"featured_media":4940,"comment_status":"open","ping_status":"closed","template":"","meta":[],"product_brand":[],"product_cat":[53],"product_tag":[],"class_list":{"0":"post-4936","1":"product","2":"type-product","3":"status-publish","4":"has-post-thumbnail","6":"product_cat-packaging-film-supplier","8":"first","9":"instock","10":"shipping-taxable","11":"product-type-simple"},"_links":{"self":[{"href":"https:\/\/www.hyflexpack.com\/fr\/wp-json\/wp\/v2\/product\/4936","targetHints":{"allow":["GET"]}}],"collection":[{"href":"https:\/\/www.hyflexpack.com\/fr\/wp-json\/wp\/v2\/product"}],"about":[{"href":"https:\/\/www.hyflexpack.com\/fr\/wp-json\/wp\/v2\/types\/product"}],"replies":[{"embeddable":true,"href":"https:\/\/www.hyflexpack.com\/fr\/wp-json\/wp\/v2\/comments?post=4936"}],"wp:featuredmedia":[{"embeddable":true,"href":"https:\/\/www.hyflexpack.com\/fr\/wp-json\/wp\/v2\/media\/4940"}],"wp:attachment":[{"href":"https:\/\/www.hyflexpack.com\/fr\/wp-json\/wp\/v2\/media?parent=4936"}],"wp:term":[{"taxonomy":"product_brand","embeddable":true,"href":"https:\/\/www.hyflexpack.com\/fr\/wp-json\/wp\/v2\/product_brand?post=4936"},{"taxonomy":"product_cat","embeddable":true,"href":"https:\/\/www.hyflexpack.com\/fr\/wp-json\/wp\/v2\/product_cat?post=4936"},{"taxonomy":"product_tag","embeddable":true,"href":"https:\/\/www.hyflexpack.com\/fr\/wp-json\/wp\/v2\/product_tag?post=4936"}],"curies":[{"name":"wp","href":"https:\/\/api.w.org\/{rel}","templated":true}]}}