{"id":4893,"date":"2024-07-24T15:53:37","date_gmt":"2024-07-24T15:53:37","guid":{"rendered":"https:\/\/www.hyflexpack.com\/?post_type=product&#038;p=4893"},"modified":"2025-10-23T06:37:46","modified_gmt":"2025-10-23T06:37:46","slug":"china-wholesale-cookie-bags-packaging","status":"publish","type":"product","link":"https:\/\/www.hyflexpack.com\/fr\/product\/china-wholesale-cookie-bags-packaging\/","title":{"rendered":"Sacs de biscuits en gros en Chine Emballage de biscuits en forme d'animaux Pochettes de biscuits \u00e0 fermeture \u00e0 glissi\u00e8re"},"content":{"rendered":"<div class=\"wp-block-columns is-layout-flex wp-container-core-columns-is-layout-9d6595d7 wp-block-columns-is-layout-flex\">\n<div class=\"wp-block-column is-layout-flow wp-block-column-is-layout-flow\">\n<h3 class=\"wp-block-heading\">Caract\u00e9ristiques des sacs de biscuits de haute qualit\u00e9<\/h3>\n\n\n\n<ul class=\"wp-block-list\">\n<li><strong>Dessin sp\u00e9cial en forme d'animal pour les biscuits<\/strong>: Le design des sachets de biscuits en forme d'animaux attire le consommateur, en ciblant principalement les march\u00e9s des enfants et des familles.<\/li>\n\n\n\n<li><strong>Fermeture \u00e0 glissi\u00e8re<\/strong>: Le sac est dot\u00e9 d'une fermeture \u00e0 glissi\u00e8re pratique qui permet de l'ouvrir et de le refermer plusieurs fois sans compromettre la fra\u00eecheur des biscuits qu'il contient.<\/li>\n\n\n\n<li><strong>Structure permanente<\/strong>: La conception du sac \u00e0 biscuits lui permet de se tenir fermement sur l'\u00e9tag\u00e8re pour une meilleure pr\u00e9sentation du produit et une meilleure utilisation de l'espace d'\u00e9tag\u00e8re.<\/li>\n\n\n\n<li><strong>Mat\u00e9riau de haute qualit\u00e9<\/strong>Les sacs \u00e0 biscuits sont fabriqu\u00e9s \u00e0 partir d'un mat\u00e9riau s\u00fbr de qualit\u00e9 alimentaire qui assure la fra\u00eecheur et la s\u00e9curit\u00e9 des biscuits, ce qui constitue une garantie pour les consommateurs.<\/li>\n\n\n\n<li><strong>Vari\u00e9t\u00e9 d'utilisations<\/strong>: Il peut \u00eatre appliqu\u00e9 \u00e0 l'emballage de toutes sortes de biscuits, y compris, mais sans s'y limiter, les biscuits en forme d'animaux, les autres biscuits en forme et les snacks.<\/li>\n\n\n\n<li><strong>Protection de l'environnement<\/strong>: Pr\u00e9voir des options pour les mat\u00e9riaux biod\u00e9gradables ou recyclables.<\/li>\n<\/ul>\n<\/div>\n\n\n\n<div class=\"wp-block-column is-layout-flow wp-block-column-is-layout-flow\">\n<figure class=\"wp-block-image size-full\"><img fetchpriority=\"high\" decoding=\"async\" width=\"750\" height=\"750\" src=\"https:\/\/www.hyflexpack.com\/wp-content\/uploads\/2024\/07\/China-Wholesale-Cookie-Bags-2.webp\" alt=\"Sacs \u00e0 biscuits de gros en Chine\" class=\"wp-image-4895\" srcset=\"https:\/\/www.hyflexpack.com\/wp-content\/uploads\/2024\/07\/China-Wholesale-Cookie-Bags-2.webp 750w, https:\/\/www.hyflexpack.com\/wp-content\/uploads\/2024\/07\/China-Wholesale-Cookie-Bags-2-300x300.webp 300w, https:\/\/www.hyflexpack.com\/wp-content\/uploads\/2024\/07\/China-Wholesale-Cookie-Bags-2-150x150.webp 150w, https:\/\/www.hyflexpack.com\/wp-content\/uploads\/2024\/07\/China-Wholesale-Cookie-Bags-2-12x12.webp 12w, https:\/\/www.hyflexpack.com\/wp-content\/uploads\/2024\/07\/China-Wholesale-Cookie-Bags-2-285x285.webp 285w, https:\/\/www.hyflexpack.com\/wp-content\/uploads\/2024\/07\/China-Wholesale-Cookie-Bags-2-270x270.webp 270w, https:\/\/www.hyflexpack.com\/wp-content\/uploads\/2024\/07\/China-Wholesale-Cookie-Bags-2-540x540.webp 540w, https:\/\/www.hyflexpack.com\/wp-content\/uploads\/2024\/07\/China-Wholesale-Cookie-Bags-2-660x660.webp 660w\" sizes=\"(max-width: 750px) 100vw, 750px\" \/><\/figure>\n<\/div>\n<\/div>","protected":false},"excerpt":{"rendered":"<p>Ces sacs \u00e0 biscuits sont con\u00e7us avec des formes animales uniques pour attirer l'attention des enfants et des clients familiaux. Contactez-nous d\u00e8s maintenant pour obtenir des solutions plus personnalis\u00e9es ainsi que des mod\u00e8les et des \u00e9chantillons gratuits !<\/p>\n<h3>Avantages du fournisseur de sacs de biscuits personnalis\u00e9s<\/h3>\n<ul>\n<li><strong>Conception personnalis\u00e9e<\/strong>: Fournir des solutions de conception personnalis\u00e9es, prendre en charge OEM\/ODM, personnaliser avec diff\u00e9rentes sp\u00e9cifications, tailles, motifs d'impression, etc.<\/li>\n<li><strong>Assurance qualit\u00e9<\/strong>: Contr\u00f4ler le processus de production, disposer de mat\u00e9riaux de haute qualit\u00e9 et d'\u00e9quipements avanc\u00e9s pour garantir la qualit\u00e9 des produits.<\/li>\n<li><strong>Livraison dans les d\u00e9lais<\/strong>: Optimiser le processus de production et am\u00e9liorer l'efficacit\u00e9 de la production afin de garantir une livraison dans les d\u00e9lais et de r\u00e9pondre aux besoins urgents des clients.<\/li>\n<li><strong>Support technique professionnel<\/strong>: L'\u00e9quipe technique exp\u00e9riment\u00e9e fournit une assistance technique professionnelle et un service de conseil apr\u00e8s-vente 24 heures sur 24.<\/li>\n<li><strong>\u00c9chantillon gratuit<\/strong>: Nous fournissons un service d'\u00e9chantillons gratuits pour vous permettre d'\u00e9valuer les sacs d'emballage flexibles.<\/li>\n<\/ul>\n<p><a href=\"https:\/\/www.hyflexpack.com\/fr\/\"><strong>Huiyang Packaging<\/strong><\/a> s'engage \u00e0 fournir \u00e0 ses clients des produits de haute qualit\u00e9 et de qualit\u00e9 sup\u00e9rieure. <strong>emballage de biscuits en sachets personnalis\u00e9s<\/strong> aider les clients \u00e0 am\u00e9liorer l'image de leurs produits et \u00e0 renforcer leur comp\u00e9titivit\u00e9 sur le march\u00e9<\/p>","protected":false},"featured_media":4896,"comment_status":"open","ping_status":"closed","template":"","meta":[],"product_brand":[],"product_cat":[57],"product_tag":[],"class_list":{"0":"post-4893","1":"product","2":"type-product","3":"status-publish","4":"has-post-thumbnail","6":"product_cat-snack-packaging-bags-wholesale","8":"first","9":"instock","10":"shipping-taxable","11":"product-type-simple"},"_links":{"self":[{"href":"https:\/\/www.hyflexpack.com\/fr\/wp-json\/wp\/v2\/product\/4893","targetHints":{"allow":["GET"]}}],"collection":[{"href":"https:\/\/www.hyflexpack.com\/fr\/wp-json\/wp\/v2\/product"}],"about":[{"href":"https:\/\/www.hyflexpack.com\/fr\/wp-json\/wp\/v2\/types\/product"}],"replies":[{"embeddable":true,"href":"https:\/\/www.hyflexpack.com\/fr\/wp-json\/wp\/v2\/comments?post=4893"}],"wp:featuredmedia":[{"embeddable":true,"href":"https:\/\/www.hyflexpack.com\/fr\/wp-json\/wp\/v2\/media\/4896"}],"wp:attachment":[{"href":"https:\/\/www.hyflexpack.com\/fr\/wp-json\/wp\/v2\/media?parent=4893"}],"wp:term":[{"taxonomy":"product_brand","embeddable":true,"href":"https:\/\/www.hyflexpack.com\/fr\/wp-json\/wp\/v2\/product_brand?post=4893"},{"taxonomy":"product_cat","embeddable":true,"href":"https:\/\/www.hyflexpack.com\/fr\/wp-json\/wp\/v2\/product_cat?post=4893"},{"taxonomy":"product_tag","embeddable":true,"href":"https:\/\/www.hyflexpack.com\/fr\/wp-json\/wp\/v2\/product_tag?post=4893"}],"curies":[{"name":"wp","href":"https:\/\/api.w.org\/{rel}","templated":true}]}}