{"id":4837,"date":"2024-07-20T02:02:26","date_gmt":"2024-07-20T02:02:26","guid":{"rendered":"https:\/\/www.hyflexpack.com\/?post_type=product&#038;p=4837"},"modified":"2025-10-23T08:36:58","modified_gmt":"2025-10-23T08:36:58","slug":"custom-creative-biscuit-packaging-design","status":"publish","type":"product","link":"https:\/\/www.hyflexpack.com\/fr\/product\/custom-creative-biscuit-packaging-design\/","title":{"rendered":"Emballage cr\u00e9atif de biscuits sur mesure Motif Apparence Sachets scellables debout"},"content":{"rendered":"<div class=\"wp-block-columns is-layout-flex wp-container-core-columns-is-layout-9d6595d7 wp-block-columns-is-layout-flex\">\n<div class=\"wp-block-column is-layout-flow wp-block-column-is-layout-flow\">\n<h3 class=\"wp-block-heading\">Caract\u00e9ristiques de l'emballage de biscuits de haute qualit\u00e9<\/h3>\n\n\n\n<ul class=\"wp-block-list\">\n<li>Motif cr\u00e9atif : Un motif unique et accrocheur rend le sac d'emballage de biscuits plus vivant, augmente l'attrait visuel et attire davantage de consommateurs.<\/li>\n<\/ul>\n\n\n\n<p><\/p>\n\n\n\n<ul class=\"wp-block-list\">\n<li>Emballage scell\u00e9 : Dot\u00e9 d'une fonction de scellement de haute qualit\u00e9, il emp\u00eache efficacement l'air et l'humidit\u00e9 de p\u00e9n\u00e9trer, garantissant ainsi que les biscuits restent frais et croustillants pendant longtemps.<\/li>\n<\/ul>\n\n\n\n<p><\/p>\n\n\n\n<ul class=\"wp-block-list\">\n<li>Conception de la pochette \u00e0 hauteur d'homme : La conception du sachet tenant debout est non seulement pratique pour la pr\u00e9sentation et am\u00e9liore l'effet de pr\u00e9sentation en rayon, mais elle est \u00e9galement pratique pour le stockage et la prise par les consommateurs, ce qui am\u00e9liore l'exp\u00e9rience de l'utilisateur.<\/li>\n<\/ul>\n\n\n\n<p><\/p>\n\n\n\n<ul class=\"wp-block-list\">\n<li>Mat\u00e9riaux respectueux de l'environnement : L'emballage des biscuits utilise des mat\u00e9riaux recyclables respectueux de l'environnement afin de r\u00e9duire l'impact sur l'environnement et de r\u00e9pondre aux besoins des consommateurs modernes en mati\u00e8re de d\u00e9veloppement durable.<\/li>\n<\/ul>\n\n\n\n<p><\/p>\n\n\n\n<ul class=\"wp-block-list\">\n<li>Forte durabilit\u00e9 : Le mat\u00e9riau d'emballage est robuste et durable afin d'\u00e9viter tout dommage pendant le transport et le stockage, garantissant ainsi que le produit est livr\u00e9 en toute s\u00e9curit\u00e9 aux consommateurs.<\/li>\n<\/ul>\n<\/div>\n\n\n\n<div class=\"wp-block-column is-layout-flow wp-block-column-is-layout-flow\">\n<figure class=\"wp-block-image size-full\"><img fetchpriority=\"high\" decoding=\"async\" width=\"750\" height=\"750\" src=\"https:\/\/www.hyflexpack.com\/wp-content\/uploads\/2024\/07\/Custom-Creative-Biscuit-Packaging-Design-7.webp\" alt=\"Conception d&#039;emballages de biscuits sur mesure\" class=\"wp-image-4842\" srcset=\"https:\/\/www.hyflexpack.com\/wp-content\/uploads\/2024\/07\/Custom-Creative-Biscuit-Packaging-Design-7.webp 750w, https:\/\/www.hyflexpack.com\/wp-content\/uploads\/2024\/07\/Custom-Creative-Biscuit-Packaging-Design-7-300x300.webp 300w, https:\/\/www.hyflexpack.com\/wp-content\/uploads\/2024\/07\/Custom-Creative-Biscuit-Packaging-Design-7-150x150.webp 150w, https:\/\/www.hyflexpack.com\/wp-content\/uploads\/2024\/07\/Custom-Creative-Biscuit-Packaging-Design-7-12x12.webp 12w, https:\/\/www.hyflexpack.com\/wp-content\/uploads\/2024\/07\/Custom-Creative-Biscuit-Packaging-Design-7-285x285.webp 285w, https:\/\/www.hyflexpack.com\/wp-content\/uploads\/2024\/07\/Custom-Creative-Biscuit-Packaging-Design-7-270x270.webp 270w, https:\/\/www.hyflexpack.com\/wp-content\/uploads\/2024\/07\/Custom-Creative-Biscuit-Packaging-Design-7-540x540.webp 540w, https:\/\/www.hyflexpack.com\/wp-content\/uploads\/2024\/07\/Custom-Creative-Biscuit-Packaging-Design-7-660x660.webp 660w\" sizes=\"(max-width: 750px) 100vw, 750px\" \/><\/figure>\n<\/div>\n<\/div>","protected":false},"excerpt":{"rendered":"<p>D\u00e9couvrez nos solutions cr\u00e9atives et personnalis\u00e9es d'emballage de biscuits pour que vos produits se distinguent sur le march\u00e9 et attirent davantage de consommateurs. Contactez-nous d\u00e8s maintenant pour obtenir plus d'informations et des solutions personnalis\u00e9es !<\/p>\n<h3>Avantages du fournisseur d'emballages pour biscuits<\/h3>\n<ul>\n<li><strong>Conception sur mesure<\/strong>: Fournir des solutions de conception personnalis\u00e9es pour r\u00e9pondre \u00e0 diff\u00e9rentes sp\u00e9cifications, tailles et exigences d'impression jusqu'\u00e0 10 couleurs selon les besoins du client, prendre en charge la personnalisation OEM et ODM.<\/li>\n<li><strong>Assurance qualit\u00e9<\/strong>: Contr\u00f4le strict du processus de production, utilisation de mati\u00e8res premi\u00e8res de haute qualit\u00e9 et d'\u00e9quipements de production avanc\u00e9s pour garantir une qualit\u00e9 de produit stable et fiable.<\/li>\n<li><strong>Support technique professionnel<\/strong>: Gr\u00e2ce \u00e0 notre \u00e9quipe technique exp\u00e9riment\u00e9e, nous fournissons une assistance technique professionnelle et un service apr\u00e8s-vente afin de r\u00e9pondre rapidement aux besoins des clients.<\/li>\n<li><strong>\u00c9chantillon gratuit<\/strong>: Fournir un service d'\u00e9chantillonnage gratuit afin que vous puissiez \u00e9valuer les produits.<\/li>\n<\/ul>\n<p>Huiyang Packaging se consacre \u00e0 offrir des solutions d'emballage de biscuits personnalis\u00e9es et de haute qualit\u00e9 qui am\u00e9liorent l'image du produit et renforcent la comp\u00e9titivit\u00e9 du march\u00e9 pour nos clients.<\/p>","protected":false},"featured_media":4838,"comment_status":"open","ping_status":"closed","template":"","meta":[],"product_brand":[],"product_cat":[57],"product_tag":[],"class_list":{"0":"post-4837","1":"product","2":"type-product","3":"status-publish","4":"has-post-thumbnail","6":"product_cat-snack-packaging-bags-wholesale","8":"first","9":"instock","10":"shipping-taxable","11":"product-type-simple"},"_links":{"self":[{"href":"https:\/\/www.hyflexpack.com\/fr\/wp-json\/wp\/v2\/product\/4837","targetHints":{"allow":["GET"]}}],"collection":[{"href":"https:\/\/www.hyflexpack.com\/fr\/wp-json\/wp\/v2\/product"}],"about":[{"href":"https:\/\/www.hyflexpack.com\/fr\/wp-json\/wp\/v2\/types\/product"}],"replies":[{"embeddable":true,"href":"https:\/\/www.hyflexpack.com\/fr\/wp-json\/wp\/v2\/comments?post=4837"}],"wp:featuredmedia":[{"embeddable":true,"href":"https:\/\/www.hyflexpack.com\/fr\/wp-json\/wp\/v2\/media\/4838"}],"wp:attachment":[{"href":"https:\/\/www.hyflexpack.com\/fr\/wp-json\/wp\/v2\/media?parent=4837"}],"wp:term":[{"taxonomy":"product_brand","embeddable":true,"href":"https:\/\/www.hyflexpack.com\/fr\/wp-json\/wp\/v2\/product_brand?post=4837"},{"taxonomy":"product_cat","embeddable":true,"href":"https:\/\/www.hyflexpack.com\/fr\/wp-json\/wp\/v2\/product_cat?post=4837"},{"taxonomy":"product_tag","embeddable":true,"href":"https:\/\/www.hyflexpack.com\/fr\/wp-json\/wp\/v2\/product_tag?post=4837"}],"curies":[{"name":"wp","href":"https:\/\/api.w.org\/{rel}","templated":true}]}}