{"id":4756,"date":"2024-07-12T08:50:48","date_gmt":"2024-07-12T08:50:48","guid":{"rendered":"https:\/\/www.hyflexpack.com\/?post_type=product&#038;p=4756"},"modified":"2024-07-12T08:50:50","modified_gmt":"2024-07-12T08:50:50","slug":"bulk-peanut-nut-bags-packaging","status":"publish","type":"product","link":"https:\/\/www.hyflexpack.com\/fr\/product\/bulk-peanut-nut-bags-packaging\/","title":{"rendered":"Bulk Peanut Nut Bags Packaging Food Grade Resealable Laminated Standing Bag with Window"},"content":{"rendered":"<div class=\"wp-block-columns is-layout-flex wp-container-core-columns-is-layout-9d6595d7 wp-block-columns-is-layout-flex\">\n<div class=\"wp-block-column is-layout-flow wp-block-column-is-layout-flow\">\n<h3 class=\"wp-block-heading\">Caract\u00e9ristiques de l'emballage des sacs de cacahu\u00e8tes de haute qualit\u00e9<\/h3>\n\n\n\n<ul class=\"wp-block-list\">\n<li>Mat\u00e9riaux de qualit\u00e9 alimentaire : Les sacs \u00e0 noix sont fabriqu\u00e9s \u00e0 partir de mat\u00e9riaux de qualit\u00e9 alimentaire afin de garantir la s\u00e9curit\u00e9 et la fra\u00eecheur des noix.<\/li>\n<\/ul>\n\n\n\n<p><\/p>\n\n\n\n<ul class=\"wp-block-list\">\n<li>Conception refermable : \u00c9quip\u00e9 d'une fonction refermable pratique pour pr\u00e9server le go\u00fbt et la fra\u00eecheur des fruits \u00e0 coque.<\/li>\n<\/ul>\n\n\n\n<p><\/p>\n\n\n\n<ul class=\"wp-block-list\">\n<li>Sac tridimensionnel lamin\u00e9 : L'utilisation de la technologie du laminage permet d'obtenir une r\u00e9sistance structurelle et une protection sup\u00e9rieures.<\/li>\n<\/ul>\n\n\n\n<p><\/p>\n\n\n\n<ul class=\"wp-block-list\">\n<li>Fen\u00eatre transparente : Une fen\u00eatre transparente est pr\u00e9vue pour permettre aux consommateurs de voir le contenu des noix et d'accro\u00eetre l'attrait du produit.<\/li>\n<\/ul>\n\n\n\n<p><\/p>\n\n\n\n<ul class=\"wp-block-list\">\n<li>Mod\u00e8le avec trous de suspension : Les trous d'accrochage sont con\u00e7us pour faciliter la pr\u00e9sentation et le stockage des produits \u00e0 base de fruits \u00e0 coque dans le commerce de d\u00e9tail.<\/li>\n<\/ul>\n<\/div>\n\n\n\n<div class=\"wp-block-column is-layout-flow wp-block-column-is-layout-flow\"><div class=\"wp-block-image\">\n<figure class=\"aligncenter size-full is-resized\"><img fetchpriority=\"high\" decoding=\"async\" width=\"750\" height=\"750\" src=\"https:\/\/www.hyflexpack.com\/wp-content\/uploads\/2024\/07\/Bulk-Peanut-Nut-Bags-2.webp\" alt=\"Sacs de cacahu\u00e8tes en vrac\" class=\"wp-image-4758\" style=\"width:385px;height:auto\" srcset=\"https:\/\/www.hyflexpack.com\/wp-content\/uploads\/2024\/07\/Bulk-Peanut-Nut-Bags-2.webp 750w, https:\/\/www.hyflexpack.com\/wp-content\/uploads\/2024\/07\/Bulk-Peanut-Nut-Bags-2-300x300.webp 300w, https:\/\/www.hyflexpack.com\/wp-content\/uploads\/2024\/07\/Bulk-Peanut-Nut-Bags-2-150x150.webp 150w, https:\/\/www.hyflexpack.com\/wp-content\/uploads\/2024\/07\/Bulk-Peanut-Nut-Bags-2-12x12.webp 12w, https:\/\/www.hyflexpack.com\/wp-content\/uploads\/2024\/07\/Bulk-Peanut-Nut-Bags-2-285x285.webp 285w, https:\/\/www.hyflexpack.com\/wp-content\/uploads\/2024\/07\/Bulk-Peanut-Nut-Bags-2-270x270.webp 270w, https:\/\/www.hyflexpack.com\/wp-content\/uploads\/2024\/07\/Bulk-Peanut-Nut-Bags-2-540x540.webp 540w, https:\/\/www.hyflexpack.com\/wp-content\/uploads\/2024\/07\/Bulk-Peanut-Nut-Bags-2-660x660.webp 660w\" sizes=\"(max-width: 750px) 100vw, 750px\" \/><\/figure>\n<\/div><\/div>\n<\/div>","protected":false},"excerpt":{"rendered":"<p>D\u00e9couvrez les sachets de noix lamin\u00e9s de qualit\u00e9 alimentaire dot\u00e9s de capacit\u00e9s de refermeture, de fen\u00eatres transparentes et de trous de suspension pratiques con\u00e7us pour pr\u00e9server la qualit\u00e9 et la fra\u00eecheur des noix tout en am\u00e9liorant la pr\u00e9sentation des produits et la comp\u00e9titivit\u00e9 sur le march\u00e9. N'h\u00e9sitez pas \u00e0 nous contacter pour conna\u00eetre nos tarifs.<\/p>\n<h3>Avantages des sacs de cacahu\u00e8tes et de noix Fournisseur d'emballages<\/h3>\n<ul>\n<li><strong>Conception personnalis\u00e9e<\/strong>: Fournir des solutions de conception personnalis\u00e9es pour r\u00e9pondre \u00e0 diff\u00e9rentes sp\u00e9cifications, tailles et exigences d'impression jusqu'\u00e0 10 couleurs selon les besoins du client, prendre en charge la personnalisation OEM et ODM.<\/li>\n<li><strong>Assurance qualit\u00e9<\/strong>: Contr\u00f4le strict du processus de production, utilisation de mati\u00e8res premi\u00e8res de haute qualit\u00e9 et d'\u00e9quipements de production avanc\u00e9s pour garantir une qualit\u00e9 de produit stable et fiable.<\/li>\n<li><strong>Support technique professionnel<\/strong>: Gr\u00e2ce \u00e0 une \u00e9quipe technique exp\u00e9riment\u00e9e, nous fournissons une assistance technique professionnelle et un service apr\u00e8s-vente afin de r\u00e9pondre rapidement aux besoins des clients.<\/li>\n<li><strong>\u00c9chantillon gratuit<\/strong>: Fournir un service d'\u00e9chantillonnage gratuit pour vous permettre d'\u00e9valuer les produits.<\/li>\n<\/ul>\n<p>Huiyang Packaging s'engage \u00e0 fournir \u00e0 ses clients des sacs \u00e0 noix personnalis\u00e9s de haute qualit\u00e9 afin de les aider \u00e0 am\u00e9liorer l'image de leurs produits et \u00e0 renforcer leur comp\u00e9titivit\u00e9 sur le march\u00e9.<\/p>","protected":false},"featured_media":4757,"comment_status":"open","ping_status":"closed","template":"","meta":[],"product_brand":[],"product_cat":[51],"product_tag":[],"class_list":{"0":"post-4756","1":"product","2":"type-product","3":"status-publish","4":"has-post-thumbnail","6":"product_cat-custom-food-packaging-bags","8":"first","9":"instock","10":"shipping-taxable","11":"product-type-simple"},"_links":{"self":[{"href":"https:\/\/www.hyflexpack.com\/fr\/wp-json\/wp\/v2\/product\/4756","targetHints":{"allow":["GET"]}}],"collection":[{"href":"https:\/\/www.hyflexpack.com\/fr\/wp-json\/wp\/v2\/product"}],"about":[{"href":"https:\/\/www.hyflexpack.com\/fr\/wp-json\/wp\/v2\/types\/product"}],"replies":[{"embeddable":true,"href":"https:\/\/www.hyflexpack.com\/fr\/wp-json\/wp\/v2\/comments?post=4756"}],"wp:featuredmedia":[{"embeddable":true,"href":"https:\/\/www.hyflexpack.com\/fr\/wp-json\/wp\/v2\/media\/4757"}],"wp:attachment":[{"href":"https:\/\/www.hyflexpack.com\/fr\/wp-json\/wp\/v2\/media?parent=4756"}],"wp:term":[{"taxonomy":"product_brand","embeddable":true,"href":"https:\/\/www.hyflexpack.com\/fr\/wp-json\/wp\/v2\/product_brand?post=4756"},{"taxonomy":"product_cat","embeddable":true,"href":"https:\/\/www.hyflexpack.com\/fr\/wp-json\/wp\/v2\/product_cat?post=4756"},{"taxonomy":"product_tag","embeddable":true,"href":"https:\/\/www.hyflexpack.com\/fr\/wp-json\/wp\/v2\/product_tag?post=4756"}],"curies":[{"name":"wp","href":"https:\/\/api.w.org\/{rel}","templated":true}]}}