{"id":4746,"date":"2024-07-12T06:38:39","date_gmt":"2024-07-12T06:38:39","guid":{"rendered":"https:\/\/www.hyflexpack.com\/?post_type=product&#038;p=4746"},"modified":"2025-05-17T07:35:32","modified_gmt":"2025-05-17T07:35:32","slug":"custom-bottle-labels","status":"publish","type":"product","link":"https:\/\/www.hyflexpack.com\/fr\/product\/custom-bottle-labels\/","title":{"rendered":"\u00c9tiquettes de bouteilles personnalis\u00e9es Impression personnalis\u00e9e pour diff\u00e9rentes tailles d'\u00e9tiquettes de bouteilles d'eau"},"content":{"rendered":"<div class=\"wp-block-columns is-layout-flex wp-container-core-columns-is-layout-9d6595d7 wp-block-columns-is-layout-flex\">\n<div class=\"wp-block-column is-layout-flow wp-block-column-is-layout-flow\">\n<h3 class=\"wp-block-heading\">Caract\u00e9ristiques de l'\u00e9tiquette de bouteille de haute qualit\u00e9<\/h3>\n\n\n\n<ul class=\"wp-block-list\">\n<li>Impression personnalis\u00e9e : Les \u00e9tiquettes de bouteilles sont disponibles dans une vari\u00e9t\u00e9 d'options de personnalisation, y compris la couleur et les surfaces ext\u00e9rieures, pour r\u00e9pondre aux besoins de conception des diff\u00e9rents clients.<\/li>\n<\/ul>\n\n\n\n<p><\/p>\n\n\n\n<ul class=\"wp-block-list\">\n<li>Convient \u00e0 toutes les tailles : Les \u00e9tiquettes peuvent \u00eatre adapt\u00e9es \u00e0 diff\u00e9rentes tailles de bouteilles d'eau, qu'il s'agisse d'une petite bouteille de voyage ou d'une grande bouteille de sport.<\/li>\n<\/ul>\n\n\n\n<p><\/p>\n\n\n\n<ul class=\"wp-block-list\">\n<li>Imperm\u00e9able et durable : Fabriqu\u00e9e \u00e0 partir de mat\u00e9riaux de haute qualit\u00e9, l'\u00e9tiquette reste claire et intacte dans les environnements humides.<\/li>\n<\/ul>\n\n\n\n<p><\/p>\n\n\n\n<ul class=\"wp-block-list\">\n<li>Facile \u00e0 appliquer : La conception du support adh\u00e9sif rend l'\u00e9tiquette facile \u00e0 fixer et \u00e0 retirer, sans laisser de r\u00e9sidus de colle.<\/li>\n<\/ul>\n<\/div>\n\n\n\n<div class=\"wp-block-column is-layout-flow wp-block-column-is-layout-flow\">\n<figure class=\"wp-block-image size-full is-resized\"><img fetchpriority=\"high\" decoding=\"async\" width=\"750\" height=\"750\" src=\"https:\/\/www.hyflexpack.com\/wp-content\/uploads\/2024\/07\/Custom-Bottle-Labels-1.webp\" alt=\"\u00c9tiquettes de bouteilles personnalis\u00e9es\" class=\"wp-image-4747\" style=\"width:354px;height:auto\" srcset=\"https:\/\/www.hyflexpack.com\/wp-content\/uploads\/2024\/07\/Custom-Bottle-Labels-1.webp 750w, https:\/\/www.hyflexpack.com\/wp-content\/uploads\/2024\/07\/Custom-Bottle-Labels-1-300x300.webp 300w, https:\/\/www.hyflexpack.com\/wp-content\/uploads\/2024\/07\/Custom-Bottle-Labels-1-150x150.webp 150w, https:\/\/www.hyflexpack.com\/wp-content\/uploads\/2024\/07\/Custom-Bottle-Labels-1-12x12.webp 12w, https:\/\/www.hyflexpack.com\/wp-content\/uploads\/2024\/07\/Custom-Bottle-Labels-1-285x285.webp 285w, https:\/\/www.hyflexpack.com\/wp-content\/uploads\/2024\/07\/Custom-Bottle-Labels-1-270x270.webp 270w, https:\/\/www.hyflexpack.com\/wp-content\/uploads\/2024\/07\/Custom-Bottle-Labels-1-540x540.webp 540w, https:\/\/www.hyflexpack.com\/wp-content\/uploads\/2024\/07\/Custom-Bottle-Labels-1-660x660.webp 660w\" sizes=\"(max-width: 750px) 100vw, 750px\" \/><\/figure>\n<\/div>\n<\/div>","protected":false},"excerpt":{"rendered":"<p>\u00c9tiquettes imprim\u00e9es personnalis\u00e9es pour bouteilles d'eau de toutes tailles. Les \u00e9tiquettes sont imperm\u00e9ables et durables et sont fabriqu\u00e9es \u00e0 partir de mat\u00e9riaux de haute qualit\u00e9 pour garantir qu'elles restent claires et belles dans n'importe quel environnement. Que ce soit pour le sport, les voyages ou l'usage quotidien, ces \u00e9tiquettes sont id\u00e9ales pour vous.<\/p>\n<h3>Avantages du fournisseur d'\u00e9tiquettes pour bouteilles<\/h3>\n<ul>\n<li><strong>Conception sur mesure<\/strong>: Fournir des solutions de conception personnalis\u00e9es pour r\u00e9pondre \u00e0 diff\u00e9rentes sp\u00e9cifications, tailles et exigences d'impression jusqu'\u00e0 10 couleurs selon les besoins du client, prendre en charge la personnalisation OEM et ODM.<\/li>\n<li><strong>Assurance qualit\u00e9<\/strong>: Contr\u00f4le strict du processus de production, utilisation de mati\u00e8res premi\u00e8res de haute qualit\u00e9 et d'\u00e9quipements de production avanc\u00e9s pour garantir une qualit\u00e9 de produit stable et fiable.<\/li>\n<li><strong>Support technique professionnel<\/strong>: Gr\u00e2ce \u00e0 une \u00e9quipe technique exp\u00e9riment\u00e9e, nous fournissons une assistance technique professionnelle et un service apr\u00e8s-vente afin de r\u00e9pondre rapidement aux besoins des clients.<\/li>\n<li><strong>\u00c9chantillon gratuit<\/strong>: Fournir un service d'\u00e9chantillonnage gratuit pour vous permettre d'\u00e9valuer les produits.<\/li>\n<\/ul>\n<p>Huiyang Packaging se consacre \u00e0 l'offre d'\u00e9tiquettes de bouteilles personnalis\u00e9es de haute qualit\u00e9 qui am\u00e9liorent l'image du produit et renforcent la comp\u00e9titivit\u00e9 du march\u00e9 pour nos clients.<\/p>","protected":false},"featured_media":4749,"comment_status":"open","ping_status":"closed","template":"","meta":[],"product_brand":[],"product_cat":[53,90],"product_tag":[],"class_list":{"0":"post-4746","1":"product","2":"type-product","3":"status-publish","4":"has-post-thumbnail","6":"product_cat-packaging-film-supplier","7":"product_cat-custom-bottle-label","9":"first","10":"instock","11":"shipping-taxable","12":"product-type-simple"},"_links":{"self":[{"href":"https:\/\/www.hyflexpack.com\/fr\/wp-json\/wp\/v2\/product\/4746","targetHints":{"allow":["GET"]}}],"collection":[{"href":"https:\/\/www.hyflexpack.com\/fr\/wp-json\/wp\/v2\/product"}],"about":[{"href":"https:\/\/www.hyflexpack.com\/fr\/wp-json\/wp\/v2\/types\/product"}],"replies":[{"embeddable":true,"href":"https:\/\/www.hyflexpack.com\/fr\/wp-json\/wp\/v2\/comments?post=4746"}],"wp:featuredmedia":[{"embeddable":true,"href":"https:\/\/www.hyflexpack.com\/fr\/wp-json\/wp\/v2\/media\/4749"}],"wp:attachment":[{"href":"https:\/\/www.hyflexpack.com\/fr\/wp-json\/wp\/v2\/media?parent=4746"}],"wp:term":[{"taxonomy":"product_brand","embeddable":true,"href":"https:\/\/www.hyflexpack.com\/fr\/wp-json\/wp\/v2\/product_brand?post=4746"},{"taxonomy":"product_cat","embeddable":true,"href":"https:\/\/www.hyflexpack.com\/fr\/wp-json\/wp\/v2\/product_cat?post=4746"},{"taxonomy":"product_tag","embeddable":true,"href":"https:\/\/www.hyflexpack.com\/fr\/wp-json\/wp\/v2\/product_tag?post=4746"}],"curies":[{"name":"wp","href":"https:\/\/api.w.org\/{rel}","templated":true}]}}