{"id":4738,"date":"2024-07-12T03:31:03","date_gmt":"2024-07-12T03:31:03","guid":{"rendered":"https:\/\/www.hyflexpack.com\/?post_type=product&#038;p=4738"},"modified":"2025-05-17T04:10:09","modified_gmt":"2025-05-17T04:10:09","slug":"printing-custom-twist-film","status":"publish","type":"product","link":"https:\/\/www.hyflexpack.com\/fr\/product\/printing-custom-twist-film\/","title":{"rendered":"Film torsad\u00e9 personnalis\u00e9 pour bonbons Film torsad\u00e9 de qualit\u00e9 alimentaire en PET\/PVC Wholesale"},"content":{"rendered":"<div class=\"wp-block-columns is-layout-flex wp-container-core-columns-is-layout-9d6595d7 wp-block-columns-is-layout-flex\">\n<div class=\"wp-block-column is-layout-flow wp-block-column-is-layout-flow\">\n<h3 class=\"wp-block-heading\">Features of High Quality Custom Twist Film<\/h3>\n\n\n\n<ul class=\"wp-block-list\">\n<li><strong>Food grade material<\/strong>: Our Custom twist film uses high-quality PET\/PVC material\u00a0for\u00a0safety and non-toxicity,\u00a0according\u00a0to\u00a0food grade standards.<\/li>\n<\/ul>\n\n\n\n<p><\/p>\n\n\n\n<ul class=\"wp-block-list\">\n<li><strong>Good\u00a0printing effect<\/strong>: Support custom printing, bright colors, and clear patterns, which can enhance the market\u00a0value\u00a0of the product.<\/li>\n<\/ul>\n\n\n\n<p><\/p>\n\n\n\n<ul class=\"wp-block-list\">\n<li><strong>Strong\u00a0durability<\/strong>: It has good tear resistance and\u00a0abrasion\u00a0resistance,\u00a0which\u00a0can ensure\u00a0that the packaging is not\u00a0likely\u00a0to break during\u00a0transport\u00a0and storage.<\/li>\n<\/ul>\n\n\n\n<p><\/p>\n\n\n\n<ul class=\"wp-block-list\">\n<li><strong>Easy to twist<\/strong>: The material is\u00a0a twistable\u00a0and\u00a0flexible\u00a0film,\u00a0which\u00a0can\u00a0be\u00a0used\u00a0for\u00a0food\u00a0and\u00a0candy\u00a0packaging\u00a0of various shapes.<\/li>\n<\/ul>\n\n\n\n<p><\/p>\n\n\n\n<ul class=\"wp-block-list\">\n<li><strong>Friendly\u00a0to the environment\u00a0and recyclable<\/strong>: the material is environmentally friendly and recyclable, in line with the\u00a0green\u00a0concept of new\u00a0environmental protection.<\/li>\n<\/ul>\n<\/div>\n\n\n\n<div class=\"wp-block-column is-layout-flow wp-block-column-is-layout-flow\">\n<figure class=\"wp-block-image size-full\"><img fetchpriority=\"high\" decoding=\"async\" width=\"750\" height=\"750\" src=\"https:\/\/www.hyflexpack.com\/wp-content\/uploads\/2024\/07\/Printing-Custom-Twist-Film-1.webp\" alt=\"Impression d&#039;un film torsad\u00e9 personnalis\u00e9\" class=\"wp-image-4739\" srcset=\"https:\/\/www.hyflexpack.com\/wp-content\/uploads\/2024\/07\/Printing-Custom-Twist-Film-1.webp 750w, https:\/\/www.hyflexpack.com\/wp-content\/uploads\/2024\/07\/Printing-Custom-Twist-Film-1-300x300.webp 300w, https:\/\/www.hyflexpack.com\/wp-content\/uploads\/2024\/07\/Printing-Custom-Twist-Film-1-150x150.webp 150w, https:\/\/www.hyflexpack.com\/wp-content\/uploads\/2024\/07\/Printing-Custom-Twist-Film-1-12x12.webp 12w, https:\/\/www.hyflexpack.com\/wp-content\/uploads\/2024\/07\/Printing-Custom-Twist-Film-1-285x285.webp 285w, https:\/\/www.hyflexpack.com\/wp-content\/uploads\/2024\/07\/Printing-Custom-Twist-Film-1-270x270.webp 270w, https:\/\/www.hyflexpack.com\/wp-content\/uploads\/2024\/07\/Printing-Custom-Twist-Film-1-540x540.webp 540w, https:\/\/www.hyflexpack.com\/wp-content\/uploads\/2024\/07\/Printing-Custom-Twist-Film-1-660x660.webp 660w\" sizes=\"(max-width: 750px) 100vw, 750px\" \/><\/figure>\n<\/div>\n<\/div>","protected":false},"excerpt":{"rendered":"<p>This custom-printed food-grade twist film is designed for products that require twist or rotary sealing, such as candy wrappers, with excellent shape retention and ease of handling, making it ideal for twist packaging. Welcome to get free samples!<\/p>\n<h3>Advantages of Twist Film Supplier<\/h3>\n<ul>\n<li><strong>Conception personnalis\u00e9e<\/strong>: Fournir des solutions de conception personnalis\u00e9es en fonction des besoins des clients, r\u00e9pondre \u00e0 diff\u00e9rentes sp\u00e9cifications, tailles et impressions jusqu'\u00e0 10 couleurs, et <strong>support OEM et ODM<\/strong> la personnalisation.<\/li>\n<li><strong>Livraison rapide<\/strong>: With efficient production capacity and a supply chain management system, we can respond to customer orders in time to ensure the timely delivery of products.<\/li>\n<li><strong>Un soutien de tous les instants<\/strong>: A professional technical team and after-sales service team provide all-round pre-sales consultation and after-sales support to provide technical support and solutions for customers.<\/li>\n<li><strong>\u00c9chantillon gratuit<\/strong>: Fournir un service d'\u00e9chantillonnage gratuit pour vous permettre d'\u00e9valuer les produits.<\/li>\n<\/ul>\n<p><a href=\"https:\/\/www.hyflexpack.com\/fr\/\"><strong>Huiyang Packaging<\/strong><\/a> is committed to providing customers with high-quality, customized twist film to help them enhance their product image and market competitiveness.<\/p>","protected":false},"featured_media":4740,"comment_status":"open","ping_status":"closed","template":"","meta":[],"product_brand":[],"product_cat":[53,89],"product_tag":[],"class_list":{"0":"post-4738","1":"product","2":"type-product","3":"status-publish","4":"has-post-thumbnail","6":"product_cat-packaging-film-supplier","7":"product_cat-custom-twist-film","9":"first","10":"instock","11":"shipping-taxable","12":"product-type-simple"},"_links":{"self":[{"href":"https:\/\/www.hyflexpack.com\/fr\/wp-json\/wp\/v2\/product\/4738","targetHints":{"allow":["GET"]}}],"collection":[{"href":"https:\/\/www.hyflexpack.com\/fr\/wp-json\/wp\/v2\/product"}],"about":[{"href":"https:\/\/www.hyflexpack.com\/fr\/wp-json\/wp\/v2\/types\/product"}],"replies":[{"embeddable":true,"href":"https:\/\/www.hyflexpack.com\/fr\/wp-json\/wp\/v2\/comments?post=4738"}],"wp:featuredmedia":[{"embeddable":true,"href":"https:\/\/www.hyflexpack.com\/fr\/wp-json\/wp\/v2\/media\/4740"}],"wp:attachment":[{"href":"https:\/\/www.hyflexpack.com\/fr\/wp-json\/wp\/v2\/media?parent=4738"}],"wp:term":[{"taxonomy":"product_brand","embeddable":true,"href":"https:\/\/www.hyflexpack.com\/fr\/wp-json\/wp\/v2\/product_brand?post=4738"},{"taxonomy":"product_cat","embeddable":true,"href":"https:\/\/www.hyflexpack.com\/fr\/wp-json\/wp\/v2\/product_cat?post=4738"},{"taxonomy":"product_tag","embeddable":true,"href":"https:\/\/www.hyflexpack.com\/fr\/wp-json\/wp\/v2\/product_tag?post=4738"}],"curies":[{"name":"wp","href":"https:\/\/api.w.org\/{rel}","templated":true}]}}