{"id":4724,"date":"2024-07-04T09:57:10","date_gmt":"2024-07-04T09:57:10","guid":{"rendered":"https:\/\/www.hyflexpack.com\/?post_type=product&#038;p=4724"},"modified":"2024-07-04T09:57:11","modified_gmt":"2024-07-04T09:57:11","slug":"custom-pet-packaging","status":"publish","type":"product","link":"https:\/\/www.hyflexpack.com\/fr\/product\/custom-pet-packaging\/","title":{"rendered":"Emballage personnalis\u00e9 pour animaux de compagnie avec trous Euro Fen\u00eatre visible Pochette scell\u00e9e sur trois c\u00f4t\u00e9s"},"content":{"rendered":"<div class=\"wp-block-columns is-layout-flex wp-container-core-columns-is-layout-9d6595d7 wp-block-columns-is-layout-flex\">\n<div class=\"wp-block-column is-layout-flow wp-block-column-is-layout-flow\">\n<h3 class=\"wp-block-heading\">Caract\u00e9ristiques des emballages pour animaux de compagnie de haute qualit\u00e9<\/h3>\n\n\n\n<ul class=\"wp-block-list\">\n<li>Mat\u00e9riaux de haute qualit\u00e9 : l'emballage des aliments pour animaux de compagnie est fabriqu\u00e9 \u00e0 partir de mat\u00e9riaux de qualit\u00e9 alimentaire afin de garantir la s\u00e9curit\u00e9 et la fra\u00eecheur des aliments.<\/li>\n<\/ul>\n\n\n\n<p><\/p>\n\n\n\n<ul class=\"wp-block-list\">\n<li>Conception visuelle de la fen\u00eatre : Une fen\u00eatre transparente permet aux consommateurs de voir le produit directement et d'augmenter leur confiance.<\/li>\n<\/ul>\n\n\n\n<p><\/p>\n\n\n\n<ul class=\"wp-block-list\">\n<li>Triple fermeture lat\u00e9rale : la triple fermeture lat\u00e9rale assure une meilleure \u00e9tanch\u00e9it\u00e9 pour \u00e9viter les fuites d'air et la contamination.<\/li>\n<\/ul>\n\n\n\n<p><\/p>\n\n\n\n<ul class=\"wp-block-list\">\n<li>Trous de suspension de type europ\u00e9en : \u00c9quip\u00e9 de trous de suspension de type europ\u00e9en, il est facile \u00e0 suspendre et \u00e0 pr\u00e9senter dans les supermarch\u00e9s et les magasins de d\u00e9tail afin d'am\u00e9liorer l'exposition des produits.<\/li>\n<\/ul>\n\n\n\n<p><\/p>\n\n\n\n<ul class=\"wp-block-list\">\n<li>Fonction d'\u00e9tanch\u00e9it\u00e9 \u00e0 l'humidit\u00e9 et \u00e0 l'air : La structure multicouche emp\u00eache efficacement la p\u00e9n\u00e9tration de l'humidit\u00e9 et de l'oxyg\u00e8ne, prolongeant ainsi la dur\u00e9e de conservation des aliments pour animaux de compagnie.<\/li>\n<\/ul>\n\n\n\n<p><\/p>\n\n\n\n<ul class=\"wp-block-list\">\n<li>Structure durable : des mat\u00e9riaux robustes et un processus de scellage pr\u00e9cis garantissent que l'emballage ne se casse pas facilement pendant le transport et le stockage.<\/li>\n<\/ul>\n\n\n\n<p><\/p>\n\n\n\n<ul class=\"wp-block-list\">\n<li>Respect de l'environnement : les mat\u00e9riaux sont recyclables et respectent les normes environnementales, ce qui r\u00e9duit la pollution de l'environnement.<\/li>\n<\/ul>\n<\/div>\n\n\n\n<div class=\"wp-block-column is-layout-flow wp-block-column-is-layout-flow\">\n<figure class=\"wp-block-image size-full\"><img fetchpriority=\"high\" decoding=\"async\" width=\"750\" height=\"750\" src=\"https:\/\/www.hyflexpack.com\/wp-content\/uploads\/2024\/07\/Custom-Pet-Packaging-2.webp\" alt=\"Emballage personnalis\u00e9 pour animaux de compagnie\" class=\"wp-image-4729\" srcset=\"https:\/\/www.hyflexpack.com\/wp-content\/uploads\/2024\/07\/Custom-Pet-Packaging-2.webp 750w, https:\/\/www.hyflexpack.com\/wp-content\/uploads\/2024\/07\/Custom-Pet-Packaging-2-300x300.webp 300w, https:\/\/www.hyflexpack.com\/wp-content\/uploads\/2024\/07\/Custom-Pet-Packaging-2-150x150.webp 150w, https:\/\/www.hyflexpack.com\/wp-content\/uploads\/2024\/07\/Custom-Pet-Packaging-2-12x12.webp 12w, https:\/\/www.hyflexpack.com\/wp-content\/uploads\/2024\/07\/Custom-Pet-Packaging-2-285x285.webp 285w, https:\/\/www.hyflexpack.com\/wp-content\/uploads\/2024\/07\/Custom-Pet-Packaging-2-270x270.webp 270w, https:\/\/www.hyflexpack.com\/wp-content\/uploads\/2024\/07\/Custom-Pet-Packaging-2-540x540.webp 540w, https:\/\/www.hyflexpack.com\/wp-content\/uploads\/2024\/07\/Custom-Pet-Packaging-2-660x660.webp 660w\" sizes=\"(max-width: 750px) 100vw, 750px\" \/><\/figure>\n<\/div>\n<\/div>","protected":false},"excerpt":{"rendered":"<p>Nos emballages pour aliments pour animaux sont disponibles dans une grande vari\u00e9t\u00e9 de tailles et de formes et peuvent \u00eatre imprim\u00e9s avec jusqu'\u00e0 10 couleurs diff\u00e9rentes pour r\u00e9pondre aux besoins individuels de votre marque. Des mat\u00e9riaux \u00e9cologiques pour une image de marque responsable. L'am\u00e9lioration de votre image de marque commence par l'emballage !<\/p>\n<h3>Avantages d'un fournisseur d'emballages pour animaux de compagnie<\/h3>\n<ul>\n<li><strong>Conception personnalis\u00e9e<\/strong>: Nous proposons des emballages pour animaux de compagnie de conception personnalis\u00e9e, notamment en ce qui concerne le mat\u00e9riau, la taille et le motif d'impression, afin de r\u00e9pondre aux besoins des clients en mati\u00e8re d'image de marque, et nous prenons en charge les OEM et ODM.<\/li>\n<li><strong>Fabrication<\/strong>Gr\u00e2ce \u00e0 un \u00e9quipement et \u00e0 une technologie de pointe, nous pouvons r\u00e9aliser la production de la commande avec une efficacit\u00e9 et une qualit\u00e9 \u00e9lev\u00e9es et livrer dans les d\u00e9lais impartis.<\/li>\n<li><strong>Inspection de la qualit\u00e9<\/strong>: Respecter strictement les normes de qualit\u00e9 et les exigences en mati\u00e8re de s\u00e9curit\u00e9 alimentaire afin de garantir la conformit\u00e9 des produits aux normes.<\/li>\n<li><strong>Service client\u00e8le<\/strong>: Fournir une r\u00e9ponse rapide et un service \u00e0 la client\u00e8le attentionn\u00e9 24 heures par jour.<\/li>\n<li><strong>\u00c9chantillon gratuit<\/strong>: Fournir un service d'\u00e9chantillonnage gratuit pour vous permettre d'\u00e9valuer les produits.<\/li>\n<\/ul>\n<p>Huiyang Packaging s'engage \u00e0 fournir \u00e0 ses clients des emballages pour animaux de compagnie personnalis\u00e9s et de haute qualit\u00e9 afin de les aider \u00e0 am\u00e9liorer l'image de leurs produits et \u00e0 renforcer leur comp\u00e9titivit\u00e9 sur le march\u00e9.<\/p>","protected":false},"featured_media":4729,"comment_status":"open","ping_status":"closed","template":"","meta":[],"product_brand":[],"product_cat":[51],"product_tag":[],"class_list":{"0":"post-4724","1":"product","2":"type-product","3":"status-publish","4":"has-post-thumbnail","6":"product_cat-custom-food-packaging-bags","8":"first","9":"instock","10":"shipping-taxable","11":"product-type-simple"},"_links":{"self":[{"href":"https:\/\/www.hyflexpack.com\/fr\/wp-json\/wp\/v2\/product\/4724","targetHints":{"allow":["GET"]}}],"collection":[{"href":"https:\/\/www.hyflexpack.com\/fr\/wp-json\/wp\/v2\/product"}],"about":[{"href":"https:\/\/www.hyflexpack.com\/fr\/wp-json\/wp\/v2\/types\/product"}],"replies":[{"embeddable":true,"href":"https:\/\/www.hyflexpack.com\/fr\/wp-json\/wp\/v2\/comments?post=4724"}],"wp:featuredmedia":[{"embeddable":true,"href":"https:\/\/www.hyflexpack.com\/fr\/wp-json\/wp\/v2\/media\/4729"}],"wp:attachment":[{"href":"https:\/\/www.hyflexpack.com\/fr\/wp-json\/wp\/v2\/media?parent=4724"}],"wp:term":[{"taxonomy":"product_brand","embeddable":true,"href":"https:\/\/www.hyflexpack.com\/fr\/wp-json\/wp\/v2\/product_brand?post=4724"},{"taxonomy":"product_cat","embeddable":true,"href":"https:\/\/www.hyflexpack.com\/fr\/wp-json\/wp\/v2\/product_cat?post=4724"},{"taxonomy":"product_tag","embeddable":true,"href":"https:\/\/www.hyflexpack.com\/fr\/wp-json\/wp\/v2\/product_tag?post=4724"}],"curies":[{"name":"wp","href":"https:\/\/api.w.org\/{rel}","templated":true}]}}