{"id":4709,"date":"2024-07-04T08:18:37","date_gmt":"2024-07-04T08:18:37","guid":{"rendered":"https:\/\/www.hyflexpack.com\/?post_type=product&#038;p=4709"},"modified":"2025-11-04T09:09:43","modified_gmt":"2025-11-04T09:09:43","slug":"custom-dried-fruit-bags","status":"publish","type":"product","link":"https:\/\/www.hyflexpack.com\/fr\/product\/custom-dried-fruit-bags\/","title":{"rendered":"Sachets de fruits s\u00e9ch\u00e9s personnalis\u00e9s Emballage alimentaire de kaki avec trous europ\u00e9ens Sachets sur pied"},"content":{"rendered":"<div class=\"wp-block-columns is-layout-flex wp-container-core-columns-is-layout-9d6595d7 wp-block-columns-is-layout-flex\">\n<div class=\"wp-block-column is-layout-flow wp-block-column-is-layout-flow\">\n<h3 class=\"wp-block-heading\">Caract\u00e9ristiques des sacs de fruits secs de haute qualit\u00e9<\/h3>\n\n\n\n<ul class=\"wp-block-list\">\n<li>Mat\u00e9riau de haute qualit\u00e9 : les sacs de fruits secs personnalis\u00e9s sont fabriqu\u00e9s \u00e0 partir de mat\u00e9riaux de qualit\u00e9 alimentaire afin de garantir la s\u00e9curit\u00e9 des kakis et la sant\u00e9 des consommateurs.<\/li>\n<\/ul>\n\n\n\n<p><\/p>\n\n\n\n<ul class=\"wp-block-list\">\n<li>Ouverture facile \u00e0 d\u00e9chirer : ouverture unique facile \u00e0 d\u00e9chirer, facile \u00e0 utiliser, pas besoin de ciseaux.<\/li>\n<\/ul>\n\n\n\n<p><\/p>\n\n\n\n<ul class=\"wp-block-list\">\n<li>Conception de support : Un fond \u00e9pais permet au sac de tenir fermement et d'am\u00e9liorer la pr\u00e9sentation en rayon.<\/li>\n<\/ul>\n\n\n\n<p><\/p>\n\n\n\n<ul class=\"wp-block-list\">\n<li>Trous de suspension de type europ\u00e9en : \u00c9quip\u00e9s de trous de suspension de style europ\u00e9en, ils sont pratiques pour l'affichage dans les supermarch\u00e9s et am\u00e9liorent la visibilit\u00e9 de la marque.<\/li>\n<\/ul>\n\n\n\n<p><\/p>\n\n\n\n<ul class=\"wp-block-list\">\n<li>R\u00e9sistance \u00e0 l'humidit\u00e9 et \u00e0 l'oxydation : La structure multicouche emp\u00eache efficacement la p\u00e9n\u00e9tration de l'humidit\u00e9 et de l'oxyg\u00e8ne, prolongeant ainsi la dur\u00e9e de conservation des fruits secs.<\/li>\n<\/ul>\n\n\n\n<p><\/p>\n\n\n\n<ul class=\"wp-block-list\">\n<li>Respect de l'environnement : le mat\u00e9riau est recyclable et r\u00e9pond aux normes environnementales, ce qui r\u00e9duit la pollution de l'environnement.<\/li>\n<\/ul>\n<\/div>\n\n\n\n<div class=\"wp-block-column is-layout-flow wp-block-column-is-layout-flow\">\n<figure class=\"wp-block-image size-full\"><img fetchpriority=\"high\" decoding=\"async\" width=\"750\" height=\"750\" src=\"https:\/\/www.hyflexpack.com\/wp-content\/uploads\/2024\/07\/Custom-Dried-Fruit-Bags-2.webp\" alt=\"Sacs de fruits secs personnalis\u00e9s\" class=\"wp-image-4711\" srcset=\"https:\/\/www.hyflexpack.com\/wp-content\/uploads\/2024\/07\/Custom-Dried-Fruit-Bags-2.webp 750w, https:\/\/www.hyflexpack.com\/wp-content\/uploads\/2024\/07\/Custom-Dried-Fruit-Bags-2-300x300.webp 300w, https:\/\/www.hyflexpack.com\/wp-content\/uploads\/2024\/07\/Custom-Dried-Fruit-Bags-2-150x150.webp 150w, https:\/\/www.hyflexpack.com\/wp-content\/uploads\/2024\/07\/Custom-Dried-Fruit-Bags-2-12x12.webp 12w, https:\/\/www.hyflexpack.com\/wp-content\/uploads\/2024\/07\/Custom-Dried-Fruit-Bags-2-285x285.webp 285w, https:\/\/www.hyflexpack.com\/wp-content\/uploads\/2024\/07\/Custom-Dried-Fruit-Bags-2-270x270.webp 270w, https:\/\/www.hyflexpack.com\/wp-content\/uploads\/2024\/07\/Custom-Dried-Fruit-Bags-2-540x540.webp 540w, https:\/\/www.hyflexpack.com\/wp-content\/uploads\/2024\/07\/Custom-Dried-Fruit-Bags-2-660x660.webp 660w\" sizes=\"(max-width: 750px) 100vw, 750px\" \/><\/figure>\n<\/div>\n<\/div>","protected":false},"excerpt":{"rendered":"<p>Choisissez nos sachets de fruits secs fabriqu\u00e9s \u00e0 partir de mat\u00e9riaux de qualit\u00e9 alimentaire, vous offrant ainsi une solution d'emballage parfaite pour vos g\u00e2teaux de kaki et autres types d'aliments \u00e0 base de fruits secs ! Faites en sorte que vos produits se distinguent sur le march\u00e9 ! Demandez \u00e0 notre \u00e9quipe d\u00e8s aujourd'hui !<\/p>\n<h3>Avantages du fournisseur de sacs de fruits s\u00e9ch\u00e9s<\/h3>\n<ul>\n<li><strong>Conception personnalis\u00e9e<\/strong>: Nous fournissons un service de conception personnalis\u00e9e de sacs de fruits secs, y compris la personnalisation du mat\u00e9riau, de la taille et du motif d'impression pour r\u00e9pondre aux besoins des clients en mati\u00e8re d'image de marque, et nous prenons en charge les OEM et ODM.<\/li>\n<li><strong>Fabrication<\/strong>: Gr\u00e2ce \u00e0 un \u00e9quipement et \u00e0 une technologie de pointe, nous pouvons r\u00e9aliser la production de la commande avec une grande efficacit\u00e9 et une grande qualit\u00e9 et nous pouvons livrer dans les d\u00e9lais.<\/li>\n<li><strong>Inspection de la qualit\u00e9<\/strong>: Respecter strictement les normes de qualit\u00e9 et les exigences en mati\u00e8re de s\u00e9curit\u00e9 alimentaire afin de garantir la conformit\u00e9 des produits aux normes.<\/li>\n<li><strong>Service client\u00e8le<\/strong>: Fournir une r\u00e9ponse rapide et un service \u00e0 la client\u00e8le attentionn\u00e9 24 heures par jour.<\/li>\n<li><strong>\u00c9chantillon gratuit<\/strong>: Fournir un service d'\u00e9chantillonnage gratuit pour vous permettre d'\u00e9valuer les produits.<\/li>\n<\/ul>\n<p>Huiyang Packaging s'engage \u00e0 fournir \u00e0 ses clients des sacs de fruits secs de haute qualit\u00e9 et personnalis\u00e9s afin de les aider \u00e0 am\u00e9liorer l'image de leurs produits et \u00e0 renforcer leur comp\u00e9titivit\u00e9 sur le march\u00e9.<\/p>","protected":false},"featured_media":4711,"comment_status":"open","ping_status":"closed","template":"","meta":[],"product_brand":[],"product_cat":[51,87],"product_tag":[],"class_list":{"0":"post-4709","1":"product","2":"type-product","3":"status-publish","4":"has-post-thumbnail","6":"product_cat-custom-food-packaging-bags","7":"product_cat-dried-fruit-packaging-bags-wholesale","9":"first","10":"instock","11":"shipping-taxable","12":"product-type-simple"},"_links":{"self":[{"href":"https:\/\/www.hyflexpack.com\/fr\/wp-json\/wp\/v2\/product\/4709","targetHints":{"allow":["GET"]}}],"collection":[{"href":"https:\/\/www.hyflexpack.com\/fr\/wp-json\/wp\/v2\/product"}],"about":[{"href":"https:\/\/www.hyflexpack.com\/fr\/wp-json\/wp\/v2\/types\/product"}],"replies":[{"embeddable":true,"href":"https:\/\/www.hyflexpack.com\/fr\/wp-json\/wp\/v2\/comments?post=4709"}],"wp:featuredmedia":[{"embeddable":true,"href":"https:\/\/www.hyflexpack.com\/fr\/wp-json\/wp\/v2\/media\/4711"}],"wp:attachment":[{"href":"https:\/\/www.hyflexpack.com\/fr\/wp-json\/wp\/v2\/media?parent=4709"}],"wp:term":[{"taxonomy":"product_brand","embeddable":true,"href":"https:\/\/www.hyflexpack.com\/fr\/wp-json\/wp\/v2\/product_brand?post=4709"},{"taxonomy":"product_cat","embeddable":true,"href":"https:\/\/www.hyflexpack.com\/fr\/wp-json\/wp\/v2\/product_cat?post=4709"},{"taxonomy":"product_tag","embeddable":true,"href":"https:\/\/www.hyflexpack.com\/fr\/wp-json\/wp\/v2\/product_tag?post=4709"}],"curies":[{"name":"wp","href":"https:\/\/api.w.org\/{rel}","templated":true}]}}