{"id":4660,"date":"2024-06-28T07:18:39","date_gmt":"2024-06-28T07:18:39","guid":{"rendered":"https:\/\/www.hyflexpack.com\/?post_type=product&#038;p=4660"},"modified":"2024-06-28T07:18:40","modified_gmt":"2024-06-28T07:18:40","slug":"custom-stand-up-pouch-packaging","status":"publish","type":"product","link":"https:\/\/www.hyflexpack.com\/fr\/product\/custom-stand-up-pouch-packaging\/","title":{"rendered":"Emballage de pochettes personnalis\u00e9es Emballage de canneberges s\u00e9ch\u00e9es Emballage de snacks Sacs \u00e0 fermeture \u00e9clair biod\u00e9gradables"},"content":{"rendered":"<div class=\"wp-block-columns is-layout-flex wp-container-core-columns-is-layout-9d6595d7 wp-block-columns-is-layout-flex\">\n<div class=\"wp-block-column is-layout-flow wp-block-column-is-layout-flow\">\n<h3 class=\"wp-block-heading\">Caract\u00e9ristiques de l'emballage des pochettes \u00e0 hauteur d'homme de haute qualit\u00e9<\/h3>\n\n\n\n<ul class=\"wp-block-list\">\n<li>Biod\u00e9gradable : l'emballage Stand Up Pouch est fabriqu\u00e9 \u00e0 partir de mat\u00e9riaux respectueux de l'environnement. Ces sacs \u00e0 fermeture \u00e9clair sont biod\u00e9gradables, ce qui r\u00e9duit l'impact sur l'environnement.<\/li>\n<\/ul>\n\n\n\n<p><\/p>\n\n\n\n<ul class=\"wp-block-list\">\n<li>Design refermable : La fermeture \u00e0 glissi\u00e8re de haute qualit\u00e9 facilite l'ouverture et la fermeture \u00e0 plusieurs reprises pour conserver la fra\u00eecheur et la saveur des snacks.<\/li>\n<\/ul>\n\n\n\n<p><\/p>\n\n\n\n<ul class=\"wp-block-list\">\n<li>Conception autoportante : la conception autoportante du fond rend les sacs plus stables lorsqu'ils sont expos\u00e9s et am\u00e9liore la pr\u00e9sentation du produit.<\/li>\n<\/ul>\n\n\n\n<p><\/p>\n\n\n\n<ul class=\"wp-block-list\">\n<li>Barri\u00e8re \u00e9lev\u00e9e : La structure multicouche offre une excellente r\u00e9sistance \u00e0 l'humidit\u00e9, \u00e0 l'oxyg\u00e8ne et \u00e0 la lumi\u00e8re, garantissant la conservation \u00e0 long terme des canneberges s\u00e9ch\u00e9es.<\/li>\n<\/ul>\n\n\n\n<p><\/p>\n\n\n\n<ul class=\"wp-block-list\">\n<li>Impression personnalis\u00e9e : Soutient l'impression personnalis\u00e9e de la marque pour am\u00e9liorer la reconnaissance de la marque et attirer l'attention des consommateurs.<\/li>\n<\/ul>\n<\/div>\n\n\n\n<div class=\"wp-block-column is-layout-flow wp-block-column-is-layout-flow\">\n<figure class=\"wp-block-image size-full\"><img fetchpriority=\"high\" decoding=\"async\" width=\"750\" height=\"750\" src=\"https:\/\/www.hyflexpack.com\/wp-content\/uploads\/2024\/06\/Custom-Stand-Up-Pouch-Packaging-5.webp\" alt=\"Emballage personnalis\u00e9 pour pochette de rangement\" class=\"wp-image-4665\" srcset=\"https:\/\/www.hyflexpack.com\/wp-content\/uploads\/2024\/06\/Custom-Stand-Up-Pouch-Packaging-5.webp 750w, https:\/\/www.hyflexpack.com\/wp-content\/uploads\/2024\/06\/Custom-Stand-Up-Pouch-Packaging-5-300x300.webp 300w, https:\/\/www.hyflexpack.com\/wp-content\/uploads\/2024\/06\/Custom-Stand-Up-Pouch-Packaging-5-150x150.webp 150w, https:\/\/www.hyflexpack.com\/wp-content\/uploads\/2024\/06\/Custom-Stand-Up-Pouch-Packaging-5-12x12.webp 12w, https:\/\/www.hyflexpack.com\/wp-content\/uploads\/2024\/06\/Custom-Stand-Up-Pouch-Packaging-5-285x285.webp 285w, https:\/\/www.hyflexpack.com\/wp-content\/uploads\/2024\/06\/Custom-Stand-Up-Pouch-Packaging-5-270x270.webp 270w, https:\/\/www.hyflexpack.com\/wp-content\/uploads\/2024\/06\/Custom-Stand-Up-Pouch-Packaging-5-540x540.webp 540w, https:\/\/www.hyflexpack.com\/wp-content\/uploads\/2024\/06\/Custom-Stand-Up-Pouch-Packaging-5-660x660.webp 660w\" sizes=\"(max-width: 750px) 100vw, 750px\" \/><\/figure>\n<\/div>\n<\/div>","protected":false},"excerpt":{"rendered":"<p>D\u00e9couvrez comment les emballages de sachets \u00e0 fond plat pour les en-cas \u00e0 base de canneberges s\u00e9ch\u00e9es peuvent \u00eatre plus respectueux de l'environnement et plus attrayants. Attirez plus de consommateurs vers vos snacks sains gr\u00e2ce \u00e0 une impression personnalis\u00e9e et des designs refermables.<\/p>\n<h3>Avantages du fournisseur d'emballages pour sachets \u00e0 fond plat<\/h3>\n<ul>\n<li><strong>Conception personnalis\u00e9e<\/strong>: Fournir des solutions de conception personnalis\u00e9es, prendre en charge OEM\/ODM, personnaliser avec diff\u00e9rentes sp\u00e9cifications, tailles, motifs d'impression, etc.<\/li>\n<li><strong>Assurance qualit\u00e9<\/strong>: Contr\u00f4ler le processus de production, disposer de mat\u00e9riaux de haute qualit\u00e9 et d'\u00e9quipements avanc\u00e9s pour garantir la qualit\u00e9 des produits.<\/li>\n<li><strong>Livraison dans les d\u00e9lais<\/strong>: Optimiser le processus de production et am\u00e9liorer l'efficacit\u00e9 de la production afin de garantir une livraison dans les d\u00e9lais et de r\u00e9pondre aux besoins urgents des clients.<\/li>\n<li><strong>Support technique professionnel<\/strong>: L'\u00e9quipe technique exp\u00e9riment\u00e9e fournit une assistance technique professionnelle et un service de conseil apr\u00e8s-vente 24 heures sur 24.<\/li>\n<li><strong>\u00c9chantillon gratuit<\/strong>: Fournir un service d'\u00e9chantillonnage gratuit pour vous permettre d'\u00e9valuer les produits.<\/li>\n<\/ul>\n<p>Huiyang Packaging s'engage \u00e0 fournir \u00e0 ses clients des emballages de haute qualit\u00e9 et personnalis\u00e9s pour les aider \u00e0 am\u00e9liorer l'image de leurs produits et \u00e0 renforcer leur comp\u00e9titivit\u00e9 sur le march\u00e9.<\/p>","protected":false},"featured_media":4661,"comment_status":"open","ping_status":"closed","template":"","meta":[],"product_brand":[],"product_cat":[51],"product_tag":[],"class_list":{"0":"post-4660","1":"product","2":"type-product","3":"status-publish","4":"has-post-thumbnail","6":"product_cat-custom-food-packaging-bags","8":"first","9":"instock","10":"shipping-taxable","11":"product-type-simple"},"_links":{"self":[{"href":"https:\/\/www.hyflexpack.com\/fr\/wp-json\/wp\/v2\/product\/4660","targetHints":{"allow":["GET"]}}],"collection":[{"href":"https:\/\/www.hyflexpack.com\/fr\/wp-json\/wp\/v2\/product"}],"about":[{"href":"https:\/\/www.hyflexpack.com\/fr\/wp-json\/wp\/v2\/types\/product"}],"replies":[{"embeddable":true,"href":"https:\/\/www.hyflexpack.com\/fr\/wp-json\/wp\/v2\/comments?post=4660"}],"wp:featuredmedia":[{"embeddable":true,"href":"https:\/\/www.hyflexpack.com\/fr\/wp-json\/wp\/v2\/media\/4661"}],"wp:attachment":[{"href":"https:\/\/www.hyflexpack.com\/fr\/wp-json\/wp\/v2\/media?parent=4660"}],"wp:term":[{"taxonomy":"product_brand","embeddable":true,"href":"https:\/\/www.hyflexpack.com\/fr\/wp-json\/wp\/v2\/product_brand?post=4660"},{"taxonomy":"product_cat","embeddable":true,"href":"https:\/\/www.hyflexpack.com\/fr\/wp-json\/wp\/v2\/product_cat?post=4660"},{"taxonomy":"product_tag","embeddable":true,"href":"https:\/\/www.hyflexpack.com\/fr\/wp-json\/wp\/v2\/product_tag?post=4660"}],"curies":[{"name":"wp","href":"https:\/\/api.w.org\/{rel}","templated":true}]}}