{"id":4647,"date":"2024-06-28T02:00:27","date_gmt":"2024-06-28T02:00:27","guid":{"rendered":"https:\/\/www.hyflexpack.com\/?post_type=product&#038;p=4647"},"modified":"2025-11-04T09:10:23","modified_gmt":"2025-11-04T09:10:23","slug":"china-supply-dried-fruit-packaging-bags","status":"publish","type":"product","link":"https:\/\/www.hyflexpack.com\/fr\/product\/china-supply-dried-fruit-packaging-bags\/","title":{"rendered":"Sacs d'emballage pour fruits secs en Chine Sachets de laminage Sachets \u00e0 fermeture \u00e0 glissi\u00e8re recyclables Sachets debout"},"content":{"rendered":"<div class=\"wp-block-columns is-layout-flex wp-container-core-columns-is-layout-9d6595d7 wp-block-columns-is-layout-flex\">\n<div class=\"wp-block-column is-layout-flow wp-block-column-is-layout-flow\">\n<h3 class=\"wp-block-heading\">Caract\u00e9ristiques des sacs d'emballage de fruits secs de haute qualit\u00e9<\/h3>\n\n\n\n<ul class=\"wp-block-list\">\n<li>\u00c9cologique et recyclable : ces sacs d'emballage pour fruits secs sont fabriqu\u00e9s \u00e0 partir de mat\u00e9riaux recyclables, qui r\u00e9pondent aux normes environnementales et contribuent \u00e0 r\u00e9duire l'impact sur l'environnement.<\/li>\n\n\n\n<li>Forte capacit\u00e9 de fermeture : la fermeture \u00e0 glissi\u00e8re garantit la fra\u00eecheur des aliments \u00e0 l'int\u00e9rieur du sac et emp\u00eache l'humidit\u00e9 et la contamination.<\/li>\n\n\n\n<li>Conception autoportante : la conception autoportante du fond rend le sac plus stable lors de la pr\u00e9sentation, facile \u00e0 pr\u00e9senter et \u00e0 ranger, et am\u00e9liore l'effet visuel du produit.<\/li>\n\n\n\n<li>Mat\u00e9riau composite multicouche : L'adoption d'un mat\u00e9riau composite multicouche lui conf\u00e8re d'excellentes performances en mati\u00e8re d'\u00e9tanch\u00e9it\u00e9 \u00e0 l'humidit\u00e9, d'isolation \u00e0 l'oxyg\u00e8ne et de protection contre les UV, ce qui garantit la conservation \u00e0 long terme des produits.<\/li>\n\n\n\n<li>Fen\u00eatre transparente : Certains mod\u00e8les sont dot\u00e9s de fen\u00eatres transparentes, ce qui permet aux consommateurs de voir les produits \u00e0 l'int\u00e9rieur du sac et augmente le d\u00e9sir d'achat.<\/li>\n\n\n\n<li>Personnalisation diversifi\u00e9e : Un service personnalis\u00e9 avec diff\u00e9rentes tailles, diff\u00e9rents motifs et diff\u00e9rentes couleurs peut \u00eatre fourni selon les besoins du client pour r\u00e9pondre aux exigences individuelles de diff\u00e9rentes marques.<\/li>\n<\/ul>\n<\/div>\n\n\n\n<div class=\"wp-block-column is-layout-flow wp-block-column-is-layout-flow\">\n<figure class=\"wp-block-image size-full\"><img fetchpriority=\"high\" decoding=\"async\" width=\"750\" height=\"750\" src=\"https:\/\/www.hyflexpack.com\/wp-content\/uploads\/2024\/06\/China-Supply-Dried-Fruit-Packaging-Bags-2.webp\" alt=\"Sacs d&#039;emballage pour fruits secs en Chine\" class=\"wp-image-4649\" srcset=\"https:\/\/www.hyflexpack.com\/wp-content\/uploads\/2024\/06\/China-Supply-Dried-Fruit-Packaging-Bags-2.webp 750w, https:\/\/www.hyflexpack.com\/wp-content\/uploads\/2024\/06\/China-Supply-Dried-Fruit-Packaging-Bags-2-300x300.webp 300w, https:\/\/www.hyflexpack.com\/wp-content\/uploads\/2024\/06\/China-Supply-Dried-Fruit-Packaging-Bags-2-150x150.webp 150w, https:\/\/www.hyflexpack.com\/wp-content\/uploads\/2024\/06\/China-Supply-Dried-Fruit-Packaging-Bags-2-12x12.webp 12w, https:\/\/www.hyflexpack.com\/wp-content\/uploads\/2024\/06\/China-Supply-Dried-Fruit-Packaging-Bags-2-285x285.webp 285w, https:\/\/www.hyflexpack.com\/wp-content\/uploads\/2024\/06\/China-Supply-Dried-Fruit-Packaging-Bags-2-270x270.webp 270w, https:\/\/www.hyflexpack.com\/wp-content\/uploads\/2024\/06\/China-Supply-Dried-Fruit-Packaging-Bags-2-540x540.webp 540w, https:\/\/www.hyflexpack.com\/wp-content\/uploads\/2024\/06\/China-Supply-Dried-Fruit-Packaging-Bags-2-660x660.webp 660w\" sizes=\"(max-width: 750px) 100vw, 750px\" \/><\/figure>\n<\/div>\n<\/div>","protected":false},"excerpt":{"rendered":"<p>Fournir une solution d'emballage de fruits secs de la meilleure qualit\u00e9 pour vos produits \u00e0 base de fruits secs. Nous vous aidons \u00e0 am\u00e9liorer l'image de marque de vos produits. Que ce soit pour la pr\u00e9sentation ou le stockage, nos sacs sont votre meilleur choix.<\/p>\n<h3>Avantages du fournisseur de sacs d'emballage pour fruits secs<\/h3>\n<ul>\n<li><strong>Conception personnalis\u00e9e<\/strong>: Fournir des solutions de conception personnalis\u00e9es, prendre en charge OEM\/ODM, personnaliser avec diff\u00e9rentes sp\u00e9cifications, tailles, motifs d'impression, etc.<\/li>\n<li><strong>Assurance qualit\u00e9<\/strong>: Contr\u00f4ler le processus de production, disposer de mat\u00e9riaux de haute qualit\u00e9 et d'\u00e9quipements avanc\u00e9s pour garantir la qualit\u00e9 des produits.<\/li>\n<li><strong>Livraison dans les d\u00e9lais<\/strong>: Optimiser le processus de production et am\u00e9liorer l'efficacit\u00e9 de la production afin de garantir une livraison dans les d\u00e9lais et de r\u00e9pondre aux besoins urgents des clients.<\/li>\n<li><strong>Support technique professionnel<\/strong>: L'\u00e9quipe technique exp\u00e9riment\u00e9e fournit une assistance technique professionnelle et un service de conseil apr\u00e8s-vente 24 heures sur 24.<\/li>\n<li><strong>\u00c9chantillon gratuit<\/strong>: Fournir un service d'\u00e9chantillonnage gratuit pour vous permettre d'\u00e9valuer les produits.<\/li>\n<\/ul>\n<p>Huiyang Packaging s'engage \u00e0 fournir \u00e0 ses clients des sacs d'emballage de fruits secs de haute qualit\u00e9 et personnalis\u00e9s afin de les aider \u00e0 am\u00e9liorer l'image de leurs produits et \u00e0 renforcer leur comp\u00e9titivit\u00e9 sur le march\u00e9.<\/p>","protected":false},"featured_media":4648,"comment_status":"open","ping_status":"closed","template":"","meta":[],"product_brand":[],"product_cat":[51,87],"product_tag":[],"class_list":{"0":"post-4647","1":"product","2":"type-product","3":"status-publish","4":"has-post-thumbnail","6":"product_cat-custom-food-packaging-bags","7":"product_cat-dried-fruit-packaging-bags-wholesale","9":"first","10":"instock","11":"shipping-taxable","12":"product-type-simple"},"_links":{"self":[{"href":"https:\/\/www.hyflexpack.com\/fr\/wp-json\/wp\/v2\/product\/4647","targetHints":{"allow":["GET"]}}],"collection":[{"href":"https:\/\/www.hyflexpack.com\/fr\/wp-json\/wp\/v2\/product"}],"about":[{"href":"https:\/\/www.hyflexpack.com\/fr\/wp-json\/wp\/v2\/types\/product"}],"replies":[{"embeddable":true,"href":"https:\/\/www.hyflexpack.com\/fr\/wp-json\/wp\/v2\/comments?post=4647"}],"wp:featuredmedia":[{"embeddable":true,"href":"https:\/\/www.hyflexpack.com\/fr\/wp-json\/wp\/v2\/media\/4648"}],"wp:attachment":[{"href":"https:\/\/www.hyflexpack.com\/fr\/wp-json\/wp\/v2\/media?parent=4647"}],"wp:term":[{"taxonomy":"product_brand","embeddable":true,"href":"https:\/\/www.hyflexpack.com\/fr\/wp-json\/wp\/v2\/product_brand?post=4647"},{"taxonomy":"product_cat","embeddable":true,"href":"https:\/\/www.hyflexpack.com\/fr\/wp-json\/wp\/v2\/product_cat?post=4647"},{"taxonomy":"product_tag","embeddable":true,"href":"https:\/\/www.hyflexpack.com\/fr\/wp-json\/wp\/v2\/product_tag?post=4647"}],"curies":[{"name":"wp","href":"https:\/\/api.w.org\/{rel}","templated":true}]}}