{"id":4639,"date":"2024-06-27T15:17:33","date_gmt":"2024-06-27T15:17:33","guid":{"rendered":"https:\/\/www.hyflexpack.com\/?post_type=product&#038;p=4639"},"modified":"2025-11-04T09:10:51","modified_gmt":"2025-11-04T09:10:51","slug":"clear-plastic-grape-fruit-bags-wholesale","status":"publish","type":"product","link":"https:\/\/www.hyflexpack.com\/fr\/product\/clear-plastic-grape-fruit-bags-wholesale\/","title":{"rendered":"Sacs en plastique transparent pour fruits \u00e0 raisin, sacs d'emballage de l\u00e9gumes pour l'emballage alimentaire Sacs en plastique lamin\u00e9 avec impression en gros"},"content":{"rendered":"<div class=\"wp-block-columns is-layout-flex wp-container-core-columns-is-layout-9d6595d7 wp-block-columns-is-layout-flex\">\n<div class=\"wp-block-column is-layout-flow wp-block-column-is-layout-flow\">\n<h3 class=\"wp-block-heading\">Caract\u00e9ristiques des sacs de fruits \u00e0 raisin de haute qualit\u00e9<\/h3>\n\n\n\n<ul class=\"wp-block-list\">\n<li><strong>Transparence \u00e9lev\u00e9e<\/strong>: La conception transparente permet de montrer facilement la fra\u00eecheur et la qualit\u00e9 des fruits.<\/li>\n<\/ul>\n\n\n\n<p><\/p>\n\n\n\n<ul class=\"wp-block-list\">\n<li><strong>Mat\u00e9riau stratifi\u00e9<\/strong>: Nos sacs d'emballage pour l\u00e9gumes et nos sacs pour fruits sont fabriqu\u00e9s \u00e0 partir d'un mat\u00e9riau lamin\u00e9 de haute qualit\u00e9, qui am\u00e9liore la durabilit\u00e9 et la r\u00e9sistance \u00e0 l'humidit\u00e9 des sacs.<\/li>\n<\/ul>\n\n\n\n<p><\/p>\n\n\n\n<ul class=\"wp-block-list\">\n<li><strong>Conception autoportante<\/strong>: Structure de sac sur pied, facile \u00e0 pr\u00e9senter sur les \u00e9tag\u00e8res et am\u00e9liorant l'effet de pr\u00e9sentation du produit.<\/li>\n<\/ul>\n\n\n\n<p><\/p>\n\n\n\n<ul class=\"wp-block-list\">\n<li><strong>S\u00e9curit\u00e9 et protection de l'environnement<\/strong>n : Mat\u00e9riau de qualit\u00e9 alimentaire, s\u00fbr et non toxique, respectueux de l'environnement et recyclable.<\/li>\n<\/ul>\n\n\n\n<p><\/p>\n\n\n\n<ul class=\"wp-block-list\">\n<li><strong>Options de tailles multiples<\/strong>: Diff\u00e9rentes tailles sont disponibles pour r\u00e9pondre \u00e0 divers besoins d'emballage.<\/li>\n<\/ul>\n\n\n\n<p><\/p>\n\n\n\n<ul class=\"wp-block-list\">\n<li><strong>Refermable<\/strong>Les produits sont faciles \u00e0 ouvrir et \u00e0 fermer, ce qui est tr\u00e8s pratique pour les consommateurs.<\/li>\n<\/ul>\n<\/div>\n\n\n\n<div class=\"wp-block-column is-layout-flow wp-block-column-is-layout-flow\">\n<figure class=\"wp-block-image size-full\"><img fetchpriority=\"high\" decoding=\"async\" width=\"750\" height=\"750\" src=\"https:\/\/www.hyflexpack.com\/wp-content\/uploads\/2024\/06\/Fruit-Bags-Wholesale-4.webp\" alt=\"Sacs \u00e0 fruits en gros\" class=\"wp-image-4643\" srcset=\"https:\/\/www.hyflexpack.com\/wp-content\/uploads\/2024\/06\/Fruit-Bags-Wholesale-4.webp 750w, https:\/\/www.hyflexpack.com\/wp-content\/uploads\/2024\/06\/Fruit-Bags-Wholesale-4-300x300.webp 300w, https:\/\/www.hyflexpack.com\/wp-content\/uploads\/2024\/06\/Fruit-Bags-Wholesale-4-150x150.webp 150w, https:\/\/www.hyflexpack.com\/wp-content\/uploads\/2024\/06\/Fruit-Bags-Wholesale-4-12x12.webp 12w, https:\/\/www.hyflexpack.com\/wp-content\/uploads\/2024\/06\/Fruit-Bags-Wholesale-4-285x285.webp 285w, https:\/\/www.hyflexpack.com\/wp-content\/uploads\/2024\/06\/Fruit-Bags-Wholesale-4-270x270.webp 270w, https:\/\/www.hyflexpack.com\/wp-content\/uploads\/2024\/06\/Fruit-Bags-Wholesale-4-540x540.webp 540w, https:\/\/www.hyflexpack.com\/wp-content\/uploads\/2024\/06\/Fruit-Bags-Wholesale-4-660x660.webp 660w\" sizes=\"(max-width: 750px) 100vw, 750px\" \/><\/figure>\n<\/div>\n<\/div>","protected":false},"excerpt":{"rendered":"<p>D\u00e9couvrez nos sacs d'emballage en plastique transparent pour l\u00e9gumes et nos sacs pour fruits, fabriqu\u00e9s \u00e0 partir de mat\u00e9riaux s\u00fbrs de qualit\u00e9 alimentaire, respectueux de l'environnement et recyclables. Ils conviennent \u00e0 une grande vari\u00e9t\u00e9 de besoins en mati\u00e8re d'emballage de fruits et constituent la solution id\u00e9ale en mati\u00e8re d'emballage de produits alimentaires.<\/p>\n<h3>Avantages des sacs d'emballage pour l\u00e9gumes et des sacs pour fruits fournis par le fournisseur<\/h3>\n<ul>\n<li><strong>Conception personnalis\u00e9e<\/strong>: Nous fournissons un service de conception personnalis\u00e9e de sacs \u00e0 fruits en plastique, y compris la personnalisation du mat\u00e9riau, de la taille et du motif d'impression pour r\u00e9pondre aux besoins des clients, et nous prenons en charge les OEM et ODM.<\/li>\n<li><strong>Fabrication<\/strong>: Gr\u00e2ce \u00e0 un \u00e9quipement et \u00e0 une technologie de pointe, nous pouvons r\u00e9aliser la production de la commande avec une grande efficacit\u00e9 et une grande qualit\u00e9, et nous pouvons livrer dans les d\u00e9lais.<\/li>\n<li><strong>Inspection de la qualit\u00e9<\/strong>: Respecter strictement les normes de qualit\u00e9 et les exigences en mati\u00e8re de s\u00e9curit\u00e9 alimentaire pour la production, afin de garantir que les produits r\u00e9pondent aux normes.<\/li>\n<li><strong>Service client\u00e8le<\/strong>Le service client\u00e8le est disponible 24 heures sur 24 pour fournir une r\u00e9ponse rapide et un service d'assistance \u00e0 la client\u00e8le attentionn\u00e9.<\/li>\n<li><strong>\u00c9chantillon gratuit<\/strong>\uff1a Fournir un service d'\u00e9chantillonnage gratuit pour vous permettre d'\u00e9valuer les produits.<\/li>\n<\/ul>\n<p>Huiyang Packaging s'engage \u00e0 fournir \u00e0 ses clients des sacs \u00e0 fruits en plastique transparent personnalis\u00e9s et de haute qualit\u00e9 afin de les aider \u00e0 am\u00e9liorer l'image de leurs produits et \u00e0 renforcer leur comp\u00e9titivit\u00e9 sur le march\u00e9.<\/p>","protected":false},"featured_media":4644,"comment_status":"open","ping_status":"closed","template":"","meta":[],"product_brand":[],"product_cat":[51,106],"product_tag":[],"class_list":{"0":"post-4639","1":"product","2":"type-product","3":"status-publish","4":"has-post-thumbnail","6":"product_cat-custom-food-packaging-bags","7":"product_cat-vegetable-packaging-bags-wholesale","9":"first","10":"instock","11":"shipping-taxable","12":"product-type-simple"},"_links":{"self":[{"href":"https:\/\/www.hyflexpack.com\/fr\/wp-json\/wp\/v2\/product\/4639","targetHints":{"allow":["GET"]}}],"collection":[{"href":"https:\/\/www.hyflexpack.com\/fr\/wp-json\/wp\/v2\/product"}],"about":[{"href":"https:\/\/www.hyflexpack.com\/fr\/wp-json\/wp\/v2\/types\/product"}],"replies":[{"embeddable":true,"href":"https:\/\/www.hyflexpack.com\/fr\/wp-json\/wp\/v2\/comments?post=4639"}],"wp:featuredmedia":[{"embeddable":true,"href":"https:\/\/www.hyflexpack.com\/fr\/wp-json\/wp\/v2\/media\/4644"}],"wp:attachment":[{"href":"https:\/\/www.hyflexpack.com\/fr\/wp-json\/wp\/v2\/media?parent=4639"}],"wp:term":[{"taxonomy":"product_brand","embeddable":true,"href":"https:\/\/www.hyflexpack.com\/fr\/wp-json\/wp\/v2\/product_brand?post=4639"},{"taxonomy":"product_cat","embeddable":true,"href":"https:\/\/www.hyflexpack.com\/fr\/wp-json\/wp\/v2\/product_cat?post=4639"},{"taxonomy":"product_tag","embeddable":true,"href":"https:\/\/www.hyflexpack.com\/fr\/wp-json\/wp\/v2\/product_tag?post=4639"}],"curies":[{"name":"wp","href":"https:\/\/api.w.org\/{rel}","templated":true}]}}