{"id":4629,"date":"2024-06-27T03:36:20","date_gmt":"2024-06-27T03:36:20","guid":{"rendered":"https:\/\/www.hyflexpack.com\/?post_type=product&#038;p=4629"},"modified":"2025-11-04T09:11:03","modified_gmt":"2025-11-04T09:11:03","slug":"custom-fruit-packaging-bag","status":"publish","type":"product","link":"https:\/\/www.hyflexpack.com\/fr\/product\/custom-fruit-packaging-bag\/","title":{"rendered":"Sac d'emballage de fruits personnalis\u00e9 Zip Lock Stand Up Pouch Packaging with Handles and Ventures Holes"},"content":{"rendered":"<div class=\"wp-block-columns is-layout-flex wp-container-core-columns-is-layout-9d6595d7 wp-block-columns-is-layout-flex\">\n<div class=\"wp-block-column is-layout-flow wp-block-column-is-layout-flow\">\n<h3 class=\"wp-block-heading\">Caract\u00e9ristiques du sac d'emballage de fruits de haute qualit\u00e9<\/h3>\n\n\n\n<ul class=\"wp-block-list\">\n<li>Fermeture \u00e0 glissi\u00e8re pratique : Un sac d'emballage pour fruits avec une fermeture \u00e9clair facile \u00e0 ouvrir et \u00e0 refermer, garantissant la fra\u00eecheur et la s\u00e9curit\u00e9 des aliments.<\/li>\n<\/ul>\n\n\n\n<p><\/p>\n\n\n\n<ul class=\"wp-block-list\">\n<li>Conception de type \"stand-up\" : Le sac peut tenir debout tout seul, \u00eatre facilement pr\u00e9sent\u00e9 et stock\u00e9 sur l'\u00e9tag\u00e8re, ce qui am\u00e9liore l'effet de pr\u00e9sentation du produit.<\/li>\n<\/ul>\n\n\n\n<p><\/p>\n\n\n\n<ul class=\"wp-block-list\">\n<li>Poign\u00e9e : Con\u00e7u avec une poign\u00e9e confortable, facile \u00e0 transporter pour les consommateurs.<\/li>\n<\/ul>\n\n\n\n<p><\/p>\n\n\n\n<ul class=\"wp-block-list\">\n<li>Conception avec trous d'a\u00e9ration : Le sac est dot\u00e9 de trous d'a\u00e9ration qui permettent aux fruits de rester a\u00e9r\u00e9s et frais et d'\u00e9viter l'accumulation d'humidit\u00e9.<\/li>\n<\/ul>\n\n\n\n<p><\/p>\n\n\n\n<ul class=\"wp-block-list\">\n<li>Options de tailles multiples : Fournir une vari\u00e9t\u00e9 de tailles pour r\u00e9pondre aux diff\u00e9rents besoins d'emballage.<\/li>\n<\/ul>\n\n\n\n<p><\/p>\n\n\n\n<ul class=\"wp-block-list\">\n<li>Mat\u00e9riaux de haute qualit\u00e9 : Fabriqu\u00e9 avec des mat\u00e9riaux de haute qualit\u00e9 pour garantir la durabilit\u00e9 et la r\u00e9sistance \u00e0 l'humidit\u00e9 du sac.<\/li>\n<\/ul>\n<\/div>\n\n\n\n<div class=\"wp-block-column is-layout-flow wp-block-column-is-layout-flow\">\n<figure class=\"wp-block-image size-full\"><img fetchpriority=\"high\" decoding=\"async\" width=\"750\" height=\"750\" src=\"https:\/\/www.hyflexpack.com\/wp-content\/uploads\/2024\/06\/Custom-Fruit-Packaging-Bag-6.webp\" alt=\"Sac d&#039;emballage de fruits sur mesure\" class=\"wp-image-4634\" srcset=\"https:\/\/www.hyflexpack.com\/wp-content\/uploads\/2024\/06\/Custom-Fruit-Packaging-Bag-6.webp 750w, https:\/\/www.hyflexpack.com\/wp-content\/uploads\/2024\/06\/Custom-Fruit-Packaging-Bag-6-300x300.webp 300w, https:\/\/www.hyflexpack.com\/wp-content\/uploads\/2024\/06\/Custom-Fruit-Packaging-Bag-6-150x150.webp 150w, https:\/\/www.hyflexpack.com\/wp-content\/uploads\/2024\/06\/Custom-Fruit-Packaging-Bag-6-12x12.webp 12w, https:\/\/www.hyflexpack.com\/wp-content\/uploads\/2024\/06\/Custom-Fruit-Packaging-Bag-6-285x285.webp 285w, https:\/\/www.hyflexpack.com\/wp-content\/uploads\/2024\/06\/Custom-Fruit-Packaging-Bag-6-270x270.webp 270w, https:\/\/www.hyflexpack.com\/wp-content\/uploads\/2024\/06\/Custom-Fruit-Packaging-Bag-6-540x540.webp 540w, https:\/\/www.hyflexpack.com\/wp-content\/uploads\/2024\/06\/Custom-Fruit-Packaging-Bag-6-660x660.webp 660w\" sizes=\"(max-width: 750px) 100vw, 750px\" \/><\/figure>\n<\/div>\n<\/div>","protected":false},"excerpt":{"rendered":"<p>Ce sac d'emballage de fruits adopte un design \u00e0 fermeture \u00e9clair, affirmant la fra\u00eecheur du fruit, la structure verticale est pratique \u00e0 pr\u00e9senter, pour s'adapter \u00e0 diff\u00e9rents besoins, et des mat\u00e9riaux de haute qualit\u00e9 pour assurer la durabilit\u00e9 et la r\u00e9sistance \u00e0 l'humidit\u00e9, ce qui est la solution id\u00e9ale pour l'emballage des l\u00e9gumes et des fruits. N'h\u00e9sitez pas \u00e0 nous contacter pour un devis !<\/p>\n<h3>Avantages du fournisseur de sacs d'emballage pour fruits<\/h3>\n<ul>\n<li><strong>Conception personnalis\u00e9e<\/strong>: Nous fournissons un service de conception personnalis\u00e9e de sacs d'emballage de fruits, y compris la personnalisation du mat\u00e9riau, de la taille et du motif d'impression pour r\u00e9pondre aux besoins des clients, et nous prenons en charge les OEM et ODM.<\/li>\n<li><strong>Fabrication<\/strong>: Gr\u00e2ce \u00e0 un \u00e9quipement et \u00e0 une technologie de pointe, nous pouvons r\u00e9aliser la production des commandes avec une grande efficacit\u00e9 et une grande qualit\u00e9, et les livrer dans les d\u00e9lais.<\/li>\n<li><strong>Inspection de la qualit\u00e9<\/strong>: Respecter strictement les normes de qualit\u00e9 et les exigences en mati\u00e8re de s\u00e9curit\u00e9 alimentaire afin de garantir la conformit\u00e9 des produits aux normes.<\/li>\n<li><strong>Support technique de l'\u00e9quipe<\/strong>: Notre \u00e9quipe poss\u00e8de une riche exp\u00e9rience de l'industrie et des connaissances professionnelles, et peut fournir une assistance technique et un service de conseil 24 heures sur 24 \u00e0 nos clients.<\/li>\n<li><strong>\u00c9chantillon gratuit<\/strong>: Fournir un service d'\u00e9chantillonnage gratuit pour vous permettre d'\u00e9valuer les produits.<\/li>\n<\/ul>\n<p>Huiyang Packaging s'engage \u00e0 fournir \u00e0 ses clients des sacs d'emballage de fruits pour condiments de haute qualit\u00e9 et personnalis\u00e9s afin de les aider \u00e0 am\u00e9liorer l'image de leurs produits et \u00e0 renforcer leur comp\u00e9titivit\u00e9 sur le march\u00e9.<\/p>","protected":false},"featured_media":4630,"comment_status":"open","ping_status":"closed","template":"","meta":[],"product_brand":[],"product_cat":[51,106],"product_tag":[],"class_list":{"0":"post-4629","1":"product","2":"type-product","3":"status-publish","4":"has-post-thumbnail","6":"product_cat-custom-food-packaging-bags","7":"product_cat-vegetable-packaging-bags-wholesale","9":"first","10":"instock","11":"shipping-taxable","12":"product-type-simple"},"_links":{"self":[{"href":"https:\/\/www.hyflexpack.com\/fr\/wp-json\/wp\/v2\/product\/4629","targetHints":{"allow":["GET"]}}],"collection":[{"href":"https:\/\/www.hyflexpack.com\/fr\/wp-json\/wp\/v2\/product"}],"about":[{"href":"https:\/\/www.hyflexpack.com\/fr\/wp-json\/wp\/v2\/types\/product"}],"replies":[{"embeddable":true,"href":"https:\/\/www.hyflexpack.com\/fr\/wp-json\/wp\/v2\/comments?post=4629"}],"wp:featuredmedia":[{"embeddable":true,"href":"https:\/\/www.hyflexpack.com\/fr\/wp-json\/wp\/v2\/media\/4630"}],"wp:attachment":[{"href":"https:\/\/www.hyflexpack.com\/fr\/wp-json\/wp\/v2\/media?parent=4629"}],"wp:term":[{"taxonomy":"product_brand","embeddable":true,"href":"https:\/\/www.hyflexpack.com\/fr\/wp-json\/wp\/v2\/product_brand?post=4629"},{"taxonomy":"product_cat","embeddable":true,"href":"https:\/\/www.hyflexpack.com\/fr\/wp-json\/wp\/v2\/product_cat?post=4629"},{"taxonomy":"product_tag","embeddable":true,"href":"https:\/\/www.hyflexpack.com\/fr\/wp-json\/wp\/v2\/product_tag?post=4629"}],"curies":[{"name":"wp","href":"https:\/\/api.w.org\/{rel}","templated":true}]}}