{"id":4609,"date":"2024-06-22T07:00:07","date_gmt":"2024-06-22T07:00:07","guid":{"rendered":"https:\/\/www.hyflexpack.com\/?post_type=product&#038;p=4609"},"modified":"2024-06-22T07:00:09","modified_gmt":"2024-06-22T07:00:09","slug":"factory-price-liquid-pouch","status":"publish","type":"product","link":"https:\/\/www.hyflexpack.com\/fr\/product\/factory-price-liquid-pouch\/","title":{"rendered":"Prix d'usine pochette de liquide 1L bec verseur d\u00e9tergent emballage impression Stand-Up Bag"},"content":{"rendered":"<div class=\"wp-block-columns is-layout-flex wp-container-core-columns-is-layout-9d6595d7 wp-block-columns-is-layout-flex\">\n<div class=\"wp-block-column is-layout-flow wp-block-column-is-layout-flow\">\n<h2 class=\"wp-block-heading\">Caract\u00e9ristiques de la pochette \u00e0 liquide de haute qualit\u00e9<\/h2>\n\n\n\n<p><\/p>\n\n\n\n<ul class=\"wp-block-list\">\n<li>Capacit\u00e9 de 1 litre : Une grande capacit\u00e9 permet de stocker 1 litre de d\u00e9tergent liquide pour le linge, ce qui est pratique et avantageux pour les consommateurs.<\/li>\n<\/ul>\n\n\n\n<p><\/p>\n\n\n\n<ul class=\"wp-block-list\">\n<li>Impression : Des options d'impression personnalisables sont disponibles pour les marques, les informations sur les produits et les dessins attrayants, afin d'am\u00e9liorer l'attrait des rayons.<\/li>\n<\/ul>\n\n\n\n<p><\/p>\n\n\n\n<ul class=\"wp-block-list\">\n<li>Conception du bec : Dot\u00e9 d'un bec pratique permettant de verser facilement et de distribuer avec pr\u00e9cision, il minimise les d\u00e9versements et assure la commodit\u00e9 de l'utilisateur.<\/li>\n<\/ul>\n\n\n\n<p><\/p>\n\n\n\n<ul class=\"wp-block-list\">\n<li>Emballage debout : La conception innovante du stand-up permet au sachet de rester stable et vertical sur les \u00e9tag\u00e8res, maximisant ainsi la visibilit\u00e9 au d\u00e9tail.<\/li>\n<\/ul>\n\n\n\n<p><\/p>\n\n\n\n<ul class=\"wp-block-list\">\n<li>Protection de la barri\u00e8re : Offre d'excellentes propri\u00e9t\u00e9s de barri\u00e8re contre l'humidit\u00e9, l'oxyg\u00e8ne et la lumi\u00e8re, pr\u00e9servant ainsi la qualit\u00e9 et la fra\u00eecheur du d\u00e9tergent.<\/li>\n<\/ul>\n\n\n\n<p><\/p>\n\n\n\n<ul class=\"wp-block-list\">\n<li>Respectueux de l'environnement : La poche \u00e0 liquide est fabriqu\u00e9e \u00e0 partir de mat\u00e9riaux qui favorisent la durabilit\u00e9 environnementale, tels que des options recyclables ou biod\u00e9gradables.<\/li>\n<\/ul>\n\n\n\n<p><\/p>\n\n\n\n<ul class=\"wp-block-list\">\n<li>Utilisation polyvalente : convient non seulement au d\u00e9tergent liquide pour le linge, mais aussi \u00e0 d'autres produits liquides tels que les solutions de nettoyage ou les boissons.<\/li>\n<\/ul>\n<\/div>\n\n\n\n<div class=\"wp-block-column is-layout-flow wp-block-column-is-layout-flow\">\n<figure class=\"wp-block-image size-full\"><img fetchpriority=\"high\" decoding=\"async\" width=\"750\" height=\"750\" src=\"https:\/\/www.hyflexpack.com\/wp-content\/uploads\/2024\/06\/Factory-Price-Liquid-Pouch-7.webp\" alt=\"Prix d&#039;usine Poche de liquide\" class=\"wp-image-4616\" srcset=\"https:\/\/www.hyflexpack.com\/wp-content\/uploads\/2024\/06\/Factory-Price-Liquid-Pouch-7.webp 750w, https:\/\/www.hyflexpack.com\/wp-content\/uploads\/2024\/06\/Factory-Price-Liquid-Pouch-7-300x300.webp 300w, https:\/\/www.hyflexpack.com\/wp-content\/uploads\/2024\/06\/Factory-Price-Liquid-Pouch-7-150x150.webp 150w, https:\/\/www.hyflexpack.com\/wp-content\/uploads\/2024\/06\/Factory-Price-Liquid-Pouch-7-12x12.webp 12w, https:\/\/www.hyflexpack.com\/wp-content\/uploads\/2024\/06\/Factory-Price-Liquid-Pouch-7-285x285.webp 285w, https:\/\/www.hyflexpack.com\/wp-content\/uploads\/2024\/06\/Factory-Price-Liquid-Pouch-7-270x270.webp 270w, https:\/\/www.hyflexpack.com\/wp-content\/uploads\/2024\/06\/Factory-Price-Liquid-Pouch-7-540x540.webp 540w, https:\/\/www.hyflexpack.com\/wp-content\/uploads\/2024\/06\/Factory-Price-Liquid-Pouch-7-660x660.webp 660w\" sizes=\"(max-width: 750px) 100vw, 750px\" \/><\/figure>\n<\/div>\n<\/div>","protected":false},"excerpt":{"rendered":"<p>Notre sachet d'emballage de d\u00e9tergent liquide 1L est devenu le choix id\u00e9al pour les marques \u00e0 la recherche d'une solution d'emballage efficace et \u00e9cologique qui am\u00e9liore l'attrait du produit et la commodit\u00e9 pour le consommateur. N'h\u00e9sitez pas \u00e0 nous contacter \u00e0 tout moment !<\/p>\n<h3>Avantages du fournisseur de sachets de liquide<\/h3>\n<ul>\n<li><strong>Conception personnalis\u00e9e<\/strong>: Nous proposons un service de conception personnalis\u00e9e de poches \u00e0 liquides, y compris la personnalisation du mat\u00e9riau, de la taille et du motif d'impression pour r\u00e9pondre aux besoins des clients, et nous prenons en charge les OEM et ODM.<\/li>\n<li><strong>Fabrication<\/strong>: Gr\u00e2ce \u00e0 des \u00e9quipements et des technologies de pointe, nous pouvons ex\u00e9cuter les commandes avec une grande efficacit\u00e9 et une grande qualit\u00e9, et les livrer dans les d\u00e9lais.<\/li>\n<li><strong>Inspection de la qualit\u00e9<\/strong>: Respecter strictement les normes de qualit\u00e9 et les exigences en mati\u00e8re de s\u00e9curit\u00e9 alimentaire afin de garantir la conformit\u00e9 des produits aux normes.<\/li>\n<li><strong>Support technique de l'\u00e9quipe<\/strong>: Notre \u00e9quipe poss\u00e8de une riche exp\u00e9rience de l'industrie et des connaissances professionnelles, et peut fournir une assistance technique et un service de conseil 24 heures sur 24 \u00e0 nos clients.<\/li>\n<li><strong>\u00c9chantillon gratuit<\/strong>: Fournir un service d'\u00e9chantillonnage gratuit pour vous permettre d'\u00e9valuer les produits.<\/li>\n<\/ul>\n<p>Huiyang Packaging s'engage \u00e0 fournir \u00e0 ses clients des sacs d'emballage de d\u00e9tergent \u00e0 lessive de haute qualit\u00e9 et personnalis\u00e9s afin de les aider \u00e0 am\u00e9liorer l'image de leurs produits et \u00e0 renforcer leur comp\u00e9titivit\u00e9 sur le march\u00e9.<\/p>\n<p>&nbsp;<\/p>","protected":false},"featured_media":4610,"comment_status":"open","ping_status":"closed","template":"","meta":[],"product_brand":[],"product_cat":[52],"product_tag":[],"class_list":{"0":"post-4609","1":"product","2":"type-product","3":"status-publish","4":"has-post-thumbnail","6":"product_cat-custom-daily-chemical-packaging","8":"first","9":"instock","10":"shipping-taxable","11":"product-type-simple"},"_links":{"self":[{"href":"https:\/\/www.hyflexpack.com\/fr\/wp-json\/wp\/v2\/product\/4609","targetHints":{"allow":["GET"]}}],"collection":[{"href":"https:\/\/www.hyflexpack.com\/fr\/wp-json\/wp\/v2\/product"}],"about":[{"href":"https:\/\/www.hyflexpack.com\/fr\/wp-json\/wp\/v2\/types\/product"}],"replies":[{"embeddable":true,"href":"https:\/\/www.hyflexpack.com\/fr\/wp-json\/wp\/v2\/comments?post=4609"}],"wp:featuredmedia":[{"embeddable":true,"href":"https:\/\/www.hyflexpack.com\/fr\/wp-json\/wp\/v2\/media\/4610"}],"wp:attachment":[{"href":"https:\/\/www.hyflexpack.com\/fr\/wp-json\/wp\/v2\/media?parent=4609"}],"wp:term":[{"taxonomy":"product_brand","embeddable":true,"href":"https:\/\/www.hyflexpack.com\/fr\/wp-json\/wp\/v2\/product_brand?post=4609"},{"taxonomy":"product_cat","embeddable":true,"href":"https:\/\/www.hyflexpack.com\/fr\/wp-json\/wp\/v2\/product_cat?post=4609"},{"taxonomy":"product_tag","embeddable":true,"href":"https:\/\/www.hyflexpack.com\/fr\/wp-json\/wp\/v2\/product_tag?post=4609"}],"curies":[{"name":"wp","href":"https:\/\/api.w.org\/{rel}","templated":true}]}}