{"id":4599,"date":"2024-06-22T01:57:43","date_gmt":"2024-06-22T01:57:43","guid":{"rendered":"https:\/\/www.hyflexpack.com\/?post_type=product&#038;p=4599"},"modified":"2025-10-23T09:08:53","modified_gmt":"2025-10-23T09:08:53","slug":"sachets-pour-autoclave-en-gros","status":"publish","type":"product","link":"https:\/\/www.hyflexpack.com\/fr\/product\/wholesale-retort-pouches\/","title":{"rendered":"Grossiste Sachets Retort Sceau \u00e9cologique \u00e0 quatre c\u00f4t\u00e9s pour Jerky Emballage alimentaire facile \u00e0 d\u00e9chirer"},"content":{"rendered":"<div class=\"wp-block-columns is-layout-flex wp-container-core-columns-is-layout-9d6595d7 wp-block-columns-is-layout-flex\">\n<div class=\"wp-block-column is-layout-flow wp-block-column-is-layout-flow\">\n<h3 class=\"wp-block-heading\">Caract\u00e9ristiques des sachets r\u00e9tractables de haute qualit\u00e9<\/h3>\n\n\n\n<ul class=\"wp-block-list\">\n<li>Mat\u00e9riaux \u00e9cologiques : Les sachets r\u00e9tractables sont fabriqu\u00e9s \u00e0 partir de mat\u00e9riaux respectueux de l'environnement, ce qui permet de r\u00e9duire l'impact sur l'environnement.<\/li>\n<\/ul>\n\n\n\n<p><\/p>\n\n\n\n<ul class=\"wp-block-list\">\n<li>Conception de scellage sur quatre c\u00f4t\u00e9s : Assure une fermeture s\u00fbre de tous les c\u00f4t\u00e9s, garantissant la fra\u00eecheur et emp\u00eachant les fuites.<\/li>\n<\/ul>\n\n\n\n<p><\/p>\n\n\n\n<ul class=\"wp-block-list\">\n<li>Ouverture facile : \u00c9quip\u00e9 d'une fonction pratique de d\u00e9chirure facile pour une ouverture sans effort par les consommateurs.<\/li>\n<\/ul>\n\n\n\n<p><\/p>\n\n\n\n<ul class=\"wp-block-list\">\n<li>R\u00e9sistance \u00e0 la chaleur : Capable de r\u00e9sister \u00e0 des temp\u00e9ratures \u00e9lev\u00e9es pendant le traitement \u00e0 l'autoclave, ce qui permet de pr\u00e9server la qualit\u00e9 et la s\u00e9curit\u00e9 des aliments.<\/li>\n<\/ul>\n\n\n\n<p><\/p>\n\n\n\n<ul class=\"wp-block-list\">\n<li>Protection de la barri\u00e8re : Offre d'excellentes propri\u00e9t\u00e9s de barri\u00e8re contre l'humidit\u00e9, l'oxyg\u00e8ne et la lumi\u00e8re, pr\u00e9servant ainsi la saveur des aliments et prolongeant leur dur\u00e9e de conservation.<\/li>\n<\/ul>\n\n\n\n<p><\/p>\n\n\n\n<ul class=\"wp-block-list\">\n<li>Utilisation polyvalente : Convient \u00e0 divers produits alimentaires autres que le jerky, tels que les soupes, les sauces et les repas pr\u00eats \u00e0 consommer, offrant ainsi une grande polyvalence dans les solutions d'emballage.<\/li>\n<\/ul>\n<\/div>\n\n\n\n<div class=\"wp-block-column is-layout-flow wp-block-column-is-layout-flow\">\n<figure class=\"wp-block-image size-full\"><img fetchpriority=\"high\" decoding=\"async\" width=\"750\" height=\"750\" src=\"https:\/\/www.hyflexpack.com\/wp-content\/uploads\/2024\/06\/Wholesale-Retort-Pouches-2.webp\" alt=\"Pochettes \u00e0 ristourne en gros\" class=\"wp-image-4601\" srcset=\"https:\/\/www.hyflexpack.com\/wp-content\/uploads\/2024\/06\/Wholesale-Retort-Pouches-2.webp 750w, https:\/\/www.hyflexpack.com\/wp-content\/uploads\/2024\/06\/Wholesale-Retort-Pouches-2-300x300.webp 300w, https:\/\/www.hyflexpack.com\/wp-content\/uploads\/2024\/06\/Wholesale-Retort-Pouches-2-150x150.webp 150w, https:\/\/www.hyflexpack.com\/wp-content\/uploads\/2024\/06\/Wholesale-Retort-Pouches-2-12x12.webp 12w, https:\/\/www.hyflexpack.com\/wp-content\/uploads\/2024\/06\/Wholesale-Retort-Pouches-2-285x285.webp 285w, https:\/\/www.hyflexpack.com\/wp-content\/uploads\/2024\/06\/Wholesale-Retort-Pouches-2-270x270.webp 270w, https:\/\/www.hyflexpack.com\/wp-content\/uploads\/2024\/06\/Wholesale-Retort-Pouches-2-540x540.webp 540w, https:\/\/www.hyflexpack.com\/wp-content\/uploads\/2024\/06\/Wholesale-Retort-Pouches-2-660x660.webp 660w\" sizes=\"(max-width: 750px) 100vw, 750px\" \/><\/figure>\n<\/div>\n<\/div>","protected":false},"excerpt":{"rendered":"<p>D\u00e9couvrez la conception \u00e9cologique des sachets pour autoclave avec fermeture sur quatre c\u00f4t\u00e9s, sp\u00e9cialement con\u00e7us pour les produits alimentaires tels que le jerky. Nous nous engageons \u00e0 vous fournir des solutions d'emballage fiables qui prot\u00e8gent la qualit\u00e9 des aliments et r\u00e9duisent l'impact sur l'environnement.<\/p>\n<h3>Avantages du fournisseur de sachets r\u00e9tractables<\/h3>\n<ul>\n<li><strong>Conception personnalis\u00e9e<\/strong>: Nous fournissons un service de conception personnalis\u00e9e de sacs \u00e0 caf\u00e9, de taille, de couleur, de conception et d'impression selon les besoins du client, afin de garantir que le produit est diff\u00e9rent et de mettre en valeur l'image de la marque, et nous soutenons les OEM et ODM.<\/li>\n<li><strong>\u00c9quipe de conception professionnelle<\/strong>: Nous disposons d'une \u00e9quipe exp\u00e9riment\u00e9e de R&amp;D et de conception pour fournir aux clients des solutions de conception innovantes et pratiques.<\/li>\n<li><strong>Assurance qualit\u00e9<\/strong>: Le respect strict des normes internationales de gestion de la qualit\u00e9, l'utilisation de mat\u00e9riaux de haute qualit\u00e9 et l'utilisation de technologies de pointe garantissent la stabilit\u00e9 et la fiabilit\u00e9 de la qualit\u00e9 des produits.<\/li>\n<li><strong>Service apr\u00e8s-vente complet<\/strong>: Nous \u00e9coutons activement les commentaires de nos clients, am\u00e9liorons continuellement nos produits et nos services et \u00e9tablissons des relations de coop\u00e9ration stables et \u00e0 long terme.<\/li>\n<\/ul>\n<p>Huiyang Packaging s'engage \u00e0 fournir \u00e0 ses clients des sachets ajour\u00e9s personnalis\u00e9s et de haute qualit\u00e9 afin de les aider \u00e0 am\u00e9liorer l'image de leurs produits et \u00e0 renforcer leur comp\u00e9titivit\u00e9 sur le march\u00e9.<\/p>","protected":false},"featured_media":4601,"comment_status":"open","ping_status":"closed","template":"","meta":[],"product_brand":[],"product_cat":[79],"product_tag":[],"class_list":{"0":"post-4599","1":"product","2":"type-product","3":"status-publish","4":"has-post-thumbnail","6":"product_cat-custom-retort-pouch","8":"first","9":"instock","10":"shipping-taxable","11":"product-type-simple"},"_links":{"self":[{"href":"https:\/\/www.hyflexpack.com\/fr\/wp-json\/wp\/v2\/product\/4599","targetHints":{"allow":["GET"]}}],"collection":[{"href":"https:\/\/www.hyflexpack.com\/fr\/wp-json\/wp\/v2\/product"}],"about":[{"href":"https:\/\/www.hyflexpack.com\/fr\/wp-json\/wp\/v2\/types\/product"}],"replies":[{"embeddable":true,"href":"https:\/\/www.hyflexpack.com\/fr\/wp-json\/wp\/v2\/comments?post=4599"}],"wp:featuredmedia":[{"embeddable":true,"href":"https:\/\/www.hyflexpack.com\/fr\/wp-json\/wp\/v2\/media\/4601"}],"wp:attachment":[{"href":"https:\/\/www.hyflexpack.com\/fr\/wp-json\/wp\/v2\/media?parent=4599"}],"wp:term":[{"taxonomy":"product_brand","embeddable":true,"href":"https:\/\/www.hyflexpack.com\/fr\/wp-json\/wp\/v2\/product_brand?post=4599"},{"taxonomy":"product_cat","embeddable":true,"href":"https:\/\/www.hyflexpack.com\/fr\/wp-json\/wp\/v2\/product_cat?post=4599"},{"taxonomy":"product_tag","embeddable":true,"href":"https:\/\/www.hyflexpack.com\/fr\/wp-json\/wp\/v2\/product_tag?post=4599"}],"curies":[{"name":"wp","href":"https:\/\/api.w.org\/{rel}","templated":true}]}}