{"id":4555,"date":"2024-06-19T07:22:40","date_gmt":"2024-06-19T07:22:40","guid":{"rendered":"https:\/\/www.hyflexpack.com\/?post_type=product&#038;p=4555"},"modified":"2025-10-23T08:55:39","modified_gmt":"2025-10-23T08:55:39","slug":"oem-odm-sauce-packaging-bag","status":"publish","type":"product","link":"https:\/\/www.hyflexpack.com\/fr\/product\/oem-odm-sauce-packaging-bag\/","title":{"rendered":"OEM\/ODM Sac d'emballage de sauces, emballage de condiments, sachets \u00e0 fond plat de qualit\u00e9 alimentaire"},"content":{"rendered":"<div class=\"wp-block-columns is-layout-flex wp-container-core-columns-is-layout-9d6595d7 wp-block-columns-is-layout-flex\">\n<div class=\"wp-block-column is-layout-flow wp-block-column-is-layout-flow\">\n<h3 class=\"wp-block-heading\">Features of High-Quality Sauce Packaging Bag<\/h3>\n\n\n\n<ul class=\"wp-block-list\">\n<li><strong>Mat\u00e9riau de qualit\u00e9 alimentaire<\/strong>: The material used for sauce packaging is high-quality food-grade, with high barrier, and high-temperature resistance-the maximum can be up to 135 degrees to ensure safety and hygiene, meeting the standard of international food packaging.<\/li>\n<\/ul>\n\n\n\n<p><\/p>\n\n\n\n<ul class=\"wp-block-list\">\n<li><strong>Leak-Proof Design<\/strong>: Unique leak-proof design, which keeps the sauce inside and allows for safe transport and storage.<\/li>\n<\/ul>\n\n\n\n<p><\/p>\n\n\n\n<ul class=\"wp-block-list\">\n<li><strong>Preservation Technology<\/strong>: Advanced sealing technology extends the shelf life of the sauce while maintaining fresh taste and flavor.<\/li>\n<\/ul>\n\n\n\n<p><\/p>\n\n\n\n<ul class=\"wp-block-list\">\n<li><strong>Options de capacit\u00e9 multiple<\/strong>: Multiple capacity options can fit one&#8217;s needs, ranging from home to commercial use.<\/li>\n<\/ul>\n\n\n\n<p><\/p>\n\n\n\n<ul class=\"wp-block-list\">\n<li><strong>Facile \u00e0 utiliser<\/strong>: Sauce packaging fitted with an easy tear for ease of use for quick and convenient home cooking or catering service.<\/li>\n<\/ul>\n<\/div>\n\n\n\n<div class=\"wp-block-column is-layout-flow wp-block-column-is-layout-flow\">\n<figure class=\"wp-block-image size-full\"><img fetchpriority=\"high\" decoding=\"async\" width=\"750\" height=\"750\" src=\"https:\/\/www.hyflexpack.com\/wp-content\/uploads\/2024\/06\/OEMODM-Sauce-Packaging-Bag-1.webp\" alt=\"Sac d&#039;emballage pour sauces OEMODM\" class=\"wp-image-4556\" srcset=\"https:\/\/www.hyflexpack.com\/wp-content\/uploads\/2024\/06\/OEMODM-Sauce-Packaging-Bag-1.webp 750w, https:\/\/www.hyflexpack.com\/wp-content\/uploads\/2024\/06\/OEMODM-Sauce-Packaging-Bag-1-300x300.webp 300w, https:\/\/www.hyflexpack.com\/wp-content\/uploads\/2024\/06\/OEMODM-Sauce-Packaging-Bag-1-150x150.webp 150w, https:\/\/www.hyflexpack.com\/wp-content\/uploads\/2024\/06\/OEMODM-Sauce-Packaging-Bag-1-12x12.webp 12w, https:\/\/www.hyflexpack.com\/wp-content\/uploads\/2024\/06\/OEMODM-Sauce-Packaging-Bag-1-285x285.webp 285w, https:\/\/www.hyflexpack.com\/wp-content\/uploads\/2024\/06\/OEMODM-Sauce-Packaging-Bag-1-270x270.webp 270w, https:\/\/www.hyflexpack.com\/wp-content\/uploads\/2024\/06\/OEMODM-Sauce-Packaging-Bag-1-540x540.webp 540w, https:\/\/www.hyflexpack.com\/wp-content\/uploads\/2024\/06\/OEMODM-Sauce-Packaging-Bag-1-660x660.webp 660w\" sizes=\"(max-width: 750px) 100vw, 750px\" \/><\/figure>\n<\/div>\n<\/div>\n\n\n\n<h2 class=\"wp-block-heading\">Sauce Packaging \/ Condiment Packaging Structure<\/h2>\n\n\n\n<p><\/p>\n\n\n\n<p><strong>Double-layer structure<\/strong><\/p>\n\n\n\n<ul class=\"wp-block-list\">\n<li>PET\/PE: suitable for ordinary sauce packaging, with good transparency and moisture resistance.<\/li>\n\n\n\n<li>BOPP\/PE: suitable for lightweight sauces, lower cost.<\/li>\n<\/ul>\n\n\n\n<p><strong>Three-layer structure<\/strong><\/p>\n\n\n\n<ul class=\"wp-block-list\">\n<li>PET\/AL\/PE: Suitable for light and oxygen-sensitive sauces, such as chili sauces and jams, providing excellent barrier properties.<\/li>\n\n\n\n<li>PET\/PA\/PE: Suitable for packaging sauces that require puncture resistance, e.g. sauces with granules, providing excellent puncture resistance.<\/li>\n\n\n\n<li>BOPP\/CPP\/PE: For hot-filled sauces, with a certain degree of heat resistance.<\/li>\n<\/ul>\n\n\n\n<p><strong>Four-layer structure<\/strong><\/p>\n\n\n\n<ul class=\"wp-block-list\">\n<li>PET\/AL\/PA\/PE: Widely used in the packaging of high-grade sauces, with optimal barrier performance and strength, suitable for long-term preservation.<\/li>\n<\/ul>\n\n\n\n<p><\/p>\n\n\n\n<div class=\"wp-block-columns is-layout-flex wp-container-core-columns-is-layout-9d6595d7 wp-block-columns-is-layout-flex\">\n<div class=\"wp-block-column is-layout-flow wp-block-column-is-layout-flow\" style=\"flex-basis:100%\">\n<h2 class=\"wp-block-heading has-text-align-left\">3 Common Sauce and Condiment Packaging Solutions<\/h2>\n<\/div>\n<\/div>\n\n\n\n<p>Sauce and condiment packaging solutions include stand-up pouches with spouts for precise pouring and resealing, single-use sachet packs for portion control and convenience, and resealable jars or bottles designed to preserve freshness and ensure efficient storage.<\/p>\n\n\n\n<div class=\"wp-block-columns is-layout-flex wp-container-core-columns-is-layout-9d6595d7 wp-block-columns-is-layout-flex\">\n<div class=\"wp-block-column is-layout-flow wp-block-column-is-layout-flow\">\n<figure class=\"wp-block-image size-full\"><img decoding=\"async\" width=\"750\" height=\"750\" src=\"https:\/\/www.hyflexpack.com\/wp-content\/uploads\/2024\/10\/Food-Packaging-Supplies-\uff082\uff09.webp\" alt=\"Custom Sauce Packaging  Wholesale\" class=\"wp-image-5550\" srcset=\"https:\/\/www.hyflexpack.com\/wp-content\/uploads\/2024\/10\/Food-Packaging-Supplies-\uff082\uff09.webp 750w, https:\/\/www.hyflexpack.com\/wp-content\/uploads\/2024\/10\/Food-Packaging-Supplies-\uff082\uff09-300x300.webp 300w, https:\/\/www.hyflexpack.com\/wp-content\/uploads\/2024\/10\/Food-Packaging-Supplies-\uff082\uff09-150x150.webp 150w, https:\/\/www.hyflexpack.com\/wp-content\/uploads\/2024\/10\/Food-Packaging-Supplies-\uff082\uff09-12x12.webp 12w, https:\/\/www.hyflexpack.com\/wp-content\/uploads\/2024\/10\/Food-Packaging-Supplies-\uff082\uff09-285x285.webp 285w, https:\/\/www.hyflexpack.com\/wp-content\/uploads\/2024\/10\/Food-Packaging-Supplies-\uff082\uff09-270x270.webp 270w, https:\/\/www.hyflexpack.com\/wp-content\/uploads\/2024\/10\/Food-Packaging-Supplies-\uff082\uff09-540x540.webp 540w, https:\/\/www.hyflexpack.com\/wp-content\/uploads\/2024\/10\/Food-Packaging-Supplies-\uff082\uff09-660x660.webp 660w\" sizes=\"(max-width: 750px) 100vw, 750px\" \/><\/figure>\n\n\n\n<h4 class=\"wp-block-heading has-text-align-center\">Pochette Stand Up<\/h4>\n\n\n\n<p>Widely used for ketchup, salad dressings, and cooking oils to minimize spillage.<\/p>\n<\/div>\n\n\n\n<div class=\"wp-block-column is-layout-flow wp-block-column-is-layout-flow\">\n<figure class=\"wp-block-image size-full\"><img decoding=\"async\" width=\"750\" height=\"750\" src=\"https:\/\/www.hyflexpack.com\/wp-content\/uploads\/2024\/06\/Wholesale-Retort-Pouches-2.webp\" alt=\"Pochettes \u00e0 ristourne en gros\" class=\"wp-image-4601\" srcset=\"https:\/\/www.hyflexpack.com\/wp-content\/uploads\/2024\/06\/Wholesale-Retort-Pouches-2.webp 750w, https:\/\/www.hyflexpack.com\/wp-content\/uploads\/2024\/06\/Wholesale-Retort-Pouches-2-300x300.webp 300w, https:\/\/www.hyflexpack.com\/wp-content\/uploads\/2024\/06\/Wholesale-Retort-Pouches-2-150x150.webp 150w, https:\/\/www.hyflexpack.com\/wp-content\/uploads\/2024\/06\/Wholesale-Retort-Pouches-2-12x12.webp 12w, https:\/\/www.hyflexpack.com\/wp-content\/uploads\/2024\/06\/Wholesale-Retort-Pouches-2-285x285.webp 285w, https:\/\/www.hyflexpack.com\/wp-content\/uploads\/2024\/06\/Wholesale-Retort-Pouches-2-270x270.webp 270w, https:\/\/www.hyflexpack.com\/wp-content\/uploads\/2024\/06\/Wholesale-Retort-Pouches-2-540x540.webp 540w, https:\/\/www.hyflexpack.com\/wp-content\/uploads\/2024\/06\/Wholesale-Retort-Pouches-2-660x660.webp 660w\" sizes=\"(max-width: 750px) 100vw, 750px\" \/><\/figure>\n\n\n\n<h4 class=\"wp-block-heading has-text-align-center\">Pochette \u00e0 sceller sur trois c\u00f4t\u00e9s<\/h4>\n\n\n\n<p>Ideal for single-use mayonnaise, mustard, or chili sauce to accompany meals. Compact and hygienic, providing controlled portion sizes.<\/p>\n<\/div>\n\n\n\n<div class=\"wp-block-column is-layout-flow wp-block-column-is-layout-flow\">\n<figure class=\"wp-block-image size-full\"><img loading=\"lazy\" decoding=\"async\" width=\"750\" height=\"750\" src=\"https:\/\/www.hyflexpack.com\/wp-content\/uploads\/2024\/06\/Condiment-Packaging-Wholesale-9.webp\" alt=\"Emballages pour condiments Commerce de gros\" class=\"wp-image-4587\" srcset=\"https:\/\/www.hyflexpack.com\/wp-content\/uploads\/2024\/06\/Condiment-Packaging-Wholesale-9.webp 750w, https:\/\/www.hyflexpack.com\/wp-content\/uploads\/2024\/06\/Condiment-Packaging-Wholesale-9-300x300.webp 300w, https:\/\/www.hyflexpack.com\/wp-content\/uploads\/2024\/06\/Condiment-Packaging-Wholesale-9-150x150.webp 150w, https:\/\/www.hyflexpack.com\/wp-content\/uploads\/2024\/06\/Condiment-Packaging-Wholesale-9-12x12.webp 12w, https:\/\/www.hyflexpack.com\/wp-content\/uploads\/2024\/06\/Condiment-Packaging-Wholesale-9-285x285.webp 285w, https:\/\/www.hyflexpack.com\/wp-content\/uploads\/2024\/06\/Condiment-Packaging-Wholesale-9-270x270.webp 270w, https:\/\/www.hyflexpack.com\/wp-content\/uploads\/2024\/06\/Condiment-Packaging-Wholesale-9-540x540.webp 540w, https:\/\/www.hyflexpack.com\/wp-content\/uploads\/2024\/06\/Condiment-Packaging-Wholesale-9-660x660.webp 660w\" sizes=\"(max-width: 750px) 100vw, 750px\" \/><\/figure>\n\n\n\n<h4 class=\"wp-block-heading has-text-align-center\">Pochette Stand Up<\/h4>\n\n\n\n<p>For high-end sauces such as pesto, curry sauce, or gourmet dipping sauces for bulk condiment storage in cafeterias.<\/p>\n<\/div>\n<\/div>\n\n\n\n<p><\/p>","protected":false},"excerpt":{"rendered":"<div class=\"flex-shrink-0 flex flex-col relative items-end\">\n<div>\n<div class=\"pt-0\">\n<div class=\"gizmo-bot-avatar flex h-8 w-8 items-center justify-center overflow-hidden rounded-full\">\n<div class=\"relative p-1 rounded-sm flex items-center justify-center bg-token-main-surface-primary text-token-text-primary h-8 w-8\">Our custom sauce packaging bags and food-grade stand-up pouches offer innovative sauce packaging solutions, providing convenience and freshness. As a leading condiment packaging company, we specialize in creating customized packaging to meet your unique needs.<\/div>\n<\/div>\n<\/div>\n<\/div>\n<\/div>\n<p>Welcome to consult us for free samples!<\/p>\n<h3>Advantages of Sauce Packaging Supplier<\/h3>\n<ul>\n<li><strong>Conception personnalis\u00e9e<\/strong>: We provide custom design sauce packaging bags service, including material, size, and printing pattern customization to meet customers\u2019 needs, and <strong>support OEM et ODM<\/strong>.<\/li>\n<li><strong>Fabrication<\/strong>: Gr\u00e2ce \u00e0 un \u00e9quipement et \u00e0 une technologie de pointe, nous pouvons r\u00e9aliser la production des commandes avec une grande efficacit\u00e9 et une grande qualit\u00e9, et les livrer dans les d\u00e9lais.<\/li>\n<li><strong>Inspection de la qualit\u00e9<\/strong>: Respecter strictement les normes de qualit\u00e9 et les exigences en mati\u00e8re de s\u00e9curit\u00e9 alimentaire afin de garantir la conformit\u00e9 des produits aux normes.<\/li>\n<li><strong>Support technique de l'\u00e9quipe<\/strong>: Notre \u00e9quipe poss\u00e8de une riche exp\u00e9rience de l'industrie et des connaissances professionnelles, et peut fournir une assistance technique et un service de conseil 24 heures sur 24 \u00e0 nos clients.<\/li>\n<li><strong>\u00c9chantillon gratuit<\/strong>: Fournir un service d'\u00e9chantillonnage gratuit pour vous permettre d'\u00e9valuer les produits.<\/li>\n<\/ul>\n<p><a href=\"https:\/\/www.hyflexpack.com\/fr\/\"><strong>Huiyang Packaging<\/strong><\/a> is committed to providing customers with high-quality and custom sauce packaging and condiment packaging to help customers improve their product image and enhance market competitiveness.<\/p>","protected":false},"featured_media":4559,"comment_status":"open","ping_status":"closed","template":"","meta":[],"product_brand":[],"product_cat":[66],"product_tag":[],"class_list":{"0":"post-4555","1":"product","2":"type-product","3":"status-publish","4":"has-post-thumbnail","6":"product_cat-condiment-packaging-custom","8":"first","9":"instock","10":"shipping-taxable","11":"product-type-simple"},"_links":{"self":[{"href":"https:\/\/www.hyflexpack.com\/fr\/wp-json\/wp\/v2\/product\/4555","targetHints":{"allow":["GET"]}}],"collection":[{"href":"https:\/\/www.hyflexpack.com\/fr\/wp-json\/wp\/v2\/product"}],"about":[{"href":"https:\/\/www.hyflexpack.com\/fr\/wp-json\/wp\/v2\/types\/product"}],"replies":[{"embeddable":true,"href":"https:\/\/www.hyflexpack.com\/fr\/wp-json\/wp\/v2\/comments?post=4555"}],"wp:featuredmedia":[{"embeddable":true,"href":"https:\/\/www.hyflexpack.com\/fr\/wp-json\/wp\/v2\/media\/4559"}],"wp:attachment":[{"href":"https:\/\/www.hyflexpack.com\/fr\/wp-json\/wp\/v2\/media?parent=4555"}],"wp:term":[{"taxonomy":"product_brand","embeddable":true,"href":"https:\/\/www.hyflexpack.com\/fr\/wp-json\/wp\/v2\/product_brand?post=4555"},{"taxonomy":"product_cat","embeddable":true,"href":"https:\/\/www.hyflexpack.com\/fr\/wp-json\/wp\/v2\/product_cat?post=4555"},{"taxonomy":"product_tag","embeddable":true,"href":"https:\/\/www.hyflexpack.com\/fr\/wp-json\/wp\/v2\/product_tag?post=4555"}],"curies":[{"name":"wp","href":"https:\/\/api.w.org\/{rel}","templated":true}]}}