{"id":4495,"date":"2024-06-14T08:38:35","date_gmt":"2024-06-14T08:38:35","guid":{"rendered":"https:\/\/www.hyflexpack.com\/?post_type=product&#038;p=4495"},"modified":"2024-06-14T08:38:38","modified_gmt":"2024-06-14T08:38:38","slug":"custom-pet-food-packaging","status":"publish","type":"product","link":"https:\/\/www.hyflexpack.com\/fr\/product\/custom-pet-food-packaging\/","title":{"rendered":"Solutions d'emballage pour aliments pour animaux de compagnie Trou de suspension avec fermeture \u00e0 glissi\u00e8re Pochette permanente facile \u00e0 d\u00e9chirer"},"content":{"rendered":"<div class=\"wp-block-columns is-layout-flex wp-container-core-columns-is-layout-9d6595d7 wp-block-columns-is-layout-flex\">\n<div class=\"wp-block-column is-layout-flow wp-block-column-is-layout-flow\">\n<h3 class=\"wp-block-heading\">Caract\u00e9ristiques des emballages pour aliments pour animaux de compagnie de haute qualit\u00e9<\/h3>\n\n\n\n<ul class=\"wp-block-list\">\n<li>Mat\u00e9riau de premi\u00e8re qualit\u00e9 : Des mat\u00e9riaux de qualit\u00e9 alimentaire \u00e0 haute barri\u00e8re, tels que le PET, le PE, le papier d'aluminium, etc. sont utilis\u00e9s pour garantir la fra\u00eecheur et la s\u00e9curit\u00e9 des aliments pour animaux de compagnie. Ces mat\u00e9riaux pr\u00e9sentent une excellente r\u00e9sistance \u00e0 l'humidit\u00e9 et \u00e0 l'oxydation, ce qui prolonge efficacement la dur\u00e9e de conservation des produits et prot\u00e8ge la sant\u00e9 des animaux domestiques.<\/li>\n\n\n\n<li>Conception avec trou de suspension : L'emballage des aliments pour animaux de compagnie est dot\u00e9 d'un trou de suspension, facile \u00e0 suspendre et \u00e0 pr\u00e9senter dans le magasin, ce qui am\u00e9liore la visibilit\u00e9 et l'attrait du produit, facilite l'achat par les consommateurs et accro\u00eet les opportunit\u00e9s de vente.<\/li>\n\n\n\n<li>Fermeture \u00e0 glissi\u00e8re : la fermeture \u00e0 glissi\u00e8re int\u00e9gr\u00e9e offre non seulement de bonnes performances en mati\u00e8re de scellage, mais facilite \u00e9galement l'ouverture et le scellage r\u00e9p\u00e9t\u00e9s, garantissant ainsi la fra\u00eecheur des aliments apr\u00e8s chaque utilisation et am\u00e9liorant l'exp\u00e9rience des consommateurs.<\/li>\n\n\n\n<li>Conception \u00e0 d\u00e9chirement facile : Gr\u00e2ce au syst\u00e8me Easy Tear, les consommateurs peuvent facilement ouvrir l'emballage sans outil, ce qui am\u00e9liore la commodit\u00e9 d'utilisation et r\u00e9pond \u00e0 la demande rapide des consommateurs modernes.<\/li>\n\n\n\n<li>Conception de la pochette : La structure de la pochette permet au sac de se tenir fermement sur l'\u00e9tag\u00e8re ou la vitrine, ce qui permet non seulement d'\u00e9conomiser de l'espace, mais aussi de donner au produit un aspect plus soign\u00e9 et plus beau, et d'attirer davantage l'attention.<\/li>\n<\/ul>\n<\/div>\n\n\n\n<div class=\"wp-block-column is-layout-flow wp-block-column-is-layout-flow\">\n<figure class=\"wp-block-image size-full\"><img fetchpriority=\"high\" decoding=\"async\" width=\"750\" height=\"750\" src=\"https:\/\/www.hyflexpack.com\/wp-content\/uploads\/2024\/06\/Custom-Pet-Food-Packaging-6.webp\" alt=\"Emballage personnalis\u00e9 pour aliments pour animaux de compagnie\" class=\"wp-image-4500\" srcset=\"https:\/\/www.hyflexpack.com\/wp-content\/uploads\/2024\/06\/Custom-Pet-Food-Packaging-6.webp 750w, https:\/\/www.hyflexpack.com\/wp-content\/uploads\/2024\/06\/Custom-Pet-Food-Packaging-6-300x300.webp 300w, https:\/\/www.hyflexpack.com\/wp-content\/uploads\/2024\/06\/Custom-Pet-Food-Packaging-6-150x150.webp 150w, https:\/\/www.hyflexpack.com\/wp-content\/uploads\/2024\/06\/Custom-Pet-Food-Packaging-6-12x12.webp 12w, https:\/\/www.hyflexpack.com\/wp-content\/uploads\/2024\/06\/Custom-Pet-Food-Packaging-6-285x285.webp 285w, https:\/\/www.hyflexpack.com\/wp-content\/uploads\/2024\/06\/Custom-Pet-Food-Packaging-6-270x270.webp 270w, https:\/\/www.hyflexpack.com\/wp-content\/uploads\/2024\/06\/Custom-Pet-Food-Packaging-6-540x540.webp 540w, https:\/\/www.hyflexpack.com\/wp-content\/uploads\/2024\/06\/Custom-Pet-Food-Packaging-6-660x660.webp 660w\" sizes=\"(max-width: 750px) 100vw, 750px\" \/><\/figure>\n<\/div>\n<\/div>","protected":false},"excerpt":{"rendered":"<p>Nos solutions d'emballage personnalis\u00e9es pour les aliments pour animaux de compagnie utilisent des mat\u00e9riaux de qualit\u00e9 alimentaire \u00e0 haute barri\u00e8re pour garantir la fra\u00eecheur et la s\u00e9curit\u00e9 de vos aliments pour animaux de compagnie. Les trous de suspension sont con\u00e7us pour faciliter la pr\u00e9sentation, la fermeture \u00e0 glissi\u00e8re int\u00e9gr\u00e9e et la fermeture \u00e0 d\u00e9chirement facile am\u00e9liorent la commodit\u00e9 de l'utilisateur, et la structure de la poche debout assure une pr\u00e9sentation stable. Contactez-nous pour obtenir des \u00e9chantillons et des mod\u00e8les gratuits de nos solutions d'emballage.<\/p>\n<h3>Avantages d'un fournisseur d'emballages pour aliments pour animaux de compagnie<\/h3>\n<ul>\n<li><strong>Conception personnalis\u00e9e<\/strong>: Nous proposons des mat\u00e9riaux, des tailles et des motifs d'impression personnalis\u00e9s pour r\u00e9pondre aux besoins des clients, et nous prenons en charge les demandes OEM et ODM.<\/li>\n<li><strong>Fabrication<\/strong>: Gr\u00e2ce \u00e0 un \u00e9quipement et \u00e0 une technologie de pointe, nous pouvons r\u00e9aliser la production des commandes avec une grande efficacit\u00e9 et une grande qualit\u00e9, et les livrer dans les d\u00e9lais.<\/li>\n<li><strong>Inspection de la qualit\u00e9<\/strong>: Respecter strictement les normes de qualit\u00e9 et les exigences en mati\u00e8re de s\u00e9curit\u00e9 alimentaire afin de garantir la conformit\u00e9 des produits aux normes.<\/li>\n<li><strong>Support technique de l'\u00e9quipe<\/strong>: Notre \u00e9quipe poss\u00e8de une riche exp\u00e9rience de l'industrie et des connaissances professionnelles, et peut fournir une assistance technique et un service de conseil 24 heures sur 24 \u00e0 nos clients.<\/li>\n<li><strong>\u00c9chantillon gratuit<\/strong>: Fournir un service d'\u00e9chantillonnage gratuit pour vous permettre d'\u00e9valuer les produits.<\/li>\n<\/ul>\n<p>Huiyang Packaging s'engage \u00e0 fournir \u00e0 ses clients des emballages de haute qualit\u00e9 et personnalis\u00e9s pour les aliments pour animaux de compagnie afin de les aider \u00e0 am\u00e9liorer l'image de leurs produits et \u00e0 renforcer leur comp\u00e9titivit\u00e9 sur le march\u00e9.<\/p>","protected":false},"featured_media":4501,"comment_status":"open","ping_status":"closed","template":"","meta":[],"product_brand":[],"product_cat":[51],"product_tag":[],"class_list":{"0":"post-4495","1":"product","2":"type-product","3":"status-publish","4":"has-post-thumbnail","6":"product_cat-custom-food-packaging-bags","8":"first","9":"instock","10":"shipping-taxable","11":"product-type-simple"},"_links":{"self":[{"href":"https:\/\/www.hyflexpack.com\/fr\/wp-json\/wp\/v2\/product\/4495","targetHints":{"allow":["GET"]}}],"collection":[{"href":"https:\/\/www.hyflexpack.com\/fr\/wp-json\/wp\/v2\/product"}],"about":[{"href":"https:\/\/www.hyflexpack.com\/fr\/wp-json\/wp\/v2\/types\/product"}],"replies":[{"embeddable":true,"href":"https:\/\/www.hyflexpack.com\/fr\/wp-json\/wp\/v2\/comments?post=4495"}],"wp:featuredmedia":[{"embeddable":true,"href":"https:\/\/www.hyflexpack.com\/fr\/wp-json\/wp\/v2\/media\/4501"}],"wp:attachment":[{"href":"https:\/\/www.hyflexpack.com\/fr\/wp-json\/wp\/v2\/media?parent=4495"}],"wp:term":[{"taxonomy":"product_brand","embeddable":true,"href":"https:\/\/www.hyflexpack.com\/fr\/wp-json\/wp\/v2\/product_brand?post=4495"},{"taxonomy":"product_cat","embeddable":true,"href":"https:\/\/www.hyflexpack.com\/fr\/wp-json\/wp\/v2\/product_cat?post=4495"},{"taxonomy":"product_tag","embeddable":true,"href":"https:\/\/www.hyflexpack.com\/fr\/wp-json\/wp\/v2\/product_tag?post=4495"}],"curies":[{"name":"wp","href":"https:\/\/api.w.org\/{rel}","templated":true}]}}