{"id":4478,"date":"2024-06-14T07:34:21","date_gmt":"2024-06-14T07:34:21","guid":{"rendered":"https:\/\/www.hyflexpack.com\/?post_type=product&#038;p=4478"},"modified":"2025-03-14T07:00:18","modified_gmt":"2025-03-14T07:00:18","slug":"custom-coffee-pouches","status":"publish","type":"product","link":"https:\/\/www.hyflexpack.com\/fr\/product\/custom-coffee-pouches\/","title":{"rendered":"Pochettes de caf\u00e9 \u00e0 fond plat avec valve Sacs \u00e0 fermeture \u00e0 glissi\u00e8re Factory"},"content":{"rendered":"<div class=\"wp-block-columns is-layout-flex wp-container-core-columns-is-layout-9d6595d7 wp-block-columns-is-layout-flex\">\n<div class=\"wp-block-column is-layout-flow wp-block-column-is-layout-flow\">\n<h3 class=\"wp-block-heading\">Caract\u00e9ristiques des sachets de caf\u00e9 de haute qualit\u00e9 en gros<\/h3>\n\n\n\n<ul class=\"wp-block-list\">\n<li><strong>Mat\u00e9riau de qualit\u00e9 sup\u00e9rieure<\/strong>Les sachets de caf\u00e9 sont fabriqu\u00e9s \u00e0 partir de mat\u00e9riaux \u00e0 haute barri\u00e8re, tels que la feuille d'aluminium, le poly\u00e9thyl\u00e8ne (PE), le polyester (PET), etc., afin de garantir la conservation du caf\u00e9 pendant une longue p\u00e9riode. La structure composite multicouche prot\u00e8ge efficacement contre l'humidit\u00e9, l'oxydation et les rayons UV, prot\u00e9geant ainsi le caf\u00e9 de l'environnement ext\u00e9rieur.<\/li>\n<\/ul>\n\n\n\n<p><\/p>\n\n\n\n<ul class=\"wp-block-list\">\n<li><strong>Pochette \u00e0 fond plat<\/strong>: Le fond plat permet au sac de tenir fermement, ce qui est favorable \u00e0 la pr\u00e9sentation et au stockage, et am\u00e9liore l'effet de pr\u00e9sentation en rayon, ce qui est pratique pour les consommateurs.<\/li>\n<\/ul>\n\n\n\n<p><\/p>\n\n\n\n<ul class=\"wp-block-list\">\n<li><strong>\u00c9vent d'air unidirectionnel<\/strong>: \u00c9quip\u00e9 d'une valve d'a\u00e9ration unidirectionnelle, il peut \u00e9vacuer efficacement le gaz lib\u00e9r\u00e9 par les grains de caf\u00e9, emp\u00eachant le sac d'\u00e9clater en raison de l'augmentation de la pression de l'air \u00e0 l'int\u00e9rieur du sac et emp\u00eachant l'entr\u00e9e de l'air ext\u00e9rieur afin de maintenir la meilleure fra\u00eecheur du caf\u00e9.<\/li>\n<\/ul>\n\n\n\n<p><\/p>\n\n\n\n<ul class=\"wp-block-list\">\n<li><strong>Options de mat\u00e9riaux \u00e9cologiques<\/strong>: Des options de mat\u00e9riaux \u00e9cologiques, tels que les mat\u00e9riaux biod\u00e9gradables et recyclables, sont disponibles pour r\u00e9pondre aux besoins de protection de l'environnement et de d\u00e9veloppement durable, conform\u00e9ment \u00e0 la tendance verte.<\/li>\n<\/ul>\n<\/div>\n\n\n\n<div class=\"wp-block-column is-layout-flow wp-block-column-is-layout-flow\">\n<figure class=\"wp-block-image size-full\"><img fetchpriority=\"high\" decoding=\"async\" width=\"750\" height=\"750\" src=\"https:\/\/www.hyflexpack.com\/wp-content\/uploads\/2024\/06\/Custom-Coffee-Pouches-Quad-Seal-Pouch-3-1.webp\" alt=\"Pochettes \u00e0 caf\u00e9 personnalis\u00e9es Pochette \u00e0 sceller quadruple\" class=\"wp-image-4492\" srcset=\"https:\/\/www.hyflexpack.com\/wp-content\/uploads\/2024\/06\/Custom-Coffee-Pouches-Quad-Seal-Pouch-3-1.webp 750w, https:\/\/www.hyflexpack.com\/wp-content\/uploads\/2024\/06\/Custom-Coffee-Pouches-Quad-Seal-Pouch-3-1-300x300.webp 300w, https:\/\/www.hyflexpack.com\/wp-content\/uploads\/2024\/06\/Custom-Coffee-Pouches-Quad-Seal-Pouch-3-1-150x150.webp 150w, https:\/\/www.hyflexpack.com\/wp-content\/uploads\/2024\/06\/Custom-Coffee-Pouches-Quad-Seal-Pouch-3-1-12x12.webp 12w, https:\/\/www.hyflexpack.com\/wp-content\/uploads\/2024\/06\/Custom-Coffee-Pouches-Quad-Seal-Pouch-3-1-285x285.webp 285w, https:\/\/www.hyflexpack.com\/wp-content\/uploads\/2024\/06\/Custom-Coffee-Pouches-Quad-Seal-Pouch-3-1-270x270.webp 270w, https:\/\/www.hyflexpack.com\/wp-content\/uploads\/2024\/06\/Custom-Coffee-Pouches-Quad-Seal-Pouch-3-1-540x540.webp 540w, https:\/\/www.hyflexpack.com\/wp-content\/uploads\/2024\/06\/Custom-Coffee-Pouches-Quad-Seal-Pouch-3-1-660x660.webp 660w\" sizes=\"(max-width: 750px) 100vw, 750px\" \/><\/figure>\n<\/div>\n<\/div>\n\n\n\n<p><\/p>","protected":false},"excerpt":{"rendered":"<p>Nos sachets de caf\u00e9 sont fabriqu\u00e9s avec des mat\u00e9riaux \u00e0 haute barri\u00e8re pour garantir une fra\u00eecheur durable du caf\u00e9. Le fond plat renforce la solidit\u00e9 et la pr\u00e9sentation des sachets. Nous proposons des options de mat\u00e9riaux respectueux de l'environnement et une vari\u00e9t\u00e9 de services de personnalisation pour aider \u00e0 mettre en valeur votre marque. Choisissez nos sacs \u00e0 caf\u00e9 pour garantir la qualit\u00e9 et la comp\u00e9titivit\u00e9.<\/p>\n<h3>Avantages du fournisseur de sachets de caf\u00e9<\/h3>\n<ul>\n<li><strong>Conception personnalis\u00e9e<\/strong>: Nous fournissons un service de sacs d'emballage de caf\u00e9 de conception personnalis\u00e9e, y compris la personnalisation du mat\u00e9riau, de la taille et du motif d'impression pour r\u00e9pondre aux besoins des clients, et nous prenons en charge les OEM et ODM.<\/li>\n<li><strong>Fabrication<\/strong>: Gr\u00e2ce \u00e0 un \u00e9quipement et \u00e0 une technologie de pointe, nous pouvons r\u00e9aliser la production des commandes avec une grande efficacit\u00e9 et une grande qualit\u00e9, et les livrer dans les d\u00e9lais.<\/li>\n<li><strong>Inspection de la qualit\u00e9<\/strong>: Respecter strictement les normes de qualit\u00e9 et les exigences en mati\u00e8re de s\u00e9curit\u00e9 alimentaire afin de garantir la conformit\u00e9 des produits aux normes.<\/li>\n<li><strong>Support technique de l'\u00e9quipe<\/strong>: Notre \u00e9quipe poss\u00e8de une riche exp\u00e9rience de l'industrie et des connaissances professionnelles, et peut fournir une assistance technique et un service de conseil 24 heures sur 24 \u00e0 nos clients.<\/li>\n<li><strong>\u00c9chantillon gratuit<\/strong>: Fournir un service d'\u00e9chantillonnage gratuit pour vous permettre d'\u00e9valuer les produits.<\/li>\n<\/ul>\n<p><strong>Huiyang Packaging<\/strong> s'engage \u00e0 fournir \u00e0 ses clients des sachets de caf\u00e9 personnalis\u00e9s et de haute qualit\u00e9 afin de les aider \u00e0 am\u00e9liorer l'image de leurs produits et \u00e0 renforcer leur comp\u00e9titivit\u00e9 sur le march\u00e9.<\/p>","protected":false},"featured_media":4493,"comment_status":"open","ping_status":"closed","template":"","meta":[],"product_brand":[],"product_cat":[55],"product_tag":[],"class_list":{"0":"post-4478","1":"product","2":"type-product","3":"status-publish","4":"has-post-thumbnail","6":"product_cat-custom-coffee-packaging","8":"first","9":"instock","10":"shipping-taxable","11":"product-type-simple"},"_links":{"self":[{"href":"https:\/\/www.hyflexpack.com\/fr\/wp-json\/wp\/v2\/product\/4478","targetHints":{"allow":["GET"]}}],"collection":[{"href":"https:\/\/www.hyflexpack.com\/fr\/wp-json\/wp\/v2\/product"}],"about":[{"href":"https:\/\/www.hyflexpack.com\/fr\/wp-json\/wp\/v2\/types\/product"}],"replies":[{"embeddable":true,"href":"https:\/\/www.hyflexpack.com\/fr\/wp-json\/wp\/v2\/comments?post=4478"}],"wp:featuredmedia":[{"embeddable":true,"href":"https:\/\/www.hyflexpack.com\/fr\/wp-json\/wp\/v2\/media\/4493"}],"wp:attachment":[{"href":"https:\/\/www.hyflexpack.com\/fr\/wp-json\/wp\/v2\/media?parent=4478"}],"wp:term":[{"taxonomy":"product_brand","embeddable":true,"href":"https:\/\/www.hyflexpack.com\/fr\/wp-json\/wp\/v2\/product_brand?post=4478"},{"taxonomy":"product_cat","embeddable":true,"href":"https:\/\/www.hyflexpack.com\/fr\/wp-json\/wp\/v2\/product_cat?post=4478"},{"taxonomy":"product_tag","embeddable":true,"href":"https:\/\/www.hyflexpack.com\/fr\/wp-json\/wp\/v2\/product_tag?post=4478"}],"curies":[{"name":"wp","href":"https:\/\/api.w.org\/{rel}","templated":true}]}}