{"id":4453,"date":"2024-06-07T02:32:49","date_gmt":"2024-06-07T02:32:49","guid":{"rendered":"https:\/\/www.hyflexpack.com\/?post_type=product&#038;p=4453"},"modified":"2025-11-04T09:22:10","modified_gmt":"2025-11-04T09:22:10","slug":"cold-seal-film-solutions","status":"publish","type":"product","link":"https:\/\/www.hyflexpack.com\/fr\/product\/cold-seal-film-solutions\/","title":{"rendered":"Enduction UV Solutions de films scell\u00e9s \u00e0 froid Film plastique r\u00e9tractable \u00e0 haute barri\u00e8re\u00a0"},"content":{"rendered":"<div class=\"wp-block-columns is-layout-flex wp-container-core-columns-is-layout-9d6595d7 wp-block-columns-is-layout-flex\">\n<div class=\"wp-block-column is-layout-flow wp-block-column-is-layout-flow\">\n<h3 class=\"wp-block-heading\">Caract\u00e9ristiques du film de scellement \u00e0 froid \u00e0 enduction UV de haute qualit\u00e9<\/h3>\n\n\n\n<ul class=\"wp-block-list\">\n<li>Traitement d'enduction UV sup\u00e9rieur : Les films Cold Seal utilisent une technologie d'enduction UV avanc\u00e9e pour am\u00e9liorer la r\u00e9sistance \u00e0 l'abrasion et la brillance du film, ce qui permet d'obtenir de meilleurs effets visuels et de meilleures propri\u00e9t\u00e9s de protection.<\/li>\n<\/ul>\n\n\n\n<p><\/p>\n\n\n\n<ul class=\"wp-block-list\">\n<li>Scellage \u00e0 froid efficace : Sceller sans chauffer, facile \u00e0 utiliser, il suffit d'appliquer une pression pour r\u00e9aliser un scellage \u00e9tanche, adapt\u00e9 \u00e0 une vari\u00e9t\u00e9 d'applications d'emballage.<\/li>\n<\/ul>\n\n\n\n<p><\/p>\n\n\n\n<ul class=\"wp-block-list\">\n<li>Haute performance de barri\u00e8re : Les mat\u00e9riaux de haute qualit\u00e9 offrent une excellente performance de barri\u00e8re, emp\u00eachant efficacement l'entr\u00e9e de l'oxyg\u00e8ne, de l'humidit\u00e9, etc. pour maintenir la fra\u00eecheur et la qualit\u00e9 du produit.<\/li>\n<\/ul>\n\n\n\n<p><\/p>\n\n\n\n<ul class=\"wp-block-list\">\n<li>Service OEM\/ODM : Fournir un service personnalis\u00e9 et sur mesure pour r\u00e9pondre aux besoins uniques des clients et soutenir la conception de la marque et le positionnement sur le march\u00e9.<\/li>\n<\/ul>\n\n\n\n<p><\/p>\n\n\n\n<ul class=\"wp-block-list\">\n<li>Mat\u00e9riaux respectueux de l'environnement : Utiliser des mat\u00e9riaux respectueux de l'environnement qui r\u00e9pondent aux normes internationales, qui sont s\u00fbrs et non toxiques et qui contribuent \u00e0 l'objectif de d\u00e9veloppement durable.<\/li>\n<\/ul>\n<\/div>\n\n\n\n<div class=\"wp-block-column is-layout-flow wp-block-column-is-layout-flow\">\n<figure class=\"wp-block-image size-full\"><img fetchpriority=\"high\" decoding=\"async\" width=\"750\" height=\"750\" src=\"https:\/\/www.hyflexpack.com\/wp-content\/uploads\/2024\/06\/wholesale-Cold-Seal-Film-OEMODM-3.webp\" alt=\"grossiste Film de scellement \u00e0 froid OEMODM\" class=\"wp-image-4456\" srcset=\"https:\/\/www.hyflexpack.com\/wp-content\/uploads\/2024\/06\/wholesale-Cold-Seal-Film-OEMODM-3.webp 750w, https:\/\/www.hyflexpack.com\/wp-content\/uploads\/2024\/06\/wholesale-Cold-Seal-Film-OEMODM-3-300x300.webp 300w, https:\/\/www.hyflexpack.com\/wp-content\/uploads\/2024\/06\/wholesale-Cold-Seal-Film-OEMODM-3-150x150.webp 150w, https:\/\/www.hyflexpack.com\/wp-content\/uploads\/2024\/06\/wholesale-Cold-Seal-Film-OEMODM-3-12x12.webp 12w, https:\/\/www.hyflexpack.com\/wp-content\/uploads\/2024\/06\/wholesale-Cold-Seal-Film-OEMODM-3-285x285.webp 285w, https:\/\/www.hyflexpack.com\/wp-content\/uploads\/2024\/06\/wholesale-Cold-Seal-Film-OEMODM-3-270x270.webp 270w, https:\/\/www.hyflexpack.com\/wp-content\/uploads\/2024\/06\/wholesale-Cold-Seal-Film-OEMODM-3-540x540.webp 540w, https:\/\/www.hyflexpack.com\/wp-content\/uploads\/2024\/06\/wholesale-Cold-Seal-Film-OEMODM-3-660x660.webp 660w\" sizes=\"(max-width: 750px) 100vw, 750px\" \/><\/figure>\n<\/div>\n<\/div>","protected":false},"excerpt":{"rendered":"<p>Nos films de soudure \u00e0 froid enduits d'UV offrent une excellente r\u00e9sistance \u00e0 l'abrasion et une grande brillance, et ne n\u00e9cessitent pas de chaleur pour une soudure efficace, ce qui les rend adapt\u00e9s \u00e0 une large gamme d'applications d'emballage. Offrant des services de personnalisation OEM\/ODM et utilisant des mat\u00e9riaux respectueux de l'environnement, s\u00fbrs et non toxiques, ils sont id\u00e9aux pour les produits de haute qualit\u00e9.<\/p>\n<h3>Avantages de l'UV Coating Cold Seal Film Supplier<\/h3>\n<ul>\n<li><strong>Conception personnalis\u00e9e<\/strong>: Nous proposons un service de conception personnalis\u00e9e des sachets de th\u00e9, y compris la personnalisation du mat\u00e9riau, de la taille et du motif d'impression pour r\u00e9pondre aux besoins des clients, et nous prenons en charge les OEM et ODM.<\/li>\n<li><strong>Avantage concurrentiel<\/strong>: Ces sachets de th\u00e9 peuvent am\u00e9liorer de mani\u00e8re significative la comp\u00e9titivit\u00e9 des produits sur le march\u00e9 gr\u00e2ce \u00e0 leur conception multifonctionnelle (comme l'auto-scellage et la fermeture par fil m\u00e9tallique) et \u00e0 leur impression de haute qualit\u00e9.<\/li>\n<li><strong>Mat\u00e9riaux respectueux de l'environnement<\/strong>: L'utilisation de mat\u00e9riaux respectueux de l'environnement, tels que les mat\u00e9riaux composites biod\u00e9gradables ou recyclables. Cela permet de r\u00e9pondre aux besoins environnementaux des consommateurs et aide les entreprises \u00e0 se forger une image de marque verte.<\/li>\n<li><strong>Efficacit\u00e9 de la production<\/strong>: Les \u00e9quipements et les techniques de production modernes peuvent accro\u00eetre l'efficacit\u00e9 de la production, r\u00e9duire les co\u00fbts unitaires et garantir un approvisionnement constant en produits de haute qualit\u00e9.<\/li>\n<li><strong>\u00c9chantillon gratuit<\/strong>: Un service d'\u00e9chantillonnage gratuit est mis \u00e0 votre disposition pour vous permettre d'\u00e9valuer les produits.<\/li>\n<\/ul>\n<p>Huiyang Packaging s'engage \u00e0 fournir \u00e0 ses clients des films de scellement \u00e0 froid personnalis\u00e9s et de haute qualit\u00e9 afin de les aider \u00e0 am\u00e9liorer l'image de leurs produits et \u00e0 r\u00e9pondre \u00e0 leurs besoins en mati\u00e8re de protection de l'environnement, tout en renfor\u00e7ant leur comp\u00e9titivit\u00e9 sur le march\u00e9.<\/p>","protected":false},"featured_media":4455,"comment_status":"open","ping_status":"closed","template":"","meta":[],"product_brand":[],"product_cat":[53,86],"product_tag":[],"class_list":{"0":"post-4453","1":"product","2":"type-product","3":"status-publish","4":"has-post-thumbnail","6":"product_cat-packaging-film-supplier","7":"product_cat-cold-seal-film","9":"first","10":"instock","11":"shipping-taxable","12":"product-type-simple"},"_links":{"self":[{"href":"https:\/\/www.hyflexpack.com\/fr\/wp-json\/wp\/v2\/product\/4453","targetHints":{"allow":["GET"]}}],"collection":[{"href":"https:\/\/www.hyflexpack.com\/fr\/wp-json\/wp\/v2\/product"}],"about":[{"href":"https:\/\/www.hyflexpack.com\/fr\/wp-json\/wp\/v2\/types\/product"}],"replies":[{"embeddable":true,"href":"https:\/\/www.hyflexpack.com\/fr\/wp-json\/wp\/v2\/comments?post=4453"}],"wp:featuredmedia":[{"embeddable":true,"href":"https:\/\/www.hyflexpack.com\/fr\/wp-json\/wp\/v2\/media\/4455"}],"wp:attachment":[{"href":"https:\/\/www.hyflexpack.com\/fr\/wp-json\/wp\/v2\/media?parent=4453"}],"wp:term":[{"taxonomy":"product_brand","embeddable":true,"href":"https:\/\/www.hyflexpack.com\/fr\/wp-json\/wp\/v2\/product_brand?post=4453"},{"taxonomy":"product_cat","embeddable":true,"href":"https:\/\/www.hyflexpack.com\/fr\/wp-json\/wp\/v2\/product_cat?post=4453"},{"taxonomy":"product_tag","embeddable":true,"href":"https:\/\/www.hyflexpack.com\/fr\/wp-json\/wp\/v2\/product_tag?post=4453"}],"curies":[{"name":"wp","href":"https:\/\/api.w.org\/{rel}","templated":true}]}}