{"id":3779,"date":"2024-05-25T02:22:25","date_gmt":"2024-05-25T02:22:25","guid":{"rendered":"https:\/\/hyflexpack.com\/?post_type=product&#038;p=3779"},"modified":"2024-05-25T03:04:58","modified_gmt":"2024-05-25T03:04:58","slug":"custom-roll-stock-film","status":"publish","type":"product","link":"https:\/\/www.hyflexpack.com\/fr\/product\/custom-roll-stock-film\/","title":{"rendered":"Rouleau de film personnalis\u00e9 Sacs d'emballage de g\u00e2teaux Sachets lamin\u00e9s imprim\u00e9s"},"content":{"rendered":"<div class=\"wp-block-columns is-layout-flex wp-container-core-columns-is-layout-9d6595d7 wp-block-columns-is-layout-flex\">\n<div class=\"wp-block-column is-layout-flow wp-block-column-is-layout-flow\">\n<h3 class=\"wp-block-heading\">Caract\u00e9ristiques du film en rouleau de haute qualit\u00e9<\/h3>\n\n\n\n<p><\/p>\n\n\n\n<ul class=\"wp-block-list\">\n<li>Emballage de films en rouleau : fournir des films en rouleau de haute qualit\u00e9 pour un emballage flexible et pratique des g\u00e2teaux et autres produits de confiserie.<\/li>\n<\/ul>\n\n\n\n<p><\/p>\n\n\n\n<ul class=\"wp-block-list\">\n<li>Technologie d'impression et de laminage : L'adoption d'une technologie d'impression et de laminage avanc\u00e9e permet de donner des couleurs riches et des effets visuels \u00e0 l'emballage, ce qui am\u00e9liore l'image et l'attrait des produits.<\/li>\n<\/ul>\n\n\n\n<p><\/p>\n\n\n\n<ul class=\"wp-block-list\">\n<li>Sachets multifonctionnels : Concevoir des sachets multifonctionnels qui peuvent \u00eatre personnalis\u00e9s pour r\u00e9pondre aux besoins d'emballage de diff\u00e9rentes sp\u00e9cifications et formes.<\/li>\n<\/ul>\n\n\n\n<p><\/p>\n\n\n\n<ul class=\"wp-block-list\">\n<li>Positionnement de la marque : La conception et l'impression personnalis\u00e9es peuvent \u00eatre utilis\u00e9es pour mettre en valeur l'image et le message de la marque afin d'attirer davantage de consommateurs.<\/li>\n<\/ul>\n\n\n\n<p><\/p>\n\n\n\n<ul class=\"wp-block-list\">\n<li>Durabilit\u00e9 : Envisager d'utiliser des mat\u00e9riaux biod\u00e9gradables ou de lancer des sacs recyclables pour r\u00e9pondre \u00e0 la pr\u00e9f\u00e9rence des consommateurs pour les produits respectueux de l'environnement.<\/li>\n<\/ul>\n<\/div>\n\n\n\n<div class=\"wp-block-column is-layout-flow wp-block-column-is-layout-flow\">\n<figure class=\"wp-block-image size-full\"><img fetchpriority=\"high\" decoding=\"async\" width=\"750\" height=\"750\" src=\"https:\/\/hyflexpack.com\/wp-content\/uploads\/2024\/05\/Custom-Roll-Stock-9.webp\" alt=\"Rouleaux sur mesure\" class=\"wp-image-3788\" srcset=\"https:\/\/www.hyflexpack.com\/wp-content\/uploads\/2024\/05\/Custom-Roll-Stock-9.webp 750w, https:\/\/www.hyflexpack.com\/wp-content\/uploads\/2024\/05\/Custom-Roll-Stock-9-300x300.webp 300w, https:\/\/www.hyflexpack.com\/wp-content\/uploads\/2024\/05\/Custom-Roll-Stock-9-150x150.webp 150w, https:\/\/www.hyflexpack.com\/wp-content\/uploads\/2024\/05\/Custom-Roll-Stock-9-285x285.webp 285w, https:\/\/www.hyflexpack.com\/wp-content\/uploads\/2024\/05\/Custom-Roll-Stock-9-270x270.webp 270w, https:\/\/www.hyflexpack.com\/wp-content\/uploads\/2024\/05\/Custom-Roll-Stock-9-540x540.webp 540w, https:\/\/www.hyflexpack.com\/wp-content\/uploads\/2024\/05\/Custom-Roll-Stock-9-660x660.webp 660w\" sizes=\"(max-width: 750px) 100vw, 750px\" \/><\/figure>\n<\/div>\n<\/div>","protected":false},"excerpt":{"rendered":"<p>D\u00e9couvrez nos emballages de g\u00e2teaux en rouleau personnalis\u00e9s avec la technologie du laminage imprim\u00e9, qui donne des couleurs riches et des effets visuels \u00e0 l'emballage. Nous nous engageons \u00e0 fournir \u00e0 nos clients des solutions d'emballage personnalis\u00e9es de haute qualit\u00e9 et polyvalentes pour r\u00e9pondre \u00e0 leurs besoins uniques en mati\u00e8re d'emballage.<\/p>\n<h3>Avantages du film en rouleau<\/h3>\n<ul>\n<li><strong>Conception personnalis\u00e9e<\/strong>: Fournir des solutions de conception personnalis\u00e9es et adapter les emballages \u00e0 diff\u00e9rentes sp\u00e9cifications, tailles et motifs d'impression en fonction des besoins des clients.<\/li>\n<li><strong>Assurance qualit\u00e9<\/strong>: Contr\u00f4le strict du processus de production, choix de mat\u00e9riaux de haute qualit\u00e9 et d'\u00e9quipements de pointe pour garantir une qualit\u00e9 de produit stable et fiable.<\/li>\n<li><strong>Livraison en temps voulu<\/strong>: Optimiser le processus de production, am\u00e9liorer l'efficacit\u00e9 de la production, assurer la livraison \u00e0 temps des commandes des clients, r\u00e9pondre aux besoins urgents des clients.<\/li>\n<li><strong>Support technique professionnel<\/strong>: Une \u00e9quipe technique exp\u00e9riment\u00e9e fournit une assistance technique professionnelle et un service apr\u00e8s-vente pour garantir une r\u00e9ponse et une solution rapides \u00e0 la demande.<\/li>\n<li><strong>\u00c9chantillon gratuit<\/strong>: Fournir un service d'\u00e9chantillonnage gratuit pour vous permettre d'\u00e9valuer les produits.<\/li>\n<\/ul>\n<p>Huiyang Packaging s'engage \u00e0 fournir \u00e0 ses clients des sacs de film en rouleau personnalis\u00e9s et de haute qualit\u00e9 afin de les aider \u00e0 am\u00e9liorer l'image de leurs produits et leur comp\u00e9titivit\u00e9 sur le march\u00e9.<\/p>","protected":false},"featured_media":3782,"comment_status":"open","ping_status":"closed","template":"","meta":[],"product_brand":[],"product_cat":[53],"product_tag":[],"class_list":{"0":"post-3779","1":"product","2":"type-product","3":"status-publish","4":"has-post-thumbnail","6":"product_cat-packaging-film-supplier","8":"first","9":"instock","10":"shipping-taxable","11":"product-type-simple"},"_links":{"self":[{"href":"https:\/\/www.hyflexpack.com\/fr\/wp-json\/wp\/v2\/product\/3779","targetHints":{"allow":["GET"]}}],"collection":[{"href":"https:\/\/www.hyflexpack.com\/fr\/wp-json\/wp\/v2\/product"}],"about":[{"href":"https:\/\/www.hyflexpack.com\/fr\/wp-json\/wp\/v2\/types\/product"}],"replies":[{"embeddable":true,"href":"https:\/\/www.hyflexpack.com\/fr\/wp-json\/wp\/v2\/comments?post=3779"}],"wp:featuredmedia":[{"embeddable":true,"href":"https:\/\/www.hyflexpack.com\/fr\/wp-json\/wp\/v2\/media\/3782"}],"wp:attachment":[{"href":"https:\/\/www.hyflexpack.com\/fr\/wp-json\/wp\/v2\/media?parent=3779"}],"wp:term":[{"taxonomy":"product_brand","embeddable":true,"href":"https:\/\/www.hyflexpack.com\/fr\/wp-json\/wp\/v2\/product_brand?post=3779"},{"taxonomy":"product_cat","embeddable":true,"href":"https:\/\/www.hyflexpack.com\/fr\/wp-json\/wp\/v2\/product_cat?post=3779"},{"taxonomy":"product_tag","embeddable":true,"href":"https:\/\/www.hyflexpack.com\/fr\/wp-json\/wp\/v2\/product_tag?post=3779"}],"curies":[{"name":"wp","href":"https:\/\/api.w.org\/{rel}","templated":true}]}}